{"id":470484,"date":"2025-01-25T00:54:54","date_gmt":"2025-01-24T23:54:54","guid":{"rendered":"https:\/\/printwave.pl\/fr\/produkt\/bristol-toiletry-bag\/"},"modified":"2026-02-15T05:37:55","modified_gmt":"2026-02-15T04:37:55","slug":"bristol-toiletry-bag","status":"publish","type":"product","link":"https:\/\/printwave.pl\/fr\/produkt\/bristol-toiletry-bag\/","title":{"rendered":"Bristol Toiletry Bag"},"content":{"rendered":"<p>\u00b7100% Polyester (600D\/600D Rip-stop)<br \/>\n\u00b7poign\u00e9e en toile<br \/>\n\u00b7crochet pour suspendre le sac<br \/>\n\u00b7large compartiment principal avec fermeture \u00e0 glissi\u00e8re<br \/>\n\u00b7poches int\u00e9rieures en maille<br \/>\n\u00b7poche suppl\u00e9mentaire avec fermeture \u00e0 glissi\u00e8re sur le rabat<br \/>\n\u00b7miroir interne<br \/>\n\u00b7n\u00e9cessaire de toilette essentiel pliant<br \/>\n\u00b7poids: 300 g<br \/>\n\u00b7Capacit\u00e9: 4 litres<br \/>\n\u00b7Dimensions: 27 x 17 x 9 cm<br \/>\n\u00b7surface pour la broderie: anneau tubulaire de 8<br \/>\n\u00b7Surface de d\u00e9coration: 9 x 8 cm.<\/p>\n","protected":false},"excerpt":{"rendered":"<p>\u00b7100% Polyester (600D\/600D Rip-stop) \u00b7poign\u00e9e en toile \u00b7crochet pour suspendre le sac \u00b7large compartiment principal avec fermeture \u00e0 glissi\u00e8re \u00b7poches<\/p>\n","protected":false},"featured_media":470478,"comment_status":"open","ping_status":"closed","template":"","meta":[],"product_brand":[],"product_cat":[61],"product_tag":[460,465,1189,1141,1142],"class_list":{"0":"post-470484","1":"product","2":"type-product","3":"status-publish","4":"has-post-thumbnail","6":"product_cat-bagagerie-accessoires","7":"product_tag-2-couleurs","8":"product_tag-2-tons","9":"product_tag-sacs-a-linge","10":"product_tag-trousses-de-maquillage","11":"product_tag-trousses-de-toilette","12":"pa_couleur-black","13":"pa_couleur-dark-grey-black","14":"pa_couleur-red-black","15":"pa_couleur-royal-black","16":"pa_groupe-de-produits-sac-specifiques","17":"pa_marque-shugon","18":"pa_numero-de-style-3585","19":"pa_sexe-unisexe","20":"pa_taille-one-size","21":"pa_tissu-polyester","23":"first","24":"instock","25":"taxable","26":"shipping-taxable","27":"purchasable","28":"product-type-variable"},"yoast_head":"<!-- This site is optimized with the Yoast SEO Premium plugin v20.9 (Yoast SEO v26.3) - https:\/\/yoast.com\/wordpress\/plugins\/seo\/ -->\n<title>Bristol Toiletry Bag | Printwave FR<\/title>\n<meta name=\"robots\" content=\"index, follow, max-snippet:-1, max-image-preview:large, max-video-preview:-1\" \/>\n<link rel=\"canonical\" href=\"https:\/\/printwave.pl\/fr\/produkt\/bristol-toiletry-bag\/\" \/>\n<meta property=\"og:locale\" content=\"fr_FR\" \/>\n<meta property=\"og:type\" content=\"article\" \/>\n<meta property=\"og:title\" content=\"Bristol Toiletry Bag\" \/>\n<meta property=\"og:description\" content=\"\u00b7100% Polyester (600D\/600D Rip-stop) \u00b7poign\u00e9e en toile \u00b7crochet pour suspendre le sac \u00b7large compartiment principal avec fermeture \u00e0 glissi\u00e8re \u00b7poches\" \/>\n<meta property=\"og:url\" content=\"https:\/\/printwave.pl\/fr\/produkt\/bristol-toiletry-bag\/\" \/>\n<meta property=\"og:site_name\" content=\"Printwave FR\" \/>\n<meta property=\"article:modified_time\" content=\"2026-02-15T04:37:55+00:00\" \/>\n<meta property=\"og:image\" content=\"https:\/\/printwave.pl\/fr\/wp-content\/uploads\/sites\/4\/2021\/07\/Print-Wave-logo-2025.png\" \/>\n\t<meta property=\"og:image:width\" content=\"1645\" \/>\n\t<meta property=\"og:image:height\" content=\"297\" \/>\n\t<meta property=\"og:image:type\" content=\"image\/png\" \/>\n<meta name=\"twitter:card\" content=\"summary_large_image\" \/>\n<script type=\"application\/ld+json\" class=\"yoast-schema-graph\">{\"@context\":\"https:\/\/schema.org\",\"@graph\":[{\"@type\":\"WebPage\",\"@id\":\"https:\/\/printwave.pl\/fr\/produkt\/bristol-toiletry-bag\/\",\"url\":\"https:\/\/printwave.pl\/fr\/produkt\/bristol-toiletry-bag\/\",\"name\":\"Bristol Toiletry Bag | Printwave FR\",\"isPartOf\":{\"@id\":\"https:\/\/printwave.pl\/fr\/#website\"},\"primaryImageOfPage\":{\"@id\":\"https:\/\/printwave.pl\/fr\/produkt\/bristol-toiletry-bag\/#primaryimage\"},\"image\":{\"@id\":\"https:\/\/printwave.pl\/fr\/produkt\/bristol-toiletry-bag\/#primaryimage\"},\"thumbnailUrl\":\"https:\/\/printwave.pl\/fr\/wp-content\/uploads\/sites\/4\/2025\/01\/633_38_354_m-2015_01.jpg\",\"datePublished\":\"2025-01-24T23:54:54+00:00\",\"dateModified\":\"2026-02-15T04:37:55+00:00\",\"breadcrumb\":{\"@id\":\"https:\/\/printwave.pl\/fr\/produkt\/bristol-toiletry-bag\/#breadcrumb\"},\"inLanguage\":\"fr-FR\",\"potentialAction\":[{\"@type\":\"ReadAction\",\"target\":[\"https:\/\/printwave.pl\/fr\/produkt\/bristol-toiletry-bag\/\"]}]},{\"@type\":\"ImageObject\",\"inLanguage\":\"fr-FR\",\"@id\":\"https:\/\/printwave.pl\/fr\/produkt\/bristol-toiletry-bag\/#primaryimage\",\"url\":\"https:\/\/printwave.pl\/fr\/wp-content\/uploads\/sites\/4\/2025\/01\/633_38_354_m-2015_01.jpg\",\"contentUrl\":\"https:\/\/printwave.pl\/fr\/wp-content\/uploads\/sites\/4\/2025\/01\/633_38_354_m-2015_01.jpg\",\"width\":1024,\"height\":1304},{\"@type\":\"BreadcrumbList\",\"@id\":\"https:\/\/printwave.pl\/fr\/produkt\/bristol-toiletry-bag\/#breadcrumb\",\"itemListElement\":[{\"@type\":\"ListItem\",\"position\":1,\"name\":\"Accueil\",\"item\":\"https:\/\/printwave.pl\/fr\/\"},{\"@type\":\"ListItem\",\"position\":2,\"name\":\"Boutique\",\"item\":\"https:\/\/printwave.pl\/fr\/boutique\/\"},{\"@type\":\"ListItem\",\"position\":3,\"name\":\"Bristol Toiletry Bag\"}]},{\"@type\":\"WebSite\",\"@id\":\"https:\/\/printwave.pl\/fr\/#website\",\"url\":\"https:\/\/printwave.pl\/fr\/\",\"name\":\"Printwave\",\"description\":\"Votre fournisseur de v\u00eatements promotionnels et d&#039;entreprise en Pologne\",\"potentialAction\":[{\"@type\":\"SearchAction\",\"target\":{\"@type\":\"EntryPoint\",\"urlTemplate\":\"https:\/\/printwave.pl\/fr\/?s={search_term_string}\"},\"query-input\":{\"@type\":\"PropertyValueSpecification\",\"valueRequired\":true,\"valueName\":\"search_term_string\"}}],\"inLanguage\":\"fr-FR\"}]}<\/script>\n<!-- \/ Yoast SEO Premium plugin. -->","yoast_head_json":{"title":"Bristol Toiletry Bag | Printwave FR","robots":{"index":"index","follow":"follow","max-snippet":"max-snippet:-1","max-image-preview":"max-image-preview:large","max-video-preview":"max-video-preview:-1"},"canonical":"https:\/\/printwave.pl\/fr\/produkt\/bristol-toiletry-bag\/","og_locale":"fr_FR","og_type":"article","og_title":"Bristol Toiletry Bag","og_description":"\u00b7100% Polyester (600D\/600D Rip-stop) \u00b7poign\u00e9e en toile \u00b7crochet pour suspendre le sac \u00b7large compartiment principal avec fermeture \u00e0 glissi\u00e8re \u00b7poches","og_url":"https:\/\/printwave.pl\/fr\/produkt\/bristol-toiletry-bag\/","og_site_name":"Printwave FR","article_modified_time":"2026-02-15T04:37:55+00:00","og_image":[{"width":1645,"height":297,"url":"https:\/\/printwave.pl\/fr\/wp-content\/uploads\/sites\/4\/2021\/07\/Print-Wave-logo-2025.png","type":"image\/png"}],"twitter_card":"summary_large_image","schema":{"@context":"https:\/\/schema.org","@graph":[{"@type":"WebPage","@id":"https:\/\/printwave.pl\/fr\/produkt\/bristol-toiletry-bag\/","url":"https:\/\/printwave.pl\/fr\/produkt\/bristol-toiletry-bag\/","name":"Bristol Toiletry Bag | Printwave FR","isPartOf":{"@id":"https:\/\/printwave.pl\/fr\/#website"},"primaryImageOfPage":{"@id":"https:\/\/printwave.pl\/fr\/produkt\/bristol-toiletry-bag\/#primaryimage"},"image":{"@id":"https:\/\/printwave.pl\/fr\/produkt\/bristol-toiletry-bag\/#primaryimage"},"thumbnailUrl":"https:\/\/printwave.pl\/fr\/wp-content\/uploads\/sites\/4\/2025\/01\/633_38_354_m-2015_01.jpg","datePublished":"2025-01-24T23:54:54+00:00","dateModified":"2026-02-15T04:37:55+00:00","breadcrumb":{"@id":"https:\/\/printwave.pl\/fr\/produkt\/bristol-toiletry-bag\/#breadcrumb"},"inLanguage":"fr-FR","potentialAction":[{"@type":"ReadAction","target":["https:\/\/printwave.pl\/fr\/produkt\/bristol-toiletry-bag\/"]}]},{"@type":"ImageObject","inLanguage":"fr-FR","@id":"https:\/\/printwave.pl\/fr\/produkt\/bristol-toiletry-bag\/#primaryimage","url":"https:\/\/printwave.pl\/fr\/wp-content\/uploads\/sites\/4\/2025\/01\/633_38_354_m-2015_01.jpg","contentUrl":"https:\/\/printwave.pl\/fr\/wp-content\/uploads\/sites\/4\/2025\/01\/633_38_354_m-2015_01.jpg","width":1024,"height":1304},{"@type":"BreadcrumbList","@id":"https:\/\/printwave.pl\/fr\/produkt\/bristol-toiletry-bag\/#breadcrumb","itemListElement":[{"@type":"ListItem","position":1,"name":"Accueil","item":"https:\/\/printwave.pl\/fr\/"},{"@type":"ListItem","position":2,"name":"Boutique","item":"https:\/\/printwave.pl\/fr\/boutique\/"},{"@type":"ListItem","position":3,"name":"Bristol Toiletry Bag"}]},{"@type":"WebSite","@id":"https:\/\/printwave.pl\/fr\/#website","url":"https:\/\/printwave.pl\/fr\/","name":"Printwave","description":"Votre fournisseur de v\u00eatements promotionnels et d&#039;entreprise en Pologne","potentialAction":[{"@type":"SearchAction","target":{"@type":"EntryPoint","urlTemplate":"https:\/\/printwave.pl\/fr\/?s={search_term_string}"},"query-input":{"@type":"PropertyValueSpecification","valueRequired":true,"valueName":"search_term_string"}}],"inLanguage":"fr-FR"}]}},"_links":{"self":[{"href":"https:\/\/printwave.pl\/fr\/wp-json\/wp\/v2\/product\/470484","targetHints":{"allow":["GET"]}}],"collection":[{"href":"https:\/\/printwave.pl\/fr\/wp-json\/wp\/v2\/product"}],"about":[{"href":"https:\/\/printwave.pl\/fr\/wp-json\/wp\/v2\/types\/product"}],"replies":[{"embeddable":true,"href":"https:\/\/printwave.pl\/fr\/wp-json\/wp\/v2\/comments?post=470484"}],"wp:featuredmedia":[{"embeddable":true,"href":"https:\/\/printwave.pl\/fr\/wp-json\/wp\/v2\/media\/470478"}],"wp:attachment":[{"href":"https:\/\/printwave.pl\/fr\/wp-json\/wp\/v2\/media?parent=470484"}],"wp:term":[{"taxonomy":"product_brand","embeddable":true,"href":"https:\/\/printwave.pl\/fr\/wp-json\/wp\/v2\/product_brand?post=470484"},{"taxonomy":"product_cat","embeddable":true,"href":"https:\/\/printwave.pl\/fr\/wp-json\/wp\/v2\/product_cat?post=470484"},{"taxonomy":"product_tag","embeddable":true,"href":"https:\/\/printwave.pl\/fr\/wp-json\/wp\/v2\/product_tag?post=470484"}],"curies":[{"name":"wp","href":"https:\/\/api.w.org\/{rel}","templated":true}]}}