{"id":470064,"date":"2025-01-25T00:41:00","date_gmt":"2025-01-24T23:41:00","guid":{"rendered":"https:\/\/printwave.pl\/fr\/produkt\/detroit-trolley-holdall\/"},"modified":"2026-02-15T05:35:52","modified_gmt":"2026-02-15T04:35:52","slug":"detroit-trolley-holdall","status":"publish","type":"product","link":"https:\/\/printwave.pl\/fr\/produkt\/detroit-trolley-holdall\/","title":{"rendered":"Detroit Trolley Holdall"},"content":{"rendered":"<p>\u00b7100% polyester (600D ripstop)<br \/>\n\u00b7poign\u00e9e renforc\u00e9e avec attache par scratch<br \/>\n\u00b7poign\u00e9e suppl\u00e9mentaire rembourr\u00e9e sur le haut<br \/>\n\u00b7large compartiment principal avec fermeture \u00e0 glissi\u00e8re<br \/>\n\u00b74 poches<br \/>\n\u00b7sac trolley \u00e0 usages multiples<br \/>\n\u00b7convient pour impression\/ impression par transfert ou broderie<br \/>\n\u00b7poids: 3250 g<br \/>\n\u00b7capacit\u00e9: 75 litres<br \/>\n\u00b7dimensions: 64 x 34 x 34 cm<br \/>\n\u00b7surface pour la broderie: anneau tubulaire de 12 (petites poches) et 18 (grande poche)<br \/>\n\u00b7surface de d\u00e9coration: 16 x 12 cm (petites poches), 30 x 14 cm (grande poche)<\/p>\n","protected":false},"excerpt":{"rendered":"<p>\u00b7100% polyester (600D ripstop) \u00b7poign\u00e9e renforc\u00e9e avec attache par scratch \u00b7poign\u00e9e suppl\u00e9mentaire rembourr\u00e9e sur le haut \u00b7large compartiment principal avec<\/p>\n","protected":false},"featured_media":470060,"comment_status":"open","ping_status":"closed","template":"","meta":[],"product_brand":[],"product_cat":[61],"product_tag":[460,465,1036,1038,1037],"class_list":{"0":"post-470064","1":"product","2":"type-product","3":"status-publish","4":"has-post-thumbnail","6":"product_cat-bagagerie-accessoires","7":"product_tag-2-couleurs","8":"product_tag-2-tons","9":"product_tag-sacs-de-voyge","10":"product_tag-trolleys","11":"product_tag-valise-de-voyage-trolley","12":"pa_couleur-grey-black","13":"pa_groupe-de-produits-sac-de-voyage","14":"pa_marque-shugon","15":"pa_numero-de-style-3552","16":"pa_sexe-unisexe","17":"pa_taille-one-size","18":"pa_tissu-polyester","20":"first","21":"outofstock","22":"taxable","23":"shipping-taxable","24":"purchasable","25":"product-type-variable"},"yoast_head":"<!-- This site is optimized with the Yoast SEO Premium plugin v20.9 (Yoast SEO v26.3) - https:\/\/yoast.com\/wordpress\/plugins\/seo\/ -->\n<title>Detroit Trolley Holdall | Printwave FR<\/title>\n<meta name=\"robots\" content=\"index, follow, max-snippet:-1, max-image-preview:large, max-video-preview:-1\" \/>\n<link rel=\"canonical\" href=\"https:\/\/printwave.pl\/fr\/produkt\/detroit-trolley-holdall\/\" \/>\n<meta property=\"og:locale\" content=\"fr_FR\" \/>\n<meta property=\"og:type\" content=\"article\" \/>\n<meta property=\"og:title\" content=\"Detroit Trolley Holdall\" \/>\n<meta property=\"og:description\" content=\"\u00b7100% polyester (600D ripstop) \u00b7poign\u00e9e renforc\u00e9e avec attache par scratch \u00b7poign\u00e9e suppl\u00e9mentaire rembourr\u00e9e sur le haut \u00b7large compartiment principal avec\" \/>\n<meta property=\"og:url\" content=\"https:\/\/printwave.pl\/fr\/produkt\/detroit-trolley-holdall\/\" \/>\n<meta property=\"og:site_name\" content=\"Printwave FR\" \/>\n<meta property=\"article:modified_time\" content=\"2026-02-15T04:35:52+00:00\" \/>\n<meta property=\"og:image\" content=\"https:\/\/printwave.pl\/fr\/wp-content\/uploads\/sites\/4\/2021\/07\/Print-Wave-logo-2025.png\" \/>\n\t<meta property=\"og:image:width\" content=\"1645\" \/>\n\t<meta property=\"og:image:height\" content=\"297\" \/>\n\t<meta property=\"og:image:type\" content=\"image\/png\" \/>\n<meta name=\"twitter:card\" content=\"summary_large_image\" \/>\n<script type=\"application\/ld+json\" class=\"yoast-schema-graph\">{\"@context\":\"https:\/\/schema.org\",\"@graph\":[{\"@type\":\"WebPage\",\"@id\":\"https:\/\/printwave.pl\/fr\/produkt\/detroit-trolley-holdall\/\",\"url\":\"https:\/\/printwave.pl\/fr\/produkt\/detroit-trolley-holdall\/\",\"name\":\"Detroit Trolley Holdall | Printwave FR\",\"isPartOf\":{\"@id\":\"https:\/\/printwave.pl\/fr\/#website\"},\"primaryImageOfPage\":{\"@id\":\"https:\/\/printwave.pl\/fr\/produkt\/detroit-trolley-holdall\/#primaryimage\"},\"image\":{\"@id\":\"https:\/\/printwave.pl\/fr\/produkt\/detroit-trolley-holdall\/#primaryimage\"},\"thumbnailUrl\":\"https:\/\/printwave.pl\/fr\/wp-content\/uploads\/sites\/4\/2025\/01\/642_38_148_m-2015_02.jpg\",\"datePublished\":\"2025-01-24T23:41:00+00:00\",\"dateModified\":\"2026-02-15T04:35:52+00:00\",\"breadcrumb\":{\"@id\":\"https:\/\/printwave.pl\/fr\/produkt\/detroit-trolley-holdall\/#breadcrumb\"},\"inLanguage\":\"fr-FR\",\"potentialAction\":[{\"@type\":\"ReadAction\",\"target\":[\"https:\/\/printwave.pl\/fr\/produkt\/detroit-trolley-holdall\/\"]}]},{\"@type\":\"ImageObject\",\"inLanguage\":\"fr-FR\",\"@id\":\"https:\/\/printwave.pl\/fr\/produkt\/detroit-trolley-holdall\/#primaryimage\",\"url\":\"https:\/\/printwave.pl\/fr\/wp-content\/uploads\/sites\/4\/2025\/01\/642_38_148_m-2015_02.jpg\",\"contentUrl\":\"https:\/\/printwave.pl\/fr\/wp-content\/uploads\/sites\/4\/2025\/01\/642_38_148_m-2015_02.jpg\",\"width\":1024,\"height\":1304},{\"@type\":\"BreadcrumbList\",\"@id\":\"https:\/\/printwave.pl\/fr\/produkt\/detroit-trolley-holdall\/#breadcrumb\",\"itemListElement\":[{\"@type\":\"ListItem\",\"position\":1,\"name\":\"Accueil\",\"item\":\"https:\/\/printwave.pl\/fr\/\"},{\"@type\":\"ListItem\",\"position\":2,\"name\":\"Boutique\",\"item\":\"https:\/\/printwave.pl\/fr\/boutique\/\"},{\"@type\":\"ListItem\",\"position\":3,\"name\":\"Detroit Trolley Holdall\"}]},{\"@type\":\"WebSite\",\"@id\":\"https:\/\/printwave.pl\/fr\/#website\",\"url\":\"https:\/\/printwave.pl\/fr\/\",\"name\":\"Printwave\",\"description\":\"Votre fournisseur de v\u00eatements promotionnels et d&#039;entreprise en Pologne\",\"potentialAction\":[{\"@type\":\"SearchAction\",\"target\":{\"@type\":\"EntryPoint\",\"urlTemplate\":\"https:\/\/printwave.pl\/fr\/?s={search_term_string}\"},\"query-input\":{\"@type\":\"PropertyValueSpecification\",\"valueRequired\":true,\"valueName\":\"search_term_string\"}}],\"inLanguage\":\"fr-FR\"}]}<\/script>\n<!-- \/ Yoast SEO Premium plugin. -->","yoast_head_json":{"title":"Detroit Trolley Holdall | Printwave FR","robots":{"index":"index","follow":"follow","max-snippet":"max-snippet:-1","max-image-preview":"max-image-preview:large","max-video-preview":"max-video-preview:-1"},"canonical":"https:\/\/printwave.pl\/fr\/produkt\/detroit-trolley-holdall\/","og_locale":"fr_FR","og_type":"article","og_title":"Detroit Trolley Holdall","og_description":"\u00b7100% polyester (600D ripstop) \u00b7poign\u00e9e renforc\u00e9e avec attache par scratch \u00b7poign\u00e9e suppl\u00e9mentaire rembourr\u00e9e sur le haut \u00b7large compartiment principal avec","og_url":"https:\/\/printwave.pl\/fr\/produkt\/detroit-trolley-holdall\/","og_site_name":"Printwave FR","article_modified_time":"2026-02-15T04:35:52+00:00","og_image":[{"width":1645,"height":297,"url":"https:\/\/printwave.pl\/fr\/wp-content\/uploads\/sites\/4\/2021\/07\/Print-Wave-logo-2025.png","type":"image\/png"}],"twitter_card":"summary_large_image","schema":{"@context":"https:\/\/schema.org","@graph":[{"@type":"WebPage","@id":"https:\/\/printwave.pl\/fr\/produkt\/detroit-trolley-holdall\/","url":"https:\/\/printwave.pl\/fr\/produkt\/detroit-trolley-holdall\/","name":"Detroit Trolley Holdall | Printwave FR","isPartOf":{"@id":"https:\/\/printwave.pl\/fr\/#website"},"primaryImageOfPage":{"@id":"https:\/\/printwave.pl\/fr\/produkt\/detroit-trolley-holdall\/#primaryimage"},"image":{"@id":"https:\/\/printwave.pl\/fr\/produkt\/detroit-trolley-holdall\/#primaryimage"},"thumbnailUrl":"https:\/\/printwave.pl\/fr\/wp-content\/uploads\/sites\/4\/2025\/01\/642_38_148_m-2015_02.jpg","datePublished":"2025-01-24T23:41:00+00:00","dateModified":"2026-02-15T04:35:52+00:00","breadcrumb":{"@id":"https:\/\/printwave.pl\/fr\/produkt\/detroit-trolley-holdall\/#breadcrumb"},"inLanguage":"fr-FR","potentialAction":[{"@type":"ReadAction","target":["https:\/\/printwave.pl\/fr\/produkt\/detroit-trolley-holdall\/"]}]},{"@type":"ImageObject","inLanguage":"fr-FR","@id":"https:\/\/printwave.pl\/fr\/produkt\/detroit-trolley-holdall\/#primaryimage","url":"https:\/\/printwave.pl\/fr\/wp-content\/uploads\/sites\/4\/2025\/01\/642_38_148_m-2015_02.jpg","contentUrl":"https:\/\/printwave.pl\/fr\/wp-content\/uploads\/sites\/4\/2025\/01\/642_38_148_m-2015_02.jpg","width":1024,"height":1304},{"@type":"BreadcrumbList","@id":"https:\/\/printwave.pl\/fr\/produkt\/detroit-trolley-holdall\/#breadcrumb","itemListElement":[{"@type":"ListItem","position":1,"name":"Accueil","item":"https:\/\/printwave.pl\/fr\/"},{"@type":"ListItem","position":2,"name":"Boutique","item":"https:\/\/printwave.pl\/fr\/boutique\/"},{"@type":"ListItem","position":3,"name":"Detroit Trolley Holdall"}]},{"@type":"WebSite","@id":"https:\/\/printwave.pl\/fr\/#website","url":"https:\/\/printwave.pl\/fr\/","name":"Printwave","description":"Votre fournisseur de v\u00eatements promotionnels et d&#039;entreprise en Pologne","potentialAction":[{"@type":"SearchAction","target":{"@type":"EntryPoint","urlTemplate":"https:\/\/printwave.pl\/fr\/?s={search_term_string}"},"query-input":{"@type":"PropertyValueSpecification","valueRequired":true,"valueName":"search_term_string"}}],"inLanguage":"fr-FR"}]}},"_links":{"self":[{"href":"https:\/\/printwave.pl\/fr\/wp-json\/wp\/v2\/product\/470064","targetHints":{"allow":["GET"]}}],"collection":[{"href":"https:\/\/printwave.pl\/fr\/wp-json\/wp\/v2\/product"}],"about":[{"href":"https:\/\/printwave.pl\/fr\/wp-json\/wp\/v2\/types\/product"}],"replies":[{"embeddable":true,"href":"https:\/\/printwave.pl\/fr\/wp-json\/wp\/v2\/comments?post=470064"}],"wp:featuredmedia":[{"embeddable":true,"href":"https:\/\/printwave.pl\/fr\/wp-json\/wp\/v2\/media\/470060"}],"wp:attachment":[{"href":"https:\/\/printwave.pl\/fr\/wp-json\/wp\/v2\/media?parent=470064"}],"wp:term":[{"taxonomy":"product_brand","embeddable":true,"href":"https:\/\/printwave.pl\/fr\/wp-json\/wp\/v2\/product_brand?post=470064"},{"taxonomy":"product_cat","embeddable":true,"href":"https:\/\/printwave.pl\/fr\/wp-json\/wp\/v2\/product_cat?post=470064"},{"taxonomy":"product_tag","embeddable":true,"href":"https:\/\/printwave.pl\/fr\/wp-json\/wp\/v2\/product_tag?post=470064"}],"curies":[{"name":"wp","href":"https:\/\/api.w.org\/{rel}","templated":true}]}}