{"id":469966,"date":"2025-01-25T00:38:02","date_gmt":"2025-01-24T23:38:02","guid":{"rendered":"https:\/\/printwave.pl\/fr\/produkt\/athleisure-holdall\/"},"modified":"2026-02-15T05:35:24","modified_gmt":"2026-02-15T04:35:24","slug":"athleisure-holdall","status":"publish","type":"product","link":"https:\/\/printwave.pl\/fr\/produkt\/athleisure-holdall\/","title":{"rendered":"Athleisure Holdall"},"content":{"rendered":"<p>\u00b7100% polyester (600D\/420D)<br \/>\n\u00b7bretelles rembourr\u00e9es d\u00e9tachables, poign\u00e9e rembourr\u00e9e<br \/>\n\u00b7compartiment pour les chaussures<br \/>\n\u00b7compatiment pour les affaires mouill\u00e9es<br \/>\n\u00b7compartiment interne pour les objets de valeur<br \/>\n\u00b7poche ext\u00e9rieure en filet<br \/>\n\u00b7poche avec fermeture \u00e0 glissi\u00e8re<br \/>\n\u00b7base renforc\u00e9e<br \/>\n\u00b7oeillets m\u00e9taliques de ventilation<br \/>\n\u00b7capacit\u00e9: 30 litres<br \/>\n\u00b7dimensions: 54 x 29 x26 cm<br \/>\n\u00b7surface maximum de broderie: cadre de 18 (pour le devant de poches de c\u00f4t\u00e9)<br \/>\n\u00b7surface maximum d impression: 20 x 13 cm (devant), 17 x 15 cm poches de c\u00f4t\u00e9)<\/p>\n","protected":false},"excerpt":{"rendered":"<p>\u00b7100% polyester (600D\/420D) \u00b7bretelles rembourr\u00e9es d\u00e9tachables, poign\u00e9e rembourr\u00e9e \u00b7compartiment pour les chaussures \u00b7compatiment pour les affaires mouill\u00e9es \u00b7compartiment interne pour<\/p>\n","protected":false},"featured_media":469957,"comment_status":"open","ping_status":"closed","template":"","meta":[],"product_brand":[],"product_cat":[61],"product_tag":[94,1039,1036,93],"class_list":{"0":"post-469966","1":"product","2":"type-product","3":"status-publish","4":"has-post-thumbnail","6":"product_cat-bagagerie-accessoires","7":"product_tag-impermeable","8":"product_tag-sacoches","9":"product_tag-sacs-de-voyge","10":"product_tag-waterresistant","11":"pa_couleur-black","12":"pa_couleur-black-black","13":"pa_couleur-bright-royal","14":"pa_couleur-classic-red","15":"pa_couleur-french-navy","16":"pa_couleur-fuchsia","17":"pa_couleur-grey-marl","18":"pa_couleur-ice-grey","19":"pa_couleur-lime-green","20":"pa_couleur-orange","21":"pa_groupe-de-produits-sac-sportifs","22":"pa_marque-bagbase","23":"pa_numero-de-style-3546","24":"pa_taille-one-size","25":"pa_tissu-polyester","27":"first","28":"instock","29":"taxable","30":"shipping-taxable","31":"purchasable","32":"product-type-variable"},"yoast_head":"<!-- This site is optimized with the Yoast SEO Premium plugin v20.9 (Yoast SEO v26.3) - https:\/\/yoast.com\/wordpress\/plugins\/seo\/ -->\n<title>Athleisure Holdall | Printwave FR<\/title>\n<meta name=\"robots\" content=\"index, follow, max-snippet:-1, max-image-preview:large, max-video-preview:-1\" \/>\n<link rel=\"canonical\" href=\"https:\/\/printwave.pl\/fr\/produkt\/athleisure-holdall\/\" \/>\n<meta property=\"og:locale\" content=\"fr_FR\" \/>\n<meta property=\"og:type\" content=\"article\" \/>\n<meta property=\"og:title\" content=\"Athleisure Holdall\" \/>\n<meta property=\"og:description\" content=\"\u00b7100% polyester (600D\/420D) \u00b7bretelles rembourr\u00e9es d\u00e9tachables, poign\u00e9e rembourr\u00e9e \u00b7compartiment pour les chaussures \u00b7compatiment pour les affaires mouill\u00e9es \u00b7compartiment interne pour\" \/>\n<meta property=\"og:url\" content=\"https:\/\/printwave.pl\/fr\/produkt\/athleisure-holdall\/\" \/>\n<meta property=\"og:site_name\" content=\"Printwave FR\" \/>\n<meta property=\"article:modified_time\" content=\"2026-02-15T04:35:24+00:00\" \/>\n<meta property=\"og:image\" content=\"https:\/\/printwave.pl\/fr\/wp-content\/uploads\/sites\/4\/2021\/07\/Print-Wave-logo-2025.png\" \/>\n\t<meta property=\"og:image:width\" content=\"1645\" \/>\n\t<meta property=\"og:image:height\" content=\"297\" \/>\n\t<meta property=\"og:image:type\" content=\"image\/png\" \/>\n<meta name=\"twitter:card\" content=\"summary_large_image\" \/>\n<script type=\"application\/ld+json\" class=\"yoast-schema-graph\">{\"@context\":\"https:\/\/schema.org\",\"@graph\":[{\"@type\":\"WebPage\",\"@id\":\"https:\/\/printwave.pl\/fr\/produkt\/athleisure-holdall\/\",\"url\":\"https:\/\/printwave.pl\/fr\/produkt\/athleisure-holdall\/\",\"name\":\"Athleisure Holdall | Printwave FR\",\"isPartOf\":{\"@id\":\"https:\/\/printwave.pl\/fr\/#website\"},\"primaryImageOfPage\":{\"@id\":\"https:\/\/printwave.pl\/fr\/produkt\/athleisure-holdall\/#primaryimage\"},\"image\":{\"@id\":\"https:\/\/printwave.pl\/fr\/produkt\/athleisure-holdall\/#primaryimage\"},\"thumbnailUrl\":\"https:\/\/printwave.pl\/fr\/wp-content\/uploads\/sites\/4\/2025\/01\/644_29_401_m-2022_02.jpg\",\"datePublished\":\"2025-01-24T23:38:02+00:00\",\"dateModified\":\"2026-02-15T04:35:24+00:00\",\"breadcrumb\":{\"@id\":\"https:\/\/printwave.pl\/fr\/produkt\/athleisure-holdall\/#breadcrumb\"},\"inLanguage\":\"fr-FR\",\"potentialAction\":[{\"@type\":\"ReadAction\",\"target\":[\"https:\/\/printwave.pl\/fr\/produkt\/athleisure-holdall\/\"]}]},{\"@type\":\"ImageObject\",\"inLanguage\":\"fr-FR\",\"@id\":\"https:\/\/printwave.pl\/fr\/produkt\/athleisure-holdall\/#primaryimage\",\"url\":\"https:\/\/printwave.pl\/fr\/wp-content\/uploads\/sites\/4\/2025\/01\/644_29_401_m-2022_02.jpg\",\"contentUrl\":\"https:\/\/printwave.pl\/fr\/wp-content\/uploads\/sites\/4\/2025\/01\/644_29_401_m-2022_02.jpg\",\"width\":1024,\"height\":1304},{\"@type\":\"BreadcrumbList\",\"@id\":\"https:\/\/printwave.pl\/fr\/produkt\/athleisure-holdall\/#breadcrumb\",\"itemListElement\":[{\"@type\":\"ListItem\",\"position\":1,\"name\":\"Accueil\",\"item\":\"https:\/\/printwave.pl\/fr\/\"},{\"@type\":\"ListItem\",\"position\":2,\"name\":\"Boutique\",\"item\":\"https:\/\/printwave.pl\/fr\/boutique\/\"},{\"@type\":\"ListItem\",\"position\":3,\"name\":\"Athleisure Holdall\"}]},{\"@type\":\"WebSite\",\"@id\":\"https:\/\/printwave.pl\/fr\/#website\",\"url\":\"https:\/\/printwave.pl\/fr\/\",\"name\":\"Printwave\",\"description\":\"Votre fournisseur de v\u00eatements promotionnels et d&#039;entreprise en Pologne\",\"potentialAction\":[{\"@type\":\"SearchAction\",\"target\":{\"@type\":\"EntryPoint\",\"urlTemplate\":\"https:\/\/printwave.pl\/fr\/?s={search_term_string}\"},\"query-input\":{\"@type\":\"PropertyValueSpecification\",\"valueRequired\":true,\"valueName\":\"search_term_string\"}}],\"inLanguage\":\"fr-FR\"}]}<\/script>\n<!-- \/ Yoast SEO Premium plugin. -->","yoast_head_json":{"title":"Athleisure Holdall | Printwave FR","robots":{"index":"index","follow":"follow","max-snippet":"max-snippet:-1","max-image-preview":"max-image-preview:large","max-video-preview":"max-video-preview:-1"},"canonical":"https:\/\/printwave.pl\/fr\/produkt\/athleisure-holdall\/","og_locale":"fr_FR","og_type":"article","og_title":"Athleisure Holdall","og_description":"\u00b7100% polyester (600D\/420D) \u00b7bretelles rembourr\u00e9es d\u00e9tachables, poign\u00e9e rembourr\u00e9e \u00b7compartiment pour les chaussures \u00b7compatiment pour les affaires mouill\u00e9es \u00b7compartiment interne pour","og_url":"https:\/\/printwave.pl\/fr\/produkt\/athleisure-holdall\/","og_site_name":"Printwave FR","article_modified_time":"2026-02-15T04:35:24+00:00","og_image":[{"width":1645,"height":297,"url":"https:\/\/printwave.pl\/fr\/wp-content\/uploads\/sites\/4\/2021\/07\/Print-Wave-logo-2025.png","type":"image\/png"}],"twitter_card":"summary_large_image","schema":{"@context":"https:\/\/schema.org","@graph":[{"@type":"WebPage","@id":"https:\/\/printwave.pl\/fr\/produkt\/athleisure-holdall\/","url":"https:\/\/printwave.pl\/fr\/produkt\/athleisure-holdall\/","name":"Athleisure Holdall | Printwave FR","isPartOf":{"@id":"https:\/\/printwave.pl\/fr\/#website"},"primaryImageOfPage":{"@id":"https:\/\/printwave.pl\/fr\/produkt\/athleisure-holdall\/#primaryimage"},"image":{"@id":"https:\/\/printwave.pl\/fr\/produkt\/athleisure-holdall\/#primaryimage"},"thumbnailUrl":"https:\/\/printwave.pl\/fr\/wp-content\/uploads\/sites\/4\/2025\/01\/644_29_401_m-2022_02.jpg","datePublished":"2025-01-24T23:38:02+00:00","dateModified":"2026-02-15T04:35:24+00:00","breadcrumb":{"@id":"https:\/\/printwave.pl\/fr\/produkt\/athleisure-holdall\/#breadcrumb"},"inLanguage":"fr-FR","potentialAction":[{"@type":"ReadAction","target":["https:\/\/printwave.pl\/fr\/produkt\/athleisure-holdall\/"]}]},{"@type":"ImageObject","inLanguage":"fr-FR","@id":"https:\/\/printwave.pl\/fr\/produkt\/athleisure-holdall\/#primaryimage","url":"https:\/\/printwave.pl\/fr\/wp-content\/uploads\/sites\/4\/2025\/01\/644_29_401_m-2022_02.jpg","contentUrl":"https:\/\/printwave.pl\/fr\/wp-content\/uploads\/sites\/4\/2025\/01\/644_29_401_m-2022_02.jpg","width":1024,"height":1304},{"@type":"BreadcrumbList","@id":"https:\/\/printwave.pl\/fr\/produkt\/athleisure-holdall\/#breadcrumb","itemListElement":[{"@type":"ListItem","position":1,"name":"Accueil","item":"https:\/\/printwave.pl\/fr\/"},{"@type":"ListItem","position":2,"name":"Boutique","item":"https:\/\/printwave.pl\/fr\/boutique\/"},{"@type":"ListItem","position":3,"name":"Athleisure Holdall"}]},{"@type":"WebSite","@id":"https:\/\/printwave.pl\/fr\/#website","url":"https:\/\/printwave.pl\/fr\/","name":"Printwave","description":"Votre fournisseur de v\u00eatements promotionnels et d&#039;entreprise en Pologne","potentialAction":[{"@type":"SearchAction","target":{"@type":"EntryPoint","urlTemplate":"https:\/\/printwave.pl\/fr\/?s={search_term_string}"},"query-input":{"@type":"PropertyValueSpecification","valueRequired":true,"valueName":"search_term_string"}}],"inLanguage":"fr-FR"}]}},"_links":{"self":[{"href":"https:\/\/printwave.pl\/fr\/wp-json\/wp\/v2\/product\/469966","targetHints":{"allow":["GET"]}}],"collection":[{"href":"https:\/\/printwave.pl\/fr\/wp-json\/wp\/v2\/product"}],"about":[{"href":"https:\/\/printwave.pl\/fr\/wp-json\/wp\/v2\/types\/product"}],"replies":[{"embeddable":true,"href":"https:\/\/printwave.pl\/fr\/wp-json\/wp\/v2\/comments?post=469966"}],"wp:featuredmedia":[{"embeddable":true,"href":"https:\/\/printwave.pl\/fr\/wp-json\/wp\/v2\/media\/469957"}],"wp:attachment":[{"href":"https:\/\/printwave.pl\/fr\/wp-json\/wp\/v2\/media?parent=469966"}],"wp:term":[{"taxonomy":"product_brand","embeddable":true,"href":"https:\/\/printwave.pl\/fr\/wp-json\/wp\/v2\/product_brand?post=469966"},{"taxonomy":"product_cat","embeddable":true,"href":"https:\/\/printwave.pl\/fr\/wp-json\/wp\/v2\/product_cat?post=469966"},{"taxonomy":"product_tag","embeddable":true,"href":"https:\/\/printwave.pl\/fr\/wp-json\/wp\/v2\/product_tag?post=469966"}],"curies":[{"name":"wp","href":"https:\/\/api.w.org\/{rel}","templated":true}]}}