{"id":469534,"date":"2025-01-25T00:21:18","date_gmt":"2025-01-24T23:21:18","guid":{"rendered":"https:\/\/printwave.pl\/fr\/produkt\/dijon-shoulder-pouch\/"},"modified":"2026-02-22T05:35:20","modified_gmt":"2026-02-22T04:35:20","slug":"dijon-shoulder-pouch","status":"publish","type":"product","link":"https:\/\/printwave.pl\/fr\/produkt\/dijon-shoulder-pouch\/","title":{"rendered":"Dijon Shoulder Pouch"},"content":{"rendered":"<p>\u00b7100% polyester (420D ripstop\/600D)<br \/>\n\u00b7sacoche pratique<br \/>\n\u00b7compartiment principal avec fermeture \u00e0 glissi\u00e8re<br \/>\n\u00b7rabat avant avec poche \u00e0 fermeture \u00e0 glissi\u00e8re<br \/>\n\u00b72 poches suppl\u00e9mentaires &#8211; une sous le rabat avant et l autre \u00e0 l arri\u00e8re<br \/>\n\u00b7attache de transport pour l accrocher \u00e0 la ceinture<br \/>\n\u00b7lani\u00e8re \u00e9paule ajustable<br \/>\n\u00b7capacit\u00e9: 2 litres<br \/>\n\u00b7dimensions: 17 x 22 x 6 cm<br \/>\n\u00b7surface pour la broderie: anneau tubulaire de 7<br \/>\n\u00b7surface de d\u00e9coration: 7 x 8 cm<\/p>\n","protected":false},"excerpt":{"rendered":"<p>\u00b7100% polyester (420D ripstop\/600D) \u00b7sacoche pratique \u00b7compartiment principal avec fermeture \u00e0 glissi\u00e8re \u00b7rabat avant avec poche \u00e0 fermeture \u00e0 glissi\u00e8re<\/p>\n","protected":false},"featured_media":469533,"comment_status":"open","ping_status":"closed","template":"","meta":[],"product_brand":[],"product_cat":[61],"product_tag":[1039],"class_list":{"0":"post-469534","1":"product","2":"type-product","3":"status-publish","4":"has-post-thumbnail","6":"product_cat-bagagerie-accessoires","7":"product_tag-sacoches","8":"pa_couleur-black","9":"pa_groupe-de-produits-sac-a-bandouliere","10":"pa_marque-shugon","11":"pa_numero-de-style-3507","12":"pa_sexe-unisexe","13":"pa_taille-one-size","14":"pa_tissu-polyester","16":"first","17":"outofstock","18":"taxable","19":"shipping-taxable","20":"purchasable","21":"product-type-variable"},"yoast_head":"<!-- This site is optimized with the Yoast SEO Premium plugin v20.9 (Yoast SEO v26.3) - https:\/\/yoast.com\/wordpress\/plugins\/seo\/ -->\n<title>Dijon Shoulder Pouch | Printwave FR<\/title>\n<meta name=\"robots\" content=\"index, follow, max-snippet:-1, max-image-preview:large, max-video-preview:-1\" \/>\n<link rel=\"canonical\" href=\"https:\/\/printwave.pl\/fr\/produkt\/dijon-shoulder-pouch\/\" \/>\n<meta property=\"og:locale\" content=\"fr_FR\" \/>\n<meta property=\"og:type\" content=\"article\" \/>\n<meta property=\"og:title\" content=\"Dijon Shoulder Pouch\" \/>\n<meta property=\"og:description\" content=\"\u00b7100% polyester (420D ripstop\/600D) \u00b7sacoche pratique \u00b7compartiment principal avec fermeture \u00e0 glissi\u00e8re \u00b7rabat avant avec poche \u00e0 fermeture \u00e0 glissi\u00e8re\" \/>\n<meta property=\"og:url\" content=\"https:\/\/printwave.pl\/fr\/produkt\/dijon-shoulder-pouch\/\" \/>\n<meta property=\"og:site_name\" content=\"Printwave FR\" \/>\n<meta property=\"article:modified_time\" content=\"2026-02-22T04:35:20+00:00\" \/>\n<meta property=\"og:image\" content=\"https:\/\/printwave.pl\/fr\/wp-content\/uploads\/sites\/4\/2021\/07\/Print-Wave-logo-2025.png\" \/>\n\t<meta property=\"og:image:width\" content=\"1645\" \/>\n\t<meta property=\"og:image:height\" content=\"297\" \/>\n\t<meta property=\"og:image:type\" content=\"image\/png\" \/>\n<meta name=\"twitter:card\" content=\"summary_large_image\" \/>\n<script type=\"application\/ld+json\" class=\"yoast-schema-graph\">{\"@context\":\"https:\/\/schema.org\",\"@graph\":[{\"@type\":\"WebPage\",\"@id\":\"https:\/\/printwave.pl\/fr\/produkt\/dijon-shoulder-pouch\/\",\"url\":\"https:\/\/printwave.pl\/fr\/produkt\/dijon-shoulder-pouch\/\",\"name\":\"Dijon Shoulder Pouch | Printwave FR\",\"isPartOf\":{\"@id\":\"https:\/\/printwave.pl\/fr\/#website\"},\"primaryImageOfPage\":{\"@id\":\"https:\/\/printwave.pl\/fr\/produkt\/dijon-shoulder-pouch\/#primaryimage\"},\"image\":{\"@id\":\"https:\/\/printwave.pl\/fr\/produkt\/dijon-shoulder-pouch\/#primaryimage\"},\"thumbnailUrl\":\"https:\/\/printwave.pl\/fr\/wp-content\/uploads\/sites\/4\/2025\/01\/655_38_101_m-2015_01.jpg\",\"datePublished\":\"2025-01-24T23:21:18+00:00\",\"dateModified\":\"2026-02-22T04:35:20+00:00\",\"breadcrumb\":{\"@id\":\"https:\/\/printwave.pl\/fr\/produkt\/dijon-shoulder-pouch\/#breadcrumb\"},\"inLanguage\":\"fr-FR\",\"potentialAction\":[{\"@type\":\"ReadAction\",\"target\":[\"https:\/\/printwave.pl\/fr\/produkt\/dijon-shoulder-pouch\/\"]}]},{\"@type\":\"ImageObject\",\"inLanguage\":\"fr-FR\",\"@id\":\"https:\/\/printwave.pl\/fr\/produkt\/dijon-shoulder-pouch\/#primaryimage\",\"url\":\"https:\/\/printwave.pl\/fr\/wp-content\/uploads\/sites\/4\/2025\/01\/655_38_101_m-2015_01.jpg\",\"contentUrl\":\"https:\/\/printwave.pl\/fr\/wp-content\/uploads\/sites\/4\/2025\/01\/655_38_101_m-2015_01.jpg\",\"width\":1024,\"height\":1304},{\"@type\":\"BreadcrumbList\",\"@id\":\"https:\/\/printwave.pl\/fr\/produkt\/dijon-shoulder-pouch\/#breadcrumb\",\"itemListElement\":[{\"@type\":\"ListItem\",\"position\":1,\"name\":\"Accueil\",\"item\":\"https:\/\/printwave.pl\/fr\/\"},{\"@type\":\"ListItem\",\"position\":2,\"name\":\"Boutique\",\"item\":\"https:\/\/printwave.pl\/fr\/boutique\/\"},{\"@type\":\"ListItem\",\"position\":3,\"name\":\"Dijon Shoulder Pouch\"}]},{\"@type\":\"WebSite\",\"@id\":\"https:\/\/printwave.pl\/fr\/#website\",\"url\":\"https:\/\/printwave.pl\/fr\/\",\"name\":\"Printwave\",\"description\":\"Votre fournisseur de v\u00eatements promotionnels et d&#039;entreprise en Pologne\",\"potentialAction\":[{\"@type\":\"SearchAction\",\"target\":{\"@type\":\"EntryPoint\",\"urlTemplate\":\"https:\/\/printwave.pl\/fr\/?s={search_term_string}\"},\"query-input\":{\"@type\":\"PropertyValueSpecification\",\"valueRequired\":true,\"valueName\":\"search_term_string\"}}],\"inLanguage\":\"fr-FR\"}]}<\/script>\n<!-- \/ Yoast SEO Premium plugin. -->","yoast_head_json":{"title":"Dijon Shoulder Pouch | Printwave FR","robots":{"index":"index","follow":"follow","max-snippet":"max-snippet:-1","max-image-preview":"max-image-preview:large","max-video-preview":"max-video-preview:-1"},"canonical":"https:\/\/printwave.pl\/fr\/produkt\/dijon-shoulder-pouch\/","og_locale":"fr_FR","og_type":"article","og_title":"Dijon Shoulder Pouch","og_description":"\u00b7100% polyester (420D ripstop\/600D) \u00b7sacoche pratique \u00b7compartiment principal avec fermeture \u00e0 glissi\u00e8re \u00b7rabat avant avec poche \u00e0 fermeture \u00e0 glissi\u00e8re","og_url":"https:\/\/printwave.pl\/fr\/produkt\/dijon-shoulder-pouch\/","og_site_name":"Printwave FR","article_modified_time":"2026-02-22T04:35:20+00:00","og_image":[{"width":1645,"height":297,"url":"https:\/\/printwave.pl\/fr\/wp-content\/uploads\/sites\/4\/2021\/07\/Print-Wave-logo-2025.png","type":"image\/png"}],"twitter_card":"summary_large_image","schema":{"@context":"https:\/\/schema.org","@graph":[{"@type":"WebPage","@id":"https:\/\/printwave.pl\/fr\/produkt\/dijon-shoulder-pouch\/","url":"https:\/\/printwave.pl\/fr\/produkt\/dijon-shoulder-pouch\/","name":"Dijon Shoulder Pouch | Printwave FR","isPartOf":{"@id":"https:\/\/printwave.pl\/fr\/#website"},"primaryImageOfPage":{"@id":"https:\/\/printwave.pl\/fr\/produkt\/dijon-shoulder-pouch\/#primaryimage"},"image":{"@id":"https:\/\/printwave.pl\/fr\/produkt\/dijon-shoulder-pouch\/#primaryimage"},"thumbnailUrl":"https:\/\/printwave.pl\/fr\/wp-content\/uploads\/sites\/4\/2025\/01\/655_38_101_m-2015_01.jpg","datePublished":"2025-01-24T23:21:18+00:00","dateModified":"2026-02-22T04:35:20+00:00","breadcrumb":{"@id":"https:\/\/printwave.pl\/fr\/produkt\/dijon-shoulder-pouch\/#breadcrumb"},"inLanguage":"fr-FR","potentialAction":[{"@type":"ReadAction","target":["https:\/\/printwave.pl\/fr\/produkt\/dijon-shoulder-pouch\/"]}]},{"@type":"ImageObject","inLanguage":"fr-FR","@id":"https:\/\/printwave.pl\/fr\/produkt\/dijon-shoulder-pouch\/#primaryimage","url":"https:\/\/printwave.pl\/fr\/wp-content\/uploads\/sites\/4\/2025\/01\/655_38_101_m-2015_01.jpg","contentUrl":"https:\/\/printwave.pl\/fr\/wp-content\/uploads\/sites\/4\/2025\/01\/655_38_101_m-2015_01.jpg","width":1024,"height":1304},{"@type":"BreadcrumbList","@id":"https:\/\/printwave.pl\/fr\/produkt\/dijon-shoulder-pouch\/#breadcrumb","itemListElement":[{"@type":"ListItem","position":1,"name":"Accueil","item":"https:\/\/printwave.pl\/fr\/"},{"@type":"ListItem","position":2,"name":"Boutique","item":"https:\/\/printwave.pl\/fr\/boutique\/"},{"@type":"ListItem","position":3,"name":"Dijon Shoulder Pouch"}]},{"@type":"WebSite","@id":"https:\/\/printwave.pl\/fr\/#website","url":"https:\/\/printwave.pl\/fr\/","name":"Printwave","description":"Votre fournisseur de v\u00eatements promotionnels et d&#039;entreprise en Pologne","potentialAction":[{"@type":"SearchAction","target":{"@type":"EntryPoint","urlTemplate":"https:\/\/printwave.pl\/fr\/?s={search_term_string}"},"query-input":{"@type":"PropertyValueSpecification","valueRequired":true,"valueName":"search_term_string"}}],"inLanguage":"fr-FR"}]}},"_links":{"self":[{"href":"https:\/\/printwave.pl\/fr\/wp-json\/wp\/v2\/product\/469534","targetHints":{"allow":["GET"]}}],"collection":[{"href":"https:\/\/printwave.pl\/fr\/wp-json\/wp\/v2\/product"}],"about":[{"href":"https:\/\/printwave.pl\/fr\/wp-json\/wp\/v2\/types\/product"}],"replies":[{"embeddable":true,"href":"https:\/\/printwave.pl\/fr\/wp-json\/wp\/v2\/comments?post=469534"}],"wp:featuredmedia":[{"embeddable":true,"href":"https:\/\/printwave.pl\/fr\/wp-json\/wp\/v2\/media\/469533"}],"wp:attachment":[{"href":"https:\/\/printwave.pl\/fr\/wp-json\/wp\/v2\/media?parent=469534"}],"wp:term":[{"taxonomy":"product_brand","embeddable":true,"href":"https:\/\/printwave.pl\/fr\/wp-json\/wp\/v2\/product_brand?post=469534"},{"taxonomy":"product_cat","embeddable":true,"href":"https:\/\/printwave.pl\/fr\/wp-json\/wp\/v2\/product_cat?post=469534"},{"taxonomy":"product_tag","embeddable":true,"href":"https:\/\/printwave.pl\/fr\/wp-json\/wp\/v2\/product_tag?post=469534"}],"curies":[{"name":"wp","href":"https:\/\/api.w.org\/{rel}","templated":true}]}}