{"id":469300,"date":"2025-01-25T00:13:33","date_gmt":"2025-01-24T23:13:33","guid":{"rendered":"https:\/\/printwave.pl\/fr\/produkt\/glasgow-jumbo-kit-holdall\/"},"modified":"2026-02-22T05:34:06","modified_gmt":"2026-02-22T04:34:06","slug":"glasgow-jumbo-kit-holdall","status":"publish","type":"product","link":"https:\/\/printwave.pl\/fr\/produkt\/glasgow-jumbo-kit-holdall\/","title":{"rendered":"Glasgow Jumbo Kit Holdall"},"content":{"rendered":"<p>\u00b7100% polyester (420D) avec rev\u00eatement waterproof en PVC<br \/>\n\u00b7grand compartiment central<br \/>\n\u00b72 poches aux extr\u00e9mit\u00e9s<br \/>\n\u00b7grande poche sur le devant<br \/>\n\u00b7bandes r\u00e9fl\u00e9chissantes sur 3 c\u00f4t\u00e9s<br \/>\n\u00b7poign\u00e9e renforc\u00e9e avec fermeture par scratch<br \/>\n\u00b7bandouli\u00e8re<br \/>\n\u00b7capacit\u00e9: 75 litres<br \/>\n\u00b7dimensions: 68 x 35 x 32 cm<br \/>\n\u00b7surface pour la broderie: anneau tubulaire de 14, 15, 20<br \/>\n\u00b7surface d impression: 35 x 20 cm, 28 x 22 cm, 38 x 32 cm<\/p>\n","protected":false},"excerpt":{"rendered":"<p>\u00b7100% polyester (420D) avec rev\u00eatement waterproof en PVC \u00b7grand compartiment central \u00b72 poches aux extr\u00e9mit\u00e9s \u00b7grande poche sur le devant<\/p>\n","protected":false},"featured_media":469294,"comment_status":"open","ping_status":"closed","template":"","meta":[],"product_brand":[],"product_cat":[61],"product_tag":[87,1039,1036],"class_list":{"0":"post-469300","1":"product","2":"type-product","3":"status-publish","4":"has-post-thumbnail","6":"product_cat-bagagerie-accessoires","7":"product_tag-biais-reflechissants","8":"product_tag-sacoches","9":"product_tag-sacs-de-voyge","10":"pa_couleur-black","11":"pa_couleur-navy","12":"pa_groupe-de-produits-sac-de-voyage","13":"pa_groupe-de-produits-sac-sportifs","14":"pa_marque-shugon","15":"pa_numero-de-style-3490","16":"pa_sexe-unisexe","17":"pa_taille-one-size","18":"pa_tissu-melange-de-tissu","20":"first","21":"instock","22":"taxable","23":"shipping-taxable","24":"purchasable","25":"product-type-variable"},"yoast_head":"<!-- This site is optimized with the Yoast SEO Premium plugin v20.9 (Yoast SEO v26.3) - https:\/\/yoast.com\/wordpress\/plugins\/seo\/ -->\n<title>Glasgow Jumbo Kit Holdall | Printwave FR<\/title>\n<meta name=\"robots\" content=\"index, follow, max-snippet:-1, max-image-preview:large, max-video-preview:-1\" \/>\n<link rel=\"canonical\" href=\"https:\/\/printwave.pl\/fr\/produkt\/glasgow-jumbo-kit-holdall\/\" \/>\n<meta property=\"og:locale\" content=\"fr_FR\" \/>\n<meta property=\"og:type\" content=\"article\" \/>\n<meta property=\"og:title\" content=\"Glasgow Jumbo Kit Holdall\" \/>\n<meta property=\"og:description\" content=\"\u00b7100% polyester (420D) avec rev\u00eatement waterproof en PVC \u00b7grand compartiment central \u00b72 poches aux extr\u00e9mit\u00e9s \u00b7grande poche sur le devant\" \/>\n<meta property=\"og:url\" content=\"https:\/\/printwave.pl\/fr\/produkt\/glasgow-jumbo-kit-holdall\/\" \/>\n<meta property=\"og:site_name\" content=\"Printwave FR\" \/>\n<meta property=\"article:modified_time\" content=\"2026-02-22T04:34:06+00:00\" \/>\n<meta property=\"og:image\" content=\"https:\/\/printwave.pl\/fr\/wp-content\/uploads\/sites\/4\/2021\/07\/Print-Wave-logo-2025.png\" \/>\n\t<meta property=\"og:image:width\" content=\"1645\" \/>\n\t<meta property=\"og:image:height\" content=\"297\" \/>\n\t<meta property=\"og:image:type\" content=\"image\/png\" \/>\n<meta name=\"twitter:card\" content=\"summary_large_image\" \/>\n<script type=\"application\/ld+json\" class=\"yoast-schema-graph\">{\"@context\":\"https:\/\/schema.org\",\"@graph\":[{\"@type\":\"WebPage\",\"@id\":\"https:\/\/printwave.pl\/fr\/produkt\/glasgow-jumbo-kit-holdall\/\",\"url\":\"https:\/\/printwave.pl\/fr\/produkt\/glasgow-jumbo-kit-holdall\/\",\"name\":\"Glasgow Jumbo Kit Holdall | Printwave FR\",\"isPartOf\":{\"@id\":\"https:\/\/printwave.pl\/fr\/#website\"},\"primaryImageOfPage\":{\"@id\":\"https:\/\/printwave.pl\/fr\/produkt\/glasgow-jumbo-kit-holdall\/#primaryimage\"},\"image\":{\"@id\":\"https:\/\/printwave.pl\/fr\/produkt\/glasgow-jumbo-kit-holdall\/#primaryimage\"},\"thumbnailUrl\":\"https:\/\/printwave.pl\/fr\/wp-content\/uploads\/sites\/4\/2025\/01\/662_38_101_m-2024_01.jpg\",\"datePublished\":\"2025-01-24T23:13:33+00:00\",\"dateModified\":\"2026-02-22T04:34:06+00:00\",\"breadcrumb\":{\"@id\":\"https:\/\/printwave.pl\/fr\/produkt\/glasgow-jumbo-kit-holdall\/#breadcrumb\"},\"inLanguage\":\"fr-FR\",\"potentialAction\":[{\"@type\":\"ReadAction\",\"target\":[\"https:\/\/printwave.pl\/fr\/produkt\/glasgow-jumbo-kit-holdall\/\"]}]},{\"@type\":\"ImageObject\",\"inLanguage\":\"fr-FR\",\"@id\":\"https:\/\/printwave.pl\/fr\/produkt\/glasgow-jumbo-kit-holdall\/#primaryimage\",\"url\":\"https:\/\/printwave.pl\/fr\/wp-content\/uploads\/sites\/4\/2025\/01\/662_38_101_m-2024_01.jpg\",\"contentUrl\":\"https:\/\/printwave.pl\/fr\/wp-content\/uploads\/sites\/4\/2025\/01\/662_38_101_m-2024_01.jpg\",\"width\":1024,\"height\":1304},{\"@type\":\"BreadcrumbList\",\"@id\":\"https:\/\/printwave.pl\/fr\/produkt\/glasgow-jumbo-kit-holdall\/#breadcrumb\",\"itemListElement\":[{\"@type\":\"ListItem\",\"position\":1,\"name\":\"Accueil\",\"item\":\"https:\/\/printwave.pl\/fr\/\"},{\"@type\":\"ListItem\",\"position\":2,\"name\":\"Boutique\",\"item\":\"https:\/\/printwave.pl\/fr\/boutique\/\"},{\"@type\":\"ListItem\",\"position\":3,\"name\":\"Glasgow Jumbo Kit Holdall\"}]},{\"@type\":\"WebSite\",\"@id\":\"https:\/\/printwave.pl\/fr\/#website\",\"url\":\"https:\/\/printwave.pl\/fr\/\",\"name\":\"Printwave\",\"description\":\"Votre fournisseur de v\u00eatements promotionnels et d&#039;entreprise en Pologne\",\"potentialAction\":[{\"@type\":\"SearchAction\",\"target\":{\"@type\":\"EntryPoint\",\"urlTemplate\":\"https:\/\/printwave.pl\/fr\/?s={search_term_string}\"},\"query-input\":{\"@type\":\"PropertyValueSpecification\",\"valueRequired\":true,\"valueName\":\"search_term_string\"}}],\"inLanguage\":\"fr-FR\"}]}<\/script>\n<!-- \/ Yoast SEO Premium plugin. -->","yoast_head_json":{"title":"Glasgow Jumbo Kit Holdall | Printwave FR","robots":{"index":"index","follow":"follow","max-snippet":"max-snippet:-1","max-image-preview":"max-image-preview:large","max-video-preview":"max-video-preview:-1"},"canonical":"https:\/\/printwave.pl\/fr\/produkt\/glasgow-jumbo-kit-holdall\/","og_locale":"fr_FR","og_type":"article","og_title":"Glasgow Jumbo Kit Holdall","og_description":"\u00b7100% polyester (420D) avec rev\u00eatement waterproof en PVC \u00b7grand compartiment central \u00b72 poches aux extr\u00e9mit\u00e9s \u00b7grande poche sur le devant","og_url":"https:\/\/printwave.pl\/fr\/produkt\/glasgow-jumbo-kit-holdall\/","og_site_name":"Printwave FR","article_modified_time":"2026-02-22T04:34:06+00:00","og_image":[{"width":1645,"height":297,"url":"https:\/\/printwave.pl\/fr\/wp-content\/uploads\/sites\/4\/2021\/07\/Print-Wave-logo-2025.png","type":"image\/png"}],"twitter_card":"summary_large_image","schema":{"@context":"https:\/\/schema.org","@graph":[{"@type":"WebPage","@id":"https:\/\/printwave.pl\/fr\/produkt\/glasgow-jumbo-kit-holdall\/","url":"https:\/\/printwave.pl\/fr\/produkt\/glasgow-jumbo-kit-holdall\/","name":"Glasgow Jumbo Kit Holdall | Printwave FR","isPartOf":{"@id":"https:\/\/printwave.pl\/fr\/#website"},"primaryImageOfPage":{"@id":"https:\/\/printwave.pl\/fr\/produkt\/glasgow-jumbo-kit-holdall\/#primaryimage"},"image":{"@id":"https:\/\/printwave.pl\/fr\/produkt\/glasgow-jumbo-kit-holdall\/#primaryimage"},"thumbnailUrl":"https:\/\/printwave.pl\/fr\/wp-content\/uploads\/sites\/4\/2025\/01\/662_38_101_m-2024_01.jpg","datePublished":"2025-01-24T23:13:33+00:00","dateModified":"2026-02-22T04:34:06+00:00","breadcrumb":{"@id":"https:\/\/printwave.pl\/fr\/produkt\/glasgow-jumbo-kit-holdall\/#breadcrumb"},"inLanguage":"fr-FR","potentialAction":[{"@type":"ReadAction","target":["https:\/\/printwave.pl\/fr\/produkt\/glasgow-jumbo-kit-holdall\/"]}]},{"@type":"ImageObject","inLanguage":"fr-FR","@id":"https:\/\/printwave.pl\/fr\/produkt\/glasgow-jumbo-kit-holdall\/#primaryimage","url":"https:\/\/printwave.pl\/fr\/wp-content\/uploads\/sites\/4\/2025\/01\/662_38_101_m-2024_01.jpg","contentUrl":"https:\/\/printwave.pl\/fr\/wp-content\/uploads\/sites\/4\/2025\/01\/662_38_101_m-2024_01.jpg","width":1024,"height":1304},{"@type":"BreadcrumbList","@id":"https:\/\/printwave.pl\/fr\/produkt\/glasgow-jumbo-kit-holdall\/#breadcrumb","itemListElement":[{"@type":"ListItem","position":1,"name":"Accueil","item":"https:\/\/printwave.pl\/fr\/"},{"@type":"ListItem","position":2,"name":"Boutique","item":"https:\/\/printwave.pl\/fr\/boutique\/"},{"@type":"ListItem","position":3,"name":"Glasgow Jumbo Kit Holdall"}]},{"@type":"WebSite","@id":"https:\/\/printwave.pl\/fr\/#website","url":"https:\/\/printwave.pl\/fr\/","name":"Printwave","description":"Votre fournisseur de v\u00eatements promotionnels et d&#039;entreprise en Pologne","potentialAction":[{"@type":"SearchAction","target":{"@type":"EntryPoint","urlTemplate":"https:\/\/printwave.pl\/fr\/?s={search_term_string}"},"query-input":{"@type":"PropertyValueSpecification","valueRequired":true,"valueName":"search_term_string"}}],"inLanguage":"fr-FR"}]}},"_links":{"self":[{"href":"https:\/\/printwave.pl\/fr\/wp-json\/wp\/v2\/product\/469300","targetHints":{"allow":["GET"]}}],"collection":[{"href":"https:\/\/printwave.pl\/fr\/wp-json\/wp\/v2\/product"}],"about":[{"href":"https:\/\/printwave.pl\/fr\/wp-json\/wp\/v2\/types\/product"}],"replies":[{"embeddable":true,"href":"https:\/\/printwave.pl\/fr\/wp-json\/wp\/v2\/comments?post=469300"}],"wp:featuredmedia":[{"embeddable":true,"href":"https:\/\/printwave.pl\/fr\/wp-json\/wp\/v2\/media\/469294"}],"wp:attachment":[{"href":"https:\/\/printwave.pl\/fr\/wp-json\/wp\/v2\/media?parent=469300"}],"wp:term":[{"taxonomy":"product_brand","embeddable":true,"href":"https:\/\/printwave.pl\/fr\/wp-json\/wp\/v2\/product_brand?post=469300"},{"taxonomy":"product_cat","embeddable":true,"href":"https:\/\/printwave.pl\/fr\/wp-json\/wp\/v2\/product_cat?post=469300"},{"taxonomy":"product_tag","embeddable":true,"href":"https:\/\/printwave.pl\/fr\/wp-json\/wp\/v2\/product_tag?post=469300"}],"curies":[{"name":"wp","href":"https:\/\/api.w.org\/{rel}","templated":true}]}}