{"id":468297,"date":"2025-01-24T23:41:13","date_gmt":"2025-01-24T22:41:13","guid":{"rendered":"https:\/\/printwave.pl\/fr\/produkt\/carrara-ii-trolley-rucksack\/"},"modified":"2026-02-22T05:28:57","modified_gmt":"2026-02-22T04:28:57","slug":"carrara-ii-trolley-rucksack","status":"publish","type":"product","link":"https:\/\/printwave.pl\/fr\/produkt\/carrara-ii-trolley-rucksack\/","title":{"rendered":"Carrara II Trolley-Rucksack"},"content":{"rendered":"<p>\u00b7100% polyester (600D\/420D jacquard)<br \/>\n\u00b7trolley-backpack, poign\u00e9e de transport rembourr\u00e9e<br \/>\n\u00b7dos matelass\u00e9 et bandouli\u00e8res<br \/>\n\u00b7poign\u00e9e r\u00e9tractable<br \/>\n\u00b73 poches avec fermeture \u00e0 glissi\u00e8re, panneau de s\u00e9paration en maille \u00e0 l int\u00e9rieur de deux d entre elles<br \/>\n\u00b72 poches de c\u00f4t\u00e9<br \/>\n\u00b7base en dur avec crampons<br \/>\n\u00b7roues type rollerblade<br \/>\n\u00b7capacit\u00e9: 35 litres<br \/>\n\u00b7dimensions: 36 x 48 x 20 cm<br \/>\n\u00b7surface de broderie: anneau tubulaire de 11<br \/>\n\u00b7surface d impression: 10 x 15 cm<\/p>\n","protected":false},"excerpt":{"rendered":"<p>\u00b7100% polyester (600D\/420D jacquard) \u00b7trolley-backpack, poign\u00e9e de transport rembourr\u00e9e \u00b7dos matelass\u00e9 et bandouli\u00e8res \u00b7poign\u00e9e r\u00e9tractable \u00b73 poches avec fermeture \u00e0<\/p>\n","protected":false},"featured_media":468295,"comment_status":"open","ping_status":"closed","template":"","meta":[],"product_brand":[],"product_cat":[61],"product_tag":[],"class_list":{"0":"post-468297","1":"product","2":"type-product","3":"status-publish","4":"has-post-thumbnail","6":"product_cat-bagagerie-accessoires","7":"pa_couleur-black","8":"pa_details-chariot","9":"pa_details-fermeture-a-glissiere-complete","10":"pa_details-poches-de-cote-avec-fermeture-a-glissiere","11":"pa_details-sac-a-roulettes","12":"pa_groupe-de-produits-sac-a-dos","13":"pa_groupe-de-produits-sac-de-voyage","14":"pa_marque-shugon","15":"pa_numero-de-style-3417","16":"pa_sexe-unisexe","17":"pa_taille-one-size","18":"pa_tissu-polyester","20":"first","21":"instock","22":"taxable","23":"shipping-taxable","24":"purchasable","25":"product-type-variable"},"yoast_head":"<!-- This site is optimized with the Yoast SEO Premium plugin v20.9 (Yoast SEO v26.3) - https:\/\/yoast.com\/wordpress\/plugins\/seo\/ -->\n<title>Carrara II Trolley-Rucksack | Printwave FR<\/title>\n<meta name=\"robots\" content=\"index, follow, max-snippet:-1, max-image-preview:large, max-video-preview:-1\" \/>\n<link rel=\"canonical\" href=\"https:\/\/printwave.pl\/fr\/produkt\/carrara-ii-trolley-rucksack\/\" \/>\n<meta property=\"og:locale\" content=\"fr_FR\" \/>\n<meta property=\"og:type\" content=\"article\" \/>\n<meta property=\"og:title\" content=\"Carrara II Trolley-Rucksack\" \/>\n<meta property=\"og:description\" content=\"\u00b7100% polyester (600D\/420D jacquard) \u00b7trolley-backpack, poign\u00e9e de transport rembourr\u00e9e \u00b7dos matelass\u00e9 et bandouli\u00e8res \u00b7poign\u00e9e r\u00e9tractable \u00b73 poches avec fermeture \u00e0\" \/>\n<meta property=\"og:url\" content=\"https:\/\/printwave.pl\/fr\/produkt\/carrara-ii-trolley-rucksack\/\" \/>\n<meta property=\"og:site_name\" content=\"Printwave FR\" \/>\n<meta property=\"article:modified_time\" content=\"2026-02-22T04:28:57+00:00\" \/>\n<meta property=\"og:image\" content=\"https:\/\/printwave.pl\/fr\/wp-content\/uploads\/sites\/4\/2021\/07\/Print-Wave-logo-2025.png\" \/>\n\t<meta property=\"og:image:width\" content=\"1645\" \/>\n\t<meta property=\"og:image:height\" content=\"297\" \/>\n\t<meta property=\"og:image:type\" content=\"image\/png\" \/>\n<meta name=\"twitter:card\" content=\"summary_large_image\" \/>\n<script type=\"application\/ld+json\" class=\"yoast-schema-graph\">{\"@context\":\"https:\/\/schema.org\",\"@graph\":[{\"@type\":\"WebPage\",\"@id\":\"https:\/\/printwave.pl\/fr\/produkt\/carrara-ii-trolley-rucksack\/\",\"url\":\"https:\/\/printwave.pl\/fr\/produkt\/carrara-ii-trolley-rucksack\/\",\"name\":\"Carrara II Trolley-Rucksack | Printwave FR\",\"isPartOf\":{\"@id\":\"https:\/\/printwave.pl\/fr\/#website\"},\"primaryImageOfPage\":{\"@id\":\"https:\/\/printwave.pl\/fr\/produkt\/carrara-ii-trolley-rucksack\/#primaryimage\"},\"image\":{\"@id\":\"https:\/\/printwave.pl\/fr\/produkt\/carrara-ii-trolley-rucksack\/#primaryimage\"},\"thumbnailUrl\":\"https:\/\/printwave.pl\/fr\/wp-content\/uploads\/sites\/4\/2025\/01\/686_38_101_m-2016_01.jpg\",\"datePublished\":\"2025-01-24T22:41:13+00:00\",\"dateModified\":\"2026-02-22T04:28:57+00:00\",\"breadcrumb\":{\"@id\":\"https:\/\/printwave.pl\/fr\/produkt\/carrara-ii-trolley-rucksack\/#breadcrumb\"},\"inLanguage\":\"fr-FR\",\"potentialAction\":[{\"@type\":\"ReadAction\",\"target\":[\"https:\/\/printwave.pl\/fr\/produkt\/carrara-ii-trolley-rucksack\/\"]}]},{\"@type\":\"ImageObject\",\"inLanguage\":\"fr-FR\",\"@id\":\"https:\/\/printwave.pl\/fr\/produkt\/carrara-ii-trolley-rucksack\/#primaryimage\",\"url\":\"https:\/\/printwave.pl\/fr\/wp-content\/uploads\/sites\/4\/2025\/01\/686_38_101_m-2016_01.jpg\",\"contentUrl\":\"https:\/\/printwave.pl\/fr\/wp-content\/uploads\/sites\/4\/2025\/01\/686_38_101_m-2016_01.jpg\",\"width\":1024,\"height\":1304},{\"@type\":\"BreadcrumbList\",\"@id\":\"https:\/\/printwave.pl\/fr\/produkt\/carrara-ii-trolley-rucksack\/#breadcrumb\",\"itemListElement\":[{\"@type\":\"ListItem\",\"position\":1,\"name\":\"Accueil\",\"item\":\"https:\/\/printwave.pl\/fr\/\"},{\"@type\":\"ListItem\",\"position\":2,\"name\":\"Boutique\",\"item\":\"https:\/\/printwave.pl\/fr\/boutique\/\"},{\"@type\":\"ListItem\",\"position\":3,\"name\":\"Carrara II Trolley-Rucksack\"}]},{\"@type\":\"WebSite\",\"@id\":\"https:\/\/printwave.pl\/fr\/#website\",\"url\":\"https:\/\/printwave.pl\/fr\/\",\"name\":\"Printwave\",\"description\":\"Votre fournisseur de v\u00eatements promotionnels et d&#039;entreprise en Pologne\",\"potentialAction\":[{\"@type\":\"SearchAction\",\"target\":{\"@type\":\"EntryPoint\",\"urlTemplate\":\"https:\/\/printwave.pl\/fr\/?s={search_term_string}\"},\"query-input\":{\"@type\":\"PropertyValueSpecification\",\"valueRequired\":true,\"valueName\":\"search_term_string\"}}],\"inLanguage\":\"fr-FR\"}]}<\/script>\n<!-- \/ Yoast SEO Premium plugin. -->","yoast_head_json":{"title":"Carrara II Trolley-Rucksack | Printwave FR","robots":{"index":"index","follow":"follow","max-snippet":"max-snippet:-1","max-image-preview":"max-image-preview:large","max-video-preview":"max-video-preview:-1"},"canonical":"https:\/\/printwave.pl\/fr\/produkt\/carrara-ii-trolley-rucksack\/","og_locale":"fr_FR","og_type":"article","og_title":"Carrara II Trolley-Rucksack","og_description":"\u00b7100% polyester (600D\/420D jacquard) \u00b7trolley-backpack, poign\u00e9e de transport rembourr\u00e9e \u00b7dos matelass\u00e9 et bandouli\u00e8res \u00b7poign\u00e9e r\u00e9tractable \u00b73 poches avec fermeture \u00e0","og_url":"https:\/\/printwave.pl\/fr\/produkt\/carrara-ii-trolley-rucksack\/","og_site_name":"Printwave FR","article_modified_time":"2026-02-22T04:28:57+00:00","og_image":[{"width":1645,"height":297,"url":"https:\/\/printwave.pl\/fr\/wp-content\/uploads\/sites\/4\/2021\/07\/Print-Wave-logo-2025.png","type":"image\/png"}],"twitter_card":"summary_large_image","schema":{"@context":"https:\/\/schema.org","@graph":[{"@type":"WebPage","@id":"https:\/\/printwave.pl\/fr\/produkt\/carrara-ii-trolley-rucksack\/","url":"https:\/\/printwave.pl\/fr\/produkt\/carrara-ii-trolley-rucksack\/","name":"Carrara II Trolley-Rucksack | Printwave FR","isPartOf":{"@id":"https:\/\/printwave.pl\/fr\/#website"},"primaryImageOfPage":{"@id":"https:\/\/printwave.pl\/fr\/produkt\/carrara-ii-trolley-rucksack\/#primaryimage"},"image":{"@id":"https:\/\/printwave.pl\/fr\/produkt\/carrara-ii-trolley-rucksack\/#primaryimage"},"thumbnailUrl":"https:\/\/printwave.pl\/fr\/wp-content\/uploads\/sites\/4\/2025\/01\/686_38_101_m-2016_01.jpg","datePublished":"2025-01-24T22:41:13+00:00","dateModified":"2026-02-22T04:28:57+00:00","breadcrumb":{"@id":"https:\/\/printwave.pl\/fr\/produkt\/carrara-ii-trolley-rucksack\/#breadcrumb"},"inLanguage":"fr-FR","potentialAction":[{"@type":"ReadAction","target":["https:\/\/printwave.pl\/fr\/produkt\/carrara-ii-trolley-rucksack\/"]}]},{"@type":"ImageObject","inLanguage":"fr-FR","@id":"https:\/\/printwave.pl\/fr\/produkt\/carrara-ii-trolley-rucksack\/#primaryimage","url":"https:\/\/printwave.pl\/fr\/wp-content\/uploads\/sites\/4\/2025\/01\/686_38_101_m-2016_01.jpg","contentUrl":"https:\/\/printwave.pl\/fr\/wp-content\/uploads\/sites\/4\/2025\/01\/686_38_101_m-2016_01.jpg","width":1024,"height":1304},{"@type":"BreadcrumbList","@id":"https:\/\/printwave.pl\/fr\/produkt\/carrara-ii-trolley-rucksack\/#breadcrumb","itemListElement":[{"@type":"ListItem","position":1,"name":"Accueil","item":"https:\/\/printwave.pl\/fr\/"},{"@type":"ListItem","position":2,"name":"Boutique","item":"https:\/\/printwave.pl\/fr\/boutique\/"},{"@type":"ListItem","position":3,"name":"Carrara II Trolley-Rucksack"}]},{"@type":"WebSite","@id":"https:\/\/printwave.pl\/fr\/#website","url":"https:\/\/printwave.pl\/fr\/","name":"Printwave","description":"Votre fournisseur de v\u00eatements promotionnels et d&#039;entreprise en Pologne","potentialAction":[{"@type":"SearchAction","target":{"@type":"EntryPoint","urlTemplate":"https:\/\/printwave.pl\/fr\/?s={search_term_string}"},"query-input":{"@type":"PropertyValueSpecification","valueRequired":true,"valueName":"search_term_string"}}],"inLanguage":"fr-FR"}]}},"_links":{"self":[{"href":"https:\/\/printwave.pl\/fr\/wp-json\/wp\/v2\/product\/468297","targetHints":{"allow":["GET"]}}],"collection":[{"href":"https:\/\/printwave.pl\/fr\/wp-json\/wp\/v2\/product"}],"about":[{"href":"https:\/\/printwave.pl\/fr\/wp-json\/wp\/v2\/types\/product"}],"replies":[{"embeddable":true,"href":"https:\/\/printwave.pl\/fr\/wp-json\/wp\/v2\/comments?post=468297"}],"wp:featuredmedia":[{"embeddable":true,"href":"https:\/\/printwave.pl\/fr\/wp-json\/wp\/v2\/media\/468295"}],"wp:attachment":[{"href":"https:\/\/printwave.pl\/fr\/wp-json\/wp\/v2\/media?parent=468297"}],"wp:term":[{"taxonomy":"product_brand","embeddable":true,"href":"https:\/\/printwave.pl\/fr\/wp-json\/wp\/v2\/product_brand?post=468297"},{"taxonomy":"product_cat","embeddable":true,"href":"https:\/\/printwave.pl\/fr\/wp-json\/wp\/v2\/product_cat?post=468297"},{"taxonomy":"product_tag","embeddable":true,"href":"https:\/\/printwave.pl\/fr\/wp-json\/wp\/v2\/product_tag?post=468297"}],"curies":[{"name":"wp","href":"https:\/\/api.w.org\/{rel}","templated":true}]}}