{"id":465787,"date":"2025-01-24T22:33:01","date_gmt":"2025-01-24T21:33:01","guid":{"rendered":"https:\/\/printwave.pl\/fr\/produkt\/ladies-ls-fitted-poplin-shirt\/"},"modified":"2026-02-22T05:21:48","modified_gmt":"2026-02-22T04:21:48","slug":"ladies-ls-fitted-poplin-shirt","status":"publish","type":"product","link":"https:\/\/printwave.pl\/fr\/produkt\/ladies-ls-fitted-poplin-shirt\/","title":{"rendered":"Ladies&rsquo; LS Fitted Poplin Shirt"},"content":{"rendered":"<p>\u00b7115 g\/m\u00b2 (white: 110 g\/m\u00b2)<br \/>\n\u00b765% polyester, 35% coton popeline<br \/>\n\u00b7longues manches<br \/>\n\u00b7patte de boutonnage invisible<br \/>\n\u00b7empi\u00e8cement dos \u00e9l\u00e9gant<br \/>\n\u00b7poignets modernes arrondis \u00e0 2 boutons<br \/>\n\u00b7pinces au niveau du dos et du buste devant pour une coupe f\u00e9minine ajust\u00e9e<br \/>\n\u00b7surpiq\u00fbre d\u00e9corative sur les pinces<br \/>\n\u00b7base arrondie<br \/>\n\u00b7boutons de r\u00e9serve<br \/>\n\u00b7entretien ais\u00e9<\/p>\n","protected":false},"excerpt":{"rendered":"<p>\u00b7115 g\/m\u00b2 (white: 110 g\/m\u00b2) \u00b765% polyester, 35% coton popeline \u00b7longues manches \u00b7patte de boutonnage invisible \u00b7empi\u00e8cement dos \u00e9l\u00e9gant \u00b7poignets<\/p>\n","protected":false},"featured_media":465784,"comment_status":"open","ping_status":"closed","template":"","meta":[],"product_brand":[],"product_cat":[895],"product_tag":[85,901,914,84,902,897,86,896],"class_list":{"0":"post-465787","1":"product","2":"type-product","3":"status-publish","4":"has-post-thumbnail","6":"product_cat-chemises-pulls","7":"product_tag-a-longue-manche","8":"product_tag-chemise-a-longues-manches","9":"product_tag-chemisiers-en-popeline","10":"product_tag-longue-manche","11":"product_tag-t-shirt-a-longues-manches","12":"product_tag-vetements-dentreprise","13":"product_tag-vetements-dexterieur","14":"product_tag-vetements-de-protection","15":"pa_certificats-bsci","16":"pa_certificats-oeko-tex-standard-100","17":"pa_certificats-wrap","18":"pa_couleur-black","19":"pa_couleur-classic-red","20":"pa_couleur-convoy-grey","21":"pa_couleur-corporate-blue","22":"pa_couleur-french-navy","23":"pa_couleur-white","24":"pa_details-xs","25":"pa_details-cintre","26":"pa_details-popeline","27":"pa_groupe-de-produits-chemisiers","28":"pa_manche-manches-longues","29":"pa_marque-russell-collection","30":"pa_numero-de-style-3340","31":"pa_poids-100-139-g-m","32":"pa_sexe-femmes","33":"pa_taille-2xl","34":"pa_taille-3xl","35":"pa_taille-4xl","36":"pa_taille-l","37":"pa_taille-m","38":"pa_taille-s","39":"pa_taille-xl","40":"pa_taille-xs","41":"pa_tissu-melange-de-tissu","43":"first","44":"instock","45":"taxable","46":"shipping-taxable","47":"purchasable","48":"product-type-variable"},"yoast_head":"<!-- This site is optimized with the Yoast SEO Premium plugin v20.9 (Yoast SEO v26.3) - https:\/\/yoast.com\/wordpress\/plugins\/seo\/ -->\n<title>Ladies&#039; LS Fitted Poplin Shirt | Printwave FR<\/title>\n<meta name=\"robots\" content=\"index, follow, max-snippet:-1, max-image-preview:large, max-video-preview:-1\" \/>\n<link rel=\"canonical\" href=\"https:\/\/printwave.pl\/fr\/produkt\/ladies-ls-fitted-poplin-shirt\/\" \/>\n<meta property=\"og:locale\" content=\"fr_FR\" \/>\n<meta property=\"og:type\" content=\"article\" \/>\n<meta property=\"og:title\" content=\"Ladies&#039; LS Fitted Poplin Shirt\" \/>\n<meta property=\"og:description\" content=\"\u00b7115 g\/m\u00b2 (white: 110 g\/m\u00b2) \u00b765% polyester, 35% coton popeline \u00b7longues manches \u00b7patte de boutonnage invisible \u00b7empi\u00e8cement dos \u00e9l\u00e9gant \u00b7poignets\" \/>\n<meta property=\"og:url\" content=\"https:\/\/printwave.pl\/fr\/produkt\/ladies-ls-fitted-poplin-shirt\/\" \/>\n<meta property=\"og:site_name\" content=\"Printwave FR\" \/>\n<meta property=\"article:modified_time\" content=\"2026-02-22T04:21:48+00:00\" \/>\n<meta property=\"og:image\" content=\"https:\/\/printwave.pl\/fr\/wp-content\/uploads\/sites\/4\/2021\/07\/Print-Wave-logo-2025.png\" \/>\n\t<meta property=\"og:image:width\" content=\"1645\" \/>\n\t<meta property=\"og:image:height\" content=\"297\" \/>\n\t<meta property=\"og:image:type\" content=\"image\/png\" \/>\n<meta name=\"twitter:card\" content=\"summary_large_image\" \/>\n<script type=\"application\/ld+json\" class=\"yoast-schema-graph\">{\"@context\":\"https:\/\/schema.org\",\"@graph\":[{\"@type\":\"WebPage\",\"@id\":\"https:\/\/printwave.pl\/fr\/produkt\/ladies-ls-fitted-poplin-shirt\/\",\"url\":\"https:\/\/printwave.pl\/fr\/produkt\/ladies-ls-fitted-poplin-shirt\/\",\"name\":\"Ladies' LS Fitted Poplin Shirt | Printwave FR\",\"isPartOf\":{\"@id\":\"https:\/\/printwave.pl\/fr\/#website\"},\"primaryImageOfPage\":{\"@id\":\"https:\/\/printwave.pl\/fr\/produkt\/ladies-ls-fitted-poplin-shirt\/#primaryimage\"},\"image\":{\"@id\":\"https:\/\/printwave.pl\/fr\/produkt\/ladies-ls-fitted-poplin-shirt\/#primaryimage\"},\"thumbnailUrl\":\"https:\/\/printwave.pl\/fr\/wp-content\/uploads\/sites\/4\/2025\/01\/712_00_401_m-2023_02.jpg\",\"datePublished\":\"2025-01-24T21:33:01+00:00\",\"dateModified\":\"2026-02-22T04:21:48+00:00\",\"breadcrumb\":{\"@id\":\"https:\/\/printwave.pl\/fr\/produkt\/ladies-ls-fitted-poplin-shirt\/#breadcrumb\"},\"inLanguage\":\"fr-FR\",\"potentialAction\":[{\"@type\":\"ReadAction\",\"target\":[\"https:\/\/printwave.pl\/fr\/produkt\/ladies-ls-fitted-poplin-shirt\/\"]}]},{\"@type\":\"ImageObject\",\"inLanguage\":\"fr-FR\",\"@id\":\"https:\/\/printwave.pl\/fr\/produkt\/ladies-ls-fitted-poplin-shirt\/#primaryimage\",\"url\":\"https:\/\/printwave.pl\/fr\/wp-content\/uploads\/sites\/4\/2025\/01\/712_00_401_m-2023_02.jpg\",\"contentUrl\":\"https:\/\/printwave.pl\/fr\/wp-content\/uploads\/sites\/4\/2025\/01\/712_00_401_m-2023_02.jpg\",\"width\":1024,\"height\":1304},{\"@type\":\"BreadcrumbList\",\"@id\":\"https:\/\/printwave.pl\/fr\/produkt\/ladies-ls-fitted-poplin-shirt\/#breadcrumb\",\"itemListElement\":[{\"@type\":\"ListItem\",\"position\":1,\"name\":\"Accueil\",\"item\":\"https:\/\/printwave.pl\/fr\/\"},{\"@type\":\"ListItem\",\"position\":2,\"name\":\"Boutique\",\"item\":\"https:\/\/printwave.pl\/fr\/boutique\/\"},{\"@type\":\"ListItem\",\"position\":3,\"name\":\"Ladies&rsquo; LS Fitted Poplin Shirt\"}]},{\"@type\":\"WebSite\",\"@id\":\"https:\/\/printwave.pl\/fr\/#website\",\"url\":\"https:\/\/printwave.pl\/fr\/\",\"name\":\"Printwave\",\"description\":\"Votre fournisseur de v\u00eatements promotionnels et d&#039;entreprise en Pologne\",\"potentialAction\":[{\"@type\":\"SearchAction\",\"target\":{\"@type\":\"EntryPoint\",\"urlTemplate\":\"https:\/\/printwave.pl\/fr\/?s={search_term_string}\"},\"query-input\":{\"@type\":\"PropertyValueSpecification\",\"valueRequired\":true,\"valueName\":\"search_term_string\"}}],\"inLanguage\":\"fr-FR\"}]}<\/script>\n<!-- \/ Yoast SEO Premium plugin. -->","yoast_head_json":{"title":"Ladies' LS Fitted Poplin Shirt | Printwave FR","robots":{"index":"index","follow":"follow","max-snippet":"max-snippet:-1","max-image-preview":"max-image-preview:large","max-video-preview":"max-video-preview:-1"},"canonical":"https:\/\/printwave.pl\/fr\/produkt\/ladies-ls-fitted-poplin-shirt\/","og_locale":"fr_FR","og_type":"article","og_title":"Ladies' LS Fitted Poplin Shirt","og_description":"\u00b7115 g\/m\u00b2 (white: 110 g\/m\u00b2) \u00b765% polyester, 35% coton popeline \u00b7longues manches \u00b7patte de boutonnage invisible \u00b7empi\u00e8cement dos \u00e9l\u00e9gant \u00b7poignets","og_url":"https:\/\/printwave.pl\/fr\/produkt\/ladies-ls-fitted-poplin-shirt\/","og_site_name":"Printwave FR","article_modified_time":"2026-02-22T04:21:48+00:00","og_image":[{"width":1645,"height":297,"url":"https:\/\/printwave.pl\/fr\/wp-content\/uploads\/sites\/4\/2021\/07\/Print-Wave-logo-2025.png","type":"image\/png"}],"twitter_card":"summary_large_image","schema":{"@context":"https:\/\/schema.org","@graph":[{"@type":"WebPage","@id":"https:\/\/printwave.pl\/fr\/produkt\/ladies-ls-fitted-poplin-shirt\/","url":"https:\/\/printwave.pl\/fr\/produkt\/ladies-ls-fitted-poplin-shirt\/","name":"Ladies' LS Fitted Poplin Shirt | Printwave FR","isPartOf":{"@id":"https:\/\/printwave.pl\/fr\/#website"},"primaryImageOfPage":{"@id":"https:\/\/printwave.pl\/fr\/produkt\/ladies-ls-fitted-poplin-shirt\/#primaryimage"},"image":{"@id":"https:\/\/printwave.pl\/fr\/produkt\/ladies-ls-fitted-poplin-shirt\/#primaryimage"},"thumbnailUrl":"https:\/\/printwave.pl\/fr\/wp-content\/uploads\/sites\/4\/2025\/01\/712_00_401_m-2023_02.jpg","datePublished":"2025-01-24T21:33:01+00:00","dateModified":"2026-02-22T04:21:48+00:00","breadcrumb":{"@id":"https:\/\/printwave.pl\/fr\/produkt\/ladies-ls-fitted-poplin-shirt\/#breadcrumb"},"inLanguage":"fr-FR","potentialAction":[{"@type":"ReadAction","target":["https:\/\/printwave.pl\/fr\/produkt\/ladies-ls-fitted-poplin-shirt\/"]}]},{"@type":"ImageObject","inLanguage":"fr-FR","@id":"https:\/\/printwave.pl\/fr\/produkt\/ladies-ls-fitted-poplin-shirt\/#primaryimage","url":"https:\/\/printwave.pl\/fr\/wp-content\/uploads\/sites\/4\/2025\/01\/712_00_401_m-2023_02.jpg","contentUrl":"https:\/\/printwave.pl\/fr\/wp-content\/uploads\/sites\/4\/2025\/01\/712_00_401_m-2023_02.jpg","width":1024,"height":1304},{"@type":"BreadcrumbList","@id":"https:\/\/printwave.pl\/fr\/produkt\/ladies-ls-fitted-poplin-shirt\/#breadcrumb","itemListElement":[{"@type":"ListItem","position":1,"name":"Accueil","item":"https:\/\/printwave.pl\/fr\/"},{"@type":"ListItem","position":2,"name":"Boutique","item":"https:\/\/printwave.pl\/fr\/boutique\/"},{"@type":"ListItem","position":3,"name":"Ladies&rsquo; LS Fitted Poplin Shirt"}]},{"@type":"WebSite","@id":"https:\/\/printwave.pl\/fr\/#website","url":"https:\/\/printwave.pl\/fr\/","name":"Printwave","description":"Votre fournisseur de v\u00eatements promotionnels et d&#039;entreprise en Pologne","potentialAction":[{"@type":"SearchAction","target":{"@type":"EntryPoint","urlTemplate":"https:\/\/printwave.pl\/fr\/?s={search_term_string}"},"query-input":{"@type":"PropertyValueSpecification","valueRequired":true,"valueName":"search_term_string"}}],"inLanguage":"fr-FR"}]}},"_links":{"self":[{"href":"https:\/\/printwave.pl\/fr\/wp-json\/wp\/v2\/product\/465787","targetHints":{"allow":["GET"]}}],"collection":[{"href":"https:\/\/printwave.pl\/fr\/wp-json\/wp\/v2\/product"}],"about":[{"href":"https:\/\/printwave.pl\/fr\/wp-json\/wp\/v2\/types\/product"}],"replies":[{"embeddable":true,"href":"https:\/\/printwave.pl\/fr\/wp-json\/wp\/v2\/comments?post=465787"}],"wp:featuredmedia":[{"embeddable":true,"href":"https:\/\/printwave.pl\/fr\/wp-json\/wp\/v2\/media\/465784"}],"wp:attachment":[{"href":"https:\/\/printwave.pl\/fr\/wp-json\/wp\/v2\/media?parent=465787"}],"wp:term":[{"taxonomy":"product_brand","embeddable":true,"href":"https:\/\/printwave.pl\/fr\/wp-json\/wp\/v2\/product_brand?post=465787"},{"taxonomy":"product_cat","embeddable":true,"href":"https:\/\/printwave.pl\/fr\/wp-json\/wp\/v2\/product_cat?post=465787"},{"taxonomy":"product_tag","embeddable":true,"href":"https:\/\/printwave.pl\/fr\/wp-json\/wp\/v2\/product_tag?post=465787"}],"curies":[{"name":"wp","href":"https:\/\/api.w.org\/{rel}","templated":true}]}}