{"id":460672,"date":"2025-01-24T20:16:05","date_gmt":"2025-01-24T19:16:05","guid":{"rendered":"https:\/\/printwave.pl\/fr\/produkt\/mens-navigate-hybrid-hooded-jacket\/"},"modified":"2026-02-22T05:02:14","modified_gmt":"2026-02-22T04:02:14","slug":"mens-navigate-hybrid-hooded-jacket","status":"publish","type":"product","link":"https:\/\/printwave.pl\/fr\/produkt\/mens-navigate-hybrid-hooded-jacket\/","title":{"rendered":"Men\u2019s Navigate Hybrid Hooded Jacket"},"content":{"rendered":"<p>\u00b790% polyester, 10% \u00e9lasthanne; partiellement recycl\u00e9<br \/>\n\u00b7Panneaux du corps : 100% polyamide<br \/>\n\u00b7Remplissage Warmloft recycl\u00e9 l\u00e9ger<br \/>\n\u00b7Finition hydrofuge durable<br \/>\n\u00b7Capuche, manches et c\u00f4t\u00e9 du corps en Power Stretch<br \/>\n\u00b7Zip int\u00e9gral de couleur contrast\u00e9e avec rabat-temp\u00eate int\u00e9rieur<br \/>\n\u00b7Poche poitrine avec fermeture \u00e0 glissi\u00e8re de couleur contrast\u00e9e<br \/>\n\u00b72 poches basses avec zip de couleur contrast\u00e9e<br \/>\n\u00b7Id\u00e9al pour la d\u00e9coration avec des matelassages strat\u00e9giquement plac\u00e9s.<\/p>\n","protected":false},"excerpt":{"rendered":"<p>\u00b790% polyester, 10% \u00e9lasthanne; partiellement recycl\u00e9 \u00b7Panneaux du corps : 100% polyamide \u00b7Remplissage Warmloft recycl\u00e9 l\u00e9ger \u00b7Finition hydrofuge durable \u00b7Capuche,<\/p>\n","protected":false},"featured_media":460667,"comment_status":"open","ping_status":"closed","template":"","meta":[],"product_brand":[],"product_cat":[128,81],"product_tag":[],"class_list":{"0":"post-460672","1":"product","2":"type-product","3":"status-publish","4":"has-post-thumbnail","6":"product_cat-meilleures-ventes","7":"product_cat-vestes","8":"pa_couleur-black-classic-red","9":"pa_couleur-black-new-royal","10":"pa_couleur-black-seal-grey","11":"pa_couleur-navy-french-blue","12":"pa_couleur-navy-seal-grey","13":"pa_details-avec-capuche","14":"pa_details-fermeture-a-glissiere-complete","15":"pa_details-poche-poitrine","16":"pa_details-poches-de-cote-avec-fermeture-a-glissiere","17":"pa_details-set-in","18":"pa_groupe-de-produits-full-zip","19":"pa_groupe-de-produits-vestes","20":"pa_manche-manches-longues","21":"pa_marque-regatta-professional","22":"pa_numero-de-style-3211","23":"pa_sexe-hommes","24":"pa_taille-2xl","25":"pa_taille-3xl","26":"pa_taille-l","27":"pa_taille-m","28":"pa_taille-s","29":"pa_taille-xl","30":"pa_tissu-melange-de-tissu","32":"first","33":"instock","34":"taxable","35":"shipping-taxable","36":"purchasable","37":"product-type-variable"},"yoast_head":"<!-- This site is optimized with the Yoast SEO Premium plugin v20.9 (Yoast SEO v26.3) - https:\/\/yoast.com\/wordpress\/plugins\/seo\/ -->\n<title>Men\u2019s Navigate Hybrid Hooded Jacket | Printwave FR<\/title>\n<meta name=\"robots\" content=\"index, follow, max-snippet:-1, max-image-preview:large, max-video-preview:-1\" \/>\n<link rel=\"canonical\" href=\"https:\/\/printwave.pl\/fr\/produkt\/mens-navigate-hybrid-hooded-jacket\/\" \/>\n<meta property=\"og:locale\" content=\"fr_FR\" \/>\n<meta property=\"og:type\" content=\"article\" \/>\n<meta property=\"og:title\" content=\"Men\u2019s Navigate Hybrid Hooded Jacket\" \/>\n<meta property=\"og:description\" content=\"\u00b790% polyester, 10% \u00e9lasthanne; partiellement recycl\u00e9 \u00b7Panneaux du corps : 100% polyamide \u00b7Remplissage Warmloft recycl\u00e9 l\u00e9ger \u00b7Finition hydrofuge durable \u00b7Capuche,\" \/>\n<meta property=\"og:url\" content=\"https:\/\/printwave.pl\/fr\/produkt\/mens-navigate-hybrid-hooded-jacket\/\" \/>\n<meta property=\"og:site_name\" content=\"Printwave FR\" \/>\n<meta property=\"article:modified_time\" content=\"2026-02-22T04:02:14+00:00\" \/>\n<meta property=\"og:image\" content=\"https:\/\/printwave.pl\/fr\/wp-content\/uploads\/sites\/4\/2021\/07\/Print-Wave-logo-2025.png\" \/>\n\t<meta property=\"og:image:width\" content=\"1645\" \/>\n\t<meta property=\"og:image:height\" content=\"297\" \/>\n\t<meta property=\"og:image:type\" content=\"image\/png\" \/>\n<meta name=\"twitter:card\" content=\"summary_large_image\" \/>\n<script type=\"application\/ld+json\" class=\"yoast-schema-graph\">{\"@context\":\"https:\/\/schema.org\",\"@graph\":[{\"@type\":\"WebPage\",\"@id\":\"https:\/\/printwave.pl\/fr\/produkt\/mens-navigate-hybrid-hooded-jacket\/\",\"url\":\"https:\/\/printwave.pl\/fr\/produkt\/mens-navigate-hybrid-hooded-jacket\/\",\"name\":\"Men\u2019s Navigate Hybrid Hooded Jacket | Printwave FR\",\"isPartOf\":{\"@id\":\"https:\/\/printwave.pl\/fr\/#website\"},\"primaryImageOfPage\":{\"@id\":\"https:\/\/printwave.pl\/fr\/produkt\/mens-navigate-hybrid-hooded-jacket\/#primaryimage\"},\"image\":{\"@id\":\"https:\/\/printwave.pl\/fr\/produkt\/mens-navigate-hybrid-hooded-jacket\/#primaryimage\"},\"thumbnailUrl\":\"https:\/\/printwave.pl\/fr\/wp-content\/uploads\/sites\/4\/2025\/01\/790_17_153_m-2023_01.jpg\",\"datePublished\":\"2025-01-24T19:16:05+00:00\",\"dateModified\":\"2026-02-22T04:02:14+00:00\",\"breadcrumb\":{\"@id\":\"https:\/\/printwave.pl\/fr\/produkt\/mens-navigate-hybrid-hooded-jacket\/#breadcrumb\"},\"inLanguage\":\"fr-FR\",\"potentialAction\":[{\"@type\":\"ReadAction\",\"target\":[\"https:\/\/printwave.pl\/fr\/produkt\/mens-navigate-hybrid-hooded-jacket\/\"]}]},{\"@type\":\"ImageObject\",\"inLanguage\":\"fr-FR\",\"@id\":\"https:\/\/printwave.pl\/fr\/produkt\/mens-navigate-hybrid-hooded-jacket\/#primaryimage\",\"url\":\"https:\/\/printwave.pl\/fr\/wp-content\/uploads\/sites\/4\/2025\/01\/790_17_153_m-2023_01.jpg\",\"contentUrl\":\"https:\/\/printwave.pl\/fr\/wp-content\/uploads\/sites\/4\/2025\/01\/790_17_153_m-2023_01.jpg\",\"width\":1024,\"height\":1304},{\"@type\":\"BreadcrumbList\",\"@id\":\"https:\/\/printwave.pl\/fr\/produkt\/mens-navigate-hybrid-hooded-jacket\/#breadcrumb\",\"itemListElement\":[{\"@type\":\"ListItem\",\"position\":1,\"name\":\"Accueil\",\"item\":\"https:\/\/printwave.pl\/fr\/\"},{\"@type\":\"ListItem\",\"position\":2,\"name\":\"Boutique\",\"item\":\"https:\/\/printwave.pl\/fr\/boutique\/\"},{\"@type\":\"ListItem\",\"position\":3,\"name\":\"Men\u2019s Navigate Hybrid Hooded Jacket\"}]},{\"@type\":\"WebSite\",\"@id\":\"https:\/\/printwave.pl\/fr\/#website\",\"url\":\"https:\/\/printwave.pl\/fr\/\",\"name\":\"Printwave\",\"description\":\"Votre fournisseur de v\u00eatements promotionnels et d&#039;entreprise en Pologne\",\"potentialAction\":[{\"@type\":\"SearchAction\",\"target\":{\"@type\":\"EntryPoint\",\"urlTemplate\":\"https:\/\/printwave.pl\/fr\/?s={search_term_string}\"},\"query-input\":{\"@type\":\"PropertyValueSpecification\",\"valueRequired\":true,\"valueName\":\"search_term_string\"}}],\"inLanguage\":\"fr-FR\"}]}<\/script>\n<!-- \/ Yoast SEO Premium plugin. -->","yoast_head_json":{"title":"Men\u2019s Navigate Hybrid Hooded Jacket | Printwave FR","robots":{"index":"index","follow":"follow","max-snippet":"max-snippet:-1","max-image-preview":"max-image-preview:large","max-video-preview":"max-video-preview:-1"},"canonical":"https:\/\/printwave.pl\/fr\/produkt\/mens-navigate-hybrid-hooded-jacket\/","og_locale":"fr_FR","og_type":"article","og_title":"Men\u2019s Navigate Hybrid Hooded Jacket","og_description":"\u00b790% polyester, 10% \u00e9lasthanne; partiellement recycl\u00e9 \u00b7Panneaux du corps : 100% polyamide \u00b7Remplissage Warmloft recycl\u00e9 l\u00e9ger \u00b7Finition hydrofuge durable \u00b7Capuche,","og_url":"https:\/\/printwave.pl\/fr\/produkt\/mens-navigate-hybrid-hooded-jacket\/","og_site_name":"Printwave FR","article_modified_time":"2026-02-22T04:02:14+00:00","og_image":[{"width":1645,"height":297,"url":"https:\/\/printwave.pl\/fr\/wp-content\/uploads\/sites\/4\/2021\/07\/Print-Wave-logo-2025.png","type":"image\/png"}],"twitter_card":"summary_large_image","schema":{"@context":"https:\/\/schema.org","@graph":[{"@type":"WebPage","@id":"https:\/\/printwave.pl\/fr\/produkt\/mens-navigate-hybrid-hooded-jacket\/","url":"https:\/\/printwave.pl\/fr\/produkt\/mens-navigate-hybrid-hooded-jacket\/","name":"Men\u2019s Navigate Hybrid Hooded Jacket | Printwave FR","isPartOf":{"@id":"https:\/\/printwave.pl\/fr\/#website"},"primaryImageOfPage":{"@id":"https:\/\/printwave.pl\/fr\/produkt\/mens-navigate-hybrid-hooded-jacket\/#primaryimage"},"image":{"@id":"https:\/\/printwave.pl\/fr\/produkt\/mens-navigate-hybrid-hooded-jacket\/#primaryimage"},"thumbnailUrl":"https:\/\/printwave.pl\/fr\/wp-content\/uploads\/sites\/4\/2025\/01\/790_17_153_m-2023_01.jpg","datePublished":"2025-01-24T19:16:05+00:00","dateModified":"2026-02-22T04:02:14+00:00","breadcrumb":{"@id":"https:\/\/printwave.pl\/fr\/produkt\/mens-navigate-hybrid-hooded-jacket\/#breadcrumb"},"inLanguage":"fr-FR","potentialAction":[{"@type":"ReadAction","target":["https:\/\/printwave.pl\/fr\/produkt\/mens-navigate-hybrid-hooded-jacket\/"]}]},{"@type":"ImageObject","inLanguage":"fr-FR","@id":"https:\/\/printwave.pl\/fr\/produkt\/mens-navigate-hybrid-hooded-jacket\/#primaryimage","url":"https:\/\/printwave.pl\/fr\/wp-content\/uploads\/sites\/4\/2025\/01\/790_17_153_m-2023_01.jpg","contentUrl":"https:\/\/printwave.pl\/fr\/wp-content\/uploads\/sites\/4\/2025\/01\/790_17_153_m-2023_01.jpg","width":1024,"height":1304},{"@type":"BreadcrumbList","@id":"https:\/\/printwave.pl\/fr\/produkt\/mens-navigate-hybrid-hooded-jacket\/#breadcrumb","itemListElement":[{"@type":"ListItem","position":1,"name":"Accueil","item":"https:\/\/printwave.pl\/fr\/"},{"@type":"ListItem","position":2,"name":"Boutique","item":"https:\/\/printwave.pl\/fr\/boutique\/"},{"@type":"ListItem","position":3,"name":"Men\u2019s Navigate Hybrid Hooded Jacket"}]},{"@type":"WebSite","@id":"https:\/\/printwave.pl\/fr\/#website","url":"https:\/\/printwave.pl\/fr\/","name":"Printwave","description":"Votre fournisseur de v\u00eatements promotionnels et d&#039;entreprise en Pologne","potentialAction":[{"@type":"SearchAction","target":{"@type":"EntryPoint","urlTemplate":"https:\/\/printwave.pl\/fr\/?s={search_term_string}"},"query-input":{"@type":"PropertyValueSpecification","valueRequired":true,"valueName":"search_term_string"}}],"inLanguage":"fr-FR"}]}},"_links":{"self":[{"href":"https:\/\/printwave.pl\/fr\/wp-json\/wp\/v2\/product\/460672","targetHints":{"allow":["GET"]}}],"collection":[{"href":"https:\/\/printwave.pl\/fr\/wp-json\/wp\/v2\/product"}],"about":[{"href":"https:\/\/printwave.pl\/fr\/wp-json\/wp\/v2\/types\/product"}],"replies":[{"embeddable":true,"href":"https:\/\/printwave.pl\/fr\/wp-json\/wp\/v2\/comments?post=460672"}],"wp:featuredmedia":[{"embeddable":true,"href":"https:\/\/printwave.pl\/fr\/wp-json\/wp\/v2\/media\/460667"}],"wp:attachment":[{"href":"https:\/\/printwave.pl\/fr\/wp-json\/wp\/v2\/media?parent=460672"}],"wp:term":[{"taxonomy":"product_brand","embeddable":true,"href":"https:\/\/printwave.pl\/fr\/wp-json\/wp\/v2\/product_brand?post=460672"},{"taxonomy":"product_cat","embeddable":true,"href":"https:\/\/printwave.pl\/fr\/wp-json\/wp\/v2\/product_cat?post=460672"},{"taxonomy":"product_tag","embeddable":true,"href":"https:\/\/printwave.pl\/fr\/wp-json\/wp\/v2\/product_tag?post=460672"}],"curies":[{"name":"wp","href":"https:\/\/api.w.org\/{rel}","templated":true}]}}