{"id":459323,"date":"2025-01-24T19:40:11","date_gmt":"2025-01-24T18:40:11","guid":{"rendered":"https:\/\/printwave.pl\/fr\/produkt\/reset-polar-fleece\/"},"modified":"2026-02-22T04:58:45","modified_gmt":"2026-02-22T03:58:45","slug":"reset-polar-fleece","status":"publish","type":"product","link":"https:\/\/printwave.pl\/fr\/produkt\/reset-polar-fleece\/","title":{"rendered":"Reset Polar Fleece"},"content":{"rendered":"<p>\u00b7240 g\/m\u00b2<br \/>\n\u00b7Micro polaire 100% polyester (recycl\u00e9) anti-boulochage (144 filaments) \u2013 certifi\u00e9 RCS<br \/>\n\u00b7Un v\u00e9ritable style non genr\u00e9<br \/>\n\u00b7Micro polaire super douce, l\u00e9g\u00e8re et thermiquement efficace<br \/>\n<P \/>\u00b7Les filaments fins (144 deniers) permettent un tricotage \u00e0 haute densit\u00e9 pour une isolation maximale<br \/>\n\u00b7Poignets et ourlets reli\u00e9s pour une protection contre le vent<br \/>\n<P \/>\u00b7Prot\u00e8ge-menton pour plus de chaleur<br \/>\n<P \/>\u00b7S\u00e9chage rapide<br \/>\n\u00b72 poches avant avec zips<br \/>\n\u00b7Crochet de suspension pratique pour un rangement facile<br \/>\n\u00b7Test\u00e9 et approuv\u00e9 pour la d\u00e9coration<br \/>\n<P \/>\u00b7Solution \u00ab B&amp;C No Label \u00bb pour un rebranding facile.<\/p>\n","protected":false},"excerpt":{"rendered":"<p>\u00b7240 g\/m\u00b2 \u00b7Micro polaire 100% polyester (recycl\u00e9) anti-boulochage (144 filaments) \u2013 certifi\u00e9 RCS \u00b7Un v\u00e9ritable style non genr\u00e9 \u00b7Micro polaire<\/p>\n","protected":false},"featured_media":459317,"comment_status":"open","ping_status":"closed","template":"","meta":[],"product_brand":[],"product_cat":[2597,301],"product_tag":[],"class_list":{"0":"post-459323","1":"product","2":"type-product","3":"status-publish","4":"has-post-thumbnail","6":"product_cat-nouveautes-2025","7":"product_cat-polaires","8":"pa_couleur-black","9":"pa_couleur-dark-grey","10":"pa_couleur-navy","11":"pa_couleur-red","12":"pa_couleur-white","13":"pa_eco-recycle","14":"pa_groupe-de-produits-polaires","15":"pa_manche-manches-longues","16":"pa_marque-bc","17":"pa_numero-de-style-3178","18":"pa_poids-a-partir-de-220-g-m","19":"pa_sexe-unisexe","20":"pa_taille-2xl","21":"pa_taille-3xl","22":"pa_taille-4xl","23":"pa_taille-l","24":"pa_taille-m","25":"pa_taille-s","26":"pa_taille-xl","27":"pa_taille-xs","28":"pa_tissu-polyester","30":"first","31":"instock","32":"taxable","33":"shipping-taxable","34":"purchasable","35":"product-type-variable"},"yoast_head":"<!-- This site is optimized with the Yoast SEO Premium plugin v20.9 (Yoast SEO v26.3) - https:\/\/yoast.com\/wordpress\/plugins\/seo\/ -->\n<title>Reset Polar Fleece | Printwave FR<\/title>\n<meta name=\"robots\" content=\"index, follow, max-snippet:-1, max-image-preview:large, max-video-preview:-1\" \/>\n<link rel=\"canonical\" href=\"https:\/\/printwave.pl\/fr\/produkt\/reset-polar-fleece\/\" \/>\n<meta property=\"og:locale\" content=\"fr_FR\" \/>\n<meta property=\"og:type\" content=\"article\" \/>\n<meta property=\"og:title\" content=\"Reset Polar Fleece\" \/>\n<meta property=\"og:description\" content=\"\u00b7240 g\/m\u00b2 \u00b7Micro polaire 100% polyester (recycl\u00e9) anti-boulochage (144 filaments) \u2013 certifi\u00e9 RCS \u00b7Un v\u00e9ritable style non genr\u00e9 \u00b7Micro polaire\" \/>\n<meta property=\"og:url\" content=\"https:\/\/printwave.pl\/fr\/produkt\/reset-polar-fleece\/\" \/>\n<meta property=\"og:site_name\" content=\"Printwave FR\" \/>\n<meta property=\"article:modified_time\" content=\"2026-02-22T03:58:45+00:00\" \/>\n<meta property=\"og:image\" content=\"https:\/\/printwave.pl\/fr\/wp-content\/uploads\/sites\/4\/2025\/01\/800_42_128_m-2024_01.jpg\" \/>\n\t<meta property=\"og:image:width\" content=\"1024\" \/>\n\t<meta property=\"og:image:height\" content=\"1304\" \/>\n\t<meta property=\"og:image:type\" content=\"image\/jpeg\" \/>\n<meta name=\"twitter:card\" content=\"summary_large_image\" \/>\n<script type=\"application\/ld+json\" class=\"yoast-schema-graph\">{\"@context\":\"https:\/\/schema.org\",\"@graph\":[{\"@type\":\"WebPage\",\"@id\":\"https:\/\/printwave.pl\/fr\/produkt\/reset-polar-fleece\/\",\"url\":\"https:\/\/printwave.pl\/fr\/produkt\/reset-polar-fleece\/\",\"name\":\"Reset Polar Fleece | Printwave FR\",\"isPartOf\":{\"@id\":\"https:\/\/printwave.pl\/fr\/#website\"},\"primaryImageOfPage\":{\"@id\":\"https:\/\/printwave.pl\/fr\/produkt\/reset-polar-fleece\/#primaryimage\"},\"image\":{\"@id\":\"https:\/\/printwave.pl\/fr\/produkt\/reset-polar-fleece\/#primaryimage\"},\"thumbnailUrl\":\"https:\/\/printwave.pl\/fr\/wp-content\/uploads\/sites\/4\/2025\/01\/800_42_128_m-2024_01.jpg\",\"datePublished\":\"2025-01-24T18:40:11+00:00\",\"dateModified\":\"2026-02-22T03:58:45+00:00\",\"breadcrumb\":{\"@id\":\"https:\/\/printwave.pl\/fr\/produkt\/reset-polar-fleece\/#breadcrumb\"},\"inLanguage\":\"fr-FR\",\"potentialAction\":[{\"@type\":\"ReadAction\",\"target\":[\"https:\/\/printwave.pl\/fr\/produkt\/reset-polar-fleece\/\"]}]},{\"@type\":\"ImageObject\",\"inLanguage\":\"fr-FR\",\"@id\":\"https:\/\/printwave.pl\/fr\/produkt\/reset-polar-fleece\/#primaryimage\",\"url\":\"https:\/\/printwave.pl\/fr\/wp-content\/uploads\/sites\/4\/2025\/01\/800_42_128_m-2024_01.jpg\",\"contentUrl\":\"https:\/\/printwave.pl\/fr\/wp-content\/uploads\/sites\/4\/2025\/01\/800_42_128_m-2024_01.jpg\",\"width\":1024,\"height\":1304},{\"@type\":\"BreadcrumbList\",\"@id\":\"https:\/\/printwave.pl\/fr\/produkt\/reset-polar-fleece\/#breadcrumb\",\"itemListElement\":[{\"@type\":\"ListItem\",\"position\":1,\"name\":\"Accueil\",\"item\":\"https:\/\/printwave.pl\/fr\/\"},{\"@type\":\"ListItem\",\"position\":2,\"name\":\"Boutique\",\"item\":\"https:\/\/printwave.pl\/fr\/boutique\/\"},{\"@type\":\"ListItem\",\"position\":3,\"name\":\"Reset Polar Fleece\"}]},{\"@type\":\"WebSite\",\"@id\":\"https:\/\/printwave.pl\/fr\/#website\",\"url\":\"https:\/\/printwave.pl\/fr\/\",\"name\":\"Printwave\",\"description\":\"Votre fournisseur de v\u00eatements promotionnels et d&#039;entreprise en Pologne\",\"potentialAction\":[{\"@type\":\"SearchAction\",\"target\":{\"@type\":\"EntryPoint\",\"urlTemplate\":\"https:\/\/printwave.pl\/fr\/?s={search_term_string}\"},\"query-input\":{\"@type\":\"PropertyValueSpecification\",\"valueRequired\":true,\"valueName\":\"search_term_string\"}}],\"inLanguage\":\"fr-FR\"}]}<\/script>\n<!-- \/ Yoast SEO Premium plugin. -->","yoast_head_json":{"title":"Reset Polar Fleece | Printwave FR","robots":{"index":"index","follow":"follow","max-snippet":"max-snippet:-1","max-image-preview":"max-image-preview:large","max-video-preview":"max-video-preview:-1"},"canonical":"https:\/\/printwave.pl\/fr\/produkt\/reset-polar-fleece\/","og_locale":"fr_FR","og_type":"article","og_title":"Reset Polar Fleece","og_description":"\u00b7240 g\/m\u00b2 \u00b7Micro polaire 100% polyester (recycl\u00e9) anti-boulochage (144 filaments) \u2013 certifi\u00e9 RCS \u00b7Un v\u00e9ritable style non genr\u00e9 \u00b7Micro polaire","og_url":"https:\/\/printwave.pl\/fr\/produkt\/reset-polar-fleece\/","og_site_name":"Printwave FR","article_modified_time":"2026-02-22T03:58:45+00:00","og_image":[{"width":1024,"height":1304,"url":"https:\/\/printwave.pl\/fr\/wp-content\/uploads\/sites\/4\/2025\/01\/800_42_128_m-2024_01.jpg","type":"image\/jpeg"}],"twitter_card":"summary_large_image","schema":{"@context":"https:\/\/schema.org","@graph":[{"@type":"WebPage","@id":"https:\/\/printwave.pl\/fr\/produkt\/reset-polar-fleece\/","url":"https:\/\/printwave.pl\/fr\/produkt\/reset-polar-fleece\/","name":"Reset Polar Fleece | Printwave FR","isPartOf":{"@id":"https:\/\/printwave.pl\/fr\/#website"},"primaryImageOfPage":{"@id":"https:\/\/printwave.pl\/fr\/produkt\/reset-polar-fleece\/#primaryimage"},"image":{"@id":"https:\/\/printwave.pl\/fr\/produkt\/reset-polar-fleece\/#primaryimage"},"thumbnailUrl":"https:\/\/printwave.pl\/fr\/wp-content\/uploads\/sites\/4\/2025\/01\/800_42_128_m-2024_01.jpg","datePublished":"2025-01-24T18:40:11+00:00","dateModified":"2026-02-22T03:58:45+00:00","breadcrumb":{"@id":"https:\/\/printwave.pl\/fr\/produkt\/reset-polar-fleece\/#breadcrumb"},"inLanguage":"fr-FR","potentialAction":[{"@type":"ReadAction","target":["https:\/\/printwave.pl\/fr\/produkt\/reset-polar-fleece\/"]}]},{"@type":"ImageObject","inLanguage":"fr-FR","@id":"https:\/\/printwave.pl\/fr\/produkt\/reset-polar-fleece\/#primaryimage","url":"https:\/\/printwave.pl\/fr\/wp-content\/uploads\/sites\/4\/2025\/01\/800_42_128_m-2024_01.jpg","contentUrl":"https:\/\/printwave.pl\/fr\/wp-content\/uploads\/sites\/4\/2025\/01\/800_42_128_m-2024_01.jpg","width":1024,"height":1304},{"@type":"BreadcrumbList","@id":"https:\/\/printwave.pl\/fr\/produkt\/reset-polar-fleece\/#breadcrumb","itemListElement":[{"@type":"ListItem","position":1,"name":"Accueil","item":"https:\/\/printwave.pl\/fr\/"},{"@type":"ListItem","position":2,"name":"Boutique","item":"https:\/\/printwave.pl\/fr\/boutique\/"},{"@type":"ListItem","position":3,"name":"Reset Polar Fleece"}]},{"@type":"WebSite","@id":"https:\/\/printwave.pl\/fr\/#website","url":"https:\/\/printwave.pl\/fr\/","name":"Printwave","description":"Votre fournisseur de v\u00eatements promotionnels et d&#039;entreprise en Pologne","potentialAction":[{"@type":"SearchAction","target":{"@type":"EntryPoint","urlTemplate":"https:\/\/printwave.pl\/fr\/?s={search_term_string}"},"query-input":{"@type":"PropertyValueSpecification","valueRequired":true,"valueName":"search_term_string"}}],"inLanguage":"fr-FR"}]}},"_links":{"self":[{"href":"https:\/\/printwave.pl\/fr\/wp-json\/wp\/v2\/product\/459323","targetHints":{"allow":["GET"]}}],"collection":[{"href":"https:\/\/printwave.pl\/fr\/wp-json\/wp\/v2\/product"}],"about":[{"href":"https:\/\/printwave.pl\/fr\/wp-json\/wp\/v2\/types\/product"}],"replies":[{"embeddable":true,"href":"https:\/\/printwave.pl\/fr\/wp-json\/wp\/v2\/comments?post=459323"}],"wp:featuredmedia":[{"embeddable":true,"href":"https:\/\/printwave.pl\/fr\/wp-json\/wp\/v2\/media\/459317"}],"wp:attachment":[{"href":"https:\/\/printwave.pl\/fr\/wp-json\/wp\/v2\/media?parent=459323"}],"wp:term":[{"taxonomy":"product_brand","embeddable":true,"href":"https:\/\/printwave.pl\/fr\/wp-json\/wp\/v2\/product_brand?post=459323"},{"taxonomy":"product_cat","embeddable":true,"href":"https:\/\/printwave.pl\/fr\/wp-json\/wp\/v2\/product_cat?post=459323"},{"taxonomy":"product_tag","embeddable":true,"href":"https:\/\/printwave.pl\/fr\/wp-json\/wp\/v2\/product_tag?post=459323"}],"curies":[{"name":"wp","href":"https:\/\/api.w.org\/{rel}","templated":true}]}}