{"id":457697,"date":"2025-01-24T18:59:06","date_gmt":"2025-01-24T17:59:06","guid":{"rendered":"https:\/\/printwave.pl\/fr\/produkt\/uproar-softshell-jacket\/"},"modified":"2026-02-22T04:54:37","modified_gmt":"2026-02-22T03:54:37","slug":"uproar-softshell-jacket","status":"publish","type":"product","link":"https:\/\/printwave.pl\/fr\/produkt\/uproar-softshell-jacket\/","title":{"rendered":"Uproar Softshell Jacket"},"content":{"rendered":"<p>\u00b7270 g\/m\u00b2<br \/>\n\u00b796% polyester, 4% \u00e9lasthanne; partiellement recycl\u00e9<br \/>\n\u00b7softshell poids classique<br \/>\n\u00b7fermeture \u00e0 glissi\u00e8re compl\u00e8te<br \/>\n\u00b72 poches profondes avec fermeture \u00e0 glissi\u00e8re<br \/>\n\u00b7base ajustable avec cordon de serrage<br \/>\n\u00b7mat\u00e9riau soft shell stretch<br \/>\n\u00b7finition water repellent solide<br \/>\n\u00b7coupe-vent<br \/>\n\u00b7l\u00e9ger et facile \u00e0 porter<br \/>\n\u00b7mat\u00e9riau facile \u00e0 s\u00e9cher<br \/>\n\u00b7tr\u00e8s doux<br \/>\n\u00b7entretien ais\u00e9<\/p>\n","protected":false},"excerpt":{"rendered":"<p>\u00b7270 g\/m\u00b2 \u00b796% polyester, 4% \u00e9lasthanne; partiellement recycl\u00e9 \u00b7softshell poids classique \u00b7fermeture \u00e0 glissi\u00e8re compl\u00e8te \u00b72 poches profondes avec fermeture<\/p>\n","protected":false},"featured_media":457692,"comment_status":"open","ping_status":"closed","template":"","meta":[],"product_brand":[],"product_cat":[128,114],"product_tag":[85,92,95,727,728,84,86,93],"class_list":{"0":"post-457697","1":"product","2":"type-product","3":"status-publish","4":"has-post-thumbnail","6":"product_cat-meilleures-ventes","7":"product_cat-softshell","8":"product_tag-a-longue-manche","9":"product_tag-col-montant","10":"product_tag-coupe-vent","11":"product_tag-gestes-soft-shell","12":"product_tag-gilets-softshell","13":"product_tag-longue-manche","14":"product_tag-vetements-dexterieur","15":"product_tag-waterresistant","16":"pa_couleur-black-black","17":"pa_couleur-classic-red-seal-grey","18":"pa_couleur-navy-navy","19":"pa_couleur-new-royal","20":"pa_couleur-oxford-blue","21":"pa_couleur-seal-grey","22":"pa_details-fermeture-a-glissiere-complete","23":"pa_details-poches-de-cote-avec-fermeture-a-glissiere","24":"pa_details-vestes-legeres","25":"pa_groupe-de-produits-4xl-et-plus","26":"pa_groupe-de-produits-coupe-vent","27":"pa_groupe-de-produits-deperlant","28":"pa_groupe-de-produits-full-zip","29":"pa_groupe-de-produits-softshell","30":"pa_groupe-de-produits-vestes","31":"pa_marque-regatta-professional","32":"pa_numero-de-style-3143","33":"pa_poids-a-partir-de-220-g-m","34":"pa_sexe-hommes","35":"pa_taille-2xl","36":"pa_taille-3xl","37":"pa_taille-4xl","38":"pa_taille-l","39":"pa_taille-m","40":"pa_taille-s","41":"pa_taille-xl","42":"pa_taille-xs","43":"pa_tissu-polyester","45":"first","46":"instock","47":"taxable","48":"shipping-taxable","49":"purchasable","50":"product-type-variable"},"yoast_head":"<!-- This site is optimized with the Yoast SEO Premium plugin v20.9 (Yoast SEO v26.3) - https:\/\/yoast.com\/wordpress\/plugins\/seo\/ -->\n<title>Uproar Softshell Jacket | Printwave FR<\/title>\n<meta name=\"robots\" content=\"index, follow, max-snippet:-1, max-image-preview:large, max-video-preview:-1\" \/>\n<link rel=\"canonical\" href=\"https:\/\/printwave.pl\/fr\/produkt\/uproar-softshell-jacket\/\" \/>\n<meta property=\"og:locale\" content=\"fr_FR\" \/>\n<meta property=\"og:type\" content=\"article\" \/>\n<meta property=\"og:title\" content=\"Uproar Softshell Jacket\" \/>\n<meta property=\"og:description\" content=\"\u00b7270 g\/m\u00b2 \u00b796% polyester, 4% \u00e9lasthanne; partiellement recycl\u00e9 \u00b7softshell poids classique \u00b7fermeture \u00e0 glissi\u00e8re compl\u00e8te \u00b72 poches profondes avec fermeture\" \/>\n<meta property=\"og:url\" content=\"https:\/\/printwave.pl\/fr\/produkt\/uproar-softshell-jacket\/\" \/>\n<meta property=\"og:site_name\" content=\"Printwave FR\" \/>\n<meta property=\"article:modified_time\" content=\"2026-02-22T03:54:37+00:00\" \/>\n<meta property=\"og:image\" content=\"https:\/\/printwave.pl\/fr\/wp-content\/uploads\/sites\/4\/2021\/07\/Print-Wave-logo-2025.png\" \/>\n\t<meta property=\"og:image:width\" content=\"1645\" \/>\n\t<meta property=\"og:image:height\" content=\"297\" \/>\n\t<meta property=\"og:image:type\" content=\"image\/png\" \/>\n<meta name=\"twitter:card\" content=\"summary_large_image\" \/>\n<script type=\"application\/ld+json\" class=\"yoast-schema-graph\">{\"@context\":\"https:\/\/schema.org\",\"@graph\":[{\"@type\":\"WebPage\",\"@id\":\"https:\/\/printwave.pl\/fr\/produkt\/uproar-softshell-jacket\/\",\"url\":\"https:\/\/printwave.pl\/fr\/produkt\/uproar-softshell-jacket\/\",\"name\":\"Uproar Softshell Jacket | Printwave FR\",\"isPartOf\":{\"@id\":\"https:\/\/printwave.pl\/fr\/#website\"},\"primaryImageOfPage\":{\"@id\":\"https:\/\/printwave.pl\/fr\/produkt\/uproar-softshell-jacket\/#primaryimage\"},\"image\":{\"@id\":\"https:\/\/printwave.pl\/fr\/produkt\/uproar-softshell-jacket\/#primaryimage\"},\"thumbnailUrl\":\"https:\/\/printwave.pl\/fr\/wp-content\/uploads\/sites\/4\/2025\/01\/812_17_129_m-2024_01.jpg\",\"datePublished\":\"2025-01-24T17:59:06+00:00\",\"dateModified\":\"2026-02-22T03:54:37+00:00\",\"breadcrumb\":{\"@id\":\"https:\/\/printwave.pl\/fr\/produkt\/uproar-softshell-jacket\/#breadcrumb\"},\"inLanguage\":\"fr-FR\",\"potentialAction\":[{\"@type\":\"ReadAction\",\"target\":[\"https:\/\/printwave.pl\/fr\/produkt\/uproar-softshell-jacket\/\"]}]},{\"@type\":\"ImageObject\",\"inLanguage\":\"fr-FR\",\"@id\":\"https:\/\/printwave.pl\/fr\/produkt\/uproar-softshell-jacket\/#primaryimage\",\"url\":\"https:\/\/printwave.pl\/fr\/wp-content\/uploads\/sites\/4\/2025\/01\/812_17_129_m-2024_01.jpg\",\"contentUrl\":\"https:\/\/printwave.pl\/fr\/wp-content\/uploads\/sites\/4\/2025\/01\/812_17_129_m-2024_01.jpg\",\"width\":1024,\"height\":1304},{\"@type\":\"BreadcrumbList\",\"@id\":\"https:\/\/printwave.pl\/fr\/produkt\/uproar-softshell-jacket\/#breadcrumb\",\"itemListElement\":[{\"@type\":\"ListItem\",\"position\":1,\"name\":\"Accueil\",\"item\":\"https:\/\/printwave.pl\/fr\/\"},{\"@type\":\"ListItem\",\"position\":2,\"name\":\"Boutique\",\"item\":\"https:\/\/printwave.pl\/fr\/boutique\/\"},{\"@type\":\"ListItem\",\"position\":3,\"name\":\"Uproar Softshell Jacket\"}]},{\"@type\":\"WebSite\",\"@id\":\"https:\/\/printwave.pl\/fr\/#website\",\"url\":\"https:\/\/printwave.pl\/fr\/\",\"name\":\"Printwave\",\"description\":\"Votre fournisseur de v\u00eatements promotionnels et d&#039;entreprise en Pologne\",\"potentialAction\":[{\"@type\":\"SearchAction\",\"target\":{\"@type\":\"EntryPoint\",\"urlTemplate\":\"https:\/\/printwave.pl\/fr\/?s={search_term_string}\"},\"query-input\":{\"@type\":\"PropertyValueSpecification\",\"valueRequired\":true,\"valueName\":\"search_term_string\"}}],\"inLanguage\":\"fr-FR\"}]}<\/script>\n<!-- \/ Yoast SEO Premium plugin. -->","yoast_head_json":{"title":"Uproar Softshell Jacket | Printwave FR","robots":{"index":"index","follow":"follow","max-snippet":"max-snippet:-1","max-image-preview":"max-image-preview:large","max-video-preview":"max-video-preview:-1"},"canonical":"https:\/\/printwave.pl\/fr\/produkt\/uproar-softshell-jacket\/","og_locale":"fr_FR","og_type":"article","og_title":"Uproar Softshell Jacket","og_description":"\u00b7270 g\/m\u00b2 \u00b796% polyester, 4% \u00e9lasthanne; partiellement recycl\u00e9 \u00b7softshell poids classique \u00b7fermeture \u00e0 glissi\u00e8re compl\u00e8te \u00b72 poches profondes avec fermeture","og_url":"https:\/\/printwave.pl\/fr\/produkt\/uproar-softshell-jacket\/","og_site_name":"Printwave FR","article_modified_time":"2026-02-22T03:54:37+00:00","og_image":[{"width":1645,"height":297,"url":"https:\/\/printwave.pl\/fr\/wp-content\/uploads\/sites\/4\/2021\/07\/Print-Wave-logo-2025.png","type":"image\/png"}],"twitter_card":"summary_large_image","schema":{"@context":"https:\/\/schema.org","@graph":[{"@type":"WebPage","@id":"https:\/\/printwave.pl\/fr\/produkt\/uproar-softshell-jacket\/","url":"https:\/\/printwave.pl\/fr\/produkt\/uproar-softshell-jacket\/","name":"Uproar Softshell Jacket | Printwave FR","isPartOf":{"@id":"https:\/\/printwave.pl\/fr\/#website"},"primaryImageOfPage":{"@id":"https:\/\/printwave.pl\/fr\/produkt\/uproar-softshell-jacket\/#primaryimage"},"image":{"@id":"https:\/\/printwave.pl\/fr\/produkt\/uproar-softshell-jacket\/#primaryimage"},"thumbnailUrl":"https:\/\/printwave.pl\/fr\/wp-content\/uploads\/sites\/4\/2025\/01\/812_17_129_m-2024_01.jpg","datePublished":"2025-01-24T17:59:06+00:00","dateModified":"2026-02-22T03:54:37+00:00","breadcrumb":{"@id":"https:\/\/printwave.pl\/fr\/produkt\/uproar-softshell-jacket\/#breadcrumb"},"inLanguage":"fr-FR","potentialAction":[{"@type":"ReadAction","target":["https:\/\/printwave.pl\/fr\/produkt\/uproar-softshell-jacket\/"]}]},{"@type":"ImageObject","inLanguage":"fr-FR","@id":"https:\/\/printwave.pl\/fr\/produkt\/uproar-softshell-jacket\/#primaryimage","url":"https:\/\/printwave.pl\/fr\/wp-content\/uploads\/sites\/4\/2025\/01\/812_17_129_m-2024_01.jpg","contentUrl":"https:\/\/printwave.pl\/fr\/wp-content\/uploads\/sites\/4\/2025\/01\/812_17_129_m-2024_01.jpg","width":1024,"height":1304},{"@type":"BreadcrumbList","@id":"https:\/\/printwave.pl\/fr\/produkt\/uproar-softshell-jacket\/#breadcrumb","itemListElement":[{"@type":"ListItem","position":1,"name":"Accueil","item":"https:\/\/printwave.pl\/fr\/"},{"@type":"ListItem","position":2,"name":"Boutique","item":"https:\/\/printwave.pl\/fr\/boutique\/"},{"@type":"ListItem","position":3,"name":"Uproar Softshell Jacket"}]},{"@type":"WebSite","@id":"https:\/\/printwave.pl\/fr\/#website","url":"https:\/\/printwave.pl\/fr\/","name":"Printwave","description":"Votre fournisseur de v\u00eatements promotionnels et d&#039;entreprise en Pologne","potentialAction":[{"@type":"SearchAction","target":{"@type":"EntryPoint","urlTemplate":"https:\/\/printwave.pl\/fr\/?s={search_term_string}"},"query-input":{"@type":"PropertyValueSpecification","valueRequired":true,"valueName":"search_term_string"}}],"inLanguage":"fr-FR"}]}},"_links":{"self":[{"href":"https:\/\/printwave.pl\/fr\/wp-json\/wp\/v2\/product\/457697","targetHints":{"allow":["GET"]}}],"collection":[{"href":"https:\/\/printwave.pl\/fr\/wp-json\/wp\/v2\/product"}],"about":[{"href":"https:\/\/printwave.pl\/fr\/wp-json\/wp\/v2\/types\/product"}],"replies":[{"embeddable":true,"href":"https:\/\/printwave.pl\/fr\/wp-json\/wp\/v2\/comments?post=457697"}],"wp:featuredmedia":[{"embeddable":true,"href":"https:\/\/printwave.pl\/fr\/wp-json\/wp\/v2\/media\/457692"}],"wp:attachment":[{"href":"https:\/\/printwave.pl\/fr\/wp-json\/wp\/v2\/media?parent=457697"}],"wp:term":[{"taxonomy":"product_brand","embeddable":true,"href":"https:\/\/printwave.pl\/fr\/wp-json\/wp\/v2\/product_brand?post=457697"},{"taxonomy":"product_cat","embeddable":true,"href":"https:\/\/printwave.pl\/fr\/wp-json\/wp\/v2\/product_cat?post=457697"},{"taxonomy":"product_tag","embeddable":true,"href":"https:\/\/printwave.pl\/fr\/wp-json\/wp\/v2\/product_tag?post=457697"}],"curies":[{"name":"wp","href":"https:\/\/api.w.org\/{rel}","templated":true}]}}