{"id":457391,"date":"2025-01-24T18:51:07","date_gmt":"2025-01-24T17:51:07","guid":{"rendered":"https:\/\/printwave.pl\/fr\/produkt\/power-fleece-jacket\/"},"modified":"2026-02-22T04:53:49","modified_gmt":"2026-02-22T03:53:49","slug":"power-fleece-jacket","status":"publish","type":"product","link":"https:\/\/printwave.pl\/fr\/produkt\/power-fleece-jacket\/","title":{"rendered":"Power Fleece Jacket"},"content":{"rendered":"<p>\u00b7280 g\/m\u00b2<br \/>\n\u00b7100% polyester (polaire trait\u00e9 anti peluche)<br \/>\n\u00b7capuche avec panneau central<br \/>\n\u00b7bande de propret\u00e9 en chevron contrast\u00e9e<br \/>\n\u00b7manches raglan avec empi\u00e8cement aux \u00e9paules<br \/>\n\u00b7fermeture \u00e0 glissi\u00e8re contrast\u00e9e avec rabat temp\u00eate interne<br \/>\n\u00b72 poches avec fermeture \u00e0 glissi\u00e8re<br \/>\n\u00b7biais contrast\u00e9s aux manches \u00e0 la capuche et dans le rabat temp\u00eate<br \/>\n\u00b7coutures plates contrast\u00e9es<br \/>\n\u00b7panneaux de c\u00f4t\u00e9 avec coutures lat\u00e9rales<br \/>\n\u00b7large cordon de couleur contrast\u00e9e<br \/>\n\u00b7taille r\u00e9guli\u00e8re<\/p>\n","protected":false},"excerpt":{"rendered":"<p>\u00b7280 g\/m\u00b2 \u00b7100% polyester (polaire trait\u00e9 anti peluche) \u00b7capuche avec panneau central \u00b7bande de propret\u00e9 en chevron contrast\u00e9e \u00b7manches raglan<\/p>\n","protected":false},"featured_media":457386,"comment_status":"open","ping_status":"closed","template":"","meta":[],"product_brand":[],"product_cat":[301,293],"product_tag":[85,83,84,751,752,86],"class_list":{"0":"post-457391","1":"product","2":"type-product","3":"status-publish","4":"has-post-thumbnail","6":"product_cat-polaires","7":"product_cat-sports-et-loisirs","8":"product_tag-a-longue-manche","9":"product_tag-chapeau","10":"product_tag-longue-manche","11":"product_tag-vestes-en-polaire","12":"product_tag-vestes-polaire","13":"product_tag-vetements-dexterieur","14":"pa_certificats-bsci","15":"pa_certificats-oeko-tex-standard-100","16":"pa_couleur-grey-heather","17":"pa_details-avec-capuche","18":"pa_details-coutures-laterales","19":"pa_details-poches-de-cote-avec-fermeture-a-glissiere","20":"pa_groupe-de-produits-polaires","21":"pa_groupe-de-produits-sweatshirts","22":"pa_manche-manches-longues","23":"pa_marque-stedman","24":"pa_numero-de-style-3136","25":"pa_poids-a-partir-de-220-g-m","26":"pa_sexe-hommes","27":"pa_taille-2xl","28":"pa_taille-l","29":"pa_taille-m","30":"pa_taille-s","31":"pa_taille-xl","32":"pa_tissu-polyester","34":"first","35":"instock","36":"taxable","37":"shipping-taxable","38":"purchasable","39":"product-type-variable"},"yoast_head":"<!-- This site is optimized with the Yoast SEO Premium plugin v20.9 (Yoast SEO v26.3) - https:\/\/yoast.com\/wordpress\/plugins\/seo\/ -->\n<title>Power Fleece Jacket | Printwave FR<\/title>\n<meta name=\"robots\" content=\"index, follow, max-snippet:-1, max-image-preview:large, max-video-preview:-1\" \/>\n<link rel=\"canonical\" href=\"https:\/\/printwave.pl\/fr\/produkt\/power-fleece-jacket\/\" \/>\n<meta property=\"og:locale\" content=\"fr_FR\" \/>\n<meta property=\"og:type\" content=\"article\" \/>\n<meta property=\"og:title\" content=\"Power Fleece Jacket\" \/>\n<meta property=\"og:description\" content=\"\u00b7280 g\/m\u00b2 \u00b7100% polyester (polaire trait\u00e9 anti peluche) \u00b7capuche avec panneau central \u00b7bande de propret\u00e9 en chevron contrast\u00e9e \u00b7manches raglan\" \/>\n<meta property=\"og:url\" content=\"https:\/\/printwave.pl\/fr\/produkt\/power-fleece-jacket\/\" \/>\n<meta property=\"og:site_name\" content=\"Printwave FR\" \/>\n<meta property=\"article:modified_time\" content=\"2026-02-22T03:53:49+00:00\" \/>\n<meta property=\"og:image\" content=\"https:\/\/printwave.pl\/fr\/wp-content\/uploads\/sites\/4\/2021\/07\/Print-Wave-logo-2025.png\" \/>\n\t<meta property=\"og:image:width\" content=\"1645\" \/>\n\t<meta property=\"og:image:height\" content=\"297\" \/>\n\t<meta property=\"og:image:type\" content=\"image\/png\" \/>\n<meta name=\"twitter:card\" content=\"summary_large_image\" \/>\n<script type=\"application\/ld+json\" class=\"yoast-schema-graph\">{\"@context\":\"https:\/\/schema.org\",\"@graph\":[{\"@type\":\"WebPage\",\"@id\":\"https:\/\/printwave.pl\/fr\/produkt\/power-fleece-jacket\/\",\"url\":\"https:\/\/printwave.pl\/fr\/produkt\/power-fleece-jacket\/\",\"name\":\"Power Fleece Jacket | Printwave FR\",\"isPartOf\":{\"@id\":\"https:\/\/printwave.pl\/fr\/#website\"},\"primaryImageOfPage\":{\"@id\":\"https:\/\/printwave.pl\/fr\/produkt\/power-fleece-jacket\/#primaryimage\"},\"image\":{\"@id\":\"https:\/\/printwave.pl\/fr\/produkt\/power-fleece-jacket\/#primaryimage\"},\"thumbnailUrl\":\"https:\/\/printwave.pl\/fr\/wp-content\/uploads\/sites\/4\/2025\/01\/818_05_123_m-2025_01.jpg\",\"datePublished\":\"2025-01-24T17:51:07+00:00\",\"dateModified\":\"2026-02-22T03:53:49+00:00\",\"breadcrumb\":{\"@id\":\"https:\/\/printwave.pl\/fr\/produkt\/power-fleece-jacket\/#breadcrumb\"},\"inLanguage\":\"fr-FR\",\"potentialAction\":[{\"@type\":\"ReadAction\",\"target\":[\"https:\/\/printwave.pl\/fr\/produkt\/power-fleece-jacket\/\"]}]},{\"@type\":\"ImageObject\",\"inLanguage\":\"fr-FR\",\"@id\":\"https:\/\/printwave.pl\/fr\/produkt\/power-fleece-jacket\/#primaryimage\",\"url\":\"https:\/\/printwave.pl\/fr\/wp-content\/uploads\/sites\/4\/2025\/01\/818_05_123_m-2025_01.jpg\",\"contentUrl\":\"https:\/\/printwave.pl\/fr\/wp-content\/uploads\/sites\/4\/2025\/01\/818_05_123_m-2025_01.jpg\",\"width\":1024,\"height\":1304},{\"@type\":\"BreadcrumbList\",\"@id\":\"https:\/\/printwave.pl\/fr\/produkt\/power-fleece-jacket\/#breadcrumb\",\"itemListElement\":[{\"@type\":\"ListItem\",\"position\":1,\"name\":\"Accueil\",\"item\":\"https:\/\/printwave.pl\/fr\/\"},{\"@type\":\"ListItem\",\"position\":2,\"name\":\"Boutique\",\"item\":\"https:\/\/printwave.pl\/fr\/boutique\/\"},{\"@type\":\"ListItem\",\"position\":3,\"name\":\"Power Fleece Jacket\"}]},{\"@type\":\"WebSite\",\"@id\":\"https:\/\/printwave.pl\/fr\/#website\",\"url\":\"https:\/\/printwave.pl\/fr\/\",\"name\":\"Printwave\",\"description\":\"Votre fournisseur de v\u00eatements promotionnels et d&#039;entreprise en Pologne\",\"potentialAction\":[{\"@type\":\"SearchAction\",\"target\":{\"@type\":\"EntryPoint\",\"urlTemplate\":\"https:\/\/printwave.pl\/fr\/?s={search_term_string}\"},\"query-input\":{\"@type\":\"PropertyValueSpecification\",\"valueRequired\":true,\"valueName\":\"search_term_string\"}}],\"inLanguage\":\"fr-FR\"}]}<\/script>\n<!-- \/ Yoast SEO Premium plugin. -->","yoast_head_json":{"title":"Power Fleece Jacket | Printwave FR","robots":{"index":"index","follow":"follow","max-snippet":"max-snippet:-1","max-image-preview":"max-image-preview:large","max-video-preview":"max-video-preview:-1"},"canonical":"https:\/\/printwave.pl\/fr\/produkt\/power-fleece-jacket\/","og_locale":"fr_FR","og_type":"article","og_title":"Power Fleece Jacket","og_description":"\u00b7280 g\/m\u00b2 \u00b7100% polyester (polaire trait\u00e9 anti peluche) \u00b7capuche avec panneau central \u00b7bande de propret\u00e9 en chevron contrast\u00e9e \u00b7manches raglan","og_url":"https:\/\/printwave.pl\/fr\/produkt\/power-fleece-jacket\/","og_site_name":"Printwave FR","article_modified_time":"2026-02-22T03:53:49+00:00","og_image":[{"width":1645,"height":297,"url":"https:\/\/printwave.pl\/fr\/wp-content\/uploads\/sites\/4\/2021\/07\/Print-Wave-logo-2025.png","type":"image\/png"}],"twitter_card":"summary_large_image","schema":{"@context":"https:\/\/schema.org","@graph":[{"@type":"WebPage","@id":"https:\/\/printwave.pl\/fr\/produkt\/power-fleece-jacket\/","url":"https:\/\/printwave.pl\/fr\/produkt\/power-fleece-jacket\/","name":"Power Fleece Jacket | Printwave FR","isPartOf":{"@id":"https:\/\/printwave.pl\/fr\/#website"},"primaryImageOfPage":{"@id":"https:\/\/printwave.pl\/fr\/produkt\/power-fleece-jacket\/#primaryimage"},"image":{"@id":"https:\/\/printwave.pl\/fr\/produkt\/power-fleece-jacket\/#primaryimage"},"thumbnailUrl":"https:\/\/printwave.pl\/fr\/wp-content\/uploads\/sites\/4\/2025\/01\/818_05_123_m-2025_01.jpg","datePublished":"2025-01-24T17:51:07+00:00","dateModified":"2026-02-22T03:53:49+00:00","breadcrumb":{"@id":"https:\/\/printwave.pl\/fr\/produkt\/power-fleece-jacket\/#breadcrumb"},"inLanguage":"fr-FR","potentialAction":[{"@type":"ReadAction","target":["https:\/\/printwave.pl\/fr\/produkt\/power-fleece-jacket\/"]}]},{"@type":"ImageObject","inLanguage":"fr-FR","@id":"https:\/\/printwave.pl\/fr\/produkt\/power-fleece-jacket\/#primaryimage","url":"https:\/\/printwave.pl\/fr\/wp-content\/uploads\/sites\/4\/2025\/01\/818_05_123_m-2025_01.jpg","contentUrl":"https:\/\/printwave.pl\/fr\/wp-content\/uploads\/sites\/4\/2025\/01\/818_05_123_m-2025_01.jpg","width":1024,"height":1304},{"@type":"BreadcrumbList","@id":"https:\/\/printwave.pl\/fr\/produkt\/power-fleece-jacket\/#breadcrumb","itemListElement":[{"@type":"ListItem","position":1,"name":"Accueil","item":"https:\/\/printwave.pl\/fr\/"},{"@type":"ListItem","position":2,"name":"Boutique","item":"https:\/\/printwave.pl\/fr\/boutique\/"},{"@type":"ListItem","position":3,"name":"Power Fleece Jacket"}]},{"@type":"WebSite","@id":"https:\/\/printwave.pl\/fr\/#website","url":"https:\/\/printwave.pl\/fr\/","name":"Printwave","description":"Votre fournisseur de v\u00eatements promotionnels et d&#039;entreprise en Pologne","potentialAction":[{"@type":"SearchAction","target":{"@type":"EntryPoint","urlTemplate":"https:\/\/printwave.pl\/fr\/?s={search_term_string}"},"query-input":{"@type":"PropertyValueSpecification","valueRequired":true,"valueName":"search_term_string"}}],"inLanguage":"fr-FR"}]}},"_links":{"self":[{"href":"https:\/\/printwave.pl\/fr\/wp-json\/wp\/v2\/product\/457391","targetHints":{"allow":["GET"]}}],"collection":[{"href":"https:\/\/printwave.pl\/fr\/wp-json\/wp\/v2\/product"}],"about":[{"href":"https:\/\/printwave.pl\/fr\/wp-json\/wp\/v2\/types\/product"}],"replies":[{"embeddable":true,"href":"https:\/\/printwave.pl\/fr\/wp-json\/wp\/v2\/comments?post=457391"}],"wp:featuredmedia":[{"embeddable":true,"href":"https:\/\/printwave.pl\/fr\/wp-json\/wp\/v2\/media\/457386"}],"wp:attachment":[{"href":"https:\/\/printwave.pl\/fr\/wp-json\/wp\/v2\/media?parent=457391"}],"wp:term":[{"taxonomy":"product_brand","embeddable":true,"href":"https:\/\/printwave.pl\/fr\/wp-json\/wp\/v2\/product_brand?post=457391"},{"taxonomy":"product_cat","embeddable":true,"href":"https:\/\/printwave.pl\/fr\/wp-json\/wp\/v2\/product_cat?post=457391"},{"taxonomy":"product_tag","embeddable":true,"href":"https:\/\/printwave.pl\/fr\/wp-json\/wp\/v2\/product_tag?post=457391"}],"curies":[{"name":"wp","href":"https:\/\/api.w.org\/{rel}","templated":true}]}}