{"id":456691,"date":"2025-01-24T18:33:10","date_gmt":"2025-01-24T17:33:10","guid":{"rendered":"https:\/\/printwave.pl\/fr\/produkt\/recycled-fleece-lined-stomdri-4000-jacket\/"},"modified":"2026-02-22T04:52:35","modified_gmt":"2026-02-22T03:52:35","slug":"recycled-fleece-lined-stomdri-4000-jacket","status":"publish","type":"product","link":"https:\/\/printwave.pl\/fr\/produkt\/recycled-fleece-lined-stomdri-4000-jacket\/","title":{"rendered":"Recycled Fleece Lined Stomdri 4000 Jacket"},"content":{"rendered":"<p>\u00b7200 g\/m\u00b2<br \/>\n\u00b7100% polyester (recycl\u00e9)<br \/>\n\u00b7Int\u00e9rieur : Active Fleece de Result\u00ae, anti-peluche<br \/>\n\u00b7Piq\u00fbre deux points soud\u00e9e<br \/>\n\u00b7R\u00e9siste au vent et waterproof (4.000 mm)<br \/>\n\u00b7capuche dans le col<br \/>\n\u00b7Boucle de suspension ext\u00e9rieure en tissu r\u00e9fl\u00e9chissant<br \/>\n\u00b7Fermeture \u00e0 glissi\u00e8re compl\u00e8te r\u00e9versible avec rabat-temp\u00eate<br \/>\n\u00b7Poignets \u00e9lastiqu\u00e9s<br \/>\n\u00b7Poches de c\u00f4t\u00e9 avec fermeture \u00e0 glissi\u00e8re<br \/>\n\u00b7Acc\u00e8s pour la d\u00e9coration<br \/>\n\u00b7Convient pour: broderie, impression directe et transfert<\/p>\n","protected":false},"excerpt":{"rendered":"<p>\u00b7200 g\/m\u00b2 \u00b7100% polyester (recycl\u00e9) \u00b7Int\u00e9rieur : Active Fleece de Result\u00ae, anti-peluche \u00b7Piq\u00fbre deux points soud\u00e9e \u00b7R\u00e9siste au vent et<\/p>\n","protected":false},"featured_media":456688,"comment_status":"open","ping_status":"closed","template":"","meta":[],"product_brand":[],"product_cat":[154,354,60,81],"product_tag":[460,465,85,88,83,92,95,94,84,131,90,737,798,86,91,93],"class_list":{"0":"post-456691","1":"product","2":"type-product","3":"status-publish","4":"has-post-thumbnail","6":"product_cat-all-eco","7":"product_cat-eco-responsable","8":"product_cat-recycled","9":"product_cat-vestes","10":"product_tag-2-couleurs","11":"product_tag-2-tons","12":"product_tag-a-longue-manche","13":"product_tag-affaires-de-pluie","14":"product_tag-chapeau","15":"product_tag-col-montant","16":"product_tag-coupe-vent","17":"product_tag-impermeable","18":"product_tag-longue-manche","19":"product_tag-unisexe","20":"product_tag-vestes-de-pluie","21":"product_tag-vestes-entre-saisons","22":"product_tag-vestes-reversibles","23":"product_tag-vetements-dexterieur","24":"product_tag-vetements-de-pluie","25":"product_tag-waterresistant","26":"pa_couleur-black-grey","27":"pa_couleur-bottle-bottle","28":"pa_couleur-brown-brown","29":"pa_couleur-burgundy-camel","30":"pa_couleur-navy-navy","31":"pa_couleur-purple-purple","32":"pa_couleur-red-navy","33":"pa_couleur-royal-navy","34":"pa_details-fermeture-a-glissiere-complete","35":"pa_details-poches-de-cote-avec-fermeture-a-glissiere","36":"pa_details-vestes-chaudes","37":"pa_details-vestes-protegeant-du-vent-pluie","38":"pa_eco-recycle","39":"pa_groupe-de-produits-acces-pour-la-decoration","40":"pa_groupe-de-produits-full-zip","41":"pa_groupe-de-produits-vestes","42":"pa_marque-result","43":"pa_numero-de-style-3126","44":"pa_poids-200-219-g-m","45":"pa_sexe-produits-correspondants","46":"pa_taille-2xl","47":"pa_taille-3xl","48":"pa_taille-l","49":"pa_taille-m","50":"pa_taille-s","51":"pa_taille-xl","52":"pa_tissu-polyester","54":"first","55":"instock","56":"taxable","57":"shipping-taxable","58":"purchasable","59":"product-type-variable"},"yoast_head":"<!-- This site is optimized with the Yoast SEO Premium plugin v20.9 (Yoast SEO v26.3) - https:\/\/yoast.com\/wordpress\/plugins\/seo\/ -->\n<title>Recycled Fleece Lined Stomdri 4000 Jacket | Printwave FR<\/title>\n<meta name=\"robots\" content=\"index, follow, max-snippet:-1, max-image-preview:large, max-video-preview:-1\" \/>\n<link rel=\"canonical\" href=\"https:\/\/printwave.pl\/fr\/produkt\/recycled-fleece-lined-stomdri-4000-jacket\/\" \/>\n<meta property=\"og:locale\" content=\"fr_FR\" \/>\n<meta property=\"og:type\" content=\"article\" \/>\n<meta property=\"og:title\" content=\"Recycled Fleece Lined Stomdri 4000 Jacket\" \/>\n<meta property=\"og:description\" content=\"\u00b7200 g\/m\u00b2 \u00b7100% polyester (recycl\u00e9) \u00b7Int\u00e9rieur : Active Fleece de Result\u00ae, anti-peluche \u00b7Piq\u00fbre deux points soud\u00e9e \u00b7R\u00e9siste au vent et\" \/>\n<meta property=\"og:url\" content=\"https:\/\/printwave.pl\/fr\/produkt\/recycled-fleece-lined-stomdri-4000-jacket\/\" \/>\n<meta property=\"og:site_name\" content=\"Printwave FR\" \/>\n<meta property=\"article:modified_time\" content=\"2026-02-22T03:52:35+00:00\" \/>\n<meta property=\"og:image\" content=\"https:\/\/printwave.pl\/fr\/wp-content\/uploads\/sites\/4\/2021\/07\/Print-Wave-logo-2025.png\" \/>\n\t<meta property=\"og:image:width\" content=\"1645\" \/>\n\t<meta property=\"og:image:height\" content=\"297\" \/>\n\t<meta property=\"og:image:type\" content=\"image\/png\" \/>\n<meta name=\"twitter:card\" content=\"summary_large_image\" \/>\n<script type=\"application\/ld+json\" class=\"yoast-schema-graph\">{\"@context\":\"https:\/\/schema.org\",\"@graph\":[{\"@type\":\"WebPage\",\"@id\":\"https:\/\/printwave.pl\/fr\/produkt\/recycled-fleece-lined-stomdri-4000-jacket\/\",\"url\":\"https:\/\/printwave.pl\/fr\/produkt\/recycled-fleece-lined-stomdri-4000-jacket\/\",\"name\":\"Recycled Fleece Lined Stomdri 4000 Jacket | Printwave FR\",\"isPartOf\":{\"@id\":\"https:\/\/printwave.pl\/fr\/#website\"},\"primaryImageOfPage\":{\"@id\":\"https:\/\/printwave.pl\/fr\/produkt\/recycled-fleece-lined-stomdri-4000-jacket\/#primaryimage\"},\"image\":{\"@id\":\"https:\/\/printwave.pl\/fr\/produkt\/recycled-fleece-lined-stomdri-4000-jacket\/#primaryimage\"},\"thumbnailUrl\":\"https:\/\/printwave.pl\/fr\/wp-content\/uploads\/sites\/4\/2025\/01\/820_33_389_m-2023_01.jpg\",\"datePublished\":\"2025-01-24T17:33:10+00:00\",\"dateModified\":\"2026-02-22T03:52:35+00:00\",\"breadcrumb\":{\"@id\":\"https:\/\/printwave.pl\/fr\/produkt\/recycled-fleece-lined-stomdri-4000-jacket\/#breadcrumb\"},\"inLanguage\":\"fr-FR\",\"potentialAction\":[{\"@type\":\"ReadAction\",\"target\":[\"https:\/\/printwave.pl\/fr\/produkt\/recycled-fleece-lined-stomdri-4000-jacket\/\"]}]},{\"@type\":\"ImageObject\",\"inLanguage\":\"fr-FR\",\"@id\":\"https:\/\/printwave.pl\/fr\/produkt\/recycled-fleece-lined-stomdri-4000-jacket\/#primaryimage\",\"url\":\"https:\/\/printwave.pl\/fr\/wp-content\/uploads\/sites\/4\/2025\/01\/820_33_389_m-2023_01.jpg\",\"contentUrl\":\"https:\/\/printwave.pl\/fr\/wp-content\/uploads\/sites\/4\/2025\/01\/820_33_389_m-2023_01.jpg\",\"width\":1024,\"height\":1304},{\"@type\":\"BreadcrumbList\",\"@id\":\"https:\/\/printwave.pl\/fr\/produkt\/recycled-fleece-lined-stomdri-4000-jacket\/#breadcrumb\",\"itemListElement\":[{\"@type\":\"ListItem\",\"position\":1,\"name\":\"Accueil\",\"item\":\"https:\/\/printwave.pl\/fr\/\"},{\"@type\":\"ListItem\",\"position\":2,\"name\":\"Boutique\",\"item\":\"https:\/\/printwave.pl\/fr\/boutique\/\"},{\"@type\":\"ListItem\",\"position\":3,\"name\":\"Recycled Fleece Lined Stomdri 4000 Jacket\"}]},{\"@type\":\"WebSite\",\"@id\":\"https:\/\/printwave.pl\/fr\/#website\",\"url\":\"https:\/\/printwave.pl\/fr\/\",\"name\":\"Printwave\",\"description\":\"Votre fournisseur de v\u00eatements promotionnels et d&#039;entreprise en Pologne\",\"potentialAction\":[{\"@type\":\"SearchAction\",\"target\":{\"@type\":\"EntryPoint\",\"urlTemplate\":\"https:\/\/printwave.pl\/fr\/?s={search_term_string}\"},\"query-input\":{\"@type\":\"PropertyValueSpecification\",\"valueRequired\":true,\"valueName\":\"search_term_string\"}}],\"inLanguage\":\"fr-FR\"}]}<\/script>\n<!-- \/ Yoast SEO Premium plugin. -->","yoast_head_json":{"title":"Recycled Fleece Lined Stomdri 4000 Jacket | Printwave FR","robots":{"index":"index","follow":"follow","max-snippet":"max-snippet:-1","max-image-preview":"max-image-preview:large","max-video-preview":"max-video-preview:-1"},"canonical":"https:\/\/printwave.pl\/fr\/produkt\/recycled-fleece-lined-stomdri-4000-jacket\/","og_locale":"fr_FR","og_type":"article","og_title":"Recycled Fleece Lined Stomdri 4000 Jacket","og_description":"\u00b7200 g\/m\u00b2 \u00b7100% polyester (recycl\u00e9) \u00b7Int\u00e9rieur : Active Fleece de Result\u00ae, anti-peluche \u00b7Piq\u00fbre deux points soud\u00e9e \u00b7R\u00e9siste au vent et","og_url":"https:\/\/printwave.pl\/fr\/produkt\/recycled-fleece-lined-stomdri-4000-jacket\/","og_site_name":"Printwave FR","article_modified_time":"2026-02-22T03:52:35+00:00","og_image":[{"width":1645,"height":297,"url":"https:\/\/printwave.pl\/fr\/wp-content\/uploads\/sites\/4\/2021\/07\/Print-Wave-logo-2025.png","type":"image\/png"}],"twitter_card":"summary_large_image","schema":{"@context":"https:\/\/schema.org","@graph":[{"@type":"WebPage","@id":"https:\/\/printwave.pl\/fr\/produkt\/recycled-fleece-lined-stomdri-4000-jacket\/","url":"https:\/\/printwave.pl\/fr\/produkt\/recycled-fleece-lined-stomdri-4000-jacket\/","name":"Recycled Fleece Lined Stomdri 4000 Jacket | Printwave FR","isPartOf":{"@id":"https:\/\/printwave.pl\/fr\/#website"},"primaryImageOfPage":{"@id":"https:\/\/printwave.pl\/fr\/produkt\/recycled-fleece-lined-stomdri-4000-jacket\/#primaryimage"},"image":{"@id":"https:\/\/printwave.pl\/fr\/produkt\/recycled-fleece-lined-stomdri-4000-jacket\/#primaryimage"},"thumbnailUrl":"https:\/\/printwave.pl\/fr\/wp-content\/uploads\/sites\/4\/2025\/01\/820_33_389_m-2023_01.jpg","datePublished":"2025-01-24T17:33:10+00:00","dateModified":"2026-02-22T03:52:35+00:00","breadcrumb":{"@id":"https:\/\/printwave.pl\/fr\/produkt\/recycled-fleece-lined-stomdri-4000-jacket\/#breadcrumb"},"inLanguage":"fr-FR","potentialAction":[{"@type":"ReadAction","target":["https:\/\/printwave.pl\/fr\/produkt\/recycled-fleece-lined-stomdri-4000-jacket\/"]}]},{"@type":"ImageObject","inLanguage":"fr-FR","@id":"https:\/\/printwave.pl\/fr\/produkt\/recycled-fleece-lined-stomdri-4000-jacket\/#primaryimage","url":"https:\/\/printwave.pl\/fr\/wp-content\/uploads\/sites\/4\/2025\/01\/820_33_389_m-2023_01.jpg","contentUrl":"https:\/\/printwave.pl\/fr\/wp-content\/uploads\/sites\/4\/2025\/01\/820_33_389_m-2023_01.jpg","width":1024,"height":1304},{"@type":"BreadcrumbList","@id":"https:\/\/printwave.pl\/fr\/produkt\/recycled-fleece-lined-stomdri-4000-jacket\/#breadcrumb","itemListElement":[{"@type":"ListItem","position":1,"name":"Accueil","item":"https:\/\/printwave.pl\/fr\/"},{"@type":"ListItem","position":2,"name":"Boutique","item":"https:\/\/printwave.pl\/fr\/boutique\/"},{"@type":"ListItem","position":3,"name":"Recycled Fleece Lined Stomdri 4000 Jacket"}]},{"@type":"WebSite","@id":"https:\/\/printwave.pl\/fr\/#website","url":"https:\/\/printwave.pl\/fr\/","name":"Printwave","description":"Votre fournisseur de v\u00eatements promotionnels et d&#039;entreprise en Pologne","potentialAction":[{"@type":"SearchAction","target":{"@type":"EntryPoint","urlTemplate":"https:\/\/printwave.pl\/fr\/?s={search_term_string}"},"query-input":{"@type":"PropertyValueSpecification","valueRequired":true,"valueName":"search_term_string"}}],"inLanguage":"fr-FR"}]}},"_links":{"self":[{"href":"https:\/\/printwave.pl\/fr\/wp-json\/wp\/v2\/product\/456691","targetHints":{"allow":["GET"]}}],"collection":[{"href":"https:\/\/printwave.pl\/fr\/wp-json\/wp\/v2\/product"}],"about":[{"href":"https:\/\/printwave.pl\/fr\/wp-json\/wp\/v2\/types\/product"}],"replies":[{"embeddable":true,"href":"https:\/\/printwave.pl\/fr\/wp-json\/wp\/v2\/comments?post=456691"}],"wp:featuredmedia":[{"embeddable":true,"href":"https:\/\/printwave.pl\/fr\/wp-json\/wp\/v2\/media\/456688"}],"wp:attachment":[{"href":"https:\/\/printwave.pl\/fr\/wp-json\/wp\/v2\/media?parent=456691"}],"wp:term":[{"taxonomy":"product_brand","embeddable":true,"href":"https:\/\/printwave.pl\/fr\/wp-json\/wp\/v2\/product_brand?post=456691"},{"taxonomy":"product_cat","embeddable":true,"href":"https:\/\/printwave.pl\/fr\/wp-json\/wp\/v2\/product_cat?post=456691"},{"taxonomy":"product_tag","embeddable":true,"href":"https:\/\/printwave.pl\/fr\/wp-json\/wp\/v2\/product_tag?post=456691"}],"curies":[{"name":"wp","href":"https:\/\/api.w.org\/{rel}","templated":true}]}}