{"id":456154,"date":"2025-01-24T18:18:45","date_gmt":"2025-01-24T17:18:45","guid":{"rendered":"https:\/\/printwave.pl\/fr\/produkt\/tx-performance-hooded-softshell-jacket\/"},"modified":"2026-02-22T04:51:07","modified_gmt":"2026-02-22T03:51:07","slug":"tx-performance-hooded-softshell-jacket","status":"publish","type":"product","link":"https:\/\/printwave.pl\/fr\/produkt\/tx-performance-hooded-softshell-jacket\/","title":{"rendered":"TX Performance Hooded Softshell Jacket"},"content":{"rendered":"<p>\u00b7320 g\/m\u00b2<br \/>\n\u00b7ext: 93% polyester recycl\u00e9, 7% \u00e9lasthanne<br \/>\n\u00b7couche interm\u00e9diaire: respirant (1.000 g\/m\u00b2 en 24h), r\u00e9siste au vent et waterprrof (8.000 mm), membrane TPU<br \/>\n\u00b7int: 100% polyester recycl\u00e9 (micropolaire)<br \/>\n\u00b7r\u00e9siste au vent, water repellent et respirant<br \/>\n\u00b7capuche ajustable et d\u00e9tachable<br \/>\n\u00b7fermeture \u00e0 glissi\u00e8re pleine longueur de couleur contrast\u00e9e avec rabat temp\u00eate<br \/>\n\u00b7empi\u00e8cement dos<br \/>\n\u00b7poche poitrine et poches sur le c\u00f4t\u00e9 avec fermeture \u00e0 glissi\u00e8re<br \/>\n\u00b7doux, stretch et confortable<\/p>\n","protected":false},"excerpt":{"rendered":"<p>\u00b7320 g\/m\u00b2 \u00b7ext: 93% polyester recycl\u00e9, 7% \u00e9lasthanne \u00b7couche interm\u00e9diaire: respirant (1.000 g\/m\u00b2 en 24h), r\u00e9siste au vent et waterprrof<\/p>\n","protected":false},"featured_media":456148,"comment_status":"open","ping_status":"closed","template":"","meta":[],"product_brand":[],"product_cat":[128,114],"product_tag":[85,83,95,727,728,84,577,726,86,93],"class_list":{"0":"post-456154","1":"product","2":"type-product","3":"status-publish","4":"has-post-thumbnail","6":"product_cat-meilleures-ventes","7":"product_cat-softshell","8":"product_tag-a-longue-manche","9":"product_tag-chapeau","10":"product_tag-coupe-vent","11":"product_tag-gestes-soft-shell","12":"product_tag-gilets-softshell","13":"product_tag-longue-manche","14":"product_tag-poche-poitrine","15":"product_tag-softshells-respirantes","16":"product_tag-vetements-dexterieur","17":"product_tag-waterresistant","18":"pa_couleur-black-grey","19":"pa_couleur-navy-royal","20":"pa_couleur-red-black","21":"pa_couleur-vivid-green-black","22":"pa_details-avec-capuche","23":"pa_details-fermeture-a-glissiere-complete","24":"pa_details-poches-de-cote-avec-fermeture-a-glissiere","25":"pa_details-vestes-chaudes","26":"pa_details-vestes-protegeant-du-vent-pluie","27":"pa_groupe-de-produits-avec-capuche","28":"pa_groupe-de-produits-coupe-vent","29":"pa_groupe-de-produits-deperlant","30":"pa_groupe-de-produits-full-zip","31":"pa_groupe-de-produits-respirant","32":"pa_groupe-de-produits-vestes","33":"pa_manche-manches-longues","34":"pa_marque-result-core","35":"pa_numero-de-style-3113","36":"pa_poids-a-partir-de-220-g-m","37":"pa_sexe-produits-correspondants","38":"pa_taille-2xl","39":"pa_taille-3xl","40":"pa_taille-l","41":"pa_taille-m","42":"pa_taille-s","43":"pa_taille-xl","44":"pa_tissu-polyester","46":"first","47":"instock","48":"taxable","49":"shipping-taxable","50":"purchasable","51":"product-type-variable"},"yoast_head":"<!-- This site is optimized with the Yoast SEO Premium plugin v20.9 (Yoast SEO v26.3) - https:\/\/yoast.com\/wordpress\/plugins\/seo\/ -->\n<title>TX Performance Hooded Softshell Jacket | Printwave FR<\/title>\n<meta name=\"robots\" content=\"index, follow, max-snippet:-1, max-image-preview:large, max-video-preview:-1\" \/>\n<link rel=\"canonical\" href=\"https:\/\/printwave.pl\/fr\/produkt\/tx-performance-hooded-softshell-jacket\/\" \/>\n<meta property=\"og:locale\" content=\"fr_FR\" \/>\n<meta property=\"og:type\" content=\"article\" \/>\n<meta property=\"og:title\" content=\"TX Performance Hooded Softshell Jacket\" \/>\n<meta property=\"og:description\" content=\"\u00b7320 g\/m\u00b2 \u00b7ext: 93% polyester recycl\u00e9, 7% \u00e9lasthanne \u00b7couche interm\u00e9diaire: respirant (1.000 g\/m\u00b2 en 24h), r\u00e9siste au vent et waterprrof\" \/>\n<meta property=\"og:url\" content=\"https:\/\/printwave.pl\/fr\/produkt\/tx-performance-hooded-softshell-jacket\/\" \/>\n<meta property=\"og:site_name\" content=\"Printwave FR\" \/>\n<meta property=\"article:modified_time\" content=\"2026-02-22T03:51:07+00:00\" \/>\n<meta property=\"og:image\" content=\"https:\/\/printwave.pl\/fr\/wp-content\/uploads\/sites\/4\/2025\/01\/827_33_151_m-2023_01.jpg\" \/>\n\t<meta property=\"og:image:width\" content=\"1024\" \/>\n\t<meta property=\"og:image:height\" content=\"1304\" \/>\n\t<meta property=\"og:image:type\" content=\"image\/jpeg\" \/>\n<meta name=\"twitter:card\" content=\"summary_large_image\" \/>\n<script type=\"application\/ld+json\" class=\"yoast-schema-graph\">{\"@context\":\"https:\/\/schema.org\",\"@graph\":[{\"@type\":\"WebPage\",\"@id\":\"https:\/\/printwave.pl\/fr\/produkt\/tx-performance-hooded-softshell-jacket\/\",\"url\":\"https:\/\/printwave.pl\/fr\/produkt\/tx-performance-hooded-softshell-jacket\/\",\"name\":\"TX Performance Hooded Softshell Jacket | Printwave FR\",\"isPartOf\":{\"@id\":\"https:\/\/printwave.pl\/fr\/#website\"},\"primaryImageOfPage\":{\"@id\":\"https:\/\/printwave.pl\/fr\/produkt\/tx-performance-hooded-softshell-jacket\/#primaryimage\"},\"image\":{\"@id\":\"https:\/\/printwave.pl\/fr\/produkt\/tx-performance-hooded-softshell-jacket\/#primaryimage\"},\"thumbnailUrl\":\"https:\/\/printwave.pl\/fr\/wp-content\/uploads\/sites\/4\/2025\/01\/827_33_151_m-2023_01.jpg\",\"datePublished\":\"2025-01-24T17:18:45+00:00\",\"dateModified\":\"2026-02-22T03:51:07+00:00\",\"breadcrumb\":{\"@id\":\"https:\/\/printwave.pl\/fr\/produkt\/tx-performance-hooded-softshell-jacket\/#breadcrumb\"},\"inLanguage\":\"fr-FR\",\"potentialAction\":[{\"@type\":\"ReadAction\",\"target\":[\"https:\/\/printwave.pl\/fr\/produkt\/tx-performance-hooded-softshell-jacket\/\"]}]},{\"@type\":\"ImageObject\",\"inLanguage\":\"fr-FR\",\"@id\":\"https:\/\/printwave.pl\/fr\/produkt\/tx-performance-hooded-softshell-jacket\/#primaryimage\",\"url\":\"https:\/\/printwave.pl\/fr\/wp-content\/uploads\/sites\/4\/2025\/01\/827_33_151_m-2023_01.jpg\",\"contentUrl\":\"https:\/\/printwave.pl\/fr\/wp-content\/uploads\/sites\/4\/2025\/01\/827_33_151_m-2023_01.jpg\",\"width\":1024,\"height\":1304},{\"@type\":\"BreadcrumbList\",\"@id\":\"https:\/\/printwave.pl\/fr\/produkt\/tx-performance-hooded-softshell-jacket\/#breadcrumb\",\"itemListElement\":[{\"@type\":\"ListItem\",\"position\":1,\"name\":\"Accueil\",\"item\":\"https:\/\/printwave.pl\/fr\/\"},{\"@type\":\"ListItem\",\"position\":2,\"name\":\"Boutique\",\"item\":\"https:\/\/printwave.pl\/fr\/boutique\/\"},{\"@type\":\"ListItem\",\"position\":3,\"name\":\"TX Performance Hooded Softshell Jacket\"}]},{\"@type\":\"WebSite\",\"@id\":\"https:\/\/printwave.pl\/fr\/#website\",\"url\":\"https:\/\/printwave.pl\/fr\/\",\"name\":\"Printwave\",\"description\":\"Votre fournisseur de v\u00eatements promotionnels et d&#039;entreprise en Pologne\",\"potentialAction\":[{\"@type\":\"SearchAction\",\"target\":{\"@type\":\"EntryPoint\",\"urlTemplate\":\"https:\/\/printwave.pl\/fr\/?s={search_term_string}\"},\"query-input\":{\"@type\":\"PropertyValueSpecification\",\"valueRequired\":true,\"valueName\":\"search_term_string\"}}],\"inLanguage\":\"fr-FR\"}]}<\/script>\n<!-- \/ Yoast SEO Premium plugin. -->","yoast_head_json":{"title":"TX Performance Hooded Softshell Jacket | Printwave FR","robots":{"index":"index","follow":"follow","max-snippet":"max-snippet:-1","max-image-preview":"max-image-preview:large","max-video-preview":"max-video-preview:-1"},"canonical":"https:\/\/printwave.pl\/fr\/produkt\/tx-performance-hooded-softshell-jacket\/","og_locale":"fr_FR","og_type":"article","og_title":"TX Performance Hooded Softshell Jacket","og_description":"\u00b7320 g\/m\u00b2 \u00b7ext: 93% polyester recycl\u00e9, 7% \u00e9lasthanne \u00b7couche interm\u00e9diaire: respirant (1.000 g\/m\u00b2 en 24h), r\u00e9siste au vent et waterprrof","og_url":"https:\/\/printwave.pl\/fr\/produkt\/tx-performance-hooded-softshell-jacket\/","og_site_name":"Printwave FR","article_modified_time":"2026-02-22T03:51:07+00:00","og_image":[{"width":1024,"height":1304,"url":"https:\/\/printwave.pl\/fr\/wp-content\/uploads\/sites\/4\/2025\/01\/827_33_151_m-2023_01.jpg","type":"image\/jpeg"}],"twitter_card":"summary_large_image","schema":{"@context":"https:\/\/schema.org","@graph":[{"@type":"WebPage","@id":"https:\/\/printwave.pl\/fr\/produkt\/tx-performance-hooded-softshell-jacket\/","url":"https:\/\/printwave.pl\/fr\/produkt\/tx-performance-hooded-softshell-jacket\/","name":"TX Performance Hooded Softshell Jacket | Printwave FR","isPartOf":{"@id":"https:\/\/printwave.pl\/fr\/#website"},"primaryImageOfPage":{"@id":"https:\/\/printwave.pl\/fr\/produkt\/tx-performance-hooded-softshell-jacket\/#primaryimage"},"image":{"@id":"https:\/\/printwave.pl\/fr\/produkt\/tx-performance-hooded-softshell-jacket\/#primaryimage"},"thumbnailUrl":"https:\/\/printwave.pl\/fr\/wp-content\/uploads\/sites\/4\/2025\/01\/827_33_151_m-2023_01.jpg","datePublished":"2025-01-24T17:18:45+00:00","dateModified":"2026-02-22T03:51:07+00:00","breadcrumb":{"@id":"https:\/\/printwave.pl\/fr\/produkt\/tx-performance-hooded-softshell-jacket\/#breadcrumb"},"inLanguage":"fr-FR","potentialAction":[{"@type":"ReadAction","target":["https:\/\/printwave.pl\/fr\/produkt\/tx-performance-hooded-softshell-jacket\/"]}]},{"@type":"ImageObject","inLanguage":"fr-FR","@id":"https:\/\/printwave.pl\/fr\/produkt\/tx-performance-hooded-softshell-jacket\/#primaryimage","url":"https:\/\/printwave.pl\/fr\/wp-content\/uploads\/sites\/4\/2025\/01\/827_33_151_m-2023_01.jpg","contentUrl":"https:\/\/printwave.pl\/fr\/wp-content\/uploads\/sites\/4\/2025\/01\/827_33_151_m-2023_01.jpg","width":1024,"height":1304},{"@type":"BreadcrumbList","@id":"https:\/\/printwave.pl\/fr\/produkt\/tx-performance-hooded-softshell-jacket\/#breadcrumb","itemListElement":[{"@type":"ListItem","position":1,"name":"Accueil","item":"https:\/\/printwave.pl\/fr\/"},{"@type":"ListItem","position":2,"name":"Boutique","item":"https:\/\/printwave.pl\/fr\/boutique\/"},{"@type":"ListItem","position":3,"name":"TX Performance Hooded Softshell Jacket"}]},{"@type":"WebSite","@id":"https:\/\/printwave.pl\/fr\/#website","url":"https:\/\/printwave.pl\/fr\/","name":"Printwave","description":"Votre fournisseur de v\u00eatements promotionnels et d&#039;entreprise en Pologne","potentialAction":[{"@type":"SearchAction","target":{"@type":"EntryPoint","urlTemplate":"https:\/\/printwave.pl\/fr\/?s={search_term_string}"},"query-input":{"@type":"PropertyValueSpecification","valueRequired":true,"valueName":"search_term_string"}}],"inLanguage":"fr-FR"}]}},"_links":{"self":[{"href":"https:\/\/printwave.pl\/fr\/wp-json\/wp\/v2\/product\/456154","targetHints":{"allow":["GET"]}}],"collection":[{"href":"https:\/\/printwave.pl\/fr\/wp-json\/wp\/v2\/product"}],"about":[{"href":"https:\/\/printwave.pl\/fr\/wp-json\/wp\/v2\/types\/product"}],"replies":[{"embeddable":true,"href":"https:\/\/printwave.pl\/fr\/wp-json\/wp\/v2\/comments?post=456154"}],"wp:featuredmedia":[{"embeddable":true,"href":"https:\/\/printwave.pl\/fr\/wp-json\/wp\/v2\/media\/456148"}],"wp:attachment":[{"href":"https:\/\/printwave.pl\/fr\/wp-json\/wp\/v2\/media?parent=456154"}],"wp:term":[{"taxonomy":"product_brand","embeddable":true,"href":"https:\/\/printwave.pl\/fr\/wp-json\/wp\/v2\/product_brand?post=456154"},{"taxonomy":"product_cat","embeddable":true,"href":"https:\/\/printwave.pl\/fr\/wp-json\/wp\/v2\/product_cat?post=456154"},{"taxonomy":"product_tag","embeddable":true,"href":"https:\/\/printwave.pl\/fr\/wp-json\/wp\/v2\/product_tag?post=456154"}],"curies":[{"name":"wp","href":"https:\/\/api.w.org\/{rel}","templated":true}]}}