{"id":454849,"date":"2025-01-24T17:42:19","date_gmt":"2025-01-24T16:42:19","guid":{"rendered":"https:\/\/printwave.pl\/fr\/produkt\/ladies-printable-softshell-jacket\/"},"modified":"2026-02-22T04:48:05","modified_gmt":"2026-02-22T03:48:05","slug":"ladies-printable-softshell-jacket","status":"publish","type":"product","link":"https:\/\/printwave.pl\/fr\/produkt\/ladies-printable-softshell-jacket\/","title":{"rendered":"Ladies&rsquo; Printable Softshell Jacket"},"content":{"rendered":"<p>\u00b7280 g\/m\u00b2<br \/>\n\u00b7100% polyester (2 couches)<br \/>\n\u00b7ext: sans \u00e9lasthanne, tissu extensible<br \/>\n\u00b7int: micro fleece extra chaude, 100% polyester recycl\u00e9<br \/>\n\u00b7surpiq\u00fbre d\u00e9corative<br \/>\n\u00b7fermeture \u00e0 glissi\u00e8re pleine longueur avec prot\u00e8ge menton<br \/>\n\u00b7poches \u00e0 l&rsquo;avant avec fermeture \u00e0 glissi\u00e8re<br \/>\n\u00b7poignets \u00e9lastiqu\u00e9s<br \/>\n\u00b7\u00e9tiquette neutre<br \/>\n\u00b7mod\u00e8le cintr\u00e9<br \/>\n\u00b7convient pour l&rsquo;impression et la broderie<br \/>\n\u00b7Lavable jusqu&rsquo;\u00e0 60\u00b0C<\/p>\n","protected":false},"excerpt":{"rendered":"<p>\u00b7280 g\/m\u00b2 \u00b7100% polyester (2 couches) \u00b7ext: sans \u00e9lasthanne, tissu extensible \u00b7int: micro fleece extra chaude, 100% polyester recycl\u00e9 \u00b7surpiq\u00fbre<\/p>\n","protected":false},"featured_media":454841,"comment_status":"open","ping_status":"closed","template":"","meta":[],"product_brand":[],"product_cat":[114],"product_tag":[85,727,728,84,86],"class_list":{"0":"post-454849","1":"product","2":"type-product","3":"status-publish","4":"has-post-thumbnail","6":"product_cat-softshell","7":"product_tag-a-longue-manche","8":"product_tag-gestes-soft-shell","9":"product_tag-gilets-softshell","10":"product_tag-longue-manche","11":"product_tag-vetements-dexterieur","12":"pa_couleur-black-black","13":"pa_couleur-black-orange","14":"pa_couleur-charcoal-black","15":"pa_couleur-navy-navy","16":"pa_couleur-navy-royal","17":"pa_couleur-purple-black","18":"pa_couleur-red-black","19":"pa_couleur-vivid-green-black","20":"pa_couleur-white-black","21":"pa_couleur-yellow-black","22":"pa_details-xs","23":"pa_details-cintre","24":"pa_details-fermeture-a-glissiere-complete","25":"pa_details-poches-de-cote-avec-fermeture-a-glissiere","26":"pa_details-vestes-chaudes","27":"pa_groupe-de-produits-full-zip","28":"pa_groupe-de-produits-softshell","29":"pa_groupe-de-produits-vestes","30":"pa_manche-manches-longues","31":"pa_marque-result-core","32":"pa_numero-de-style-3085","33":"pa_poids-a-partir-de-220-g-m","34":"pa_sexe-femmes","35":"pa_taille-2xl-18","36":"pa_taille-l-14","37":"pa_taille-m-12","38":"pa_taille-s-10","39":"pa_taille-xl-16","40":"pa_taille-xs-8","41":"pa_tissu-2-layers","43":"first","44":"instock","45":"taxable","46":"shipping-taxable","47":"purchasable","48":"product-type-variable"},"yoast_head":"<!-- This site is optimized with the Yoast SEO Premium plugin v20.9 (Yoast SEO v26.3) - https:\/\/yoast.com\/wordpress\/plugins\/seo\/ -->\n<title>Ladies&#039; Printable Softshell Jacket | Printwave FR<\/title>\n<meta name=\"robots\" content=\"index, follow, max-snippet:-1, max-image-preview:large, max-video-preview:-1\" \/>\n<link rel=\"canonical\" href=\"https:\/\/printwave.pl\/fr\/produkt\/ladies-printable-softshell-jacket\/\" \/>\n<meta property=\"og:locale\" content=\"fr_FR\" \/>\n<meta property=\"og:type\" content=\"article\" \/>\n<meta property=\"og:title\" content=\"Ladies&#039; Printable Softshell Jacket\" \/>\n<meta property=\"og:description\" content=\"\u00b7280 g\/m\u00b2 \u00b7100% polyester (2 couches) \u00b7ext: sans \u00e9lasthanne, tissu extensible \u00b7int: micro fleece extra chaude, 100% polyester recycl\u00e9 \u00b7surpiq\u00fbre\" \/>\n<meta property=\"og:url\" content=\"https:\/\/printwave.pl\/fr\/produkt\/ladies-printable-softshell-jacket\/\" \/>\n<meta property=\"og:site_name\" content=\"Printwave FR\" \/>\n<meta property=\"article:modified_time\" content=\"2026-02-22T03:48:05+00:00\" \/>\n<meta property=\"og:image\" content=\"https:\/\/printwave.pl\/fr\/wp-content\/uploads\/sites\/4\/2025\/01\/848_33_554_m-2016_01.jpg\" \/>\n\t<meta property=\"og:image:width\" content=\"1024\" \/>\n\t<meta property=\"og:image:height\" content=\"1304\" \/>\n\t<meta property=\"og:image:type\" content=\"image\/jpeg\" \/>\n<meta name=\"twitter:card\" content=\"summary_large_image\" \/>\n<script type=\"application\/ld+json\" class=\"yoast-schema-graph\">{\"@context\":\"https:\/\/schema.org\",\"@graph\":[{\"@type\":\"WebPage\",\"@id\":\"https:\/\/printwave.pl\/fr\/produkt\/ladies-printable-softshell-jacket\/\",\"url\":\"https:\/\/printwave.pl\/fr\/produkt\/ladies-printable-softshell-jacket\/\",\"name\":\"Ladies' Printable Softshell Jacket | Printwave FR\",\"isPartOf\":{\"@id\":\"https:\/\/printwave.pl\/fr\/#website\"},\"primaryImageOfPage\":{\"@id\":\"https:\/\/printwave.pl\/fr\/produkt\/ladies-printable-softshell-jacket\/#primaryimage\"},\"image\":{\"@id\":\"https:\/\/printwave.pl\/fr\/produkt\/ladies-printable-softshell-jacket\/#primaryimage\"},\"thumbnailUrl\":\"https:\/\/printwave.pl\/fr\/wp-content\/uploads\/sites\/4\/2025\/01\/848_33_554_m-2016_01.jpg\",\"datePublished\":\"2025-01-24T16:42:19+00:00\",\"dateModified\":\"2026-02-22T03:48:05+00:00\",\"breadcrumb\":{\"@id\":\"https:\/\/printwave.pl\/fr\/produkt\/ladies-printable-softshell-jacket\/#breadcrumb\"},\"inLanguage\":\"fr-FR\",\"potentialAction\":[{\"@type\":\"ReadAction\",\"target\":[\"https:\/\/printwave.pl\/fr\/produkt\/ladies-printable-softshell-jacket\/\"]}]},{\"@type\":\"ImageObject\",\"inLanguage\":\"fr-FR\",\"@id\":\"https:\/\/printwave.pl\/fr\/produkt\/ladies-printable-softshell-jacket\/#primaryimage\",\"url\":\"https:\/\/printwave.pl\/fr\/wp-content\/uploads\/sites\/4\/2025\/01\/848_33_554_m-2016_01.jpg\",\"contentUrl\":\"https:\/\/printwave.pl\/fr\/wp-content\/uploads\/sites\/4\/2025\/01\/848_33_554_m-2016_01.jpg\",\"width\":1024,\"height\":1304},{\"@type\":\"BreadcrumbList\",\"@id\":\"https:\/\/printwave.pl\/fr\/produkt\/ladies-printable-softshell-jacket\/#breadcrumb\",\"itemListElement\":[{\"@type\":\"ListItem\",\"position\":1,\"name\":\"Accueil\",\"item\":\"https:\/\/printwave.pl\/fr\/\"},{\"@type\":\"ListItem\",\"position\":2,\"name\":\"Boutique\",\"item\":\"https:\/\/printwave.pl\/fr\/boutique\/\"},{\"@type\":\"ListItem\",\"position\":3,\"name\":\"Ladies&rsquo; Printable Softshell Jacket\"}]},{\"@type\":\"WebSite\",\"@id\":\"https:\/\/printwave.pl\/fr\/#website\",\"url\":\"https:\/\/printwave.pl\/fr\/\",\"name\":\"Printwave\",\"description\":\"Votre fournisseur de v\u00eatements promotionnels et d&#039;entreprise en Pologne\",\"potentialAction\":[{\"@type\":\"SearchAction\",\"target\":{\"@type\":\"EntryPoint\",\"urlTemplate\":\"https:\/\/printwave.pl\/fr\/?s={search_term_string}\"},\"query-input\":{\"@type\":\"PropertyValueSpecification\",\"valueRequired\":true,\"valueName\":\"search_term_string\"}}],\"inLanguage\":\"fr-FR\"}]}<\/script>\n<!-- \/ Yoast SEO Premium plugin. -->","yoast_head_json":{"title":"Ladies' Printable Softshell Jacket | Printwave FR","robots":{"index":"index","follow":"follow","max-snippet":"max-snippet:-1","max-image-preview":"max-image-preview:large","max-video-preview":"max-video-preview:-1"},"canonical":"https:\/\/printwave.pl\/fr\/produkt\/ladies-printable-softshell-jacket\/","og_locale":"fr_FR","og_type":"article","og_title":"Ladies' Printable Softshell Jacket","og_description":"\u00b7280 g\/m\u00b2 \u00b7100% polyester (2 couches) \u00b7ext: sans \u00e9lasthanne, tissu extensible \u00b7int: micro fleece extra chaude, 100% polyester recycl\u00e9 \u00b7surpiq\u00fbre","og_url":"https:\/\/printwave.pl\/fr\/produkt\/ladies-printable-softshell-jacket\/","og_site_name":"Printwave FR","article_modified_time":"2026-02-22T03:48:05+00:00","og_image":[{"width":1024,"height":1304,"url":"https:\/\/printwave.pl\/fr\/wp-content\/uploads\/sites\/4\/2025\/01\/848_33_554_m-2016_01.jpg","type":"image\/jpeg"}],"twitter_card":"summary_large_image","schema":{"@context":"https:\/\/schema.org","@graph":[{"@type":"WebPage","@id":"https:\/\/printwave.pl\/fr\/produkt\/ladies-printable-softshell-jacket\/","url":"https:\/\/printwave.pl\/fr\/produkt\/ladies-printable-softshell-jacket\/","name":"Ladies' Printable Softshell Jacket | Printwave FR","isPartOf":{"@id":"https:\/\/printwave.pl\/fr\/#website"},"primaryImageOfPage":{"@id":"https:\/\/printwave.pl\/fr\/produkt\/ladies-printable-softshell-jacket\/#primaryimage"},"image":{"@id":"https:\/\/printwave.pl\/fr\/produkt\/ladies-printable-softshell-jacket\/#primaryimage"},"thumbnailUrl":"https:\/\/printwave.pl\/fr\/wp-content\/uploads\/sites\/4\/2025\/01\/848_33_554_m-2016_01.jpg","datePublished":"2025-01-24T16:42:19+00:00","dateModified":"2026-02-22T03:48:05+00:00","breadcrumb":{"@id":"https:\/\/printwave.pl\/fr\/produkt\/ladies-printable-softshell-jacket\/#breadcrumb"},"inLanguage":"fr-FR","potentialAction":[{"@type":"ReadAction","target":["https:\/\/printwave.pl\/fr\/produkt\/ladies-printable-softshell-jacket\/"]}]},{"@type":"ImageObject","inLanguage":"fr-FR","@id":"https:\/\/printwave.pl\/fr\/produkt\/ladies-printable-softshell-jacket\/#primaryimage","url":"https:\/\/printwave.pl\/fr\/wp-content\/uploads\/sites\/4\/2025\/01\/848_33_554_m-2016_01.jpg","contentUrl":"https:\/\/printwave.pl\/fr\/wp-content\/uploads\/sites\/4\/2025\/01\/848_33_554_m-2016_01.jpg","width":1024,"height":1304},{"@type":"BreadcrumbList","@id":"https:\/\/printwave.pl\/fr\/produkt\/ladies-printable-softshell-jacket\/#breadcrumb","itemListElement":[{"@type":"ListItem","position":1,"name":"Accueil","item":"https:\/\/printwave.pl\/fr\/"},{"@type":"ListItem","position":2,"name":"Boutique","item":"https:\/\/printwave.pl\/fr\/boutique\/"},{"@type":"ListItem","position":3,"name":"Ladies&rsquo; Printable Softshell Jacket"}]},{"@type":"WebSite","@id":"https:\/\/printwave.pl\/fr\/#website","url":"https:\/\/printwave.pl\/fr\/","name":"Printwave","description":"Votre fournisseur de v\u00eatements promotionnels et d&#039;entreprise en Pologne","potentialAction":[{"@type":"SearchAction","target":{"@type":"EntryPoint","urlTemplate":"https:\/\/printwave.pl\/fr\/?s={search_term_string}"},"query-input":{"@type":"PropertyValueSpecification","valueRequired":true,"valueName":"search_term_string"}}],"inLanguage":"fr-FR"}]}},"_links":{"self":[{"href":"https:\/\/printwave.pl\/fr\/wp-json\/wp\/v2\/product\/454849","targetHints":{"allow":["GET"]}}],"collection":[{"href":"https:\/\/printwave.pl\/fr\/wp-json\/wp\/v2\/product"}],"about":[{"href":"https:\/\/printwave.pl\/fr\/wp-json\/wp\/v2\/types\/product"}],"replies":[{"embeddable":true,"href":"https:\/\/printwave.pl\/fr\/wp-json\/wp\/v2\/comments?post=454849"}],"wp:featuredmedia":[{"embeddable":true,"href":"https:\/\/printwave.pl\/fr\/wp-json\/wp\/v2\/media\/454841"}],"wp:attachment":[{"href":"https:\/\/printwave.pl\/fr\/wp-json\/wp\/v2\/media?parent=454849"}],"wp:term":[{"taxonomy":"product_brand","embeddable":true,"href":"https:\/\/printwave.pl\/fr\/wp-json\/wp\/v2\/product_brand?post=454849"},{"taxonomy":"product_cat","embeddable":true,"href":"https:\/\/printwave.pl\/fr\/wp-json\/wp\/v2\/product_cat?post=454849"},{"taxonomy":"product_tag","embeddable":true,"href":"https:\/\/printwave.pl\/fr\/wp-json\/wp\/v2\/product_tag?post=454849"}],"curies":[{"name":"wp","href":"https:\/\/api.w.org\/{rel}","templated":true}]}}