{"id":454510,"date":"2025-01-24T17:32:52","date_gmt":"2025-01-24T16:32:52","guid":{"rendered":"https:\/\/printwave.pl\/fr\/produkt\/3-in-1-journey-jacket\/"},"modified":"2026-02-22T04:47:25","modified_gmt":"2026-02-22T03:47:25","slug":"3-in-1-journey-jacket","status":"publish","type":"product","link":"https:\/\/printwave.pl\/fr\/produkt\/3-in-1-journey-jacket\/","title":{"rendered":"3-in-1 Journey Jacket"},"content":{"rendered":"<p>\u00b7Veste ext\u00e9rieure:<br \/>\n\u00b7100% polyester (ripstop)<br \/>\n\u00b7Coutures thermosoud\u00e9es, r\u00e9siste au vent et waterproof (3000 mm), respirant (3000 g\/m\u00b2 par 24h)<br \/>\n\u00b7Capuche doubl\u00e9e amovible avec accent r\u00e9fl\u00e9chissant<br \/>\n\u00b7Col doubl\u00e9 tricot<br \/>\n\u00b7Fermeture \u00e0 glissi\u00e8re pleine longueur avec rabat temp\u00eate et bouton-pression<br \/>\n\u00b7Poche poitrine et poche \u00e0 l avant avec fermeture \u00e0 glissi\u00e8re<br \/>\n\u00b7Poignets \u00e9lastiqu\u00e9s avec attache auto-agrippante<br \/>\n\u00b7Cordon \u00e0 l ourlet<br \/>\n\u00b7Veste int\u00e9rieure softshell attach\u00e9e \u00e0 la veste par fermeture \u00e0 glissi\u00e8re<br \/>\n\u00b7280 g\/m\u00b2, 100% polyester (2 couches)<br \/>\n\u00b7Hydrofuge et coupe-vent<br \/>\n\u00b7Fermeture \u00e0 glissi\u00e8re int\u00e9grale<br \/>\n\u00b7Poches sur le c\u00f4t\u00e9 et \u00e0 l int\u00e9rieur<\/p>\n","protected":false},"excerpt":{"rendered":"<p>\u00b7Veste ext\u00e9rieure: \u00b7100% polyester (ripstop) \u00b7Coutures thermosoud\u00e9es, r\u00e9siste au vent et waterproof (3000 mm), respirant (3000 g\/m\u00b2 par 24h) \u00b7Capuche<\/p>\n","protected":false},"featured_media":454505,"comment_status":"open","ping_status":"closed","template":"","meta":[],"product_brand":[],"product_cat":[128,81],"product_tag":[85,95,94,84,808,737,86,93],"class_list":{"0":"post-454510","1":"product","2":"type-product","3":"status-publish","4":"has-post-thumbnail","6":"product_cat-meilleures-ventes","7":"product_cat-vestes","8":"product_tag-a-longue-manche","9":"product_tag-coupe-vent","10":"product_tag-impermeable","11":"product_tag-longue-manche","12":"product_tag-vestes-3-en-1","13":"product_tag-vestes-entre-saisons","14":"product_tag-vetements-dexterieur","15":"product_tag-waterresistant","16":"pa_couleur-black-black","17":"pa_couleur-navy-black","18":"pa_couleur-red-black","19":"pa_couleur-royal-black","20":"pa_details-fermeture-a-glissiere-complete","21":"pa_details-poche-poitrine","22":"pa_details-poches-de-cote-avec-fermeture-a-glissiere","23":"pa_details-raglan","24":"pa_details-vestes-chaudes","25":"pa_details-vestes-protegeant-du-vent-pluie","26":"pa_groupe-de-produits-acces-pour-la-decoration","27":"pa_groupe-de-produits-full-zip","28":"pa_groupe-de-produits-respirant","29":"pa_groupe-de-produits-vestes","30":"pa_manche-manches-longues","31":"pa_marque-result","32":"pa_numero-de-style-3080","33":"pa_poids-a-partir-de-220-g-m","34":"pa_sexe-produits-correspondants","35":"pa_taille-2xl","36":"pa_taille-3xl","37":"pa_taille-4xl","38":"pa_taille-l","39":"pa_taille-m","40":"pa_taille-s","41":"pa_taille-xl","42":"pa_tissu-polyester","44":"first","45":"instock","46":"taxable","47":"shipping-taxable","48":"purchasable","49":"product-type-variable"},"yoast_head":"<!-- This site is optimized with the Yoast SEO Premium plugin v20.9 (Yoast SEO v26.3) - https:\/\/yoast.com\/wordpress\/plugins\/seo\/ -->\n<title>3-in-1 Journey Jacket | Printwave FR<\/title>\n<meta name=\"robots\" content=\"index, follow, max-snippet:-1, max-image-preview:large, max-video-preview:-1\" \/>\n<link rel=\"canonical\" href=\"https:\/\/printwave.pl\/fr\/produkt\/3-in-1-journey-jacket\/\" \/>\n<meta property=\"og:locale\" content=\"fr_FR\" \/>\n<meta property=\"og:type\" content=\"article\" \/>\n<meta property=\"og:title\" content=\"3-in-1 Journey Jacket\" \/>\n<meta property=\"og:description\" content=\"\u00b7Veste ext\u00e9rieure: \u00b7100% polyester (ripstop) \u00b7Coutures thermosoud\u00e9es, r\u00e9siste au vent et waterproof (3000 mm), respirant (3000 g\/m\u00b2 par 24h) \u00b7Capuche\" \/>\n<meta property=\"og:url\" content=\"https:\/\/printwave.pl\/fr\/produkt\/3-in-1-journey-jacket\/\" \/>\n<meta property=\"og:site_name\" content=\"Printwave FR\" \/>\n<meta property=\"article:modified_time\" content=\"2026-02-22T03:47:25+00:00\" \/>\n<meta property=\"og:image\" content=\"https:\/\/printwave.pl\/fr\/wp-content\/uploads\/sites\/4\/2021\/07\/Print-Wave-logo-2025.png\" \/>\n\t<meta property=\"og:image:width\" content=\"1645\" \/>\n\t<meta property=\"og:image:height\" content=\"297\" \/>\n\t<meta property=\"og:image:type\" content=\"image\/png\" \/>\n<meta name=\"twitter:card\" content=\"summary_large_image\" \/>\n<script type=\"application\/ld+json\" class=\"yoast-schema-graph\">{\"@context\":\"https:\/\/schema.org\",\"@graph\":[{\"@type\":\"WebPage\",\"@id\":\"https:\/\/printwave.pl\/fr\/produkt\/3-in-1-journey-jacket\/\",\"url\":\"https:\/\/printwave.pl\/fr\/produkt\/3-in-1-journey-jacket\/\",\"name\":\"3-in-1 Journey Jacket | Printwave FR\",\"isPartOf\":{\"@id\":\"https:\/\/printwave.pl\/fr\/#website\"},\"primaryImageOfPage\":{\"@id\":\"https:\/\/printwave.pl\/fr\/produkt\/3-in-1-journey-jacket\/#primaryimage\"},\"image\":{\"@id\":\"https:\/\/printwave.pl\/fr\/produkt\/3-in-1-journey-jacket\/#primaryimage\"},\"thumbnailUrl\":\"https:\/\/printwave.pl\/fr\/wp-content\/uploads\/sites\/4\/2025\/01\/853_33_240_m-2023_01.jpg\",\"datePublished\":\"2025-01-24T16:32:52+00:00\",\"dateModified\":\"2026-02-22T03:47:25+00:00\",\"breadcrumb\":{\"@id\":\"https:\/\/printwave.pl\/fr\/produkt\/3-in-1-journey-jacket\/#breadcrumb\"},\"inLanguage\":\"fr-FR\",\"potentialAction\":[{\"@type\":\"ReadAction\",\"target\":[\"https:\/\/printwave.pl\/fr\/produkt\/3-in-1-journey-jacket\/\"]}]},{\"@type\":\"ImageObject\",\"inLanguage\":\"fr-FR\",\"@id\":\"https:\/\/printwave.pl\/fr\/produkt\/3-in-1-journey-jacket\/#primaryimage\",\"url\":\"https:\/\/printwave.pl\/fr\/wp-content\/uploads\/sites\/4\/2025\/01\/853_33_240_m-2023_01.jpg\",\"contentUrl\":\"https:\/\/printwave.pl\/fr\/wp-content\/uploads\/sites\/4\/2025\/01\/853_33_240_m-2023_01.jpg\",\"width\":1024,\"height\":1304},{\"@type\":\"BreadcrumbList\",\"@id\":\"https:\/\/printwave.pl\/fr\/produkt\/3-in-1-journey-jacket\/#breadcrumb\",\"itemListElement\":[{\"@type\":\"ListItem\",\"position\":1,\"name\":\"Accueil\",\"item\":\"https:\/\/printwave.pl\/fr\/\"},{\"@type\":\"ListItem\",\"position\":2,\"name\":\"Boutique\",\"item\":\"https:\/\/printwave.pl\/fr\/boutique\/\"},{\"@type\":\"ListItem\",\"position\":3,\"name\":\"3-in-1 Journey Jacket\"}]},{\"@type\":\"WebSite\",\"@id\":\"https:\/\/printwave.pl\/fr\/#website\",\"url\":\"https:\/\/printwave.pl\/fr\/\",\"name\":\"Printwave\",\"description\":\"Votre fournisseur de v\u00eatements promotionnels et d&#039;entreprise en Pologne\",\"potentialAction\":[{\"@type\":\"SearchAction\",\"target\":{\"@type\":\"EntryPoint\",\"urlTemplate\":\"https:\/\/printwave.pl\/fr\/?s={search_term_string}\"},\"query-input\":{\"@type\":\"PropertyValueSpecification\",\"valueRequired\":true,\"valueName\":\"search_term_string\"}}],\"inLanguage\":\"fr-FR\"}]}<\/script>\n<!-- \/ Yoast SEO Premium plugin. -->","yoast_head_json":{"title":"3-in-1 Journey Jacket | Printwave FR","robots":{"index":"index","follow":"follow","max-snippet":"max-snippet:-1","max-image-preview":"max-image-preview:large","max-video-preview":"max-video-preview:-1"},"canonical":"https:\/\/printwave.pl\/fr\/produkt\/3-in-1-journey-jacket\/","og_locale":"fr_FR","og_type":"article","og_title":"3-in-1 Journey Jacket","og_description":"\u00b7Veste ext\u00e9rieure: \u00b7100% polyester (ripstop) \u00b7Coutures thermosoud\u00e9es, r\u00e9siste au vent et waterproof (3000 mm), respirant (3000 g\/m\u00b2 par 24h) \u00b7Capuche","og_url":"https:\/\/printwave.pl\/fr\/produkt\/3-in-1-journey-jacket\/","og_site_name":"Printwave FR","article_modified_time":"2026-02-22T03:47:25+00:00","og_image":[{"width":1645,"height":297,"url":"https:\/\/printwave.pl\/fr\/wp-content\/uploads\/sites\/4\/2021\/07\/Print-Wave-logo-2025.png","type":"image\/png"}],"twitter_card":"summary_large_image","schema":{"@context":"https:\/\/schema.org","@graph":[{"@type":"WebPage","@id":"https:\/\/printwave.pl\/fr\/produkt\/3-in-1-journey-jacket\/","url":"https:\/\/printwave.pl\/fr\/produkt\/3-in-1-journey-jacket\/","name":"3-in-1 Journey Jacket | Printwave FR","isPartOf":{"@id":"https:\/\/printwave.pl\/fr\/#website"},"primaryImageOfPage":{"@id":"https:\/\/printwave.pl\/fr\/produkt\/3-in-1-journey-jacket\/#primaryimage"},"image":{"@id":"https:\/\/printwave.pl\/fr\/produkt\/3-in-1-journey-jacket\/#primaryimage"},"thumbnailUrl":"https:\/\/printwave.pl\/fr\/wp-content\/uploads\/sites\/4\/2025\/01\/853_33_240_m-2023_01.jpg","datePublished":"2025-01-24T16:32:52+00:00","dateModified":"2026-02-22T03:47:25+00:00","breadcrumb":{"@id":"https:\/\/printwave.pl\/fr\/produkt\/3-in-1-journey-jacket\/#breadcrumb"},"inLanguage":"fr-FR","potentialAction":[{"@type":"ReadAction","target":["https:\/\/printwave.pl\/fr\/produkt\/3-in-1-journey-jacket\/"]}]},{"@type":"ImageObject","inLanguage":"fr-FR","@id":"https:\/\/printwave.pl\/fr\/produkt\/3-in-1-journey-jacket\/#primaryimage","url":"https:\/\/printwave.pl\/fr\/wp-content\/uploads\/sites\/4\/2025\/01\/853_33_240_m-2023_01.jpg","contentUrl":"https:\/\/printwave.pl\/fr\/wp-content\/uploads\/sites\/4\/2025\/01\/853_33_240_m-2023_01.jpg","width":1024,"height":1304},{"@type":"BreadcrumbList","@id":"https:\/\/printwave.pl\/fr\/produkt\/3-in-1-journey-jacket\/#breadcrumb","itemListElement":[{"@type":"ListItem","position":1,"name":"Accueil","item":"https:\/\/printwave.pl\/fr\/"},{"@type":"ListItem","position":2,"name":"Boutique","item":"https:\/\/printwave.pl\/fr\/boutique\/"},{"@type":"ListItem","position":3,"name":"3-in-1 Journey Jacket"}]},{"@type":"WebSite","@id":"https:\/\/printwave.pl\/fr\/#website","url":"https:\/\/printwave.pl\/fr\/","name":"Printwave","description":"Votre fournisseur de v\u00eatements promotionnels et d&#039;entreprise en Pologne","potentialAction":[{"@type":"SearchAction","target":{"@type":"EntryPoint","urlTemplate":"https:\/\/printwave.pl\/fr\/?s={search_term_string}"},"query-input":{"@type":"PropertyValueSpecification","valueRequired":true,"valueName":"search_term_string"}}],"inLanguage":"fr-FR"}]}},"_links":{"self":[{"href":"https:\/\/printwave.pl\/fr\/wp-json\/wp\/v2\/product\/454510","targetHints":{"allow":["GET"]}}],"collection":[{"href":"https:\/\/printwave.pl\/fr\/wp-json\/wp\/v2\/product"}],"about":[{"href":"https:\/\/printwave.pl\/fr\/wp-json\/wp\/v2\/types\/product"}],"replies":[{"embeddable":true,"href":"https:\/\/printwave.pl\/fr\/wp-json\/wp\/v2\/comments?post=454510"}],"wp:featuredmedia":[{"embeddable":true,"href":"https:\/\/printwave.pl\/fr\/wp-json\/wp\/v2\/media\/454505"}],"wp:attachment":[{"href":"https:\/\/printwave.pl\/fr\/wp-json\/wp\/v2\/media?parent=454510"}],"wp:term":[{"taxonomy":"product_brand","embeddable":true,"href":"https:\/\/printwave.pl\/fr\/wp-json\/wp\/v2\/product_brand?post=454510"},{"taxonomy":"product_cat","embeddable":true,"href":"https:\/\/printwave.pl\/fr\/wp-json\/wp\/v2\/product_cat?post=454510"},{"taxonomy":"product_tag","embeddable":true,"href":"https:\/\/printwave.pl\/fr\/wp-json\/wp\/v2\/product_tag?post=454510"}],"curies":[{"name":"wp","href":"https:\/\/api.w.org\/{rel}","templated":true}]}}