{"id":454014,"date":"2025-01-24T17:20:06","date_gmt":"2025-01-24T16:20:06","guid":{"rendered":"https:\/\/printwave.pl\/fr\/produkt\/junior-reversible-stormproof-jacket\/"},"modified":"2026-02-22T04:46:31","modified_gmt":"2026-02-22T03:46:31","slug":"junior-reversible-stormproof-jacket","status":"publish","type":"product","link":"https:\/\/printwave.pl\/fr\/produkt\/junior-reversible-stormproof-jacket\/","title":{"rendered":"Junior Reversible Stormproof Jacket"},"content":{"rendered":"<p>\u00b7200 g\/m\u00b2<br \/>\n\u00b7100% polyester recycl\u00e9<br \/>\n\u00b7Int\u00e9rieur : 280 g\/m\u00b2, 100% polyester (polaire anti-boulochage)<br \/>\n\u00b7r\u00e9siste au vent et waterproof (4.000 mm)<br \/>\n\u00b7coutures soud\u00e9es<br \/>\n\u00b7capuche dans le col (avec fermeture \u00e0 glissi\u00e8re)<br \/>\n\u00b7fermeture \u00e0 glissi\u00e8re compl\u00e8te double sens<br \/>\n\u00b7poignets \u00e9lastiqu\u00e9s<br \/>\n\u00b7poches de c\u00f4t\u00e9 avec fermeture \u00e0 glissi\u00e8re, \u00e9tiquette pour nom et classe<br \/>\n\u00b7acc\u00e8s ais\u00e9 \u00e0 la base<br \/>\n\u00b7convient pour la broderie, l&rsquo;impression, le transfert num\u00e9rique et le transfert \u00e0 l&rsquo;ext et la broderie et le transfert num\u00e9rique \u00e0 l&rsquo;int<br \/>\n\u00b7COULEURS NON SUIVIES : 4 couleurs sont retir\u00e9es de la collection Falk&amp;Ross (elles sont toujours suivies par la marque).<\/p>\n","protected":false},"excerpt":{"rendered":"<p>\u00b7200 g\/m\u00b2 \u00b7100% polyester recycl\u00e9 \u00b7Int\u00e9rieur : 280 g\/m\u00b2, 100% polyester (polaire anti-boulochage) \u00b7r\u00e9siste au vent et waterproof (4.000 mm)<\/p>\n","protected":false},"featured_media":454008,"comment_status":"open","ping_status":"closed","template":"","meta":[],"product_brand":[],"product_cat":[80,301,81],"product_tag":[82,85,88,83,92,95,84,90,751,752,798,86,93],"class_list":{"0":"post-454014","1":"product","2":"type-product","3":"status-publish","4":"has-post-thumbnail","6":"product_cat-enfants","7":"product_cat-polaires","8":"product_cat-vestes","9":"product_tag-3m","10":"product_tag-a-longue-manche","11":"product_tag-affaires-de-pluie","12":"product_tag-chapeau","13":"product_tag-col-montant","14":"product_tag-coupe-vent","15":"product_tag-longue-manche","16":"product_tag-vestes-de-pluie","17":"product_tag-vestes-en-polaire","18":"product_tag-vestes-polaire","19":"product_tag-vestes-reversibles","20":"product_tag-vetements-dexterieur","21":"product_tag-waterresistant","22":"pa_couleur-black-grey","23":"pa_couleur-bottle-bottle","24":"pa_couleur-brown-brown","25":"pa_couleur-burgundy-burgundy","26":"pa_couleur-navy-navy","27":"pa_couleur-purple-purple","28":"pa_couleur-red-navy","29":"pa_couleur-royal-navy","30":"pa_details-xs","31":"pa_details-poches-de-cote-avec-fermeture-a-glissiere","32":"pa_details-vestes-chaudes","33":"pa_groupe-de-produits-acces-pour-la-decoration","34":"pa_groupe-de-produits-full-zip","35":"pa_groupe-de-produits-vestes","36":"pa_manche-manches-longues","37":"pa_marque-result","38":"pa_numero-de-style-3073","39":"pa_poids-a-partir-de-220-g-m","40":"pa_sexe-enfants","41":"pa_taille-2xl-13-14","42":"pa_taille-2xs-2-3","43":"pa_taille-l-9-10","44":"pa_taille-m-7-8","45":"pa_taille-s-5-6","46":"pa_taille-xl-11-12","47":"pa_taille-xs-3-4","48":"pa_tissu-polyester","50":"first","51":"instock","52":"taxable","53":"shipping-taxable","54":"purchasable","55":"product-type-variable"},"yoast_head":"<!-- This site is optimized with the Yoast SEO Premium plugin v20.9 (Yoast SEO v26.3) - https:\/\/yoast.com\/wordpress\/plugins\/seo\/ -->\n<title>Junior Reversible Stormproof Jacket | Printwave FR<\/title>\n<meta name=\"robots\" content=\"index, follow, max-snippet:-1, max-image-preview:large, max-video-preview:-1\" \/>\n<link rel=\"canonical\" href=\"https:\/\/printwave.pl\/fr\/produkt\/junior-reversible-stormproof-jacket\/\" \/>\n<meta property=\"og:locale\" content=\"fr_FR\" \/>\n<meta property=\"og:type\" content=\"article\" \/>\n<meta property=\"og:title\" content=\"Junior Reversible Stormproof Jacket\" \/>\n<meta property=\"og:description\" content=\"\u00b7200 g\/m\u00b2 \u00b7100% polyester recycl\u00e9 \u00b7Int\u00e9rieur : 280 g\/m\u00b2, 100% polyester (polaire anti-boulochage) \u00b7r\u00e9siste au vent et waterproof (4.000 mm)\" \/>\n<meta property=\"og:url\" content=\"https:\/\/printwave.pl\/fr\/produkt\/junior-reversible-stormproof-jacket\/\" \/>\n<meta property=\"og:site_name\" content=\"Printwave FR\" \/>\n<meta property=\"article:modified_time\" content=\"2026-02-22T03:46:31+00:00\" \/>\n<meta property=\"og:image\" content=\"https:\/\/printwave.pl\/fr\/wp-content\/uploads\/sites\/4\/2025\/01\/860_33_248_m-2023_02.jpg\" \/>\n\t<meta property=\"og:image:width\" content=\"1024\" \/>\n\t<meta property=\"og:image:height\" content=\"1304\" \/>\n\t<meta property=\"og:image:type\" content=\"image\/jpeg\" \/>\n<meta name=\"twitter:card\" content=\"summary_large_image\" \/>\n<script type=\"application\/ld+json\" class=\"yoast-schema-graph\">{\"@context\":\"https:\/\/schema.org\",\"@graph\":[{\"@type\":\"WebPage\",\"@id\":\"https:\/\/printwave.pl\/fr\/produkt\/junior-reversible-stormproof-jacket\/\",\"url\":\"https:\/\/printwave.pl\/fr\/produkt\/junior-reversible-stormproof-jacket\/\",\"name\":\"Junior Reversible Stormproof Jacket | Printwave FR\",\"isPartOf\":{\"@id\":\"https:\/\/printwave.pl\/fr\/#website\"},\"primaryImageOfPage\":{\"@id\":\"https:\/\/printwave.pl\/fr\/produkt\/junior-reversible-stormproof-jacket\/#primaryimage\"},\"image\":{\"@id\":\"https:\/\/printwave.pl\/fr\/produkt\/junior-reversible-stormproof-jacket\/#primaryimage\"},\"thumbnailUrl\":\"https:\/\/printwave.pl\/fr\/wp-content\/uploads\/sites\/4\/2025\/01\/860_33_248_m-2023_02.jpg\",\"datePublished\":\"2025-01-24T16:20:06+00:00\",\"dateModified\":\"2026-02-22T03:46:31+00:00\",\"breadcrumb\":{\"@id\":\"https:\/\/printwave.pl\/fr\/produkt\/junior-reversible-stormproof-jacket\/#breadcrumb\"},\"inLanguage\":\"fr-FR\",\"potentialAction\":[{\"@type\":\"ReadAction\",\"target\":[\"https:\/\/printwave.pl\/fr\/produkt\/junior-reversible-stormproof-jacket\/\"]}]},{\"@type\":\"ImageObject\",\"inLanguage\":\"fr-FR\",\"@id\":\"https:\/\/printwave.pl\/fr\/produkt\/junior-reversible-stormproof-jacket\/#primaryimage\",\"url\":\"https:\/\/printwave.pl\/fr\/wp-content\/uploads\/sites\/4\/2025\/01\/860_33_248_m-2023_02.jpg\",\"contentUrl\":\"https:\/\/printwave.pl\/fr\/wp-content\/uploads\/sites\/4\/2025\/01\/860_33_248_m-2023_02.jpg\",\"width\":1024,\"height\":1304},{\"@type\":\"BreadcrumbList\",\"@id\":\"https:\/\/printwave.pl\/fr\/produkt\/junior-reversible-stormproof-jacket\/#breadcrumb\",\"itemListElement\":[{\"@type\":\"ListItem\",\"position\":1,\"name\":\"Accueil\",\"item\":\"https:\/\/printwave.pl\/fr\/\"},{\"@type\":\"ListItem\",\"position\":2,\"name\":\"Boutique\",\"item\":\"https:\/\/printwave.pl\/fr\/boutique\/\"},{\"@type\":\"ListItem\",\"position\":3,\"name\":\"Junior Reversible Stormproof Jacket\"}]},{\"@type\":\"WebSite\",\"@id\":\"https:\/\/printwave.pl\/fr\/#website\",\"url\":\"https:\/\/printwave.pl\/fr\/\",\"name\":\"Printwave\",\"description\":\"Votre fournisseur de v\u00eatements promotionnels et d&#039;entreprise en Pologne\",\"potentialAction\":[{\"@type\":\"SearchAction\",\"target\":{\"@type\":\"EntryPoint\",\"urlTemplate\":\"https:\/\/printwave.pl\/fr\/?s={search_term_string}\"},\"query-input\":{\"@type\":\"PropertyValueSpecification\",\"valueRequired\":true,\"valueName\":\"search_term_string\"}}],\"inLanguage\":\"fr-FR\"}]}<\/script>\n<!-- \/ Yoast SEO Premium plugin. -->","yoast_head_json":{"title":"Junior Reversible Stormproof Jacket | Printwave FR","robots":{"index":"index","follow":"follow","max-snippet":"max-snippet:-1","max-image-preview":"max-image-preview:large","max-video-preview":"max-video-preview:-1"},"canonical":"https:\/\/printwave.pl\/fr\/produkt\/junior-reversible-stormproof-jacket\/","og_locale":"fr_FR","og_type":"article","og_title":"Junior Reversible Stormproof Jacket","og_description":"\u00b7200 g\/m\u00b2 \u00b7100% polyester recycl\u00e9 \u00b7Int\u00e9rieur : 280 g\/m\u00b2, 100% polyester (polaire anti-boulochage) \u00b7r\u00e9siste au vent et waterproof (4.000 mm)","og_url":"https:\/\/printwave.pl\/fr\/produkt\/junior-reversible-stormproof-jacket\/","og_site_name":"Printwave FR","article_modified_time":"2026-02-22T03:46:31+00:00","og_image":[{"width":1024,"height":1304,"url":"https:\/\/printwave.pl\/fr\/wp-content\/uploads\/sites\/4\/2025\/01\/860_33_248_m-2023_02.jpg","type":"image\/jpeg"}],"twitter_card":"summary_large_image","schema":{"@context":"https:\/\/schema.org","@graph":[{"@type":"WebPage","@id":"https:\/\/printwave.pl\/fr\/produkt\/junior-reversible-stormproof-jacket\/","url":"https:\/\/printwave.pl\/fr\/produkt\/junior-reversible-stormproof-jacket\/","name":"Junior Reversible Stormproof Jacket | Printwave FR","isPartOf":{"@id":"https:\/\/printwave.pl\/fr\/#website"},"primaryImageOfPage":{"@id":"https:\/\/printwave.pl\/fr\/produkt\/junior-reversible-stormproof-jacket\/#primaryimage"},"image":{"@id":"https:\/\/printwave.pl\/fr\/produkt\/junior-reversible-stormproof-jacket\/#primaryimage"},"thumbnailUrl":"https:\/\/printwave.pl\/fr\/wp-content\/uploads\/sites\/4\/2025\/01\/860_33_248_m-2023_02.jpg","datePublished":"2025-01-24T16:20:06+00:00","dateModified":"2026-02-22T03:46:31+00:00","breadcrumb":{"@id":"https:\/\/printwave.pl\/fr\/produkt\/junior-reversible-stormproof-jacket\/#breadcrumb"},"inLanguage":"fr-FR","potentialAction":[{"@type":"ReadAction","target":["https:\/\/printwave.pl\/fr\/produkt\/junior-reversible-stormproof-jacket\/"]}]},{"@type":"ImageObject","inLanguage":"fr-FR","@id":"https:\/\/printwave.pl\/fr\/produkt\/junior-reversible-stormproof-jacket\/#primaryimage","url":"https:\/\/printwave.pl\/fr\/wp-content\/uploads\/sites\/4\/2025\/01\/860_33_248_m-2023_02.jpg","contentUrl":"https:\/\/printwave.pl\/fr\/wp-content\/uploads\/sites\/4\/2025\/01\/860_33_248_m-2023_02.jpg","width":1024,"height":1304},{"@type":"BreadcrumbList","@id":"https:\/\/printwave.pl\/fr\/produkt\/junior-reversible-stormproof-jacket\/#breadcrumb","itemListElement":[{"@type":"ListItem","position":1,"name":"Accueil","item":"https:\/\/printwave.pl\/fr\/"},{"@type":"ListItem","position":2,"name":"Boutique","item":"https:\/\/printwave.pl\/fr\/boutique\/"},{"@type":"ListItem","position":3,"name":"Junior Reversible Stormproof Jacket"}]},{"@type":"WebSite","@id":"https:\/\/printwave.pl\/fr\/#website","url":"https:\/\/printwave.pl\/fr\/","name":"Printwave","description":"Votre fournisseur de v\u00eatements promotionnels et d&#039;entreprise en Pologne","potentialAction":[{"@type":"SearchAction","target":{"@type":"EntryPoint","urlTemplate":"https:\/\/printwave.pl\/fr\/?s={search_term_string}"},"query-input":{"@type":"PropertyValueSpecification","valueRequired":true,"valueName":"search_term_string"}}],"inLanguage":"fr-FR"}]}},"_links":{"self":[{"href":"https:\/\/printwave.pl\/fr\/wp-json\/wp\/v2\/product\/454014","targetHints":{"allow":["GET"]}}],"collection":[{"href":"https:\/\/printwave.pl\/fr\/wp-json\/wp\/v2\/product"}],"about":[{"href":"https:\/\/printwave.pl\/fr\/wp-json\/wp\/v2\/types\/product"}],"replies":[{"embeddable":true,"href":"https:\/\/printwave.pl\/fr\/wp-json\/wp\/v2\/comments?post=454014"}],"wp:featuredmedia":[{"embeddable":true,"href":"https:\/\/printwave.pl\/fr\/wp-json\/wp\/v2\/media\/454008"}],"wp:attachment":[{"href":"https:\/\/printwave.pl\/fr\/wp-json\/wp\/v2\/media?parent=454014"}],"wp:term":[{"taxonomy":"product_brand","embeddable":true,"href":"https:\/\/printwave.pl\/fr\/wp-json\/wp\/v2\/product_brand?post=454014"},{"taxonomy":"product_cat","embeddable":true,"href":"https:\/\/printwave.pl\/fr\/wp-json\/wp\/v2\/product_cat?post=454014"},{"taxonomy":"product_tag","embeddable":true,"href":"https:\/\/printwave.pl\/fr\/wp-json\/wp\/v2\/product_tag?post=454014"}],"curies":[{"name":"wp","href":"https:\/\/api.w.org\/{rel}","templated":true}]}}