{"id":453919,"date":"2025-01-24T17:17:26","date_gmt":"2025-01-24T16:17:26","guid":{"rendered":"https:\/\/printwave.pl\/fr\/produkt\/micropolaire-securite\/"},"modified":"2026-02-22T04:46:16","modified_gmt":"2026-02-22T03:46:16","slug":"micropolaire-securite","status":"publish","type":"product","link":"https:\/\/printwave.pl\/fr\/produkt\/micropolaire-securite\/","title":{"rendered":"Micropolaire S\u00e9curit\u00e9"},"content":{"rendered":"<p>\u00b7280 g\/m\u00b2<br \/>\n\u00b7100% polyester<br \/>\n\u00b7EN ISO 20471:2013, classe 2<br \/>\n\u00b7Col debout<br \/>\n\u00b7\u00c9tiquette d\u00e9tachable<br \/>\n\u00b7Poches lat\u00e9rales zipp\u00e9es<br \/>\n\u00b7Rayures r\u00e9fl\u00e9chissantes sur les \u00e9paules, le corps et les manches<br \/>\n\u00b7Panneaux de contraste gris Workguard<br \/>\n\u00b7Taille large<br \/>\n\u00b7GO\/RT 3279 NUMERO 8: 2013, classe 2 (Hi-Vis Orange).<\/p>\n","protected":false},"excerpt":{"rendered":"<p>\u00b7280 g\/m\u00b2 \u00b7100% polyester \u00b7EN ISO 20471:2013, classe 2 \u00b7Col debout \u00b7\u00c9tiquette d\u00e9tachable \u00b7Poches lat\u00e9rales zipp\u00e9es \u00b7Rayures r\u00e9fl\u00e9chissantes sur les<\/p>\n","protected":false},"featured_media":453916,"comment_status":"open","ping_status":"closed","template":"","meta":[],"product_brand":[],"product_cat":[301,112,81,43,282],"product_tag":[],"class_list":{"0":"post-453919","1":"product","2":"type-product","3":"status-publish","4":"has-post-thumbnail","6":"product_cat-polaires","7":"product_cat-sans-etiquette","8":"product_cat-vestes","9":"product_cat-vetements-de-travail","10":"product_cat-vetements-haute-visibilite","11":"pa_couleur-fluo-orange-grey","12":"pa_couleur-fluo-yellow-grey","13":"pa_details-hi-vis","14":"pa_details-poches-de-cote-avec-fermeture-a-glissiere","15":"pa_groupe-de-produits-4xl-et-plus","16":"pa_groupe-de-produits-full-zip","17":"pa_groupe-de-produits-polaires","18":"pa_groupe-de-produits-vetements-de-travail","19":"pa_groupe-de-produits-vetements-fluorescents","20":"pa_manche-manches-longues","21":"pa_marque-result-safe-guard","22":"pa_numero-de-style-3071","23":"pa_poids-a-partir-de-220-g-m","24":"pa_sexe-unisexe","25":"pa_taille-2xl","26":"pa_taille-3xl","27":"pa_taille-4xl","28":"pa_taille-l","29":"pa_taille-m","30":"pa_taille-s","31":"pa_taille-xl","32":"pa_tissu-polyester","34":"first","35":"instock","36":"taxable","37":"shipping-taxable","38":"purchasable","39":"product-type-variable"},"yoast_head":"<!-- This site is optimized with the Yoast SEO Premium plugin v20.9 (Yoast SEO v26.3) - https:\/\/yoast.com\/wordpress\/plugins\/seo\/ -->\n<title>Micropolaire S\u00e9curit\u00e9 | Printwave FR<\/title>\n<meta name=\"robots\" content=\"index, follow, max-snippet:-1, max-image-preview:large, max-video-preview:-1\" \/>\n<link rel=\"canonical\" href=\"https:\/\/printwave.pl\/fr\/produkt\/micropolaire-securite\/\" \/>\n<meta property=\"og:locale\" content=\"fr_FR\" \/>\n<meta property=\"og:type\" content=\"article\" \/>\n<meta property=\"og:title\" content=\"Micropolaire S\u00e9curit\u00e9\" \/>\n<meta property=\"og:description\" content=\"\u00b7280 g\/m\u00b2 \u00b7100% polyester \u00b7EN ISO 20471:2013, classe 2 \u00b7Col debout \u00b7\u00c9tiquette d\u00e9tachable \u00b7Poches lat\u00e9rales zipp\u00e9es \u00b7Rayures r\u00e9fl\u00e9chissantes sur les\" \/>\n<meta property=\"og:url\" content=\"https:\/\/printwave.pl\/fr\/produkt\/micropolaire-securite\/\" \/>\n<meta property=\"og:site_name\" content=\"Printwave FR\" \/>\n<meta property=\"article:modified_time\" content=\"2026-02-22T03:46:16+00:00\" \/>\n<meta property=\"og:image\" content=\"https:\/\/printwave.pl\/fr\/wp-content\/uploads\/sites\/4\/2021\/07\/Print-Wave-logo-2025.png\" \/>\n\t<meta property=\"og:image:width\" content=\"1645\" \/>\n\t<meta property=\"og:image:height\" content=\"297\" \/>\n\t<meta property=\"og:image:type\" content=\"image\/png\" \/>\n<meta name=\"twitter:card\" content=\"summary_large_image\" \/>\n<script type=\"application\/ld+json\" class=\"yoast-schema-graph\">{\"@context\":\"https:\/\/schema.org\",\"@graph\":[{\"@type\":\"WebPage\",\"@id\":\"https:\/\/printwave.pl\/fr\/produkt\/micropolaire-securite\/\",\"url\":\"https:\/\/printwave.pl\/fr\/produkt\/micropolaire-securite\/\",\"name\":\"Micropolaire S\u00e9curit\u00e9 | Printwave FR\",\"isPartOf\":{\"@id\":\"https:\/\/printwave.pl\/fr\/#website\"},\"primaryImageOfPage\":{\"@id\":\"https:\/\/printwave.pl\/fr\/produkt\/micropolaire-securite\/#primaryimage\"},\"image\":{\"@id\":\"https:\/\/printwave.pl\/fr\/produkt\/micropolaire-securite\/#primaryimage\"},\"thumbnailUrl\":\"https:\/\/printwave.pl\/fr\/wp-content\/uploads\/sites\/4\/2025\/01\/862_33_675_m-2017_02.jpg\",\"datePublished\":\"2025-01-24T16:17:26+00:00\",\"dateModified\":\"2026-02-22T03:46:16+00:00\",\"breadcrumb\":{\"@id\":\"https:\/\/printwave.pl\/fr\/produkt\/micropolaire-securite\/#breadcrumb\"},\"inLanguage\":\"fr-FR\",\"potentialAction\":[{\"@type\":\"ReadAction\",\"target\":[\"https:\/\/printwave.pl\/fr\/produkt\/micropolaire-securite\/\"]}]},{\"@type\":\"ImageObject\",\"inLanguage\":\"fr-FR\",\"@id\":\"https:\/\/printwave.pl\/fr\/produkt\/micropolaire-securite\/#primaryimage\",\"url\":\"https:\/\/printwave.pl\/fr\/wp-content\/uploads\/sites\/4\/2025\/01\/862_33_675_m-2017_02.jpg\",\"contentUrl\":\"https:\/\/printwave.pl\/fr\/wp-content\/uploads\/sites\/4\/2025\/01\/862_33_675_m-2017_02.jpg\",\"width\":1024,\"height\":1304},{\"@type\":\"BreadcrumbList\",\"@id\":\"https:\/\/printwave.pl\/fr\/produkt\/micropolaire-securite\/#breadcrumb\",\"itemListElement\":[{\"@type\":\"ListItem\",\"position\":1,\"name\":\"Accueil\",\"item\":\"https:\/\/printwave.pl\/fr\/\"},{\"@type\":\"ListItem\",\"position\":2,\"name\":\"Boutique\",\"item\":\"https:\/\/printwave.pl\/fr\/boutique\/\"},{\"@type\":\"ListItem\",\"position\":3,\"name\":\"Micropolaire S\u00e9curit\u00e9\"}]},{\"@type\":\"WebSite\",\"@id\":\"https:\/\/printwave.pl\/fr\/#website\",\"url\":\"https:\/\/printwave.pl\/fr\/\",\"name\":\"Printwave\",\"description\":\"Votre fournisseur de v\u00eatements promotionnels et d&#039;entreprise en Pologne\",\"potentialAction\":[{\"@type\":\"SearchAction\",\"target\":{\"@type\":\"EntryPoint\",\"urlTemplate\":\"https:\/\/printwave.pl\/fr\/?s={search_term_string}\"},\"query-input\":{\"@type\":\"PropertyValueSpecification\",\"valueRequired\":true,\"valueName\":\"search_term_string\"}}],\"inLanguage\":\"fr-FR\"}]}<\/script>\n<!-- \/ Yoast SEO Premium plugin. -->","yoast_head_json":{"title":"Micropolaire S\u00e9curit\u00e9 | Printwave FR","robots":{"index":"index","follow":"follow","max-snippet":"max-snippet:-1","max-image-preview":"max-image-preview:large","max-video-preview":"max-video-preview:-1"},"canonical":"https:\/\/printwave.pl\/fr\/produkt\/micropolaire-securite\/","og_locale":"fr_FR","og_type":"article","og_title":"Micropolaire S\u00e9curit\u00e9","og_description":"\u00b7280 g\/m\u00b2 \u00b7100% polyester \u00b7EN ISO 20471:2013, classe 2 \u00b7Col debout \u00b7\u00c9tiquette d\u00e9tachable \u00b7Poches lat\u00e9rales zipp\u00e9es \u00b7Rayures r\u00e9fl\u00e9chissantes sur les","og_url":"https:\/\/printwave.pl\/fr\/produkt\/micropolaire-securite\/","og_site_name":"Printwave FR","article_modified_time":"2026-02-22T03:46:16+00:00","og_image":[{"width":1645,"height":297,"url":"https:\/\/printwave.pl\/fr\/wp-content\/uploads\/sites\/4\/2021\/07\/Print-Wave-logo-2025.png","type":"image\/png"}],"twitter_card":"summary_large_image","schema":{"@context":"https:\/\/schema.org","@graph":[{"@type":"WebPage","@id":"https:\/\/printwave.pl\/fr\/produkt\/micropolaire-securite\/","url":"https:\/\/printwave.pl\/fr\/produkt\/micropolaire-securite\/","name":"Micropolaire S\u00e9curit\u00e9 | Printwave FR","isPartOf":{"@id":"https:\/\/printwave.pl\/fr\/#website"},"primaryImageOfPage":{"@id":"https:\/\/printwave.pl\/fr\/produkt\/micropolaire-securite\/#primaryimage"},"image":{"@id":"https:\/\/printwave.pl\/fr\/produkt\/micropolaire-securite\/#primaryimage"},"thumbnailUrl":"https:\/\/printwave.pl\/fr\/wp-content\/uploads\/sites\/4\/2025\/01\/862_33_675_m-2017_02.jpg","datePublished":"2025-01-24T16:17:26+00:00","dateModified":"2026-02-22T03:46:16+00:00","breadcrumb":{"@id":"https:\/\/printwave.pl\/fr\/produkt\/micropolaire-securite\/#breadcrumb"},"inLanguage":"fr-FR","potentialAction":[{"@type":"ReadAction","target":["https:\/\/printwave.pl\/fr\/produkt\/micropolaire-securite\/"]}]},{"@type":"ImageObject","inLanguage":"fr-FR","@id":"https:\/\/printwave.pl\/fr\/produkt\/micropolaire-securite\/#primaryimage","url":"https:\/\/printwave.pl\/fr\/wp-content\/uploads\/sites\/4\/2025\/01\/862_33_675_m-2017_02.jpg","contentUrl":"https:\/\/printwave.pl\/fr\/wp-content\/uploads\/sites\/4\/2025\/01\/862_33_675_m-2017_02.jpg","width":1024,"height":1304},{"@type":"BreadcrumbList","@id":"https:\/\/printwave.pl\/fr\/produkt\/micropolaire-securite\/#breadcrumb","itemListElement":[{"@type":"ListItem","position":1,"name":"Accueil","item":"https:\/\/printwave.pl\/fr\/"},{"@type":"ListItem","position":2,"name":"Boutique","item":"https:\/\/printwave.pl\/fr\/boutique\/"},{"@type":"ListItem","position":3,"name":"Micropolaire S\u00e9curit\u00e9"}]},{"@type":"WebSite","@id":"https:\/\/printwave.pl\/fr\/#website","url":"https:\/\/printwave.pl\/fr\/","name":"Printwave","description":"Votre fournisseur de v\u00eatements promotionnels et d&#039;entreprise en Pologne","potentialAction":[{"@type":"SearchAction","target":{"@type":"EntryPoint","urlTemplate":"https:\/\/printwave.pl\/fr\/?s={search_term_string}"},"query-input":{"@type":"PropertyValueSpecification","valueRequired":true,"valueName":"search_term_string"}}],"inLanguage":"fr-FR"}]}},"_links":{"self":[{"href":"https:\/\/printwave.pl\/fr\/wp-json\/wp\/v2\/product\/453919","targetHints":{"allow":["GET"]}}],"collection":[{"href":"https:\/\/printwave.pl\/fr\/wp-json\/wp\/v2\/product"}],"about":[{"href":"https:\/\/printwave.pl\/fr\/wp-json\/wp\/v2\/types\/product"}],"replies":[{"embeddable":true,"href":"https:\/\/printwave.pl\/fr\/wp-json\/wp\/v2\/comments?post=453919"}],"wp:featuredmedia":[{"embeddable":true,"href":"https:\/\/printwave.pl\/fr\/wp-json\/wp\/v2\/media\/453916"}],"wp:attachment":[{"href":"https:\/\/printwave.pl\/fr\/wp-json\/wp\/v2\/media?parent=453919"}],"wp:term":[{"taxonomy":"product_brand","embeddable":true,"href":"https:\/\/printwave.pl\/fr\/wp-json\/wp\/v2\/product_brand?post=453919"},{"taxonomy":"product_cat","embeddable":true,"href":"https:\/\/printwave.pl\/fr\/wp-json\/wp\/v2\/product_cat?post=453919"},{"taxonomy":"product_tag","embeddable":true,"href":"https:\/\/printwave.pl\/fr\/wp-json\/wp\/v2\/product_tag?post=453919"}],"curies":[{"name":"wp","href":"https:\/\/api.w.org\/{rel}","templated":true}]}}