{"id":453386,"date":"2025-01-24T17:03:22","date_gmt":"2025-01-24T16:03:22","guid":{"rendered":"https:\/\/printwave.pl\/fr\/produkt\/lite-jacket\/"},"modified":"2026-03-01T04:48:53","modified_gmt":"2026-03-01T03:48:53","slug":"lite-jacket","status":"publish","type":"product","link":"https:\/\/printwave.pl\/fr\/produkt\/lite-jacket\/","title":{"rendered":"LITE Jacket"},"content":{"rendered":"<p>\u00b7200 g\/m\u00b2<br \/>\n\u00b780% polyester, 20% coton (serg\u00e9)<br \/>\n\u00b7L\u00e9ger et sans doublure<br \/>\n\u00b7R\u00e9siste au vent et water repellent<br \/>\n\u00b7Respirant<br \/>\n\u00b7Col montant avec attache auto-agrippante<br \/>\n\u00b7Fermeture \u00e0 glissi\u00e8re compl\u00e8te avec rabat temp\u00eate<br \/>\n\u00b7Poches multi-usages avec fermeture auto-agrippante r\u00e9fl\u00e9chissante<br \/>\n\u00b7D-ring<br \/>\n\u00b7Taille partiellement \u00e9lastique<br \/>\n\u00b7Bartack aux points d accroche<br \/>\n\u00b7Poignets avec bouton-pression<br \/>\n\u00b7Coupe g\u00e9n\u00e9reuse<br \/>\n\u00b7Unisexe.<\/p>\n","protected":false},"excerpt":{"rendered":"<p>\u00b7200 g\/m\u00b2 \u00b780% polyester, 20% coton (serg\u00e9) \u00b7L\u00e9ger et sans doublure \u00b7R\u00e9siste au vent et water repellent \u00b7Respirant \u00b7Col montant<\/p>\n","protected":false},"featured_media":453382,"comment_status":"open","ping_status":"closed","template":"","meta":[],"product_brand":[],"product_cat":[43],"product_tag":[],"class_list":{"0":"post-453386","1":"product","2":"type-product","3":"status-publish","4":"has-post-thumbnail","6":"product_cat-vetements-de-travail","7":"pa_couleur-black-grey-orange","8":"pa_couleur-grey-black-orange","9":"pa_couleur-royal-navy-orange","10":"pa_details-xs","11":"pa_details-details-reflechissants","12":"pa_details-fermeture-a-glissiere-complete","13":"pa_details-poches-de-cote","14":"pa_details-set-in","15":"pa_details-vestes-legeres","16":"pa_details-vestes-protegeant-du-vent-pluie","17":"pa_groupe-de-produits-vestes","18":"pa_groupe-de-produits-vetements-de-travail","19":"pa_manche-manches-longues","20":"pa_marque-result-work-guard","21":"pa_numero-de-style-3062","22":"pa_poids-200-219-g-m","23":"pa_sexe-unisexe","24":"pa_taille-2xl","25":"pa_taille-3xl","26":"pa_taille-4xl","27":"pa_taille-l","28":"pa_taille-m","29":"pa_taille-s","30":"pa_taille-xl","31":"pa_taille-xs","32":"pa_tissu-melange-de-tissu","34":"first","35":"instock","36":"taxable","37":"shipping-taxable","38":"purchasable","39":"product-type-variable"},"yoast_head":"<!-- This site is optimized with the Yoast SEO Premium plugin v20.9 (Yoast SEO v26.3) - https:\/\/yoast.com\/wordpress\/plugins\/seo\/ -->\n<title>LITE Jacket | Printwave FR<\/title>\n<meta name=\"robots\" content=\"index, follow, max-snippet:-1, max-image-preview:large, max-video-preview:-1\" \/>\n<link rel=\"canonical\" href=\"https:\/\/printwave.pl\/fr\/produkt\/lite-jacket\/\" \/>\n<meta property=\"og:locale\" content=\"fr_FR\" \/>\n<meta property=\"og:type\" content=\"article\" \/>\n<meta property=\"og:title\" content=\"LITE Jacket\" \/>\n<meta property=\"og:description\" content=\"\u00b7200 g\/m\u00b2 \u00b780% polyester, 20% coton (serg\u00e9) \u00b7L\u00e9ger et sans doublure \u00b7R\u00e9siste au vent et water repellent \u00b7Respirant \u00b7Col montant\" \/>\n<meta property=\"og:url\" content=\"https:\/\/printwave.pl\/fr\/produkt\/lite-jacket\/\" \/>\n<meta property=\"og:site_name\" content=\"Printwave FR\" \/>\n<meta property=\"article:modified_time\" content=\"2026-03-01T03:48:53+00:00\" \/>\n<meta property=\"og:image\" content=\"https:\/\/printwave.pl\/fr\/wp-content\/uploads\/sites\/4\/2021\/07\/Print-Wave-logo-2025.png\" \/>\n\t<meta property=\"og:image:width\" content=\"1645\" \/>\n\t<meta property=\"og:image:height\" content=\"297\" \/>\n\t<meta property=\"og:image:type\" content=\"image\/png\" \/>\n<meta name=\"twitter:card\" content=\"summary_large_image\" \/>\n<script type=\"application\/ld+json\" class=\"yoast-schema-graph\">{\"@context\":\"https:\/\/schema.org\",\"@graph\":[{\"@type\":\"WebPage\",\"@id\":\"https:\/\/printwave.pl\/fr\/produkt\/lite-jacket\/\",\"url\":\"https:\/\/printwave.pl\/fr\/produkt\/lite-jacket\/\",\"name\":\"LITE Jacket | Printwave FR\",\"isPartOf\":{\"@id\":\"https:\/\/printwave.pl\/fr\/#website\"},\"primaryImageOfPage\":{\"@id\":\"https:\/\/printwave.pl\/fr\/produkt\/lite-jacket\/#primaryimage\"},\"image\":{\"@id\":\"https:\/\/printwave.pl\/fr\/produkt\/lite-jacket\/#primaryimage\"},\"thumbnailUrl\":\"https:\/\/printwave.pl\/fr\/wp-content\/uploads\/sites\/4\/2025\/01\/867_33_197_m-2022_01.jpg\",\"datePublished\":\"2025-01-24T16:03:22+00:00\",\"dateModified\":\"2026-03-01T03:48:53+00:00\",\"breadcrumb\":{\"@id\":\"https:\/\/printwave.pl\/fr\/produkt\/lite-jacket\/#breadcrumb\"},\"inLanguage\":\"fr-FR\",\"potentialAction\":[{\"@type\":\"ReadAction\",\"target\":[\"https:\/\/printwave.pl\/fr\/produkt\/lite-jacket\/\"]}]},{\"@type\":\"ImageObject\",\"inLanguage\":\"fr-FR\",\"@id\":\"https:\/\/printwave.pl\/fr\/produkt\/lite-jacket\/#primaryimage\",\"url\":\"https:\/\/printwave.pl\/fr\/wp-content\/uploads\/sites\/4\/2025\/01\/867_33_197_m-2022_01.jpg\",\"contentUrl\":\"https:\/\/printwave.pl\/fr\/wp-content\/uploads\/sites\/4\/2025\/01\/867_33_197_m-2022_01.jpg\",\"width\":1024,\"height\":1304},{\"@type\":\"BreadcrumbList\",\"@id\":\"https:\/\/printwave.pl\/fr\/produkt\/lite-jacket\/#breadcrumb\",\"itemListElement\":[{\"@type\":\"ListItem\",\"position\":1,\"name\":\"Accueil\",\"item\":\"https:\/\/printwave.pl\/fr\/\"},{\"@type\":\"ListItem\",\"position\":2,\"name\":\"Boutique\",\"item\":\"https:\/\/printwave.pl\/fr\/boutique\/\"},{\"@type\":\"ListItem\",\"position\":3,\"name\":\"LITE Jacket\"}]},{\"@type\":\"WebSite\",\"@id\":\"https:\/\/printwave.pl\/fr\/#website\",\"url\":\"https:\/\/printwave.pl\/fr\/\",\"name\":\"Printwave\",\"description\":\"Votre fournisseur de v\u00eatements promotionnels et d&#039;entreprise en Pologne\",\"potentialAction\":[{\"@type\":\"SearchAction\",\"target\":{\"@type\":\"EntryPoint\",\"urlTemplate\":\"https:\/\/printwave.pl\/fr\/?s={search_term_string}\"},\"query-input\":{\"@type\":\"PropertyValueSpecification\",\"valueRequired\":true,\"valueName\":\"search_term_string\"}}],\"inLanguage\":\"fr-FR\"}]}<\/script>\n<!-- \/ Yoast SEO Premium plugin. -->","yoast_head_json":{"title":"LITE Jacket | Printwave FR","robots":{"index":"index","follow":"follow","max-snippet":"max-snippet:-1","max-image-preview":"max-image-preview:large","max-video-preview":"max-video-preview:-1"},"canonical":"https:\/\/printwave.pl\/fr\/produkt\/lite-jacket\/","og_locale":"fr_FR","og_type":"article","og_title":"LITE Jacket","og_description":"\u00b7200 g\/m\u00b2 \u00b780% polyester, 20% coton (serg\u00e9) \u00b7L\u00e9ger et sans doublure \u00b7R\u00e9siste au vent et water repellent \u00b7Respirant \u00b7Col montant","og_url":"https:\/\/printwave.pl\/fr\/produkt\/lite-jacket\/","og_site_name":"Printwave FR","article_modified_time":"2026-03-01T03:48:53+00:00","og_image":[{"width":1645,"height":297,"url":"https:\/\/printwave.pl\/fr\/wp-content\/uploads\/sites\/4\/2021\/07\/Print-Wave-logo-2025.png","type":"image\/png"}],"twitter_card":"summary_large_image","schema":{"@context":"https:\/\/schema.org","@graph":[{"@type":"WebPage","@id":"https:\/\/printwave.pl\/fr\/produkt\/lite-jacket\/","url":"https:\/\/printwave.pl\/fr\/produkt\/lite-jacket\/","name":"LITE Jacket | Printwave FR","isPartOf":{"@id":"https:\/\/printwave.pl\/fr\/#website"},"primaryImageOfPage":{"@id":"https:\/\/printwave.pl\/fr\/produkt\/lite-jacket\/#primaryimage"},"image":{"@id":"https:\/\/printwave.pl\/fr\/produkt\/lite-jacket\/#primaryimage"},"thumbnailUrl":"https:\/\/printwave.pl\/fr\/wp-content\/uploads\/sites\/4\/2025\/01\/867_33_197_m-2022_01.jpg","datePublished":"2025-01-24T16:03:22+00:00","dateModified":"2026-03-01T03:48:53+00:00","breadcrumb":{"@id":"https:\/\/printwave.pl\/fr\/produkt\/lite-jacket\/#breadcrumb"},"inLanguage":"fr-FR","potentialAction":[{"@type":"ReadAction","target":["https:\/\/printwave.pl\/fr\/produkt\/lite-jacket\/"]}]},{"@type":"ImageObject","inLanguage":"fr-FR","@id":"https:\/\/printwave.pl\/fr\/produkt\/lite-jacket\/#primaryimage","url":"https:\/\/printwave.pl\/fr\/wp-content\/uploads\/sites\/4\/2025\/01\/867_33_197_m-2022_01.jpg","contentUrl":"https:\/\/printwave.pl\/fr\/wp-content\/uploads\/sites\/4\/2025\/01\/867_33_197_m-2022_01.jpg","width":1024,"height":1304},{"@type":"BreadcrumbList","@id":"https:\/\/printwave.pl\/fr\/produkt\/lite-jacket\/#breadcrumb","itemListElement":[{"@type":"ListItem","position":1,"name":"Accueil","item":"https:\/\/printwave.pl\/fr\/"},{"@type":"ListItem","position":2,"name":"Boutique","item":"https:\/\/printwave.pl\/fr\/boutique\/"},{"@type":"ListItem","position":3,"name":"LITE Jacket"}]},{"@type":"WebSite","@id":"https:\/\/printwave.pl\/fr\/#website","url":"https:\/\/printwave.pl\/fr\/","name":"Printwave","description":"Votre fournisseur de v\u00eatements promotionnels et d&#039;entreprise en Pologne","potentialAction":[{"@type":"SearchAction","target":{"@type":"EntryPoint","urlTemplate":"https:\/\/printwave.pl\/fr\/?s={search_term_string}"},"query-input":{"@type":"PropertyValueSpecification","valueRequired":true,"valueName":"search_term_string"}}],"inLanguage":"fr-FR"}]}},"_links":{"self":[{"href":"https:\/\/printwave.pl\/fr\/wp-json\/wp\/v2\/product\/453386","targetHints":{"allow":["GET"]}}],"collection":[{"href":"https:\/\/printwave.pl\/fr\/wp-json\/wp\/v2\/product"}],"about":[{"href":"https:\/\/printwave.pl\/fr\/wp-json\/wp\/v2\/types\/product"}],"replies":[{"embeddable":true,"href":"https:\/\/printwave.pl\/fr\/wp-json\/wp\/v2\/comments?post=453386"}],"wp:featuredmedia":[{"embeddable":true,"href":"https:\/\/printwave.pl\/fr\/wp-json\/wp\/v2\/media\/453382"}],"wp:attachment":[{"href":"https:\/\/printwave.pl\/fr\/wp-json\/wp\/v2\/media?parent=453386"}],"wp:term":[{"taxonomy":"product_brand","embeddable":true,"href":"https:\/\/printwave.pl\/fr\/wp-json\/wp\/v2\/product_brand?post=453386"},{"taxonomy":"product_cat","embeddable":true,"href":"https:\/\/printwave.pl\/fr\/wp-json\/wp\/v2\/product_cat?post=453386"},{"taxonomy":"product_tag","embeddable":true,"href":"https:\/\/printwave.pl\/fr\/wp-json\/wp\/v2\/product_tag?post=453386"}],"curies":[{"name":"wp","href":"https:\/\/api.w.org\/{rel}","templated":true}]}}