{"id":452582,"date":"2025-01-24T16:39:34","date_gmt":"2025-01-24T15:39:34","guid":{"rendered":"https:\/\/printwave.pl\/fr\/produkt\/fleece-half-zip\/"},"modified":"2026-03-01T04:46:35","modified_gmt":"2026-03-01T03:46:35","slug":"fleece-half-zip","status":"publish","type":"product","link":"https:\/\/printwave.pl\/fr\/produkt\/fleece-half-zip\/","title":{"rendered":"Fleece Half-Zip"},"content":{"rendered":"<p>\u00b7170 g\/m\u00b2<br \/>\n\u00b7100% polyester (micro polaire avec traitement anti-peluche)<br \/>\n\u00b7respirant<br \/>\n\u00b71 c\u00f4t\u00e9 bross\u00e9<br \/>\n\u00b7col montant<br \/>\n\u00b7bande de propret\u00e9 en polyester<br \/>\n\u00b7empi\u00e8cement dos<br \/>\n\u00b7fermeture \u00e0 glissi\u00e8re 1\/4 ton sur ton avec rabat \u00e0 l int\u00e9rieur<br \/>\n\u00b7coutures lat\u00e9rales<br \/>\n\u00b7base r\u00e9glable<br \/>\n\u00b7taille standard<\/p>\n","protected":false},"excerpt":{"rendered":"<p>\u00b7170 g\/m\u00b2 \u00b7100% polyester (micro polaire avec traitement anti-peluche) \u00b7respirant \u00b71 c\u00f4t\u00e9 bross\u00e9 \u00b7col montant \u00b7bande de propret\u00e9 en polyester<\/p>\n","protected":false},"featured_media":452577,"comment_status":"open","ping_status":"closed","template":"","meta":[],"product_brand":[],"product_cat":[301],"product_tag":[85,772,92,771,770,84,750,774,773,775,751,86],"class_list":{"0":"post-452582","1":"product","2":"type-product","3":"status-publish","4":"has-post-thumbnail","6":"product_cat-polaires","7":"product_tag-a-longue-manche","8":"product_tag-chandails-polaire","9":"product_tag-col-montant","10":"product_tag-couvertures-en-polaire","11":"product_tag-fermeture-a-glissiere-1-4","12":"product_tag-longue-manche","13":"product_tag-polaires-respirants","14":"product_tag-pull-over-a-capuche-et-glissiere","15":"product_tag-sweatshirts-polaire","16":"product_tag-vestes-a-capuche-et-fermeture-a-g","17":"product_tag-vestes-en-polaire","18":"product_tag-vetements-dexterieur","19":"pa_certificats-bsci","20":"pa_certificats-oeko-tex-standard-100","21":"pa_couleur-black-opal","22":"pa_couleur-grey-steel","23":"pa_couleur-scarlet-red","24":"pa_details-coutures-laterales","25":"pa_eco-recycle","26":"pa_groupe-de-produits-polaires","27":"pa_groupe-de-produits-quarter-half-zip","28":"pa_groupe-de-produits-respirant","29":"pa_manche-manches-longues","30":"pa_marque-stedman","31":"pa_numero-de-style-3045","32":"pa_poids-170-199-g-m","33":"pa_sexe-hommes","34":"pa_taille-2xl","35":"pa_taille-l","36":"pa_taille-m","37":"pa_taille-s","38":"pa_taille-xl","39":"pa_tissu-polyester","41":"first","42":"instock","43":"taxable","44":"shipping-taxable","45":"purchasable","46":"product-type-variable"},"yoast_head":"<!-- This site is optimized with the Yoast SEO Premium plugin v20.9 (Yoast SEO v26.3) - https:\/\/yoast.com\/wordpress\/plugins\/seo\/ -->\n<title>Fleece Half-Zip | Printwave FR<\/title>\n<meta name=\"robots\" content=\"index, follow, max-snippet:-1, max-image-preview:large, max-video-preview:-1\" \/>\n<link rel=\"canonical\" href=\"https:\/\/printwave.pl\/fr\/produkt\/fleece-half-zip\/\" \/>\n<meta property=\"og:locale\" content=\"fr_FR\" \/>\n<meta property=\"og:type\" content=\"article\" \/>\n<meta property=\"og:title\" content=\"Fleece Half-Zip\" \/>\n<meta property=\"og:description\" content=\"\u00b7170 g\/m\u00b2 \u00b7100% polyester (micro polaire avec traitement anti-peluche) \u00b7respirant \u00b71 c\u00f4t\u00e9 bross\u00e9 \u00b7col montant \u00b7bande de propret\u00e9 en polyester\" \/>\n<meta property=\"og:url\" content=\"https:\/\/printwave.pl\/fr\/produkt\/fleece-half-zip\/\" \/>\n<meta property=\"og:site_name\" content=\"Printwave FR\" \/>\n<meta property=\"article:modified_time\" content=\"2026-03-01T03:46:35+00:00\" \/>\n<meta property=\"og:image\" content=\"https:\/\/printwave.pl\/fr\/wp-content\/uploads\/sites\/4\/2021\/07\/Print-Wave-logo-2025.png\" \/>\n\t<meta property=\"og:image:width\" content=\"1645\" \/>\n\t<meta property=\"og:image:height\" content=\"297\" \/>\n\t<meta property=\"og:image:type\" content=\"image\/png\" \/>\n<meta name=\"twitter:card\" content=\"summary_large_image\" \/>\n<script type=\"application\/ld+json\" class=\"yoast-schema-graph\">{\"@context\":\"https:\/\/schema.org\",\"@graph\":[{\"@type\":\"WebPage\",\"@id\":\"https:\/\/printwave.pl\/fr\/produkt\/fleece-half-zip\/\",\"url\":\"https:\/\/printwave.pl\/fr\/produkt\/fleece-half-zip\/\",\"name\":\"Fleece Half-Zip | Printwave FR\",\"isPartOf\":{\"@id\":\"https:\/\/printwave.pl\/fr\/#website\"},\"primaryImageOfPage\":{\"@id\":\"https:\/\/printwave.pl\/fr\/produkt\/fleece-half-zip\/#primaryimage\"},\"image\":{\"@id\":\"https:\/\/printwave.pl\/fr\/produkt\/fleece-half-zip\/#primaryimage\"},\"thumbnailUrl\":\"https:\/\/printwave.pl\/fr\/wp-content\/uploads\/sites\/4\/2025\/01\/881_05_102_m-2025_01.jpg\",\"datePublished\":\"2025-01-24T15:39:34+00:00\",\"dateModified\":\"2026-03-01T03:46:35+00:00\",\"breadcrumb\":{\"@id\":\"https:\/\/printwave.pl\/fr\/produkt\/fleece-half-zip\/#breadcrumb\"},\"inLanguage\":\"fr-FR\",\"potentialAction\":[{\"@type\":\"ReadAction\",\"target\":[\"https:\/\/printwave.pl\/fr\/produkt\/fleece-half-zip\/\"]}]},{\"@type\":\"ImageObject\",\"inLanguage\":\"fr-FR\",\"@id\":\"https:\/\/printwave.pl\/fr\/produkt\/fleece-half-zip\/#primaryimage\",\"url\":\"https:\/\/printwave.pl\/fr\/wp-content\/uploads\/sites\/4\/2025\/01\/881_05_102_m-2025_01.jpg\",\"contentUrl\":\"https:\/\/printwave.pl\/fr\/wp-content\/uploads\/sites\/4\/2025\/01\/881_05_102_m-2025_01.jpg\",\"width\":1024,\"height\":1304},{\"@type\":\"BreadcrumbList\",\"@id\":\"https:\/\/printwave.pl\/fr\/produkt\/fleece-half-zip\/#breadcrumb\",\"itemListElement\":[{\"@type\":\"ListItem\",\"position\":1,\"name\":\"Accueil\",\"item\":\"https:\/\/printwave.pl\/fr\/\"},{\"@type\":\"ListItem\",\"position\":2,\"name\":\"Boutique\",\"item\":\"https:\/\/printwave.pl\/fr\/boutique\/\"},{\"@type\":\"ListItem\",\"position\":3,\"name\":\"Fleece Half-Zip\"}]},{\"@type\":\"WebSite\",\"@id\":\"https:\/\/printwave.pl\/fr\/#website\",\"url\":\"https:\/\/printwave.pl\/fr\/\",\"name\":\"Printwave\",\"description\":\"Votre fournisseur de v\u00eatements promotionnels et d&#039;entreprise en Pologne\",\"potentialAction\":[{\"@type\":\"SearchAction\",\"target\":{\"@type\":\"EntryPoint\",\"urlTemplate\":\"https:\/\/printwave.pl\/fr\/?s={search_term_string}\"},\"query-input\":{\"@type\":\"PropertyValueSpecification\",\"valueRequired\":true,\"valueName\":\"search_term_string\"}}],\"inLanguage\":\"fr-FR\"}]}<\/script>\n<!-- \/ Yoast SEO Premium plugin. -->","yoast_head_json":{"title":"Fleece Half-Zip | Printwave FR","robots":{"index":"index","follow":"follow","max-snippet":"max-snippet:-1","max-image-preview":"max-image-preview:large","max-video-preview":"max-video-preview:-1"},"canonical":"https:\/\/printwave.pl\/fr\/produkt\/fleece-half-zip\/","og_locale":"fr_FR","og_type":"article","og_title":"Fleece Half-Zip","og_description":"\u00b7170 g\/m\u00b2 \u00b7100% polyester (micro polaire avec traitement anti-peluche) \u00b7respirant \u00b71 c\u00f4t\u00e9 bross\u00e9 \u00b7col montant \u00b7bande de propret\u00e9 en polyester","og_url":"https:\/\/printwave.pl\/fr\/produkt\/fleece-half-zip\/","og_site_name":"Printwave FR","article_modified_time":"2026-03-01T03:46:35+00:00","og_image":[{"width":1645,"height":297,"url":"https:\/\/printwave.pl\/fr\/wp-content\/uploads\/sites\/4\/2021\/07\/Print-Wave-logo-2025.png","type":"image\/png"}],"twitter_card":"summary_large_image","schema":{"@context":"https:\/\/schema.org","@graph":[{"@type":"WebPage","@id":"https:\/\/printwave.pl\/fr\/produkt\/fleece-half-zip\/","url":"https:\/\/printwave.pl\/fr\/produkt\/fleece-half-zip\/","name":"Fleece Half-Zip | Printwave FR","isPartOf":{"@id":"https:\/\/printwave.pl\/fr\/#website"},"primaryImageOfPage":{"@id":"https:\/\/printwave.pl\/fr\/produkt\/fleece-half-zip\/#primaryimage"},"image":{"@id":"https:\/\/printwave.pl\/fr\/produkt\/fleece-half-zip\/#primaryimage"},"thumbnailUrl":"https:\/\/printwave.pl\/fr\/wp-content\/uploads\/sites\/4\/2025\/01\/881_05_102_m-2025_01.jpg","datePublished":"2025-01-24T15:39:34+00:00","dateModified":"2026-03-01T03:46:35+00:00","breadcrumb":{"@id":"https:\/\/printwave.pl\/fr\/produkt\/fleece-half-zip\/#breadcrumb"},"inLanguage":"fr-FR","potentialAction":[{"@type":"ReadAction","target":["https:\/\/printwave.pl\/fr\/produkt\/fleece-half-zip\/"]}]},{"@type":"ImageObject","inLanguage":"fr-FR","@id":"https:\/\/printwave.pl\/fr\/produkt\/fleece-half-zip\/#primaryimage","url":"https:\/\/printwave.pl\/fr\/wp-content\/uploads\/sites\/4\/2025\/01\/881_05_102_m-2025_01.jpg","contentUrl":"https:\/\/printwave.pl\/fr\/wp-content\/uploads\/sites\/4\/2025\/01\/881_05_102_m-2025_01.jpg","width":1024,"height":1304},{"@type":"BreadcrumbList","@id":"https:\/\/printwave.pl\/fr\/produkt\/fleece-half-zip\/#breadcrumb","itemListElement":[{"@type":"ListItem","position":1,"name":"Accueil","item":"https:\/\/printwave.pl\/fr\/"},{"@type":"ListItem","position":2,"name":"Boutique","item":"https:\/\/printwave.pl\/fr\/boutique\/"},{"@type":"ListItem","position":3,"name":"Fleece Half-Zip"}]},{"@type":"WebSite","@id":"https:\/\/printwave.pl\/fr\/#website","url":"https:\/\/printwave.pl\/fr\/","name":"Printwave","description":"Votre fournisseur de v\u00eatements promotionnels et d&#039;entreprise en Pologne","potentialAction":[{"@type":"SearchAction","target":{"@type":"EntryPoint","urlTemplate":"https:\/\/printwave.pl\/fr\/?s={search_term_string}"},"query-input":{"@type":"PropertyValueSpecification","valueRequired":true,"valueName":"search_term_string"}}],"inLanguage":"fr-FR"}]}},"_links":{"self":[{"href":"https:\/\/printwave.pl\/fr\/wp-json\/wp\/v2\/product\/452582","targetHints":{"allow":["GET"]}}],"collection":[{"href":"https:\/\/printwave.pl\/fr\/wp-json\/wp\/v2\/product"}],"about":[{"href":"https:\/\/printwave.pl\/fr\/wp-json\/wp\/v2\/types\/product"}],"replies":[{"embeddable":true,"href":"https:\/\/printwave.pl\/fr\/wp-json\/wp\/v2\/comments?post=452582"}],"wp:featuredmedia":[{"embeddable":true,"href":"https:\/\/printwave.pl\/fr\/wp-json\/wp\/v2\/media\/452577"}],"wp:attachment":[{"href":"https:\/\/printwave.pl\/fr\/wp-json\/wp\/v2\/media?parent=452582"}],"wp:term":[{"taxonomy":"product_brand","embeddable":true,"href":"https:\/\/printwave.pl\/fr\/wp-json\/wp\/v2\/product_brand?post=452582"},{"taxonomy":"product_cat","embeddable":true,"href":"https:\/\/printwave.pl\/fr\/wp-json\/wp\/v2\/product_cat?post=452582"},{"taxonomy":"product_tag","embeddable":true,"href":"https:\/\/printwave.pl\/fr\/wp-json\/wp\/v2\/product_tag?post=452582"}],"curies":[{"name":"wp","href":"https:\/\/api.w.org\/{rel}","templated":true}]}}