{"id":452484,"date":"2025-01-24T16:36:29","date_gmt":"2025-01-24T15:36:29","guid":{"rendered":"https:\/\/printwave.pl\/fr\/produkt\/ladies-gilet-outdoor-fleece\/"},"modified":"2026-03-01T04:46:18","modified_gmt":"2026-03-01T03:46:18","slug":"ladies-gilet-outdoor-fleece","status":"publish","type":"product","link":"https:\/\/printwave.pl\/fr\/produkt\/ladies-gilet-outdoor-fleece\/","title":{"rendered":"Ladies\u2019 Gilet Outdoor Fleece"},"content":{"rendered":"<p>\u00b7320 g\/m\u00b2<br \/>\n\u00b7100% polyester anti-peluche<br \/>\n\u00b7col officier<br \/>\n\u00b7fermeture \u00e0 glissi\u00e8re assortie<br \/>\n\u00b7poches de c\u00f4t\u00e9 avec fermeture \u00e0 glissi\u00e8re<br \/>\n\u00b7curseur sur les fermetures \u00e0 glissi\u00e8re<br \/>\n\u00b7cordon de serrage \u00e0 la taille<br \/>\n\u00b7l\u00e9g\u00e8rement cintr\u00e9e<\/p>\n","protected":false},"excerpt":{"rendered":"<p>\u00b7320 g\/m\u00b2 \u00b7100% polyester anti-peluche \u00b7col officier \u00b7fermeture \u00e0 glissi\u00e8re assortie \u00b7poches de c\u00f4t\u00e9 avec fermeture \u00e0 glissi\u00e8re \u00b7curseur sur<\/p>\n","protected":false},"featured_media":452478,"comment_status":"open","ping_status":"closed","template":"","meta":[],"product_brand":[],"product_cat":[301],"product_tag":[749,92,700,758,759,509,86],"class_list":{"0":"post-452484","1":"product","2":"type-product","3":"status-publish","4":"has-post-thumbnail","6":"product_cat-polaires","7":"product_tag-anti-peluche","8":"product_tag-col-montant","9":"product_tag-gilets","10":"product_tag-gilets-en-polaire","11":"product_tag-gilets-polaire","12":"product_tag-sans-manche","13":"product_tag-vetements-dexterieur","14":"pa_certificats-bsci","15":"pa_certificats-oeko-tex-standard-100","16":"pa_certificats-wrap","17":"pa_couleur-french-navy","18":"pa_details-xs","19":"pa_details-cintre","20":"pa_details-fermeture-a-glissiere-complete","21":"pa_details-poches-de-cote-avec-fermeture-a-glissiere","22":"pa_groupe-de-produits-bodywarmers","23":"pa_groupe-de-produits-polaires","24":"pa_manche-sans-manche","25":"pa_marque-russell-collection","26":"pa_numero-de-style-3043","27":"pa_poids-a-partir-de-220-g-m","28":"pa_sexe-femmes","29":"pa_taille-s","30":"pa_tissu-polyester","32":"first","33":"instock","34":"taxable","35":"shipping-taxable","36":"purchasable","37":"product-type-variable"},"yoast_head":"<!-- This site is optimized with the Yoast SEO Premium plugin v20.9 (Yoast SEO v26.3) - https:\/\/yoast.com\/wordpress\/plugins\/seo\/ -->\n<title>Ladies\u2019 Gilet Outdoor Fleece | Printwave FR<\/title>\n<meta name=\"robots\" content=\"index, follow, max-snippet:-1, max-image-preview:large, max-video-preview:-1\" \/>\n<link rel=\"canonical\" href=\"https:\/\/printwave.pl\/fr\/produkt\/ladies-gilet-outdoor-fleece\/\" \/>\n<meta property=\"og:locale\" content=\"fr_FR\" \/>\n<meta property=\"og:type\" content=\"article\" \/>\n<meta property=\"og:title\" content=\"Ladies\u2019 Gilet Outdoor Fleece\" \/>\n<meta property=\"og:description\" content=\"\u00b7320 g\/m\u00b2 \u00b7100% polyester anti-peluche \u00b7col officier \u00b7fermeture \u00e0 glissi\u00e8re assortie \u00b7poches de c\u00f4t\u00e9 avec fermeture \u00e0 glissi\u00e8re \u00b7curseur sur\" \/>\n<meta property=\"og:url\" content=\"https:\/\/printwave.pl\/fr\/produkt\/ladies-gilet-outdoor-fleece\/\" \/>\n<meta property=\"og:site_name\" content=\"Printwave FR\" \/>\n<meta property=\"article:modified_time\" content=\"2026-03-01T03:46:18+00:00\" \/>\n<meta property=\"og:image\" content=\"https:\/\/printwave.pl\/fr\/wp-content\/uploads\/sites\/4\/2021\/07\/Print-Wave-logo-2025.png\" \/>\n\t<meta property=\"og:image:width\" content=\"1645\" \/>\n\t<meta property=\"og:image:height\" content=\"297\" \/>\n\t<meta property=\"og:image:type\" content=\"image\/png\" \/>\n<meta name=\"twitter:card\" content=\"summary_large_image\" \/>\n<script type=\"application\/ld+json\" class=\"yoast-schema-graph\">{\"@context\":\"https:\/\/schema.org\",\"@graph\":[{\"@type\":\"WebPage\",\"@id\":\"https:\/\/printwave.pl\/fr\/produkt\/ladies-gilet-outdoor-fleece\/\",\"url\":\"https:\/\/printwave.pl\/fr\/produkt\/ladies-gilet-outdoor-fleece\/\",\"name\":\"Ladies\u2019 Gilet Outdoor Fleece | Printwave FR\",\"isPartOf\":{\"@id\":\"https:\/\/printwave.pl\/fr\/#website\"},\"primaryImageOfPage\":{\"@id\":\"https:\/\/printwave.pl\/fr\/produkt\/ladies-gilet-outdoor-fleece\/#primaryimage\"},\"image\":{\"@id\":\"https:\/\/printwave.pl\/fr\/produkt\/ladies-gilet-outdoor-fleece\/#primaryimage\"},\"thumbnailUrl\":\"https:\/\/printwave.pl\/fr\/wp-content\/uploads\/sites\/4\/2025\/01\/884_00_540_f-2018_01.jpg\",\"datePublished\":\"2025-01-24T15:36:29+00:00\",\"dateModified\":\"2026-03-01T03:46:18+00:00\",\"breadcrumb\":{\"@id\":\"https:\/\/printwave.pl\/fr\/produkt\/ladies-gilet-outdoor-fleece\/#breadcrumb\"},\"inLanguage\":\"fr-FR\",\"potentialAction\":[{\"@type\":\"ReadAction\",\"target\":[\"https:\/\/printwave.pl\/fr\/produkt\/ladies-gilet-outdoor-fleece\/\"]}]},{\"@type\":\"ImageObject\",\"inLanguage\":\"fr-FR\",\"@id\":\"https:\/\/printwave.pl\/fr\/produkt\/ladies-gilet-outdoor-fleece\/#primaryimage\",\"url\":\"https:\/\/printwave.pl\/fr\/wp-content\/uploads\/sites\/4\/2025\/01\/884_00_540_f-2018_01.jpg\",\"contentUrl\":\"https:\/\/printwave.pl\/fr\/wp-content\/uploads\/sites\/4\/2025\/01\/884_00_540_f-2018_01.jpg\",\"width\":762,\"height\":1500},{\"@type\":\"BreadcrumbList\",\"@id\":\"https:\/\/printwave.pl\/fr\/produkt\/ladies-gilet-outdoor-fleece\/#breadcrumb\",\"itemListElement\":[{\"@type\":\"ListItem\",\"position\":1,\"name\":\"Accueil\",\"item\":\"https:\/\/printwave.pl\/fr\/\"},{\"@type\":\"ListItem\",\"position\":2,\"name\":\"Boutique\",\"item\":\"https:\/\/printwave.pl\/fr\/boutique\/\"},{\"@type\":\"ListItem\",\"position\":3,\"name\":\"Ladies\u2019 Gilet Outdoor Fleece\"}]},{\"@type\":\"WebSite\",\"@id\":\"https:\/\/printwave.pl\/fr\/#website\",\"url\":\"https:\/\/printwave.pl\/fr\/\",\"name\":\"Printwave\",\"description\":\"Votre fournisseur de v\u00eatements promotionnels et d&#039;entreprise en Pologne\",\"potentialAction\":[{\"@type\":\"SearchAction\",\"target\":{\"@type\":\"EntryPoint\",\"urlTemplate\":\"https:\/\/printwave.pl\/fr\/?s={search_term_string}\"},\"query-input\":{\"@type\":\"PropertyValueSpecification\",\"valueRequired\":true,\"valueName\":\"search_term_string\"}}],\"inLanguage\":\"fr-FR\"}]}<\/script>\n<!-- \/ Yoast SEO Premium plugin. -->","yoast_head_json":{"title":"Ladies\u2019 Gilet Outdoor Fleece | Printwave FR","robots":{"index":"index","follow":"follow","max-snippet":"max-snippet:-1","max-image-preview":"max-image-preview:large","max-video-preview":"max-video-preview:-1"},"canonical":"https:\/\/printwave.pl\/fr\/produkt\/ladies-gilet-outdoor-fleece\/","og_locale":"fr_FR","og_type":"article","og_title":"Ladies\u2019 Gilet Outdoor Fleece","og_description":"\u00b7320 g\/m\u00b2 \u00b7100% polyester anti-peluche \u00b7col officier \u00b7fermeture \u00e0 glissi\u00e8re assortie \u00b7poches de c\u00f4t\u00e9 avec fermeture \u00e0 glissi\u00e8re \u00b7curseur sur","og_url":"https:\/\/printwave.pl\/fr\/produkt\/ladies-gilet-outdoor-fleece\/","og_site_name":"Printwave FR","article_modified_time":"2026-03-01T03:46:18+00:00","og_image":[{"width":1645,"height":297,"url":"https:\/\/printwave.pl\/fr\/wp-content\/uploads\/sites\/4\/2021\/07\/Print-Wave-logo-2025.png","type":"image\/png"}],"twitter_card":"summary_large_image","schema":{"@context":"https:\/\/schema.org","@graph":[{"@type":"WebPage","@id":"https:\/\/printwave.pl\/fr\/produkt\/ladies-gilet-outdoor-fleece\/","url":"https:\/\/printwave.pl\/fr\/produkt\/ladies-gilet-outdoor-fleece\/","name":"Ladies\u2019 Gilet Outdoor Fleece | Printwave FR","isPartOf":{"@id":"https:\/\/printwave.pl\/fr\/#website"},"primaryImageOfPage":{"@id":"https:\/\/printwave.pl\/fr\/produkt\/ladies-gilet-outdoor-fleece\/#primaryimage"},"image":{"@id":"https:\/\/printwave.pl\/fr\/produkt\/ladies-gilet-outdoor-fleece\/#primaryimage"},"thumbnailUrl":"https:\/\/printwave.pl\/fr\/wp-content\/uploads\/sites\/4\/2025\/01\/884_00_540_f-2018_01.jpg","datePublished":"2025-01-24T15:36:29+00:00","dateModified":"2026-03-01T03:46:18+00:00","breadcrumb":{"@id":"https:\/\/printwave.pl\/fr\/produkt\/ladies-gilet-outdoor-fleece\/#breadcrumb"},"inLanguage":"fr-FR","potentialAction":[{"@type":"ReadAction","target":["https:\/\/printwave.pl\/fr\/produkt\/ladies-gilet-outdoor-fleece\/"]}]},{"@type":"ImageObject","inLanguage":"fr-FR","@id":"https:\/\/printwave.pl\/fr\/produkt\/ladies-gilet-outdoor-fleece\/#primaryimage","url":"https:\/\/printwave.pl\/fr\/wp-content\/uploads\/sites\/4\/2025\/01\/884_00_540_f-2018_01.jpg","contentUrl":"https:\/\/printwave.pl\/fr\/wp-content\/uploads\/sites\/4\/2025\/01\/884_00_540_f-2018_01.jpg","width":762,"height":1500},{"@type":"BreadcrumbList","@id":"https:\/\/printwave.pl\/fr\/produkt\/ladies-gilet-outdoor-fleece\/#breadcrumb","itemListElement":[{"@type":"ListItem","position":1,"name":"Accueil","item":"https:\/\/printwave.pl\/fr\/"},{"@type":"ListItem","position":2,"name":"Boutique","item":"https:\/\/printwave.pl\/fr\/boutique\/"},{"@type":"ListItem","position":3,"name":"Ladies\u2019 Gilet Outdoor Fleece"}]},{"@type":"WebSite","@id":"https:\/\/printwave.pl\/fr\/#website","url":"https:\/\/printwave.pl\/fr\/","name":"Printwave","description":"Votre fournisseur de v\u00eatements promotionnels et d&#039;entreprise en Pologne","potentialAction":[{"@type":"SearchAction","target":{"@type":"EntryPoint","urlTemplate":"https:\/\/printwave.pl\/fr\/?s={search_term_string}"},"query-input":{"@type":"PropertyValueSpecification","valueRequired":true,"valueName":"search_term_string"}}],"inLanguage":"fr-FR"}]}},"_links":{"self":[{"href":"https:\/\/printwave.pl\/fr\/wp-json\/wp\/v2\/product\/452484","targetHints":{"allow":["GET"]}}],"collection":[{"href":"https:\/\/printwave.pl\/fr\/wp-json\/wp\/v2\/product"}],"about":[{"href":"https:\/\/printwave.pl\/fr\/wp-json\/wp\/v2\/types\/product"}],"replies":[{"embeddable":true,"href":"https:\/\/printwave.pl\/fr\/wp-json\/wp\/v2\/comments?post=452484"}],"wp:featuredmedia":[{"embeddable":true,"href":"https:\/\/printwave.pl\/fr\/wp-json\/wp\/v2\/media\/452478"}],"wp:attachment":[{"href":"https:\/\/printwave.pl\/fr\/wp-json\/wp\/v2\/media?parent=452484"}],"wp:term":[{"taxonomy":"product_brand","embeddable":true,"href":"https:\/\/printwave.pl\/fr\/wp-json\/wp\/v2\/product_brand?post=452484"},{"taxonomy":"product_cat","embeddable":true,"href":"https:\/\/printwave.pl\/fr\/wp-json\/wp\/v2\/product_cat?post=452484"},{"taxonomy":"product_tag","embeddable":true,"href":"https:\/\/printwave.pl\/fr\/wp-json\/wp\/v2\/product_tag?post=452484"}],"curies":[{"name":"wp","href":"https:\/\/api.w.org\/{rel}","templated":true}]}}