{"id":451881,"date":"2025-01-24T16:18:35","date_gmt":"2025-01-24T15:18:35","guid":{"rendered":"https:\/\/printwave.pl\/fr\/produkt\/cheltenham-gold-jacket\/"},"modified":"2026-03-01T04:44:35","modified_gmt":"2026-03-01T03:44:35","slug":"cheltenham-gold-jacket","status":"publish","type":"product","link":"https:\/\/printwave.pl\/fr\/produkt\/cheltenham-gold-jacket\/","title":{"rendered":"Cheltenham Gold Jacket"},"content":{"rendered":"<p>\u00b7100% Nylon avec enduit polyacrylique<br \/>\n\u00b7Int: 100% polyester capitonn\u00e9 (120 g\/m\u00b2)<br \/>\n\u00b7Doublure: 100% polyester fleece (220 g\/m\u00b2) sandwich matelass\u00e9<br \/>\n\u00b7Col en velour c\u00f4tel\u00e9<br \/>\n\u00b7Fermeture \u00e0 glissi\u00e8re deux directions avec rabat temp\u00eate ferm\u00e9 par boutons pression<br \/>\n\u00b7Poche poitrine avec taquet rouge, poches plaqu\u00e9es ferm\u00e9es par boutons pression avec acc\u00e8s lat\u00e9ral chauffe-mains<br \/>\n\u00b7Damass\u00e9 en losange<br \/>\n\u00b7Passepoil dans le dos<br \/>\n\u00b7Convient \u00e0 la broderie.<\/p>\n","protected":false},"excerpt":{"rendered":"<p>\u00b7100% Nylon avec enduit polyacrylique \u00b7Int: 100% polyester capitonn\u00e9 (120 g\/m\u00b2) \u00b7Doublure: 100% polyester fleece (220 g\/m\u00b2) sandwich matelass\u00e9 \u00b7Col<\/p>\n","protected":false},"featured_media":451876,"comment_status":"open","ping_status":"closed","template":"","meta":[],"product_brand":[],"product_cat":[81],"product_tag":[85,92,95,84,577,131,739,740,86,294,295,93],"class_list":{"0":"post-451881","1":"product","2":"type-product","3":"status-publish","4":"has-post-thumbnail","6":"product_cat-vestes","7":"product_tag-a-longue-manche","8":"product_tag-col-montant","9":"product_tag-coupe-vent","10":"product_tag-longue-manche","11":"product_tag-poche-poitrine","12":"product_tag-unisexe","13":"product_tag-vestes-capitonnees","14":"product_tag-vestes-chaudes","15":"product_tag-vetements-dexterieur","16":"product_tag-vetements-de-sport","17":"product_tag-vetements-de-sports","18":"product_tag-waterresistant","19":"pa_couleur-black","20":"pa_couleur-olive","21":"pa_details-xs","22":"pa_details-fermeture-a-glissiere-complete","23":"pa_details-poches-de-cote","24":"pa_details-set-in","25":"pa_groupe-de-produits-full-zip","26":"pa_groupe-de-produits-vestes","27":"pa_manche-manches-longues","28":"pa_marque-result-urban","29":"pa_numero-de-style-3030","30":"pa_sexe-hommes","31":"pa_taille-2xl","32":"pa_taille-3xl","33":"pa_taille-l","34":"pa_taille-m","35":"pa_taille-s","36":"pa_taille-xl","37":"pa_taille-xs","38":"pa_tissu-nylon","40":"first","41":"instock","42":"taxable","43":"shipping-taxable","44":"purchasable","45":"product-type-variable"},"yoast_head":"<!-- This site is optimized with the Yoast SEO Premium plugin v20.9 (Yoast SEO v26.3) - https:\/\/yoast.com\/wordpress\/plugins\/seo\/ -->\n<title>Cheltenham Gold Jacket | Printwave FR<\/title>\n<meta name=\"robots\" content=\"index, follow, max-snippet:-1, max-image-preview:large, max-video-preview:-1\" \/>\n<link rel=\"canonical\" href=\"https:\/\/printwave.pl\/fr\/produkt\/cheltenham-gold-jacket\/\" \/>\n<meta property=\"og:locale\" content=\"fr_FR\" \/>\n<meta property=\"og:type\" content=\"article\" \/>\n<meta property=\"og:title\" content=\"Cheltenham Gold Jacket\" \/>\n<meta property=\"og:description\" content=\"\u00b7100% Nylon avec enduit polyacrylique \u00b7Int: 100% polyester capitonn\u00e9 (120 g\/m\u00b2) \u00b7Doublure: 100% polyester fleece (220 g\/m\u00b2) sandwich matelass\u00e9 \u00b7Col\" \/>\n<meta property=\"og:url\" content=\"https:\/\/printwave.pl\/fr\/produkt\/cheltenham-gold-jacket\/\" \/>\n<meta property=\"og:site_name\" content=\"Printwave FR\" \/>\n<meta property=\"article:modified_time\" content=\"2026-03-01T03:44:35+00:00\" \/>\n<meta property=\"og:image\" content=\"https:\/\/printwave.pl\/fr\/wp-content\/uploads\/sites\/4\/2021\/07\/Print-Wave-logo-2025.png\" \/>\n\t<meta property=\"og:image:width\" content=\"1645\" \/>\n\t<meta property=\"og:image:height\" content=\"297\" \/>\n\t<meta property=\"og:image:type\" content=\"image\/png\" \/>\n<meta name=\"twitter:card\" content=\"summary_large_image\" \/>\n<script type=\"application\/ld+json\" class=\"yoast-schema-graph\">{\"@context\":\"https:\/\/schema.org\",\"@graph\":[{\"@type\":\"WebPage\",\"@id\":\"https:\/\/printwave.pl\/fr\/produkt\/cheltenham-gold-jacket\/\",\"url\":\"https:\/\/printwave.pl\/fr\/produkt\/cheltenham-gold-jacket\/\",\"name\":\"Cheltenham Gold Jacket | Printwave FR\",\"isPartOf\":{\"@id\":\"https:\/\/printwave.pl\/fr\/#website\"},\"primaryImageOfPage\":{\"@id\":\"https:\/\/printwave.pl\/fr\/produkt\/cheltenham-gold-jacket\/#primaryimage\"},\"image\":{\"@id\":\"https:\/\/printwave.pl\/fr\/produkt\/cheltenham-gold-jacket\/#primaryimage\"},\"thumbnailUrl\":\"https:\/\/printwave.pl\/fr\/wp-content\/uploads\/sites\/4\/2025\/01\/896_33_530_m-2022_01.jpg\",\"datePublished\":\"2025-01-24T15:18:35+00:00\",\"dateModified\":\"2026-03-01T03:44:35+00:00\",\"breadcrumb\":{\"@id\":\"https:\/\/printwave.pl\/fr\/produkt\/cheltenham-gold-jacket\/#breadcrumb\"},\"inLanguage\":\"fr-FR\",\"potentialAction\":[{\"@type\":\"ReadAction\",\"target\":[\"https:\/\/printwave.pl\/fr\/produkt\/cheltenham-gold-jacket\/\"]}]},{\"@type\":\"ImageObject\",\"inLanguage\":\"fr-FR\",\"@id\":\"https:\/\/printwave.pl\/fr\/produkt\/cheltenham-gold-jacket\/#primaryimage\",\"url\":\"https:\/\/printwave.pl\/fr\/wp-content\/uploads\/sites\/4\/2025\/01\/896_33_530_m-2022_01.jpg\",\"contentUrl\":\"https:\/\/printwave.pl\/fr\/wp-content\/uploads\/sites\/4\/2025\/01\/896_33_530_m-2022_01.jpg\",\"width\":1024,\"height\":1304},{\"@type\":\"BreadcrumbList\",\"@id\":\"https:\/\/printwave.pl\/fr\/produkt\/cheltenham-gold-jacket\/#breadcrumb\",\"itemListElement\":[{\"@type\":\"ListItem\",\"position\":1,\"name\":\"Accueil\",\"item\":\"https:\/\/printwave.pl\/fr\/\"},{\"@type\":\"ListItem\",\"position\":2,\"name\":\"Boutique\",\"item\":\"https:\/\/printwave.pl\/fr\/boutique\/\"},{\"@type\":\"ListItem\",\"position\":3,\"name\":\"Cheltenham Gold Jacket\"}]},{\"@type\":\"WebSite\",\"@id\":\"https:\/\/printwave.pl\/fr\/#website\",\"url\":\"https:\/\/printwave.pl\/fr\/\",\"name\":\"Printwave\",\"description\":\"Votre fournisseur de v\u00eatements promotionnels et d&#039;entreprise en Pologne\",\"potentialAction\":[{\"@type\":\"SearchAction\",\"target\":{\"@type\":\"EntryPoint\",\"urlTemplate\":\"https:\/\/printwave.pl\/fr\/?s={search_term_string}\"},\"query-input\":{\"@type\":\"PropertyValueSpecification\",\"valueRequired\":true,\"valueName\":\"search_term_string\"}}],\"inLanguage\":\"fr-FR\"}]}<\/script>\n<!-- \/ Yoast SEO Premium plugin. -->","yoast_head_json":{"title":"Cheltenham Gold Jacket | Printwave FR","robots":{"index":"index","follow":"follow","max-snippet":"max-snippet:-1","max-image-preview":"max-image-preview:large","max-video-preview":"max-video-preview:-1"},"canonical":"https:\/\/printwave.pl\/fr\/produkt\/cheltenham-gold-jacket\/","og_locale":"fr_FR","og_type":"article","og_title":"Cheltenham Gold Jacket","og_description":"\u00b7100% Nylon avec enduit polyacrylique \u00b7Int: 100% polyester capitonn\u00e9 (120 g\/m\u00b2) \u00b7Doublure: 100% polyester fleece (220 g\/m\u00b2) sandwich matelass\u00e9 \u00b7Col","og_url":"https:\/\/printwave.pl\/fr\/produkt\/cheltenham-gold-jacket\/","og_site_name":"Printwave FR","article_modified_time":"2026-03-01T03:44:35+00:00","og_image":[{"width":1645,"height":297,"url":"https:\/\/printwave.pl\/fr\/wp-content\/uploads\/sites\/4\/2021\/07\/Print-Wave-logo-2025.png","type":"image\/png"}],"twitter_card":"summary_large_image","schema":{"@context":"https:\/\/schema.org","@graph":[{"@type":"WebPage","@id":"https:\/\/printwave.pl\/fr\/produkt\/cheltenham-gold-jacket\/","url":"https:\/\/printwave.pl\/fr\/produkt\/cheltenham-gold-jacket\/","name":"Cheltenham Gold Jacket | Printwave FR","isPartOf":{"@id":"https:\/\/printwave.pl\/fr\/#website"},"primaryImageOfPage":{"@id":"https:\/\/printwave.pl\/fr\/produkt\/cheltenham-gold-jacket\/#primaryimage"},"image":{"@id":"https:\/\/printwave.pl\/fr\/produkt\/cheltenham-gold-jacket\/#primaryimage"},"thumbnailUrl":"https:\/\/printwave.pl\/fr\/wp-content\/uploads\/sites\/4\/2025\/01\/896_33_530_m-2022_01.jpg","datePublished":"2025-01-24T15:18:35+00:00","dateModified":"2026-03-01T03:44:35+00:00","breadcrumb":{"@id":"https:\/\/printwave.pl\/fr\/produkt\/cheltenham-gold-jacket\/#breadcrumb"},"inLanguage":"fr-FR","potentialAction":[{"@type":"ReadAction","target":["https:\/\/printwave.pl\/fr\/produkt\/cheltenham-gold-jacket\/"]}]},{"@type":"ImageObject","inLanguage":"fr-FR","@id":"https:\/\/printwave.pl\/fr\/produkt\/cheltenham-gold-jacket\/#primaryimage","url":"https:\/\/printwave.pl\/fr\/wp-content\/uploads\/sites\/4\/2025\/01\/896_33_530_m-2022_01.jpg","contentUrl":"https:\/\/printwave.pl\/fr\/wp-content\/uploads\/sites\/4\/2025\/01\/896_33_530_m-2022_01.jpg","width":1024,"height":1304},{"@type":"BreadcrumbList","@id":"https:\/\/printwave.pl\/fr\/produkt\/cheltenham-gold-jacket\/#breadcrumb","itemListElement":[{"@type":"ListItem","position":1,"name":"Accueil","item":"https:\/\/printwave.pl\/fr\/"},{"@type":"ListItem","position":2,"name":"Boutique","item":"https:\/\/printwave.pl\/fr\/boutique\/"},{"@type":"ListItem","position":3,"name":"Cheltenham Gold Jacket"}]},{"@type":"WebSite","@id":"https:\/\/printwave.pl\/fr\/#website","url":"https:\/\/printwave.pl\/fr\/","name":"Printwave","description":"Votre fournisseur de v\u00eatements promotionnels et d&#039;entreprise en Pologne","potentialAction":[{"@type":"SearchAction","target":{"@type":"EntryPoint","urlTemplate":"https:\/\/printwave.pl\/fr\/?s={search_term_string}"},"query-input":{"@type":"PropertyValueSpecification","valueRequired":true,"valueName":"search_term_string"}}],"inLanguage":"fr-FR"}]}},"_links":{"self":[{"href":"https:\/\/printwave.pl\/fr\/wp-json\/wp\/v2\/product\/451881","targetHints":{"allow":["GET"]}}],"collection":[{"href":"https:\/\/printwave.pl\/fr\/wp-json\/wp\/v2\/product"}],"about":[{"href":"https:\/\/printwave.pl\/fr\/wp-json\/wp\/v2\/types\/product"}],"replies":[{"embeddable":true,"href":"https:\/\/printwave.pl\/fr\/wp-json\/wp\/v2\/comments?post=451881"}],"wp:featuredmedia":[{"embeddable":true,"href":"https:\/\/printwave.pl\/fr\/wp-json\/wp\/v2\/media\/451876"}],"wp:attachment":[{"href":"https:\/\/printwave.pl\/fr\/wp-json\/wp\/v2\/media?parent=451881"}],"wp:term":[{"taxonomy":"product_brand","embeddable":true,"href":"https:\/\/printwave.pl\/fr\/wp-json\/wp\/v2\/product_brand?post=451881"},{"taxonomy":"product_cat","embeddable":true,"href":"https:\/\/printwave.pl\/fr\/wp-json\/wp\/v2\/product_cat?post=451881"},{"taxonomy":"product_tag","embeddable":true,"href":"https:\/\/printwave.pl\/fr\/wp-json\/wp\/v2\/product_tag?post=451881"}],"curies":[{"name":"wp","href":"https:\/\/api.w.org\/{rel}","templated":true}]}}