{"id":450592,"date":"2025-01-24T15:42:07","date_gmt":"2025-01-24T14:42:07","guid":{"rendered":"https:\/\/printwave.pl\/fr\/produkt\/work-guard-vostex-long-coat\/"},"modified":"2026-03-01T04:39:13","modified_gmt":"2026-03-01T03:39:13","slug":"work-guard-vostex-long-coat","status":"publish","type":"product","link":"https:\/\/printwave.pl\/fr\/produkt\/work-guard-vostex-long-coat\/","title":{"rendered":"Work-Guard Vostex Long Coat"},"content":{"rendered":"<p>\u00b7275 g\/m\u00b2<br \/>\n\u00b7Ext: 100% polyester Oxford 300D avec enduit PVC<br \/>\n\u00b7doublure: 100% polyester Taffetas 210T (damass\u00e9e en losanges)<br \/>\n\u00b7rembourrage: 100% polyester<br \/>\n\u00b7r\u00e9siste au vent et waterproof (2.000 mm)<br \/>\n\u00b7coutures soud\u00e9es<br \/>\n\u00b7capuche ajustable et amovible, col doubl\u00e9 en tricot doux<br \/>\n\u00b7fermeture \u00e0 glissi\u00e8re avec 4 taquets interchangeables avec rabat temp\u00eate<br \/>\n\u00b7poignets r\u00e9glables par fermeture auto-agrippante<br \/>\n\u00b7passepoil r\u00e9fl\u00e9chissant<br \/>\n\u00b7acc\u00e8s \u00e0 la d\u00e9coration \u00e0 la potrine et au bas du dos<br \/>\n\u00b7convient \u00e0 la broderie et au transfert.<\/p>\n","protected":false},"excerpt":{"rendered":"<p>\u00b7275 g\/m\u00b2 \u00b7Ext: 100% polyester Oxford 300D avec enduit PVC \u00b7doublure: 100% polyester Taffetas 210T (damass\u00e9e en losanges) \u00b7rembourrage: 100%<\/p>\n","protected":false},"featured_media":450586,"comment_status":"open","ping_status":"closed","template":"","meta":[],"product_brand":[],"product_cat":[43],"product_tag":[85,83,92,95,94,84,131,576,86,212,93,215],"class_list":{"0":"post-450592","1":"product","2":"type-product","3":"status-publish","4":"has-post-thumbnail","6":"product_cat-vetements-de-travail","7":"product_tag-a-longue-manche","8":"product_tag-chapeau","9":"product_tag-col-montant","10":"product_tag-coupe-vent","11":"product_tag-impermeable","12":"product_tag-longue-manche","13":"product_tag-unisexe","14":"product_tag-veste-de-travail","15":"product_tag-vetements-dexterieur","16":"product_tag-vetements-de-travail","17":"product_tag-waterresistant","18":"product_tag-workwear","19":"pa_couleur-black","20":"pa_details-fermeture-a-glissiere-complete","21":"pa_details-poches-de-cote","22":"pa_details-set-in","23":"pa_groupe-de-produits-vestes","24":"pa_groupe-de-produits-vetements-de-travail","25":"pa_manche-manches-longues","26":"pa_marque-result-work-guard","27":"pa_numero-de-style-2976","28":"pa_sexe-hommes","29":"pa_taille-2xl","30":"pa_taille-3xl","31":"pa_taille-4xl","32":"pa_taille-l","33":"pa_taille-m","34":"pa_taille-s","35":"pa_taille-xl","36":"pa_tissu-polyester","38":"first","39":"instock","40":"taxable","41":"shipping-taxable","42":"purchasable","43":"product-type-variable"},"yoast_head":"<!-- This site is optimized with the Yoast SEO Premium plugin v20.9 (Yoast SEO v26.3) - https:\/\/yoast.com\/wordpress\/plugins\/seo\/ -->\n<title>Work-Guard Vostex Long Coat | Printwave FR<\/title>\n<meta name=\"robots\" content=\"index, follow, max-snippet:-1, max-image-preview:large, max-video-preview:-1\" \/>\n<link rel=\"canonical\" href=\"https:\/\/printwave.pl\/fr\/produkt\/work-guard-vostex-long-coat\/\" \/>\n<meta property=\"og:locale\" content=\"fr_FR\" \/>\n<meta property=\"og:type\" content=\"article\" \/>\n<meta property=\"og:title\" content=\"Work-Guard Vostex Long Coat\" \/>\n<meta property=\"og:description\" content=\"\u00b7275 g\/m\u00b2 \u00b7Ext: 100% polyester Oxford 300D avec enduit PVC \u00b7doublure: 100% polyester Taffetas 210T (damass\u00e9e en losanges) \u00b7rembourrage: 100%\" \/>\n<meta property=\"og:url\" content=\"https:\/\/printwave.pl\/fr\/produkt\/work-guard-vostex-long-coat\/\" \/>\n<meta property=\"og:site_name\" content=\"Printwave FR\" \/>\n<meta property=\"article:modified_time\" content=\"2026-03-01T03:39:13+00:00\" \/>\n<meta property=\"og:image\" content=\"https:\/\/printwave.pl\/fr\/wp-content\/uploads\/sites\/4\/2025\/01\/905_33_101_m-2022_01.jpg\" \/>\n\t<meta property=\"og:image:width\" content=\"1024\" \/>\n\t<meta property=\"og:image:height\" content=\"1304\" \/>\n\t<meta property=\"og:image:type\" content=\"image\/jpeg\" \/>\n<meta name=\"twitter:card\" content=\"summary_large_image\" \/>\n<script type=\"application\/ld+json\" class=\"yoast-schema-graph\">{\"@context\":\"https:\/\/schema.org\",\"@graph\":[{\"@type\":\"WebPage\",\"@id\":\"https:\/\/printwave.pl\/fr\/produkt\/work-guard-vostex-long-coat\/\",\"url\":\"https:\/\/printwave.pl\/fr\/produkt\/work-guard-vostex-long-coat\/\",\"name\":\"Work-Guard Vostex Long Coat | Printwave FR\",\"isPartOf\":{\"@id\":\"https:\/\/printwave.pl\/fr\/#website\"},\"primaryImageOfPage\":{\"@id\":\"https:\/\/printwave.pl\/fr\/produkt\/work-guard-vostex-long-coat\/#primaryimage\"},\"image\":{\"@id\":\"https:\/\/printwave.pl\/fr\/produkt\/work-guard-vostex-long-coat\/#primaryimage\"},\"thumbnailUrl\":\"https:\/\/printwave.pl\/fr\/wp-content\/uploads\/sites\/4\/2025\/01\/905_33_101_m-2022_01.jpg\",\"datePublished\":\"2025-01-24T14:42:07+00:00\",\"dateModified\":\"2026-03-01T03:39:13+00:00\",\"breadcrumb\":{\"@id\":\"https:\/\/printwave.pl\/fr\/produkt\/work-guard-vostex-long-coat\/#breadcrumb\"},\"inLanguage\":\"fr-FR\",\"potentialAction\":[{\"@type\":\"ReadAction\",\"target\":[\"https:\/\/printwave.pl\/fr\/produkt\/work-guard-vostex-long-coat\/\"]}]},{\"@type\":\"ImageObject\",\"inLanguage\":\"fr-FR\",\"@id\":\"https:\/\/printwave.pl\/fr\/produkt\/work-guard-vostex-long-coat\/#primaryimage\",\"url\":\"https:\/\/printwave.pl\/fr\/wp-content\/uploads\/sites\/4\/2025\/01\/905_33_101_m-2022_01.jpg\",\"contentUrl\":\"https:\/\/printwave.pl\/fr\/wp-content\/uploads\/sites\/4\/2025\/01\/905_33_101_m-2022_01.jpg\",\"width\":1024,\"height\":1304},{\"@type\":\"BreadcrumbList\",\"@id\":\"https:\/\/printwave.pl\/fr\/produkt\/work-guard-vostex-long-coat\/#breadcrumb\",\"itemListElement\":[{\"@type\":\"ListItem\",\"position\":1,\"name\":\"Accueil\",\"item\":\"https:\/\/printwave.pl\/fr\/\"},{\"@type\":\"ListItem\",\"position\":2,\"name\":\"Boutique\",\"item\":\"https:\/\/printwave.pl\/fr\/boutique\/\"},{\"@type\":\"ListItem\",\"position\":3,\"name\":\"Work-Guard Vostex Long Coat\"}]},{\"@type\":\"WebSite\",\"@id\":\"https:\/\/printwave.pl\/fr\/#website\",\"url\":\"https:\/\/printwave.pl\/fr\/\",\"name\":\"Printwave\",\"description\":\"Votre fournisseur de v\u00eatements promotionnels et d&#039;entreprise en Pologne\",\"potentialAction\":[{\"@type\":\"SearchAction\",\"target\":{\"@type\":\"EntryPoint\",\"urlTemplate\":\"https:\/\/printwave.pl\/fr\/?s={search_term_string}\"},\"query-input\":{\"@type\":\"PropertyValueSpecification\",\"valueRequired\":true,\"valueName\":\"search_term_string\"}}],\"inLanguage\":\"fr-FR\"}]}<\/script>\n<!-- \/ Yoast SEO Premium plugin. -->","yoast_head_json":{"title":"Work-Guard Vostex Long Coat | Printwave FR","robots":{"index":"index","follow":"follow","max-snippet":"max-snippet:-1","max-image-preview":"max-image-preview:large","max-video-preview":"max-video-preview:-1"},"canonical":"https:\/\/printwave.pl\/fr\/produkt\/work-guard-vostex-long-coat\/","og_locale":"fr_FR","og_type":"article","og_title":"Work-Guard Vostex Long Coat","og_description":"\u00b7275 g\/m\u00b2 \u00b7Ext: 100% polyester Oxford 300D avec enduit PVC \u00b7doublure: 100% polyester Taffetas 210T (damass\u00e9e en losanges) \u00b7rembourrage: 100%","og_url":"https:\/\/printwave.pl\/fr\/produkt\/work-guard-vostex-long-coat\/","og_site_name":"Printwave FR","article_modified_time":"2026-03-01T03:39:13+00:00","og_image":[{"width":1024,"height":1304,"url":"https:\/\/printwave.pl\/fr\/wp-content\/uploads\/sites\/4\/2025\/01\/905_33_101_m-2022_01.jpg","type":"image\/jpeg"}],"twitter_card":"summary_large_image","schema":{"@context":"https:\/\/schema.org","@graph":[{"@type":"WebPage","@id":"https:\/\/printwave.pl\/fr\/produkt\/work-guard-vostex-long-coat\/","url":"https:\/\/printwave.pl\/fr\/produkt\/work-guard-vostex-long-coat\/","name":"Work-Guard Vostex Long Coat | Printwave FR","isPartOf":{"@id":"https:\/\/printwave.pl\/fr\/#website"},"primaryImageOfPage":{"@id":"https:\/\/printwave.pl\/fr\/produkt\/work-guard-vostex-long-coat\/#primaryimage"},"image":{"@id":"https:\/\/printwave.pl\/fr\/produkt\/work-guard-vostex-long-coat\/#primaryimage"},"thumbnailUrl":"https:\/\/printwave.pl\/fr\/wp-content\/uploads\/sites\/4\/2025\/01\/905_33_101_m-2022_01.jpg","datePublished":"2025-01-24T14:42:07+00:00","dateModified":"2026-03-01T03:39:13+00:00","breadcrumb":{"@id":"https:\/\/printwave.pl\/fr\/produkt\/work-guard-vostex-long-coat\/#breadcrumb"},"inLanguage":"fr-FR","potentialAction":[{"@type":"ReadAction","target":["https:\/\/printwave.pl\/fr\/produkt\/work-guard-vostex-long-coat\/"]}]},{"@type":"ImageObject","inLanguage":"fr-FR","@id":"https:\/\/printwave.pl\/fr\/produkt\/work-guard-vostex-long-coat\/#primaryimage","url":"https:\/\/printwave.pl\/fr\/wp-content\/uploads\/sites\/4\/2025\/01\/905_33_101_m-2022_01.jpg","contentUrl":"https:\/\/printwave.pl\/fr\/wp-content\/uploads\/sites\/4\/2025\/01\/905_33_101_m-2022_01.jpg","width":1024,"height":1304},{"@type":"BreadcrumbList","@id":"https:\/\/printwave.pl\/fr\/produkt\/work-guard-vostex-long-coat\/#breadcrumb","itemListElement":[{"@type":"ListItem","position":1,"name":"Accueil","item":"https:\/\/printwave.pl\/fr\/"},{"@type":"ListItem","position":2,"name":"Boutique","item":"https:\/\/printwave.pl\/fr\/boutique\/"},{"@type":"ListItem","position":3,"name":"Work-Guard Vostex Long Coat"}]},{"@type":"WebSite","@id":"https:\/\/printwave.pl\/fr\/#website","url":"https:\/\/printwave.pl\/fr\/","name":"Printwave","description":"Votre fournisseur de v\u00eatements promotionnels et d&#039;entreprise en Pologne","potentialAction":[{"@type":"SearchAction","target":{"@type":"EntryPoint","urlTemplate":"https:\/\/printwave.pl\/fr\/?s={search_term_string}"},"query-input":{"@type":"PropertyValueSpecification","valueRequired":true,"valueName":"search_term_string"}}],"inLanguage":"fr-FR"}]}},"_links":{"self":[{"href":"https:\/\/printwave.pl\/fr\/wp-json\/wp\/v2\/product\/450592","targetHints":{"allow":["GET"]}}],"collection":[{"href":"https:\/\/printwave.pl\/fr\/wp-json\/wp\/v2\/product"}],"about":[{"href":"https:\/\/printwave.pl\/fr\/wp-json\/wp\/v2\/types\/product"}],"replies":[{"embeddable":true,"href":"https:\/\/printwave.pl\/fr\/wp-json\/wp\/v2\/comments?post=450592"}],"wp:featuredmedia":[{"embeddable":true,"href":"https:\/\/printwave.pl\/fr\/wp-json\/wp\/v2\/media\/450586"}],"wp:attachment":[{"href":"https:\/\/printwave.pl\/fr\/wp-json\/wp\/v2\/media?parent=450592"}],"wp:term":[{"taxonomy":"product_brand","embeddable":true,"href":"https:\/\/printwave.pl\/fr\/wp-json\/wp\/v2\/product_brand?post=450592"},{"taxonomy":"product_cat","embeddable":true,"href":"https:\/\/printwave.pl\/fr\/wp-json\/wp\/v2\/product_cat?post=450592"},{"taxonomy":"product_tag","embeddable":true,"href":"https:\/\/printwave.pl\/fr\/wp-json\/wp\/v2\/product_tag?post=450592"}],"curies":[{"name":"wp","href":"https:\/\/api.w.org\/{rel}","templated":true}]}}