{"id":450500,"date":"2025-01-24T15:38:52","date_gmt":"2025-01-24T14:38:52","guid":{"rendered":"https:\/\/printwave.pl\/fr\/produkt\/urban-commute-backpack\/"},"modified":"2026-03-01T04:38:44","modified_gmt":"2026-03-01T03:38:44","slug":"urban-commute-backpack","status":"publish","type":"product","link":"https:\/\/printwave.pl\/fr\/produkt\/urban-commute-backpack\/","title":{"rendered":"Urban Commute Backpack"},"content":{"rendered":"<p>\u00b7100% polyester (d\u00e9chirure, 300D)<br \/>\n\u00b7Traitement d\u00e9perlant sans PVC et durable<br \/>\n\u00b7Fermeture \u00e0 enroulement et boucles en m\u00e9tal<br \/>\n\u00b7Bretelles avec sangle de poitrine enti\u00e8rement r\u00e9glable<br \/>\n\u00b7Panneau arri\u00e8re en mesh rembourr\u00e9 respirant<br \/>\n\u00b7Poche avant avec fermeture \u00e0 glissi\u00e8re avec boucles de fixation polyvalentes<br \/>\n\u00b7Deux poches ext\u00e9rieures pour bouteilles<br \/>\n\u00b7Housse interne rembourr\u00e9e pour ordinateur portable, compatible jusqu&rsquo;\u00e0 15,6&Prime;<br \/>\n\u00b7Bandes r\u00e9fl\u00e9chissantes \u00e0 visibilit\u00e9 am\u00e9lior\u00e9e<br \/>\n\u00b7\u00c9tiquette d\u00e9tachable pour faciliter le changement de marque<br \/>\n\u00b7Capacit\u00e9 : 18 litres<br \/>\n\u00b7Dimensions : 28 x 46 x 14 cm<br \/>\n\u00b7Max. broderie: 16 cerceau tubulaire<br \/>\n\u00b7Max. surface d&rsquo;impression : 17 x 26 cm<\/p>\n","protected":false},"excerpt":{"rendered":"<p>\u00b7100% polyester (d\u00e9chirure, 300D) \u00b7Traitement d\u00e9perlant sans PVC et durable \u00b7Fermeture \u00e0 enroulement et boucles en m\u00e9tal \u00b7Bretelles avec sangle<\/p>\n","protected":false},"featured_media":450492,"comment_status":"open","ping_status":"closed","template":"","meta":[],"product_brand":[],"product_cat":[61],"product_tag":[],"class_list":{"0":"post-450500","1":"product","2":"type-product","3":"status-publish","4":"has-post-thumbnail","6":"product_cat-bagagerie-accessoires","7":"pa_couleur-black","8":"pa_couleur-navy","9":"pa_groupe-de-produits-sac-a-dos","10":"pa_marque-quadra","11":"pa_numero-de-style-2969","12":"pa_sexe-unisexe","13":"pa_taille-one-size","14":"pa_tissu-polyester","16":"first","17":"instock","18":"taxable","19":"shipping-taxable","20":"purchasable","21":"product-type-variable"},"yoast_head":"<!-- This site is optimized with the Yoast SEO Premium plugin v20.9 (Yoast SEO v26.3) - https:\/\/yoast.com\/wordpress\/plugins\/seo\/ -->\n<title>Urban Commute Backpack | Printwave FR<\/title>\n<meta name=\"robots\" content=\"index, follow, max-snippet:-1, max-image-preview:large, max-video-preview:-1\" \/>\n<link rel=\"canonical\" href=\"https:\/\/printwave.pl\/fr\/produkt\/urban-commute-backpack\/\" \/>\n<meta property=\"og:locale\" content=\"fr_FR\" \/>\n<meta property=\"og:type\" content=\"article\" \/>\n<meta property=\"og:title\" content=\"Urban Commute Backpack\" \/>\n<meta property=\"og:description\" content=\"\u00b7100% polyester (d\u00e9chirure, 300D) \u00b7Traitement d\u00e9perlant sans PVC et durable \u00b7Fermeture \u00e0 enroulement et boucles en m\u00e9tal \u00b7Bretelles avec sangle\" \/>\n<meta property=\"og:url\" content=\"https:\/\/printwave.pl\/fr\/produkt\/urban-commute-backpack\/\" \/>\n<meta property=\"og:site_name\" content=\"Printwave FR\" \/>\n<meta property=\"article:modified_time\" content=\"2026-03-01T03:38:44+00:00\" \/>\n<meta property=\"og:image\" content=\"https:\/\/printwave.pl\/fr\/wp-content\/uploads\/sites\/4\/2025\/01\/906_30_101_m-2022_02.jpg\" \/>\n\t<meta property=\"og:image:width\" content=\"1024\" \/>\n\t<meta property=\"og:image:height\" content=\"1304\" \/>\n\t<meta property=\"og:image:type\" content=\"image\/jpeg\" \/>\n<meta name=\"twitter:card\" content=\"summary_large_image\" \/>\n<script type=\"application\/ld+json\" class=\"yoast-schema-graph\">{\"@context\":\"https:\/\/schema.org\",\"@graph\":[{\"@type\":\"WebPage\",\"@id\":\"https:\/\/printwave.pl\/fr\/produkt\/urban-commute-backpack\/\",\"url\":\"https:\/\/printwave.pl\/fr\/produkt\/urban-commute-backpack\/\",\"name\":\"Urban Commute Backpack | Printwave FR\",\"isPartOf\":{\"@id\":\"https:\/\/printwave.pl\/fr\/#website\"},\"primaryImageOfPage\":{\"@id\":\"https:\/\/printwave.pl\/fr\/produkt\/urban-commute-backpack\/#primaryimage\"},\"image\":{\"@id\":\"https:\/\/printwave.pl\/fr\/produkt\/urban-commute-backpack\/#primaryimage\"},\"thumbnailUrl\":\"https:\/\/printwave.pl\/fr\/wp-content\/uploads\/sites\/4\/2025\/01\/906_30_101_m-2022_02.jpg\",\"datePublished\":\"2025-01-24T14:38:52+00:00\",\"dateModified\":\"2026-03-01T03:38:44+00:00\",\"breadcrumb\":{\"@id\":\"https:\/\/printwave.pl\/fr\/produkt\/urban-commute-backpack\/#breadcrumb\"},\"inLanguage\":\"fr-FR\",\"potentialAction\":[{\"@type\":\"ReadAction\",\"target\":[\"https:\/\/printwave.pl\/fr\/produkt\/urban-commute-backpack\/\"]}]},{\"@type\":\"ImageObject\",\"inLanguage\":\"fr-FR\",\"@id\":\"https:\/\/printwave.pl\/fr\/produkt\/urban-commute-backpack\/#primaryimage\",\"url\":\"https:\/\/printwave.pl\/fr\/wp-content\/uploads\/sites\/4\/2025\/01\/906_30_101_m-2022_02.jpg\",\"contentUrl\":\"https:\/\/printwave.pl\/fr\/wp-content\/uploads\/sites\/4\/2025\/01\/906_30_101_m-2022_02.jpg\",\"width\":1024,\"height\":1304},{\"@type\":\"BreadcrumbList\",\"@id\":\"https:\/\/printwave.pl\/fr\/produkt\/urban-commute-backpack\/#breadcrumb\",\"itemListElement\":[{\"@type\":\"ListItem\",\"position\":1,\"name\":\"Accueil\",\"item\":\"https:\/\/printwave.pl\/fr\/\"},{\"@type\":\"ListItem\",\"position\":2,\"name\":\"Boutique\",\"item\":\"https:\/\/printwave.pl\/fr\/boutique\/\"},{\"@type\":\"ListItem\",\"position\":3,\"name\":\"Urban Commute Backpack\"}]},{\"@type\":\"WebSite\",\"@id\":\"https:\/\/printwave.pl\/fr\/#website\",\"url\":\"https:\/\/printwave.pl\/fr\/\",\"name\":\"Printwave\",\"description\":\"Votre fournisseur de v\u00eatements promotionnels et d&#039;entreprise en Pologne\",\"potentialAction\":[{\"@type\":\"SearchAction\",\"target\":{\"@type\":\"EntryPoint\",\"urlTemplate\":\"https:\/\/printwave.pl\/fr\/?s={search_term_string}\"},\"query-input\":{\"@type\":\"PropertyValueSpecification\",\"valueRequired\":true,\"valueName\":\"search_term_string\"}}],\"inLanguage\":\"fr-FR\"}]}<\/script>\n<!-- \/ Yoast SEO Premium plugin. -->","yoast_head_json":{"title":"Urban Commute Backpack | Printwave FR","robots":{"index":"index","follow":"follow","max-snippet":"max-snippet:-1","max-image-preview":"max-image-preview:large","max-video-preview":"max-video-preview:-1"},"canonical":"https:\/\/printwave.pl\/fr\/produkt\/urban-commute-backpack\/","og_locale":"fr_FR","og_type":"article","og_title":"Urban Commute Backpack","og_description":"\u00b7100% polyester (d\u00e9chirure, 300D) \u00b7Traitement d\u00e9perlant sans PVC et durable \u00b7Fermeture \u00e0 enroulement et boucles en m\u00e9tal \u00b7Bretelles avec sangle","og_url":"https:\/\/printwave.pl\/fr\/produkt\/urban-commute-backpack\/","og_site_name":"Printwave FR","article_modified_time":"2026-03-01T03:38:44+00:00","og_image":[{"width":1024,"height":1304,"url":"https:\/\/printwave.pl\/fr\/wp-content\/uploads\/sites\/4\/2025\/01\/906_30_101_m-2022_02.jpg","type":"image\/jpeg"}],"twitter_card":"summary_large_image","schema":{"@context":"https:\/\/schema.org","@graph":[{"@type":"WebPage","@id":"https:\/\/printwave.pl\/fr\/produkt\/urban-commute-backpack\/","url":"https:\/\/printwave.pl\/fr\/produkt\/urban-commute-backpack\/","name":"Urban Commute Backpack | Printwave FR","isPartOf":{"@id":"https:\/\/printwave.pl\/fr\/#website"},"primaryImageOfPage":{"@id":"https:\/\/printwave.pl\/fr\/produkt\/urban-commute-backpack\/#primaryimage"},"image":{"@id":"https:\/\/printwave.pl\/fr\/produkt\/urban-commute-backpack\/#primaryimage"},"thumbnailUrl":"https:\/\/printwave.pl\/fr\/wp-content\/uploads\/sites\/4\/2025\/01\/906_30_101_m-2022_02.jpg","datePublished":"2025-01-24T14:38:52+00:00","dateModified":"2026-03-01T03:38:44+00:00","breadcrumb":{"@id":"https:\/\/printwave.pl\/fr\/produkt\/urban-commute-backpack\/#breadcrumb"},"inLanguage":"fr-FR","potentialAction":[{"@type":"ReadAction","target":["https:\/\/printwave.pl\/fr\/produkt\/urban-commute-backpack\/"]}]},{"@type":"ImageObject","inLanguage":"fr-FR","@id":"https:\/\/printwave.pl\/fr\/produkt\/urban-commute-backpack\/#primaryimage","url":"https:\/\/printwave.pl\/fr\/wp-content\/uploads\/sites\/4\/2025\/01\/906_30_101_m-2022_02.jpg","contentUrl":"https:\/\/printwave.pl\/fr\/wp-content\/uploads\/sites\/4\/2025\/01\/906_30_101_m-2022_02.jpg","width":1024,"height":1304},{"@type":"BreadcrumbList","@id":"https:\/\/printwave.pl\/fr\/produkt\/urban-commute-backpack\/#breadcrumb","itemListElement":[{"@type":"ListItem","position":1,"name":"Accueil","item":"https:\/\/printwave.pl\/fr\/"},{"@type":"ListItem","position":2,"name":"Boutique","item":"https:\/\/printwave.pl\/fr\/boutique\/"},{"@type":"ListItem","position":3,"name":"Urban Commute Backpack"}]},{"@type":"WebSite","@id":"https:\/\/printwave.pl\/fr\/#website","url":"https:\/\/printwave.pl\/fr\/","name":"Printwave","description":"Votre fournisseur de v\u00eatements promotionnels et d&#039;entreprise en Pologne","potentialAction":[{"@type":"SearchAction","target":{"@type":"EntryPoint","urlTemplate":"https:\/\/printwave.pl\/fr\/?s={search_term_string}"},"query-input":{"@type":"PropertyValueSpecification","valueRequired":true,"valueName":"search_term_string"}}],"inLanguage":"fr-FR"}]}},"_links":{"self":[{"href":"https:\/\/printwave.pl\/fr\/wp-json\/wp\/v2\/product\/450500","targetHints":{"allow":["GET"]}}],"collection":[{"href":"https:\/\/printwave.pl\/fr\/wp-json\/wp\/v2\/product"}],"about":[{"href":"https:\/\/printwave.pl\/fr\/wp-json\/wp\/v2\/types\/product"}],"replies":[{"embeddable":true,"href":"https:\/\/printwave.pl\/fr\/wp-json\/wp\/v2\/comments?post=450500"}],"wp:featuredmedia":[{"embeddable":true,"href":"https:\/\/printwave.pl\/fr\/wp-json\/wp\/v2\/media\/450492"}],"wp:attachment":[{"href":"https:\/\/printwave.pl\/fr\/wp-json\/wp\/v2\/media?parent=450500"}],"wp:term":[{"taxonomy":"product_brand","embeddable":true,"href":"https:\/\/printwave.pl\/fr\/wp-json\/wp\/v2\/product_brand?post=450500"},{"taxonomy":"product_cat","embeddable":true,"href":"https:\/\/printwave.pl\/fr\/wp-json\/wp\/v2\/product_cat?post=450500"},{"taxonomy":"product_tag","embeddable":true,"href":"https:\/\/printwave.pl\/fr\/wp-json\/wp\/v2\/product_tag?post=450500"}],"curies":[{"name":"wp","href":"https:\/\/api.w.org\/{rel}","templated":true}]}}