{"id":449496,"date":"2025-01-24T15:08:24","date_gmt":"2025-01-24T14:08:24","guid":{"rendered":"https:\/\/printwave.pl\/fr\/produkt\/tailored-luxe-backpack\/"},"modified":"2026-03-01T04:34:15","modified_gmt":"2026-03-01T03:34:15","slug":"tailored-luxe-backpack","status":"publish","type":"product","link":"https:\/\/printwave.pl\/fr\/produkt\/tailored-luxe-backpack\/","title":{"rendered":"Tailored Luxe Backpack"},"content":{"rendered":"<p>\u00b7100% polyur\u00e9thane (aspect cuir)<br \/>\n\u00b7Doublure\u00a0: 100% polyester (recycl\u00e9)<br \/>\n\u00b7Bretelles r\u00e9glables et rembourr\u00e9es<br \/>\n\u00b7Sangle de bagage arri\u00e8re<br \/>\n\u00b7Compartiment arri\u00e8re rembourr\u00e9 pour ordinateur portable, compatible jusqu&rsquo;\u00e0 16&Prime;<br \/>\n\u00b7Ouverture zipp\u00e9e \u00e0 double sens pour un acc\u00e8s facile<br \/>\n\u00b7Poche avant avec fermeture \u00e0 glissi\u00e8re<br \/>\n\u00b72 poches int\u00e9rieures plaqu\u00e9es et porte-bouteille d&rsquo;eau interne<br \/>\n\u00b7\u00c9tiquette TearAway pour faciliter le changement de marque<br \/>\n\u00b7Capacit\u00e9 : 10 litres<br \/>\n\u00b7Dimensions : 28 x 30 x 12 cm<br \/>\n\u00b7Broderie maximale : 20 x 6 cm<br \/>\n\u00b7Zone d&rsquo;impression maximale : 5 x 8 cm.<\/p>\n","protected":false},"excerpt":{"rendered":"<p>\u00b7100% polyur\u00e9thane (aspect cuir) \u00b7Doublure\u00a0: 100% polyester (recycl\u00e9) \u00b7Bretelles r\u00e9glables et rembourr\u00e9es \u00b7Sangle de bagage arri\u00e8re \u00b7Compartiment arri\u00e8re rembourr\u00e9 pour<\/p>\n","protected":false},"featured_media":449488,"comment_status":"open","ping_status":"closed","template":"","meta":[],"product_brand":[],"product_cat":[61],"product_tag":[],"class_list":{"0":"post-449496","1":"product","2":"type-product","3":"status-publish","4":"has-post-thumbnail","6":"product_cat-bagagerie-accessoires","7":"pa_couleur-black","8":"pa_eco-recycle","9":"pa_groupe-de-produits-sac-a-dos","10":"pa_marque-quadra","11":"pa_numero-de-style-2912","12":"pa_sexe-unisexe","13":"pa_taille-one-size","14":"pa_tissu-polyester","16":"first","17":"instock","18":"taxable","19":"shipping-taxable","20":"purchasable","21":"product-type-variable"},"yoast_head":"<!-- This site is optimized with the Yoast SEO Premium plugin v20.9 (Yoast SEO v26.3) - https:\/\/yoast.com\/wordpress\/plugins\/seo\/ -->\n<title>Tailored Luxe Backpack | Printwave FR<\/title>\n<meta name=\"robots\" content=\"index, follow, max-snippet:-1, max-image-preview:large, max-video-preview:-1\" \/>\n<link rel=\"canonical\" href=\"https:\/\/printwave.pl\/fr\/produkt\/tailored-luxe-backpack\/\" \/>\n<meta property=\"og:locale\" content=\"fr_FR\" \/>\n<meta property=\"og:type\" content=\"article\" \/>\n<meta property=\"og:title\" content=\"Tailored Luxe Backpack\" \/>\n<meta property=\"og:description\" content=\"\u00b7100% polyur\u00e9thane (aspect cuir) \u00b7Doublure\u00a0: 100% polyester (recycl\u00e9) \u00b7Bretelles r\u00e9glables et rembourr\u00e9es \u00b7Sangle de bagage arri\u00e8re \u00b7Compartiment arri\u00e8re rembourr\u00e9 pour\" \/>\n<meta property=\"og:url\" content=\"https:\/\/printwave.pl\/fr\/produkt\/tailored-luxe-backpack\/\" \/>\n<meta property=\"og:site_name\" content=\"Printwave FR\" \/>\n<meta property=\"article:modified_time\" content=\"2026-03-01T03:34:15+00:00\" \/>\n<meta property=\"og:image\" content=\"https:\/\/printwave.pl\/fr\/wp-content\/uploads\/sites\/4\/2025\/01\/916_30_101_m-2024_02.jpg\" \/>\n\t<meta property=\"og:image:width\" content=\"1024\" \/>\n\t<meta property=\"og:image:height\" content=\"1304\" \/>\n\t<meta property=\"og:image:type\" content=\"image\/jpeg\" \/>\n<meta name=\"twitter:card\" content=\"summary_large_image\" \/>\n<script type=\"application\/ld+json\" class=\"yoast-schema-graph\">{\"@context\":\"https:\/\/schema.org\",\"@graph\":[{\"@type\":\"WebPage\",\"@id\":\"https:\/\/printwave.pl\/fr\/produkt\/tailored-luxe-backpack\/\",\"url\":\"https:\/\/printwave.pl\/fr\/produkt\/tailored-luxe-backpack\/\",\"name\":\"Tailored Luxe Backpack | Printwave FR\",\"isPartOf\":{\"@id\":\"https:\/\/printwave.pl\/fr\/#website\"},\"primaryImageOfPage\":{\"@id\":\"https:\/\/printwave.pl\/fr\/produkt\/tailored-luxe-backpack\/#primaryimage\"},\"image\":{\"@id\":\"https:\/\/printwave.pl\/fr\/produkt\/tailored-luxe-backpack\/#primaryimage\"},\"thumbnailUrl\":\"https:\/\/printwave.pl\/fr\/wp-content\/uploads\/sites\/4\/2025\/01\/916_30_101_m-2024_02.jpg\",\"datePublished\":\"2025-01-24T14:08:24+00:00\",\"dateModified\":\"2026-03-01T03:34:15+00:00\",\"breadcrumb\":{\"@id\":\"https:\/\/printwave.pl\/fr\/produkt\/tailored-luxe-backpack\/#breadcrumb\"},\"inLanguage\":\"fr-FR\",\"potentialAction\":[{\"@type\":\"ReadAction\",\"target\":[\"https:\/\/printwave.pl\/fr\/produkt\/tailored-luxe-backpack\/\"]}]},{\"@type\":\"ImageObject\",\"inLanguage\":\"fr-FR\",\"@id\":\"https:\/\/printwave.pl\/fr\/produkt\/tailored-luxe-backpack\/#primaryimage\",\"url\":\"https:\/\/printwave.pl\/fr\/wp-content\/uploads\/sites\/4\/2025\/01\/916_30_101_m-2024_02.jpg\",\"contentUrl\":\"https:\/\/printwave.pl\/fr\/wp-content\/uploads\/sites\/4\/2025\/01\/916_30_101_m-2024_02.jpg\",\"width\":1024,\"height\":1304},{\"@type\":\"BreadcrumbList\",\"@id\":\"https:\/\/printwave.pl\/fr\/produkt\/tailored-luxe-backpack\/#breadcrumb\",\"itemListElement\":[{\"@type\":\"ListItem\",\"position\":1,\"name\":\"Accueil\",\"item\":\"https:\/\/printwave.pl\/fr\/\"},{\"@type\":\"ListItem\",\"position\":2,\"name\":\"Boutique\",\"item\":\"https:\/\/printwave.pl\/fr\/boutique\/\"},{\"@type\":\"ListItem\",\"position\":3,\"name\":\"Tailored Luxe Backpack\"}]},{\"@type\":\"WebSite\",\"@id\":\"https:\/\/printwave.pl\/fr\/#website\",\"url\":\"https:\/\/printwave.pl\/fr\/\",\"name\":\"Printwave\",\"description\":\"Votre fournisseur de v\u00eatements promotionnels et d&#039;entreprise en Pologne\",\"potentialAction\":[{\"@type\":\"SearchAction\",\"target\":{\"@type\":\"EntryPoint\",\"urlTemplate\":\"https:\/\/printwave.pl\/fr\/?s={search_term_string}\"},\"query-input\":{\"@type\":\"PropertyValueSpecification\",\"valueRequired\":true,\"valueName\":\"search_term_string\"}}],\"inLanguage\":\"fr-FR\"}]}<\/script>\n<!-- \/ Yoast SEO Premium plugin. -->","yoast_head_json":{"title":"Tailored Luxe Backpack | Printwave FR","robots":{"index":"index","follow":"follow","max-snippet":"max-snippet:-1","max-image-preview":"max-image-preview:large","max-video-preview":"max-video-preview:-1"},"canonical":"https:\/\/printwave.pl\/fr\/produkt\/tailored-luxe-backpack\/","og_locale":"fr_FR","og_type":"article","og_title":"Tailored Luxe Backpack","og_description":"\u00b7100% polyur\u00e9thane (aspect cuir) \u00b7Doublure\u00a0: 100% polyester (recycl\u00e9) \u00b7Bretelles r\u00e9glables et rembourr\u00e9es \u00b7Sangle de bagage arri\u00e8re \u00b7Compartiment arri\u00e8re rembourr\u00e9 pour","og_url":"https:\/\/printwave.pl\/fr\/produkt\/tailored-luxe-backpack\/","og_site_name":"Printwave FR","article_modified_time":"2026-03-01T03:34:15+00:00","og_image":[{"width":1024,"height":1304,"url":"https:\/\/printwave.pl\/fr\/wp-content\/uploads\/sites\/4\/2025\/01\/916_30_101_m-2024_02.jpg","type":"image\/jpeg"}],"twitter_card":"summary_large_image","schema":{"@context":"https:\/\/schema.org","@graph":[{"@type":"WebPage","@id":"https:\/\/printwave.pl\/fr\/produkt\/tailored-luxe-backpack\/","url":"https:\/\/printwave.pl\/fr\/produkt\/tailored-luxe-backpack\/","name":"Tailored Luxe Backpack | Printwave FR","isPartOf":{"@id":"https:\/\/printwave.pl\/fr\/#website"},"primaryImageOfPage":{"@id":"https:\/\/printwave.pl\/fr\/produkt\/tailored-luxe-backpack\/#primaryimage"},"image":{"@id":"https:\/\/printwave.pl\/fr\/produkt\/tailored-luxe-backpack\/#primaryimage"},"thumbnailUrl":"https:\/\/printwave.pl\/fr\/wp-content\/uploads\/sites\/4\/2025\/01\/916_30_101_m-2024_02.jpg","datePublished":"2025-01-24T14:08:24+00:00","dateModified":"2026-03-01T03:34:15+00:00","breadcrumb":{"@id":"https:\/\/printwave.pl\/fr\/produkt\/tailored-luxe-backpack\/#breadcrumb"},"inLanguage":"fr-FR","potentialAction":[{"@type":"ReadAction","target":["https:\/\/printwave.pl\/fr\/produkt\/tailored-luxe-backpack\/"]}]},{"@type":"ImageObject","inLanguage":"fr-FR","@id":"https:\/\/printwave.pl\/fr\/produkt\/tailored-luxe-backpack\/#primaryimage","url":"https:\/\/printwave.pl\/fr\/wp-content\/uploads\/sites\/4\/2025\/01\/916_30_101_m-2024_02.jpg","contentUrl":"https:\/\/printwave.pl\/fr\/wp-content\/uploads\/sites\/4\/2025\/01\/916_30_101_m-2024_02.jpg","width":1024,"height":1304},{"@type":"BreadcrumbList","@id":"https:\/\/printwave.pl\/fr\/produkt\/tailored-luxe-backpack\/#breadcrumb","itemListElement":[{"@type":"ListItem","position":1,"name":"Accueil","item":"https:\/\/printwave.pl\/fr\/"},{"@type":"ListItem","position":2,"name":"Boutique","item":"https:\/\/printwave.pl\/fr\/boutique\/"},{"@type":"ListItem","position":3,"name":"Tailored Luxe Backpack"}]},{"@type":"WebSite","@id":"https:\/\/printwave.pl\/fr\/#website","url":"https:\/\/printwave.pl\/fr\/","name":"Printwave","description":"Votre fournisseur de v\u00eatements promotionnels et d&#039;entreprise en Pologne","potentialAction":[{"@type":"SearchAction","target":{"@type":"EntryPoint","urlTemplate":"https:\/\/printwave.pl\/fr\/?s={search_term_string}"},"query-input":{"@type":"PropertyValueSpecification","valueRequired":true,"valueName":"search_term_string"}}],"inLanguage":"fr-FR"}]}},"_links":{"self":[{"href":"https:\/\/printwave.pl\/fr\/wp-json\/wp\/v2\/product\/449496","targetHints":{"allow":["GET"]}}],"collection":[{"href":"https:\/\/printwave.pl\/fr\/wp-json\/wp\/v2\/product"}],"about":[{"href":"https:\/\/printwave.pl\/fr\/wp-json\/wp\/v2\/types\/product"}],"replies":[{"embeddable":true,"href":"https:\/\/printwave.pl\/fr\/wp-json\/wp\/v2\/comments?post=449496"}],"wp:featuredmedia":[{"embeddable":true,"href":"https:\/\/printwave.pl\/fr\/wp-json\/wp\/v2\/media\/449488"}],"wp:attachment":[{"href":"https:\/\/printwave.pl\/fr\/wp-json\/wp\/v2\/media?parent=449496"}],"wp:term":[{"taxonomy":"product_brand","embeddable":true,"href":"https:\/\/printwave.pl\/fr\/wp-json\/wp\/v2\/product_brand?post=449496"},{"taxonomy":"product_cat","embeddable":true,"href":"https:\/\/printwave.pl\/fr\/wp-json\/wp\/v2\/product_cat?post=449496"},{"taxonomy":"product_tag","embeddable":true,"href":"https:\/\/printwave.pl\/fr\/wp-json\/wp\/v2\/product_tag?post=449496"}],"curies":[{"name":"wp","href":"https:\/\/api.w.org\/{rel}","templated":true}]}}