{"id":448947,"date":"2025-01-24T14:52:25","date_gmt":"2025-01-24T13:52:25","guid":{"rendered":"https:\/\/printwave.pl\/fr\/produkt\/high-profile-rain-trousers\/"},"modified":"2026-03-01T04:31:57","modified_gmt":"2026-03-01T03:31:57","slug":"high-profile-rain-trousers","status":"publish","type":"product","link":"https:\/\/printwave.pl\/fr\/produkt\/high-profile-rain-trousers\/","title":{"rendered":"High Profile Rain Trousers"},"content":{"rendered":"<p>\u00b7200 g\/m\u00b2<br \/>\n\u00b7100% polyester (rev\u00eatement PU)<br \/>\n\u00b7EN ISO 20471:2013, classe 1<br \/>\n\u00b7r\u00e9siste au vent et waterproof<br \/>\n\u00b7coutures soud\u00e9es<br \/>\n\u00b7taille \u00e9lastiqu\u00e9e et cordon ajusteur<br \/>\n\u00b72 poches de c\u00f4t\u00e9 et 1 poche arri\u00e8re pour les cl\u00e9s<br \/>\n\u00b7fermeture \u00e0 pression aux chevilles<br \/>\n\u00b7bandes de 50 mm<\/p>\n","protected":false},"excerpt":{"rendered":"<p>\u00b7200 g\/m\u00b2 \u00b7100% polyester (rev\u00eatement PU) \u00b7EN ISO 20471:2013, classe 1 \u00b7r\u00e9siste au vent et waterproof \u00b7coutures soud\u00e9es \u00b7taille \u00e9lastiqu\u00e9e<\/p>\n","protected":false},"featured_media":448943,"comment_status":"open","ping_status":"closed","template":"","meta":[],"product_brand":[],"product_cat":[43,282],"product_tag":[82,88,87,468,168,89,326,626,625,86,628,212,627],"class_list":{"0":"post-448947","1":"product","2":"type-product","3":"status-publish","4":"has-post-thumbnail","6":"product_cat-vetements-de-travail","7":"product_cat-vetements-haute-visibilite","8":"product_tag-3m","9":"product_tag-affaires-de-pluie","10":"product_tag-biais-reflechissants","11":"product_tag-haute-visibilite","12":"product_tag-pantalons","13":"product_tag-pantalons-de-pluie","14":"product_tag-pantalons-de-travail","15":"product_tag-pantalons-fluorescents","16":"product_tag-textiles-fluorescents","17":"product_tag-vetements-dexterieur","18":"product_tag-vetements-de-p","19":"product_tag-vetements-de-travail","20":"product_tag-vetements-fluorescents","21":"pa_couleur-fluorescent-orange","22":"pa_couleur-fluorescent-yellow","23":"pa_groupe-de-produits-pantalons","24":"pa_groupe-de-produits-vetements-fluorescents","25":"pa_marque-result-safe-guard","26":"pa_numero-de-style-2880","27":"pa_sexe-unisexe","28":"pa_taille-2xl","29":"pa_taille-l-xl","30":"pa_taille-s-m","31":"pa_tissu-polyester","33":"first","34":"instock","35":"taxable","36":"shipping-taxable","37":"purchasable","38":"product-type-variable"},"yoast_head":"<!-- This site is optimized with the Yoast SEO Premium plugin v20.9 (Yoast SEO v26.3) - https:\/\/yoast.com\/wordpress\/plugins\/seo\/ -->\n<title>High Profile Rain Trousers | Printwave FR<\/title>\n<meta name=\"robots\" content=\"index, follow, max-snippet:-1, max-image-preview:large, max-video-preview:-1\" \/>\n<link rel=\"canonical\" href=\"https:\/\/printwave.pl\/fr\/produkt\/high-profile-rain-trousers\/\" \/>\n<meta property=\"og:locale\" content=\"fr_FR\" \/>\n<meta property=\"og:type\" content=\"article\" \/>\n<meta property=\"og:title\" content=\"High Profile Rain Trousers\" \/>\n<meta property=\"og:description\" content=\"\u00b7200 g\/m\u00b2 \u00b7100% polyester (rev\u00eatement PU) \u00b7EN ISO 20471:2013, classe 1 \u00b7r\u00e9siste au vent et waterproof \u00b7coutures soud\u00e9es \u00b7taille \u00e9lastiqu\u00e9e\" \/>\n<meta property=\"og:url\" content=\"https:\/\/printwave.pl\/fr\/produkt\/high-profile-rain-trousers\/\" \/>\n<meta property=\"og:site_name\" content=\"Printwave FR\" \/>\n<meta property=\"article:modified_time\" content=\"2026-03-01T03:31:57+00:00\" \/>\n<meta property=\"og:image\" content=\"https:\/\/printwave.pl\/fr\/wp-content\/uploads\/sites\/4\/2025\/01\/922_33_405_m-2022_01.jpg\" \/>\n\t<meta property=\"og:image:width\" content=\"1024\" \/>\n\t<meta property=\"og:image:height\" content=\"1304\" \/>\n\t<meta property=\"og:image:type\" content=\"image\/jpeg\" \/>\n<meta name=\"twitter:card\" content=\"summary_large_image\" \/>\n<script type=\"application\/ld+json\" class=\"yoast-schema-graph\">{\"@context\":\"https:\/\/schema.org\",\"@graph\":[{\"@type\":\"WebPage\",\"@id\":\"https:\/\/printwave.pl\/fr\/produkt\/high-profile-rain-trousers\/\",\"url\":\"https:\/\/printwave.pl\/fr\/produkt\/high-profile-rain-trousers\/\",\"name\":\"High Profile Rain Trousers | Printwave FR\",\"isPartOf\":{\"@id\":\"https:\/\/printwave.pl\/fr\/#website\"},\"primaryImageOfPage\":{\"@id\":\"https:\/\/printwave.pl\/fr\/produkt\/high-profile-rain-trousers\/#primaryimage\"},\"image\":{\"@id\":\"https:\/\/printwave.pl\/fr\/produkt\/high-profile-rain-trousers\/#primaryimage\"},\"thumbnailUrl\":\"https:\/\/printwave.pl\/fr\/wp-content\/uploads\/sites\/4\/2025\/01\/922_33_405_m-2022_01.jpg\",\"datePublished\":\"2025-01-24T13:52:25+00:00\",\"dateModified\":\"2026-03-01T03:31:57+00:00\",\"breadcrumb\":{\"@id\":\"https:\/\/printwave.pl\/fr\/produkt\/high-profile-rain-trousers\/#breadcrumb\"},\"inLanguage\":\"fr-FR\",\"potentialAction\":[{\"@type\":\"ReadAction\",\"target\":[\"https:\/\/printwave.pl\/fr\/produkt\/high-profile-rain-trousers\/\"]}]},{\"@type\":\"ImageObject\",\"inLanguage\":\"fr-FR\",\"@id\":\"https:\/\/printwave.pl\/fr\/produkt\/high-profile-rain-trousers\/#primaryimage\",\"url\":\"https:\/\/printwave.pl\/fr\/wp-content\/uploads\/sites\/4\/2025\/01\/922_33_405_m-2022_01.jpg\",\"contentUrl\":\"https:\/\/printwave.pl\/fr\/wp-content\/uploads\/sites\/4\/2025\/01\/922_33_405_m-2022_01.jpg\",\"width\":1024,\"height\":1304},{\"@type\":\"BreadcrumbList\",\"@id\":\"https:\/\/printwave.pl\/fr\/produkt\/high-profile-rain-trousers\/#breadcrumb\",\"itemListElement\":[{\"@type\":\"ListItem\",\"position\":1,\"name\":\"Accueil\",\"item\":\"https:\/\/printwave.pl\/fr\/\"},{\"@type\":\"ListItem\",\"position\":2,\"name\":\"Boutique\",\"item\":\"https:\/\/printwave.pl\/fr\/boutique\/\"},{\"@type\":\"ListItem\",\"position\":3,\"name\":\"High Profile Rain Trousers\"}]},{\"@type\":\"WebSite\",\"@id\":\"https:\/\/printwave.pl\/fr\/#website\",\"url\":\"https:\/\/printwave.pl\/fr\/\",\"name\":\"Printwave\",\"description\":\"Votre fournisseur de v\u00eatements promotionnels et d&#039;entreprise en Pologne\",\"potentialAction\":[{\"@type\":\"SearchAction\",\"target\":{\"@type\":\"EntryPoint\",\"urlTemplate\":\"https:\/\/printwave.pl\/fr\/?s={search_term_string}\"},\"query-input\":{\"@type\":\"PropertyValueSpecification\",\"valueRequired\":true,\"valueName\":\"search_term_string\"}}],\"inLanguage\":\"fr-FR\"}]}<\/script>\n<!-- \/ Yoast SEO Premium plugin. -->","yoast_head_json":{"title":"High Profile Rain Trousers | Printwave FR","robots":{"index":"index","follow":"follow","max-snippet":"max-snippet:-1","max-image-preview":"max-image-preview:large","max-video-preview":"max-video-preview:-1"},"canonical":"https:\/\/printwave.pl\/fr\/produkt\/high-profile-rain-trousers\/","og_locale":"fr_FR","og_type":"article","og_title":"High Profile Rain Trousers","og_description":"\u00b7200 g\/m\u00b2 \u00b7100% polyester (rev\u00eatement PU) \u00b7EN ISO 20471:2013, classe 1 \u00b7r\u00e9siste au vent et waterproof \u00b7coutures soud\u00e9es \u00b7taille \u00e9lastiqu\u00e9e","og_url":"https:\/\/printwave.pl\/fr\/produkt\/high-profile-rain-trousers\/","og_site_name":"Printwave FR","article_modified_time":"2026-03-01T03:31:57+00:00","og_image":[{"width":1024,"height":1304,"url":"https:\/\/printwave.pl\/fr\/wp-content\/uploads\/sites\/4\/2025\/01\/922_33_405_m-2022_01.jpg","type":"image\/jpeg"}],"twitter_card":"summary_large_image","schema":{"@context":"https:\/\/schema.org","@graph":[{"@type":"WebPage","@id":"https:\/\/printwave.pl\/fr\/produkt\/high-profile-rain-trousers\/","url":"https:\/\/printwave.pl\/fr\/produkt\/high-profile-rain-trousers\/","name":"High Profile Rain Trousers | Printwave FR","isPartOf":{"@id":"https:\/\/printwave.pl\/fr\/#website"},"primaryImageOfPage":{"@id":"https:\/\/printwave.pl\/fr\/produkt\/high-profile-rain-trousers\/#primaryimage"},"image":{"@id":"https:\/\/printwave.pl\/fr\/produkt\/high-profile-rain-trousers\/#primaryimage"},"thumbnailUrl":"https:\/\/printwave.pl\/fr\/wp-content\/uploads\/sites\/4\/2025\/01\/922_33_405_m-2022_01.jpg","datePublished":"2025-01-24T13:52:25+00:00","dateModified":"2026-03-01T03:31:57+00:00","breadcrumb":{"@id":"https:\/\/printwave.pl\/fr\/produkt\/high-profile-rain-trousers\/#breadcrumb"},"inLanguage":"fr-FR","potentialAction":[{"@type":"ReadAction","target":["https:\/\/printwave.pl\/fr\/produkt\/high-profile-rain-trousers\/"]}]},{"@type":"ImageObject","inLanguage":"fr-FR","@id":"https:\/\/printwave.pl\/fr\/produkt\/high-profile-rain-trousers\/#primaryimage","url":"https:\/\/printwave.pl\/fr\/wp-content\/uploads\/sites\/4\/2025\/01\/922_33_405_m-2022_01.jpg","contentUrl":"https:\/\/printwave.pl\/fr\/wp-content\/uploads\/sites\/4\/2025\/01\/922_33_405_m-2022_01.jpg","width":1024,"height":1304},{"@type":"BreadcrumbList","@id":"https:\/\/printwave.pl\/fr\/produkt\/high-profile-rain-trousers\/#breadcrumb","itemListElement":[{"@type":"ListItem","position":1,"name":"Accueil","item":"https:\/\/printwave.pl\/fr\/"},{"@type":"ListItem","position":2,"name":"Boutique","item":"https:\/\/printwave.pl\/fr\/boutique\/"},{"@type":"ListItem","position":3,"name":"High Profile Rain Trousers"}]},{"@type":"WebSite","@id":"https:\/\/printwave.pl\/fr\/#website","url":"https:\/\/printwave.pl\/fr\/","name":"Printwave","description":"Votre fournisseur de v\u00eatements promotionnels et d&#039;entreprise en Pologne","potentialAction":[{"@type":"SearchAction","target":{"@type":"EntryPoint","urlTemplate":"https:\/\/printwave.pl\/fr\/?s={search_term_string}"},"query-input":{"@type":"PropertyValueSpecification","valueRequired":true,"valueName":"search_term_string"}}],"inLanguage":"fr-FR"}]}},"_links":{"self":[{"href":"https:\/\/printwave.pl\/fr\/wp-json\/wp\/v2\/product\/448947","targetHints":{"allow":["GET"]}}],"collection":[{"href":"https:\/\/printwave.pl\/fr\/wp-json\/wp\/v2\/product"}],"about":[{"href":"https:\/\/printwave.pl\/fr\/wp-json\/wp\/v2\/types\/product"}],"replies":[{"embeddable":true,"href":"https:\/\/printwave.pl\/fr\/wp-json\/wp\/v2\/comments?post=448947"}],"wp:featuredmedia":[{"embeddable":true,"href":"https:\/\/printwave.pl\/fr\/wp-json\/wp\/v2\/media\/448943"}],"wp:attachment":[{"href":"https:\/\/printwave.pl\/fr\/wp-json\/wp\/v2\/media?parent=448947"}],"wp:term":[{"taxonomy":"product_brand","embeddable":true,"href":"https:\/\/printwave.pl\/fr\/wp-json\/wp\/v2\/product_brand?post=448947"},{"taxonomy":"product_cat","embeddable":true,"href":"https:\/\/printwave.pl\/fr\/wp-json\/wp\/v2\/product_cat?post=448947"},{"taxonomy":"product_tag","embeddable":true,"href":"https:\/\/printwave.pl\/fr\/wp-json\/wp\/v2\/product_tag?post=448947"}],"curies":[{"name":"wp","href":"https:\/\/api.w.org\/{rel}","templated":true}]}}