{"id":448938,"date":"2025-01-24T14:52:05","date_gmt":"2025-01-24T13:52:05","guid":{"rendered":"https:\/\/printwave.pl\/fr\/produkt\/nelson-daily-backpack\/"},"modified":"2026-03-01T04:31:51","modified_gmt":"2026-03-01T03:31:51","slug":"nelson-daily-backpack","status":"publish","type":"product","link":"https:\/\/printwave.pl\/fr\/produkt\/nelson-daily-backpack\/","title":{"rendered":"Nelson Daily Backpack"},"content":{"rendered":"<p>\u00b7100% polyester (210D)<br \/>\n\u00b7Sac \u00e0 dos journalier avec poign\u00e9e de transport<br \/>\n\u00b7Bretelles rembourr\u00e9es r\u00e9glables<br \/>\n\u00b7Dos rembourr\u00e9<br \/>\n\u00b7Compartiment principal zipp\u00e9 pour ordinateurs portables compatibles jusqu&rsquo;\u00e0 15,6&Prime;<br \/>\n\u00b7Poche avant zipp\u00e9e<br \/>\n\u00b7Poche int\u00e9rieure zipp\u00e9e<br \/>\n\u00b7Bande r\u00e9fl\u00e9chissante sur le c\u00f4t\u00e9<br \/>\n\u00b7Capacit\u00e9 : 16,5 litres<br \/>\n\u00b7Dimensions : 46 x 30 x 12 cm<\/p>\n","protected":false},"excerpt":{"rendered":"<p>\u00b7100% polyester (210D) \u00b7Sac \u00e0 dos journalier avec poign\u00e9e de transport \u00b7Bretelles rembourr\u00e9es r\u00e9glables \u00b7Dos rembourr\u00e9 \u00b7Compartiment principal zipp\u00e9 pour<\/p>\n","protected":false},"featured_media":448935,"comment_status":"open","ping_status":"closed","template":"","meta":[],"product_brand":[],"product_cat":[61],"product_tag":[],"class_list":{"0":"post-448938","1":"product","2":"type-product","3":"status-publish","4":"has-post-thumbnail","6":"product_cat-bagagerie-accessoires","7":"pa_couleur-black-black","8":"pa_couleur-navy-black","9":"pa_groupe-de-produits-sac-pour-ordinateur-portable","10":"pa_marque-shugon","11":"pa_numero-de-style-2879","12":"pa_sexe-unisexe","13":"pa_taille-one-size","14":"pa_tissu-polyester","16":"first","17":"instock","18":"taxable","19":"shipping-taxable","20":"purchasable","21":"product-type-variable"},"yoast_head":"<!-- This site is optimized with the Yoast SEO Premium plugin v20.9 (Yoast SEO v26.3) - https:\/\/yoast.com\/wordpress\/plugins\/seo\/ -->\n<title>Nelson Daily Backpack | Printwave FR<\/title>\n<meta name=\"robots\" content=\"index, follow, max-snippet:-1, max-image-preview:large, max-video-preview:-1\" \/>\n<link rel=\"canonical\" href=\"https:\/\/printwave.pl\/fr\/produkt\/nelson-daily-backpack\/\" \/>\n<meta property=\"og:locale\" content=\"fr_FR\" \/>\n<meta property=\"og:type\" content=\"article\" \/>\n<meta property=\"og:title\" content=\"Nelson Daily Backpack\" \/>\n<meta property=\"og:description\" content=\"\u00b7100% polyester (210D) \u00b7Sac \u00e0 dos journalier avec poign\u00e9e de transport \u00b7Bretelles rembourr\u00e9es r\u00e9glables \u00b7Dos rembourr\u00e9 \u00b7Compartiment principal zipp\u00e9 pour\" \/>\n<meta property=\"og:url\" content=\"https:\/\/printwave.pl\/fr\/produkt\/nelson-daily-backpack\/\" \/>\n<meta property=\"og:site_name\" content=\"Printwave FR\" \/>\n<meta property=\"article:modified_time\" content=\"2026-03-01T03:31:51+00:00\" \/>\n<meta property=\"og:image\" content=\"https:\/\/printwave.pl\/fr\/wp-content\/uploads\/sites\/4\/2025\/01\/922_38_192_f-2024_02.jpg\" \/>\n\t<meta property=\"og:image:width\" content=\"974\" \/>\n\t<meta property=\"og:image:height\" content=\"1500\" \/>\n\t<meta property=\"og:image:type\" content=\"image\/jpeg\" \/>\n<meta name=\"twitter:card\" content=\"summary_large_image\" \/>\n<script type=\"application\/ld+json\" class=\"yoast-schema-graph\">{\"@context\":\"https:\/\/schema.org\",\"@graph\":[{\"@type\":\"WebPage\",\"@id\":\"https:\/\/printwave.pl\/fr\/produkt\/nelson-daily-backpack\/\",\"url\":\"https:\/\/printwave.pl\/fr\/produkt\/nelson-daily-backpack\/\",\"name\":\"Nelson Daily Backpack | Printwave FR\",\"isPartOf\":{\"@id\":\"https:\/\/printwave.pl\/fr\/#website\"},\"primaryImageOfPage\":{\"@id\":\"https:\/\/printwave.pl\/fr\/produkt\/nelson-daily-backpack\/#primaryimage\"},\"image\":{\"@id\":\"https:\/\/printwave.pl\/fr\/produkt\/nelson-daily-backpack\/#primaryimage\"},\"thumbnailUrl\":\"https:\/\/printwave.pl\/fr\/wp-content\/uploads\/sites\/4\/2025\/01\/922_38_192_f-2024_02.jpg\",\"datePublished\":\"2025-01-24T13:52:05+00:00\",\"dateModified\":\"2026-03-01T03:31:51+00:00\",\"breadcrumb\":{\"@id\":\"https:\/\/printwave.pl\/fr\/produkt\/nelson-daily-backpack\/#breadcrumb\"},\"inLanguage\":\"fr-FR\",\"potentialAction\":[{\"@type\":\"ReadAction\",\"target\":[\"https:\/\/printwave.pl\/fr\/produkt\/nelson-daily-backpack\/\"]}]},{\"@type\":\"ImageObject\",\"inLanguage\":\"fr-FR\",\"@id\":\"https:\/\/printwave.pl\/fr\/produkt\/nelson-daily-backpack\/#primaryimage\",\"url\":\"https:\/\/printwave.pl\/fr\/wp-content\/uploads\/sites\/4\/2025\/01\/922_38_192_f-2024_02.jpg\",\"contentUrl\":\"https:\/\/printwave.pl\/fr\/wp-content\/uploads\/sites\/4\/2025\/01\/922_38_192_f-2024_02.jpg\",\"width\":974,\"height\":1500},{\"@type\":\"BreadcrumbList\",\"@id\":\"https:\/\/printwave.pl\/fr\/produkt\/nelson-daily-backpack\/#breadcrumb\",\"itemListElement\":[{\"@type\":\"ListItem\",\"position\":1,\"name\":\"Accueil\",\"item\":\"https:\/\/printwave.pl\/fr\/\"},{\"@type\":\"ListItem\",\"position\":2,\"name\":\"Boutique\",\"item\":\"https:\/\/printwave.pl\/fr\/boutique\/\"},{\"@type\":\"ListItem\",\"position\":3,\"name\":\"Nelson Daily Backpack\"}]},{\"@type\":\"WebSite\",\"@id\":\"https:\/\/printwave.pl\/fr\/#website\",\"url\":\"https:\/\/printwave.pl\/fr\/\",\"name\":\"Printwave\",\"description\":\"Votre fournisseur de v\u00eatements promotionnels et d&#039;entreprise en Pologne\",\"potentialAction\":[{\"@type\":\"SearchAction\",\"target\":{\"@type\":\"EntryPoint\",\"urlTemplate\":\"https:\/\/printwave.pl\/fr\/?s={search_term_string}\"},\"query-input\":{\"@type\":\"PropertyValueSpecification\",\"valueRequired\":true,\"valueName\":\"search_term_string\"}}],\"inLanguage\":\"fr-FR\"}]}<\/script>\n<!-- \/ Yoast SEO Premium plugin. -->","yoast_head_json":{"title":"Nelson Daily Backpack | Printwave FR","robots":{"index":"index","follow":"follow","max-snippet":"max-snippet:-1","max-image-preview":"max-image-preview:large","max-video-preview":"max-video-preview:-1"},"canonical":"https:\/\/printwave.pl\/fr\/produkt\/nelson-daily-backpack\/","og_locale":"fr_FR","og_type":"article","og_title":"Nelson Daily Backpack","og_description":"\u00b7100% polyester (210D) \u00b7Sac \u00e0 dos journalier avec poign\u00e9e de transport \u00b7Bretelles rembourr\u00e9es r\u00e9glables \u00b7Dos rembourr\u00e9 \u00b7Compartiment principal zipp\u00e9 pour","og_url":"https:\/\/printwave.pl\/fr\/produkt\/nelson-daily-backpack\/","og_site_name":"Printwave FR","article_modified_time":"2026-03-01T03:31:51+00:00","og_image":[{"width":974,"height":1500,"url":"https:\/\/printwave.pl\/fr\/wp-content\/uploads\/sites\/4\/2025\/01\/922_38_192_f-2024_02.jpg","type":"image\/jpeg"}],"twitter_card":"summary_large_image","schema":{"@context":"https:\/\/schema.org","@graph":[{"@type":"WebPage","@id":"https:\/\/printwave.pl\/fr\/produkt\/nelson-daily-backpack\/","url":"https:\/\/printwave.pl\/fr\/produkt\/nelson-daily-backpack\/","name":"Nelson Daily Backpack | Printwave FR","isPartOf":{"@id":"https:\/\/printwave.pl\/fr\/#website"},"primaryImageOfPage":{"@id":"https:\/\/printwave.pl\/fr\/produkt\/nelson-daily-backpack\/#primaryimage"},"image":{"@id":"https:\/\/printwave.pl\/fr\/produkt\/nelson-daily-backpack\/#primaryimage"},"thumbnailUrl":"https:\/\/printwave.pl\/fr\/wp-content\/uploads\/sites\/4\/2025\/01\/922_38_192_f-2024_02.jpg","datePublished":"2025-01-24T13:52:05+00:00","dateModified":"2026-03-01T03:31:51+00:00","breadcrumb":{"@id":"https:\/\/printwave.pl\/fr\/produkt\/nelson-daily-backpack\/#breadcrumb"},"inLanguage":"fr-FR","potentialAction":[{"@type":"ReadAction","target":["https:\/\/printwave.pl\/fr\/produkt\/nelson-daily-backpack\/"]}]},{"@type":"ImageObject","inLanguage":"fr-FR","@id":"https:\/\/printwave.pl\/fr\/produkt\/nelson-daily-backpack\/#primaryimage","url":"https:\/\/printwave.pl\/fr\/wp-content\/uploads\/sites\/4\/2025\/01\/922_38_192_f-2024_02.jpg","contentUrl":"https:\/\/printwave.pl\/fr\/wp-content\/uploads\/sites\/4\/2025\/01\/922_38_192_f-2024_02.jpg","width":974,"height":1500},{"@type":"BreadcrumbList","@id":"https:\/\/printwave.pl\/fr\/produkt\/nelson-daily-backpack\/#breadcrumb","itemListElement":[{"@type":"ListItem","position":1,"name":"Accueil","item":"https:\/\/printwave.pl\/fr\/"},{"@type":"ListItem","position":2,"name":"Boutique","item":"https:\/\/printwave.pl\/fr\/boutique\/"},{"@type":"ListItem","position":3,"name":"Nelson Daily Backpack"}]},{"@type":"WebSite","@id":"https:\/\/printwave.pl\/fr\/#website","url":"https:\/\/printwave.pl\/fr\/","name":"Printwave","description":"Votre fournisseur de v\u00eatements promotionnels et d&#039;entreprise en Pologne","potentialAction":[{"@type":"SearchAction","target":{"@type":"EntryPoint","urlTemplate":"https:\/\/printwave.pl\/fr\/?s={search_term_string}"},"query-input":{"@type":"PropertyValueSpecification","valueRequired":true,"valueName":"search_term_string"}}],"inLanguage":"fr-FR"}]}},"_links":{"self":[{"href":"https:\/\/printwave.pl\/fr\/wp-json\/wp\/v2\/product\/448938","targetHints":{"allow":["GET"]}}],"collection":[{"href":"https:\/\/printwave.pl\/fr\/wp-json\/wp\/v2\/product"}],"about":[{"href":"https:\/\/printwave.pl\/fr\/wp-json\/wp\/v2\/types\/product"}],"replies":[{"embeddable":true,"href":"https:\/\/printwave.pl\/fr\/wp-json\/wp\/v2\/comments?post=448938"}],"wp:featuredmedia":[{"embeddable":true,"href":"https:\/\/printwave.pl\/fr\/wp-json\/wp\/v2\/media\/448935"}],"wp:attachment":[{"href":"https:\/\/printwave.pl\/fr\/wp-json\/wp\/v2\/media?parent=448938"}],"wp:term":[{"taxonomy":"product_brand","embeddable":true,"href":"https:\/\/printwave.pl\/fr\/wp-json\/wp\/v2\/product_brand?post=448938"},{"taxonomy":"product_cat","embeddable":true,"href":"https:\/\/printwave.pl\/fr\/wp-json\/wp\/v2\/product_cat?post=448938"},{"taxonomy":"product_tag","embeddable":true,"href":"https:\/\/printwave.pl\/fr\/wp-json\/wp\/v2\/product_tag?post=448938"}],"curies":[{"name":"wp","href":"https:\/\/api.w.org\/{rel}","templated":true}]}}