{"id":448843,"date":"2025-01-24T14:48:46","date_gmt":"2025-01-24T13:48:46","guid":{"rendered":"https:\/\/printwave.pl\/fr\/produkt\/solomon-daily-explorer-rucksack\/"},"modified":"2026-03-01T04:31:14","modified_gmt":"2026-03-01T03:31:14","slug":"solomon-daily-explorer-rucksack","status":"publish","type":"product","link":"https:\/\/printwave.pl\/fr\/produkt\/solomon-daily-explorer-rucksack\/","title":{"rendered":"Solomon Daily Explorer Rucksack"},"content":{"rendered":"<p>\u00b7100% polyester (600D)<br \/>\n\u00b7Sac \u00e0 dos d&rsquo;explorateur quotidien avec poign\u00e9e de transport en toile<br \/>\n\u00b7Bretelles rembourr\u00e9es r\u00e9glables avec sangle de poitrine<br \/>\n\u00b7Sangles de compression sur les c\u00f4t\u00e9s<br \/>\n\u00b7Compartiment principal avec ouverture valise zipp\u00e9e<br \/>\n\u00b7Poche avant zipp\u00e9e<br \/>\n\u00b7Poches lat\u00e9rales en filet<br \/>\n\u00b7D\u00e9tails r\u00e9fl\u00e9chissants<br \/>\n\u00b7Capacit\u00e9 : 50 litres<br \/>\n\u00b7Dimensions : 54 x 36 x 26 cm<\/p>\n","protected":false},"excerpt":{"rendered":"<p>\u00b7100% polyester (600D) \u00b7Sac \u00e0 dos d&rsquo;explorateur quotidien avec poign\u00e9e de transport en toile \u00b7Bretelles rembourr\u00e9es r\u00e9glables avec sangle de<\/p>\n","protected":false},"featured_media":448839,"comment_status":"open","ping_status":"closed","template":"","meta":[],"product_brand":[],"product_cat":[61],"product_tag":[],"class_list":{"0":"post-448843","1":"product","2":"type-product","3":"status-publish","4":"has-post-thumbnail","6":"product_cat-bagagerie-accessoires","7":"pa_couleur-black-dark-grey","8":"pa_groupe-de-produits-sac-a-dos","9":"pa_marque-shugon","10":"pa_numero-de-style-2871","11":"pa_sexe-unisexe","12":"pa_taille-one-size","13":"pa_tissu-polyester","15":"first","16":"instock","17":"taxable","18":"shipping-taxable","19":"purchasable","20":"product-type-variable"},"yoast_head":"<!-- This site is optimized with the Yoast SEO Premium plugin v20.9 (Yoast SEO v26.3) - https:\/\/yoast.com\/wordpress\/plugins\/seo\/ -->\n<title>Solomon Daily Explorer Rucksack | Printwave FR<\/title>\n<meta name=\"robots\" content=\"index, follow, max-snippet:-1, max-image-preview:large, max-video-preview:-1\" \/>\n<link rel=\"canonical\" href=\"https:\/\/printwave.pl\/fr\/produkt\/solomon-daily-explorer-rucksack\/\" \/>\n<meta property=\"og:locale\" content=\"fr_FR\" \/>\n<meta property=\"og:type\" content=\"article\" \/>\n<meta property=\"og:title\" content=\"Solomon Daily Explorer Rucksack\" \/>\n<meta property=\"og:description\" content=\"\u00b7100% polyester (600D) \u00b7Sac \u00e0 dos d&rsquo;explorateur quotidien avec poign\u00e9e de transport en toile \u00b7Bretelles rembourr\u00e9es r\u00e9glables avec sangle de\" \/>\n<meta property=\"og:url\" content=\"https:\/\/printwave.pl\/fr\/produkt\/solomon-daily-explorer-rucksack\/\" \/>\n<meta property=\"og:site_name\" content=\"Printwave FR\" \/>\n<meta property=\"article:modified_time\" content=\"2026-03-01T03:31:14+00:00\" \/>\n<meta property=\"og:image\" content=\"https:\/\/printwave.pl\/fr\/wp-content\/uploads\/sites\/4\/2025\/01\/923_38_153_m-2024_04.jpg\" \/>\n\t<meta property=\"og:image:width\" content=\"1024\" \/>\n\t<meta property=\"og:image:height\" content=\"1304\" \/>\n\t<meta property=\"og:image:type\" content=\"image\/jpeg\" \/>\n<meta name=\"twitter:card\" content=\"summary_large_image\" \/>\n<script type=\"application\/ld+json\" class=\"yoast-schema-graph\">{\"@context\":\"https:\/\/schema.org\",\"@graph\":[{\"@type\":\"WebPage\",\"@id\":\"https:\/\/printwave.pl\/fr\/produkt\/solomon-daily-explorer-rucksack\/\",\"url\":\"https:\/\/printwave.pl\/fr\/produkt\/solomon-daily-explorer-rucksack\/\",\"name\":\"Solomon Daily Explorer Rucksack | Printwave FR\",\"isPartOf\":{\"@id\":\"https:\/\/printwave.pl\/fr\/#website\"},\"primaryImageOfPage\":{\"@id\":\"https:\/\/printwave.pl\/fr\/produkt\/solomon-daily-explorer-rucksack\/#primaryimage\"},\"image\":{\"@id\":\"https:\/\/printwave.pl\/fr\/produkt\/solomon-daily-explorer-rucksack\/#primaryimage\"},\"thumbnailUrl\":\"https:\/\/printwave.pl\/fr\/wp-content\/uploads\/sites\/4\/2025\/01\/923_38_153_m-2024_04.jpg\",\"datePublished\":\"2025-01-24T13:48:46+00:00\",\"dateModified\":\"2026-03-01T03:31:14+00:00\",\"breadcrumb\":{\"@id\":\"https:\/\/printwave.pl\/fr\/produkt\/solomon-daily-explorer-rucksack\/#breadcrumb\"},\"inLanguage\":\"fr-FR\",\"potentialAction\":[{\"@type\":\"ReadAction\",\"target\":[\"https:\/\/printwave.pl\/fr\/produkt\/solomon-daily-explorer-rucksack\/\"]}]},{\"@type\":\"ImageObject\",\"inLanguage\":\"fr-FR\",\"@id\":\"https:\/\/printwave.pl\/fr\/produkt\/solomon-daily-explorer-rucksack\/#primaryimage\",\"url\":\"https:\/\/printwave.pl\/fr\/wp-content\/uploads\/sites\/4\/2025\/01\/923_38_153_m-2024_04.jpg\",\"contentUrl\":\"https:\/\/printwave.pl\/fr\/wp-content\/uploads\/sites\/4\/2025\/01\/923_38_153_m-2024_04.jpg\",\"width\":1024,\"height\":1304},{\"@type\":\"BreadcrumbList\",\"@id\":\"https:\/\/printwave.pl\/fr\/produkt\/solomon-daily-explorer-rucksack\/#breadcrumb\",\"itemListElement\":[{\"@type\":\"ListItem\",\"position\":1,\"name\":\"Accueil\",\"item\":\"https:\/\/printwave.pl\/fr\/\"},{\"@type\":\"ListItem\",\"position\":2,\"name\":\"Boutique\",\"item\":\"https:\/\/printwave.pl\/fr\/boutique\/\"},{\"@type\":\"ListItem\",\"position\":3,\"name\":\"Solomon Daily Explorer Rucksack\"}]},{\"@type\":\"WebSite\",\"@id\":\"https:\/\/printwave.pl\/fr\/#website\",\"url\":\"https:\/\/printwave.pl\/fr\/\",\"name\":\"Printwave\",\"description\":\"Votre fournisseur de v\u00eatements promotionnels et d&#039;entreprise en Pologne\",\"potentialAction\":[{\"@type\":\"SearchAction\",\"target\":{\"@type\":\"EntryPoint\",\"urlTemplate\":\"https:\/\/printwave.pl\/fr\/?s={search_term_string}\"},\"query-input\":{\"@type\":\"PropertyValueSpecification\",\"valueRequired\":true,\"valueName\":\"search_term_string\"}}],\"inLanguage\":\"fr-FR\"}]}<\/script>\n<!-- \/ Yoast SEO Premium plugin. -->","yoast_head_json":{"title":"Solomon Daily Explorer Rucksack | Printwave FR","robots":{"index":"index","follow":"follow","max-snippet":"max-snippet:-1","max-image-preview":"max-image-preview:large","max-video-preview":"max-video-preview:-1"},"canonical":"https:\/\/printwave.pl\/fr\/produkt\/solomon-daily-explorer-rucksack\/","og_locale":"fr_FR","og_type":"article","og_title":"Solomon Daily Explorer Rucksack","og_description":"\u00b7100% polyester (600D) \u00b7Sac \u00e0 dos d&rsquo;explorateur quotidien avec poign\u00e9e de transport en toile \u00b7Bretelles rembourr\u00e9es r\u00e9glables avec sangle de","og_url":"https:\/\/printwave.pl\/fr\/produkt\/solomon-daily-explorer-rucksack\/","og_site_name":"Printwave FR","article_modified_time":"2026-03-01T03:31:14+00:00","og_image":[{"width":1024,"height":1304,"url":"https:\/\/printwave.pl\/fr\/wp-content\/uploads\/sites\/4\/2025\/01\/923_38_153_m-2024_04.jpg","type":"image\/jpeg"}],"twitter_card":"summary_large_image","schema":{"@context":"https:\/\/schema.org","@graph":[{"@type":"WebPage","@id":"https:\/\/printwave.pl\/fr\/produkt\/solomon-daily-explorer-rucksack\/","url":"https:\/\/printwave.pl\/fr\/produkt\/solomon-daily-explorer-rucksack\/","name":"Solomon Daily Explorer Rucksack | Printwave FR","isPartOf":{"@id":"https:\/\/printwave.pl\/fr\/#website"},"primaryImageOfPage":{"@id":"https:\/\/printwave.pl\/fr\/produkt\/solomon-daily-explorer-rucksack\/#primaryimage"},"image":{"@id":"https:\/\/printwave.pl\/fr\/produkt\/solomon-daily-explorer-rucksack\/#primaryimage"},"thumbnailUrl":"https:\/\/printwave.pl\/fr\/wp-content\/uploads\/sites\/4\/2025\/01\/923_38_153_m-2024_04.jpg","datePublished":"2025-01-24T13:48:46+00:00","dateModified":"2026-03-01T03:31:14+00:00","breadcrumb":{"@id":"https:\/\/printwave.pl\/fr\/produkt\/solomon-daily-explorer-rucksack\/#breadcrumb"},"inLanguage":"fr-FR","potentialAction":[{"@type":"ReadAction","target":["https:\/\/printwave.pl\/fr\/produkt\/solomon-daily-explorer-rucksack\/"]}]},{"@type":"ImageObject","inLanguage":"fr-FR","@id":"https:\/\/printwave.pl\/fr\/produkt\/solomon-daily-explorer-rucksack\/#primaryimage","url":"https:\/\/printwave.pl\/fr\/wp-content\/uploads\/sites\/4\/2025\/01\/923_38_153_m-2024_04.jpg","contentUrl":"https:\/\/printwave.pl\/fr\/wp-content\/uploads\/sites\/4\/2025\/01\/923_38_153_m-2024_04.jpg","width":1024,"height":1304},{"@type":"BreadcrumbList","@id":"https:\/\/printwave.pl\/fr\/produkt\/solomon-daily-explorer-rucksack\/#breadcrumb","itemListElement":[{"@type":"ListItem","position":1,"name":"Accueil","item":"https:\/\/printwave.pl\/fr\/"},{"@type":"ListItem","position":2,"name":"Boutique","item":"https:\/\/printwave.pl\/fr\/boutique\/"},{"@type":"ListItem","position":3,"name":"Solomon Daily Explorer Rucksack"}]},{"@type":"WebSite","@id":"https:\/\/printwave.pl\/fr\/#website","url":"https:\/\/printwave.pl\/fr\/","name":"Printwave","description":"Votre fournisseur de v\u00eatements promotionnels et d&#039;entreprise en Pologne","potentialAction":[{"@type":"SearchAction","target":{"@type":"EntryPoint","urlTemplate":"https:\/\/printwave.pl\/fr\/?s={search_term_string}"},"query-input":{"@type":"PropertyValueSpecification","valueRequired":true,"valueName":"search_term_string"}}],"inLanguage":"fr-FR"}]}},"_links":{"self":[{"href":"https:\/\/printwave.pl\/fr\/wp-json\/wp\/v2\/product\/448843","targetHints":{"allow":["GET"]}}],"collection":[{"href":"https:\/\/printwave.pl\/fr\/wp-json\/wp\/v2\/product"}],"about":[{"href":"https:\/\/printwave.pl\/fr\/wp-json\/wp\/v2\/types\/product"}],"replies":[{"embeddable":true,"href":"https:\/\/printwave.pl\/fr\/wp-json\/wp\/v2\/comments?post=448843"}],"wp:featuredmedia":[{"embeddable":true,"href":"https:\/\/printwave.pl\/fr\/wp-json\/wp\/v2\/media\/448839"}],"wp:attachment":[{"href":"https:\/\/printwave.pl\/fr\/wp-json\/wp\/v2\/media?parent=448843"}],"wp:term":[{"taxonomy":"product_brand","embeddable":true,"href":"https:\/\/printwave.pl\/fr\/wp-json\/wp\/v2\/product_brand?post=448843"},{"taxonomy":"product_cat","embeddable":true,"href":"https:\/\/printwave.pl\/fr\/wp-json\/wp\/v2\/product_cat?post=448843"},{"taxonomy":"product_tag","embeddable":true,"href":"https:\/\/printwave.pl\/fr\/wp-json\/wp\/v2\/product_tag?post=448843"}],"curies":[{"name":"wp","href":"https:\/\/api.w.org\/{rel}","templated":true}]}}