{"id":448584,"date":"2025-01-24T14:40:11","date_gmt":"2025-01-24T13:40:11","guid":{"rendered":"https:\/\/printwave.pl\/fr\/produkt\/stormdri-jacket\/"},"modified":"2026-03-01T04:29:46","modified_gmt":"2026-03-01T03:29:46","slug":"stormdri-jacket","status":"publish","type":"product","link":"https:\/\/printwave.pl\/fr\/produkt\/stormdri-jacket\/","title":{"rendered":"Stormdri Jacket"},"content":{"rendered":"<p>\u00b7210 g\/m\u00b2<br \/>\n\u00b7100% polyester avec enduit PVC<br \/>\n\u00b7Capuche \u00e9lastiqu\u00e9e int\u00e9gr\u00e9e<br \/>\n\u00b7Fermeture \u00e0 glissi\u00e8re pleine longueur avec rabat de protection ferm\u00e9 par boutons pression<br \/>\n\u00b7A\u00e9ration dos de la veste en maille filet<br \/>\n\u00b72 poches \u00e0 l avant<br \/>\n\u00b7r\u00e9siste au vent et waterproof ( 2.000 mm)<br \/>\n\u00b7Coutures soud\u00e9es<br \/>\n\u00b7Ourlet ajustable avec cordon de serrage sur la veste<br \/>\n\u00b7Protection int\u00e9rieure \u00e9lastiqu\u00e9e aux poignets<br \/>\n\u00b7Convient pour l impression directe et le transfert num\u00e9rique.<\/p>\n","protected":false},"excerpt":{"rendered":"<p>\u00b7210 g\/m\u00b2 \u00b7100% polyester avec enduit PVC \u00b7Capuche \u00e9lastiqu\u00e9e int\u00e9gr\u00e9e \u00b7Fermeture \u00e0 glissi\u00e8re pleine longueur avec rabat de protection ferm\u00e9<\/p>\n","protected":false},"featured_media":448581,"comment_status":"open","ping_status":"closed","template":"","meta":[],"product_brand":[],"product_cat":[81],"product_tag":[85,88,83,92,95,94,84,131,90,130,86,91,93],"class_list":{"0":"post-448584","1":"product","2":"type-product","3":"status-publish","4":"has-post-thumbnail","6":"product_cat-vestes","7":"product_tag-a-longue-manche","8":"product_tag-affaires-de-pluie","9":"product_tag-chapeau","10":"product_tag-col-montant","11":"product_tag-coupe-vent","12":"product_tag-impermeable","13":"product_tag-longue-manche","14":"product_tag-unisexe","15":"product_tag-vestes-de-pluie","16":"product_tag-vestes-legeres","17":"product_tag-vetements-dexterieur","18":"product_tag-vetements-de-pluie","19":"product_tag-waterresistant","20":"pa_couleur-black","21":"pa_couleur-navy","22":"pa_details-fermeture-a-glissiere-complete","23":"pa_details-poches-de-cote","24":"pa_groupe-de-produits-full-zip","25":"pa_groupe-de-produits-imprimable","26":"pa_groupe-de-produits-vestes","27":"pa_manche-manches-longues","28":"pa_marque-result-core","29":"pa_numero-de-style-2852","30":"pa_sexe-produits-correspondants","31":"pa_taille-2xl","32":"pa_taille-3xl","33":"pa_taille-l","34":"pa_taille-m","35":"pa_taille-s","36":"pa_taille-xl","37":"pa_tissu-polyester","39":"first","40":"instock","41":"taxable","42":"shipping-taxable","43":"purchasable","44":"product-type-variable"},"yoast_head":"<!-- This site is optimized with the Yoast SEO Premium plugin v20.9 (Yoast SEO v26.3) - https:\/\/yoast.com\/wordpress\/plugins\/seo\/ -->\n<title>Stormdri Jacket | Printwave FR<\/title>\n<meta name=\"robots\" content=\"index, follow, max-snippet:-1, max-image-preview:large, max-video-preview:-1\" \/>\n<link rel=\"canonical\" href=\"https:\/\/printwave.pl\/fr\/produkt\/stormdri-jacket\/\" \/>\n<meta property=\"og:locale\" content=\"fr_FR\" \/>\n<meta property=\"og:type\" content=\"article\" \/>\n<meta property=\"og:title\" content=\"Stormdri Jacket\" \/>\n<meta property=\"og:description\" content=\"\u00b7210 g\/m\u00b2 \u00b7100% polyester avec enduit PVC \u00b7Capuche \u00e9lastiqu\u00e9e int\u00e9gr\u00e9e \u00b7Fermeture \u00e0 glissi\u00e8re pleine longueur avec rabat de protection ferm\u00e9\" \/>\n<meta property=\"og:url\" content=\"https:\/\/printwave.pl\/fr\/produkt\/stormdri-jacket\/\" \/>\n<meta property=\"og:site_name\" content=\"Printwave FR\" \/>\n<meta property=\"article:modified_time\" content=\"2026-03-01T03:29:46+00:00\" \/>\n<meta property=\"og:image\" content=\"https:\/\/printwave.pl\/fr\/wp-content\/uploads\/sites\/4\/2025\/01\/927_33_200_m-2015_01.jpg\" \/>\n\t<meta property=\"og:image:width\" content=\"1024\" \/>\n\t<meta property=\"og:image:height\" content=\"1304\" \/>\n\t<meta property=\"og:image:type\" content=\"image\/jpeg\" \/>\n<meta name=\"twitter:card\" content=\"summary_large_image\" \/>\n<script type=\"application\/ld+json\" class=\"yoast-schema-graph\">{\"@context\":\"https:\/\/schema.org\",\"@graph\":[{\"@type\":\"WebPage\",\"@id\":\"https:\/\/printwave.pl\/fr\/produkt\/stormdri-jacket\/\",\"url\":\"https:\/\/printwave.pl\/fr\/produkt\/stormdri-jacket\/\",\"name\":\"Stormdri Jacket | Printwave FR\",\"isPartOf\":{\"@id\":\"https:\/\/printwave.pl\/fr\/#website\"},\"primaryImageOfPage\":{\"@id\":\"https:\/\/printwave.pl\/fr\/produkt\/stormdri-jacket\/#primaryimage\"},\"image\":{\"@id\":\"https:\/\/printwave.pl\/fr\/produkt\/stormdri-jacket\/#primaryimage\"},\"thumbnailUrl\":\"https:\/\/printwave.pl\/fr\/wp-content\/uploads\/sites\/4\/2025\/01\/927_33_200_m-2015_01.jpg\",\"datePublished\":\"2025-01-24T13:40:11+00:00\",\"dateModified\":\"2026-03-01T03:29:46+00:00\",\"breadcrumb\":{\"@id\":\"https:\/\/printwave.pl\/fr\/produkt\/stormdri-jacket\/#breadcrumb\"},\"inLanguage\":\"fr-FR\",\"potentialAction\":[{\"@type\":\"ReadAction\",\"target\":[\"https:\/\/printwave.pl\/fr\/produkt\/stormdri-jacket\/\"]}]},{\"@type\":\"ImageObject\",\"inLanguage\":\"fr-FR\",\"@id\":\"https:\/\/printwave.pl\/fr\/produkt\/stormdri-jacket\/#primaryimage\",\"url\":\"https:\/\/printwave.pl\/fr\/wp-content\/uploads\/sites\/4\/2025\/01\/927_33_200_m-2015_01.jpg\",\"contentUrl\":\"https:\/\/printwave.pl\/fr\/wp-content\/uploads\/sites\/4\/2025\/01\/927_33_200_m-2015_01.jpg\",\"width\":1024,\"height\":1304},{\"@type\":\"BreadcrumbList\",\"@id\":\"https:\/\/printwave.pl\/fr\/produkt\/stormdri-jacket\/#breadcrumb\",\"itemListElement\":[{\"@type\":\"ListItem\",\"position\":1,\"name\":\"Accueil\",\"item\":\"https:\/\/printwave.pl\/fr\/\"},{\"@type\":\"ListItem\",\"position\":2,\"name\":\"Boutique\",\"item\":\"https:\/\/printwave.pl\/fr\/boutique\/\"},{\"@type\":\"ListItem\",\"position\":3,\"name\":\"Stormdri Jacket\"}]},{\"@type\":\"WebSite\",\"@id\":\"https:\/\/printwave.pl\/fr\/#website\",\"url\":\"https:\/\/printwave.pl\/fr\/\",\"name\":\"Printwave\",\"description\":\"Votre fournisseur de v\u00eatements promotionnels et d&#039;entreprise en Pologne\",\"potentialAction\":[{\"@type\":\"SearchAction\",\"target\":{\"@type\":\"EntryPoint\",\"urlTemplate\":\"https:\/\/printwave.pl\/fr\/?s={search_term_string}\"},\"query-input\":{\"@type\":\"PropertyValueSpecification\",\"valueRequired\":true,\"valueName\":\"search_term_string\"}}],\"inLanguage\":\"fr-FR\"}]}<\/script>\n<!-- \/ Yoast SEO Premium plugin. -->","yoast_head_json":{"title":"Stormdri Jacket | Printwave FR","robots":{"index":"index","follow":"follow","max-snippet":"max-snippet:-1","max-image-preview":"max-image-preview:large","max-video-preview":"max-video-preview:-1"},"canonical":"https:\/\/printwave.pl\/fr\/produkt\/stormdri-jacket\/","og_locale":"fr_FR","og_type":"article","og_title":"Stormdri Jacket","og_description":"\u00b7210 g\/m\u00b2 \u00b7100% polyester avec enduit PVC \u00b7Capuche \u00e9lastiqu\u00e9e int\u00e9gr\u00e9e \u00b7Fermeture \u00e0 glissi\u00e8re pleine longueur avec rabat de protection ferm\u00e9","og_url":"https:\/\/printwave.pl\/fr\/produkt\/stormdri-jacket\/","og_site_name":"Printwave FR","article_modified_time":"2026-03-01T03:29:46+00:00","og_image":[{"width":1024,"height":1304,"url":"https:\/\/printwave.pl\/fr\/wp-content\/uploads\/sites\/4\/2025\/01\/927_33_200_m-2015_01.jpg","type":"image\/jpeg"}],"twitter_card":"summary_large_image","schema":{"@context":"https:\/\/schema.org","@graph":[{"@type":"WebPage","@id":"https:\/\/printwave.pl\/fr\/produkt\/stormdri-jacket\/","url":"https:\/\/printwave.pl\/fr\/produkt\/stormdri-jacket\/","name":"Stormdri Jacket | Printwave FR","isPartOf":{"@id":"https:\/\/printwave.pl\/fr\/#website"},"primaryImageOfPage":{"@id":"https:\/\/printwave.pl\/fr\/produkt\/stormdri-jacket\/#primaryimage"},"image":{"@id":"https:\/\/printwave.pl\/fr\/produkt\/stormdri-jacket\/#primaryimage"},"thumbnailUrl":"https:\/\/printwave.pl\/fr\/wp-content\/uploads\/sites\/4\/2025\/01\/927_33_200_m-2015_01.jpg","datePublished":"2025-01-24T13:40:11+00:00","dateModified":"2026-03-01T03:29:46+00:00","breadcrumb":{"@id":"https:\/\/printwave.pl\/fr\/produkt\/stormdri-jacket\/#breadcrumb"},"inLanguage":"fr-FR","potentialAction":[{"@type":"ReadAction","target":["https:\/\/printwave.pl\/fr\/produkt\/stormdri-jacket\/"]}]},{"@type":"ImageObject","inLanguage":"fr-FR","@id":"https:\/\/printwave.pl\/fr\/produkt\/stormdri-jacket\/#primaryimage","url":"https:\/\/printwave.pl\/fr\/wp-content\/uploads\/sites\/4\/2025\/01\/927_33_200_m-2015_01.jpg","contentUrl":"https:\/\/printwave.pl\/fr\/wp-content\/uploads\/sites\/4\/2025\/01\/927_33_200_m-2015_01.jpg","width":1024,"height":1304},{"@type":"BreadcrumbList","@id":"https:\/\/printwave.pl\/fr\/produkt\/stormdri-jacket\/#breadcrumb","itemListElement":[{"@type":"ListItem","position":1,"name":"Accueil","item":"https:\/\/printwave.pl\/fr\/"},{"@type":"ListItem","position":2,"name":"Boutique","item":"https:\/\/printwave.pl\/fr\/boutique\/"},{"@type":"ListItem","position":3,"name":"Stormdri Jacket"}]},{"@type":"WebSite","@id":"https:\/\/printwave.pl\/fr\/#website","url":"https:\/\/printwave.pl\/fr\/","name":"Printwave","description":"Votre fournisseur de v\u00eatements promotionnels et d&#039;entreprise en Pologne","potentialAction":[{"@type":"SearchAction","target":{"@type":"EntryPoint","urlTemplate":"https:\/\/printwave.pl\/fr\/?s={search_term_string}"},"query-input":{"@type":"PropertyValueSpecification","valueRequired":true,"valueName":"search_term_string"}}],"inLanguage":"fr-FR"}]}},"_links":{"self":[{"href":"https:\/\/printwave.pl\/fr\/wp-json\/wp\/v2\/product\/448584","targetHints":{"allow":["GET"]}}],"collection":[{"href":"https:\/\/printwave.pl\/fr\/wp-json\/wp\/v2\/product"}],"about":[{"href":"https:\/\/printwave.pl\/fr\/wp-json\/wp\/v2\/types\/product"}],"replies":[{"embeddable":true,"href":"https:\/\/printwave.pl\/fr\/wp-json\/wp\/v2\/comments?post=448584"}],"wp:featuredmedia":[{"embeddable":true,"href":"https:\/\/printwave.pl\/fr\/wp-json\/wp\/v2\/media\/448581"}],"wp:attachment":[{"href":"https:\/\/printwave.pl\/fr\/wp-json\/wp\/v2\/media?parent=448584"}],"wp:term":[{"taxonomy":"product_brand","embeddable":true,"href":"https:\/\/printwave.pl\/fr\/wp-json\/wp\/v2\/product_brand?post=448584"},{"taxonomy":"product_cat","embeddable":true,"href":"https:\/\/printwave.pl\/fr\/wp-json\/wp\/v2\/product_cat?post=448584"},{"taxonomy":"product_tag","embeddable":true,"href":"https:\/\/printwave.pl\/fr\/wp-json\/wp\/v2\/product_tag?post=448584"}],"curies":[{"name":"wp","href":"https:\/\/api.w.org\/{rel}","templated":true}]}}