{"id":448529,"date":"2025-01-24T14:38:37","date_gmt":"2025-01-24T13:38:37","guid":{"rendered":"https:\/\/printwave.pl\/fr\/produkt\/fluo-kensington-hooded-gilet\/"},"modified":"2026-03-01T04:29:28","modified_gmt":"2026-03-01T03:29:28","slug":"fluo-kensington-hooded-gilet","status":"publish","type":"product","link":"https:\/\/printwave.pl\/fr\/produkt\/fluo-kensington-hooded-gilet\/","title":{"rendered":"Fluo Kensington Hooded Gilet"},"content":{"rendered":"<p>\u00b7340 g\/m\u00b2<br \/>\n\u00b7100% polyester (matelass\u00e9)<br \/>\n\u00b7Doublure grise<br \/>\n\u00b7D\u00e9perlante<br \/>\n\u00b7Capuche int\u00e9gr\u00e9e \u00e9lastiqu\u00e9e doubl\u00e9e de molleton<br \/>\n\u00b7Bandes r\u00e9fl\u00e9chissantes de 5 cm de largeur en forme de \u00ab\u00a0V\u00a0\u00bb sur le corps<br \/>\n\u00b7Poche poitrine et poches lat\u00e9rales \u00e0 fermetures \u00e0 glissi\u00e8re<br \/>\n\u00b7Grande poche int\u00e9rieure<br \/>\n\u00b7Biais r\u00e9fl\u00e9chissant autour des emmanchures et de la taille<br \/>\n\u00b7Acc\u00e8s \u00e0 la d\u00e9coration dissimul\u00e9 \u00e0 l&rsquo;interieur<\/p>\n","protected":false},"excerpt":{"rendered":"<p>\u00b7340 g\/m\u00b2 \u00b7100% polyester (matelass\u00e9) \u00b7Doublure grise \u00b7D\u00e9perlante \u00b7Capuche int\u00e9gr\u00e9e \u00e9lastiqu\u00e9e doubl\u00e9e de molleton \u00b7Bandes r\u00e9fl\u00e9chissantes de 5 cm de<\/p>\n","protected":false},"featured_media":448523,"comment_status":"open","ping_status":"closed","template":"","meta":[],"product_brand":[],"product_cat":[113,43,282],"product_tag":[],"class_list":{"0":"post-448529","1":"product","2":"type-product","3":"status-publish","4":"has-post-thumbnail","6":"product_cat-bodywarmers","7":"product_cat-vetements-de-travail","8":"product_cat-vetements-haute-visibilite","9":"pa_couleur-fluo-orange","10":"pa_couleur-fluo-yellow","11":"pa_details-avec-capuche","12":"pa_details-details-reflechissants","13":"pa_details-poche-poitrine","14":"pa_details-poches-de-cote-avec-fermeture-a-glissiere","15":"pa_groupe-de-produits-vetements-de-travail","16":"pa_groupe-de-produits-vetements-fluorescents","17":"pa_manche-sans-manche","18":"pa_marque-yoko","19":"pa_numero-de-style-2849","20":"pa_poids-a-partir-de-220-g-m","21":"pa_sexe-unisexe","22":"pa_taille-2xl","23":"pa_taille-3xl","24":"pa_taille-l","25":"pa_taille-m","26":"pa_taille-s","27":"pa_taille-xl","28":"pa_tissu-polyester","30":"first","31":"instock","32":"taxable","33":"shipping-taxable","34":"purchasable","35":"product-type-variable"},"yoast_head":"<!-- This site is optimized with the Yoast SEO Premium plugin v20.9 (Yoast SEO v26.3) - https:\/\/yoast.com\/wordpress\/plugins\/seo\/ -->\n<title>Fluo Kensington Hooded Gilet | Printwave FR<\/title>\n<meta name=\"robots\" content=\"index, follow, max-snippet:-1, max-image-preview:large, max-video-preview:-1\" \/>\n<link rel=\"canonical\" href=\"https:\/\/printwave.pl\/fr\/produkt\/fluo-kensington-hooded-gilet\/\" \/>\n<meta property=\"og:locale\" content=\"fr_FR\" \/>\n<meta property=\"og:type\" content=\"article\" \/>\n<meta property=\"og:title\" content=\"Fluo Kensington Hooded Gilet\" \/>\n<meta property=\"og:description\" content=\"\u00b7340 g\/m\u00b2 \u00b7100% polyester (matelass\u00e9) \u00b7Doublure grise \u00b7D\u00e9perlante \u00b7Capuche int\u00e9gr\u00e9e \u00e9lastiqu\u00e9e doubl\u00e9e de molleton \u00b7Bandes r\u00e9fl\u00e9chissantes de 5 cm de\" \/>\n<meta property=\"og:url\" content=\"https:\/\/printwave.pl\/fr\/produkt\/fluo-kensington-hooded-gilet\/\" \/>\n<meta property=\"og:site_name\" content=\"Printwave FR\" \/>\n<meta property=\"article:modified_time\" content=\"2026-03-01T03:29:28+00:00\" \/>\n<meta property=\"og:image\" content=\"https:\/\/printwave.pl\/fr\/wp-content\/uploads\/sites\/4\/2025\/01\/927_77_405_m-2018_01.jpg\" \/>\n\t<meta property=\"og:image:width\" content=\"1024\" \/>\n\t<meta property=\"og:image:height\" content=\"1304\" \/>\n\t<meta property=\"og:image:type\" content=\"image\/jpeg\" \/>\n<meta name=\"twitter:card\" content=\"summary_large_image\" \/>\n<script type=\"application\/ld+json\" class=\"yoast-schema-graph\">{\"@context\":\"https:\/\/schema.org\",\"@graph\":[{\"@type\":\"WebPage\",\"@id\":\"https:\/\/printwave.pl\/fr\/produkt\/fluo-kensington-hooded-gilet\/\",\"url\":\"https:\/\/printwave.pl\/fr\/produkt\/fluo-kensington-hooded-gilet\/\",\"name\":\"Fluo Kensington Hooded Gilet | Printwave FR\",\"isPartOf\":{\"@id\":\"https:\/\/printwave.pl\/fr\/#website\"},\"primaryImageOfPage\":{\"@id\":\"https:\/\/printwave.pl\/fr\/produkt\/fluo-kensington-hooded-gilet\/#primaryimage\"},\"image\":{\"@id\":\"https:\/\/printwave.pl\/fr\/produkt\/fluo-kensington-hooded-gilet\/#primaryimage\"},\"thumbnailUrl\":\"https:\/\/printwave.pl\/fr\/wp-content\/uploads\/sites\/4\/2025\/01\/927_77_405_m-2018_01.jpg\",\"datePublished\":\"2025-01-24T13:38:37+00:00\",\"dateModified\":\"2026-03-01T03:29:28+00:00\",\"breadcrumb\":{\"@id\":\"https:\/\/printwave.pl\/fr\/produkt\/fluo-kensington-hooded-gilet\/#breadcrumb\"},\"inLanguage\":\"fr-FR\",\"potentialAction\":[{\"@type\":\"ReadAction\",\"target\":[\"https:\/\/printwave.pl\/fr\/produkt\/fluo-kensington-hooded-gilet\/\"]}]},{\"@type\":\"ImageObject\",\"inLanguage\":\"fr-FR\",\"@id\":\"https:\/\/printwave.pl\/fr\/produkt\/fluo-kensington-hooded-gilet\/#primaryimage\",\"url\":\"https:\/\/printwave.pl\/fr\/wp-content\/uploads\/sites\/4\/2025\/01\/927_77_405_m-2018_01.jpg\",\"contentUrl\":\"https:\/\/printwave.pl\/fr\/wp-content\/uploads\/sites\/4\/2025\/01\/927_77_405_m-2018_01.jpg\",\"width\":1024,\"height\":1304},{\"@type\":\"BreadcrumbList\",\"@id\":\"https:\/\/printwave.pl\/fr\/produkt\/fluo-kensington-hooded-gilet\/#breadcrumb\",\"itemListElement\":[{\"@type\":\"ListItem\",\"position\":1,\"name\":\"Accueil\",\"item\":\"https:\/\/printwave.pl\/fr\/\"},{\"@type\":\"ListItem\",\"position\":2,\"name\":\"Boutique\",\"item\":\"https:\/\/printwave.pl\/fr\/boutique\/\"},{\"@type\":\"ListItem\",\"position\":3,\"name\":\"Fluo Kensington Hooded Gilet\"}]},{\"@type\":\"WebSite\",\"@id\":\"https:\/\/printwave.pl\/fr\/#website\",\"url\":\"https:\/\/printwave.pl\/fr\/\",\"name\":\"Printwave\",\"description\":\"Votre fournisseur de v\u00eatements promotionnels et d&#039;entreprise en Pologne\",\"potentialAction\":[{\"@type\":\"SearchAction\",\"target\":{\"@type\":\"EntryPoint\",\"urlTemplate\":\"https:\/\/printwave.pl\/fr\/?s={search_term_string}\"},\"query-input\":{\"@type\":\"PropertyValueSpecification\",\"valueRequired\":true,\"valueName\":\"search_term_string\"}}],\"inLanguage\":\"fr-FR\"}]}<\/script>\n<!-- \/ Yoast SEO Premium plugin. -->","yoast_head_json":{"title":"Fluo Kensington Hooded Gilet | Printwave FR","robots":{"index":"index","follow":"follow","max-snippet":"max-snippet:-1","max-image-preview":"max-image-preview:large","max-video-preview":"max-video-preview:-1"},"canonical":"https:\/\/printwave.pl\/fr\/produkt\/fluo-kensington-hooded-gilet\/","og_locale":"fr_FR","og_type":"article","og_title":"Fluo Kensington Hooded Gilet","og_description":"\u00b7340 g\/m\u00b2 \u00b7100% polyester (matelass\u00e9) \u00b7Doublure grise \u00b7D\u00e9perlante \u00b7Capuche int\u00e9gr\u00e9e \u00e9lastiqu\u00e9e doubl\u00e9e de molleton \u00b7Bandes r\u00e9fl\u00e9chissantes de 5 cm de","og_url":"https:\/\/printwave.pl\/fr\/produkt\/fluo-kensington-hooded-gilet\/","og_site_name":"Printwave FR","article_modified_time":"2026-03-01T03:29:28+00:00","og_image":[{"width":1024,"height":1304,"url":"https:\/\/printwave.pl\/fr\/wp-content\/uploads\/sites\/4\/2025\/01\/927_77_405_m-2018_01.jpg","type":"image\/jpeg"}],"twitter_card":"summary_large_image","schema":{"@context":"https:\/\/schema.org","@graph":[{"@type":"WebPage","@id":"https:\/\/printwave.pl\/fr\/produkt\/fluo-kensington-hooded-gilet\/","url":"https:\/\/printwave.pl\/fr\/produkt\/fluo-kensington-hooded-gilet\/","name":"Fluo Kensington Hooded Gilet | Printwave FR","isPartOf":{"@id":"https:\/\/printwave.pl\/fr\/#website"},"primaryImageOfPage":{"@id":"https:\/\/printwave.pl\/fr\/produkt\/fluo-kensington-hooded-gilet\/#primaryimage"},"image":{"@id":"https:\/\/printwave.pl\/fr\/produkt\/fluo-kensington-hooded-gilet\/#primaryimage"},"thumbnailUrl":"https:\/\/printwave.pl\/fr\/wp-content\/uploads\/sites\/4\/2025\/01\/927_77_405_m-2018_01.jpg","datePublished":"2025-01-24T13:38:37+00:00","dateModified":"2026-03-01T03:29:28+00:00","breadcrumb":{"@id":"https:\/\/printwave.pl\/fr\/produkt\/fluo-kensington-hooded-gilet\/#breadcrumb"},"inLanguage":"fr-FR","potentialAction":[{"@type":"ReadAction","target":["https:\/\/printwave.pl\/fr\/produkt\/fluo-kensington-hooded-gilet\/"]}]},{"@type":"ImageObject","inLanguage":"fr-FR","@id":"https:\/\/printwave.pl\/fr\/produkt\/fluo-kensington-hooded-gilet\/#primaryimage","url":"https:\/\/printwave.pl\/fr\/wp-content\/uploads\/sites\/4\/2025\/01\/927_77_405_m-2018_01.jpg","contentUrl":"https:\/\/printwave.pl\/fr\/wp-content\/uploads\/sites\/4\/2025\/01\/927_77_405_m-2018_01.jpg","width":1024,"height":1304},{"@type":"BreadcrumbList","@id":"https:\/\/printwave.pl\/fr\/produkt\/fluo-kensington-hooded-gilet\/#breadcrumb","itemListElement":[{"@type":"ListItem","position":1,"name":"Accueil","item":"https:\/\/printwave.pl\/fr\/"},{"@type":"ListItem","position":2,"name":"Boutique","item":"https:\/\/printwave.pl\/fr\/boutique\/"},{"@type":"ListItem","position":3,"name":"Fluo Kensington Hooded Gilet"}]},{"@type":"WebSite","@id":"https:\/\/printwave.pl\/fr\/#website","url":"https:\/\/printwave.pl\/fr\/","name":"Printwave","description":"Votre fournisseur de v\u00eatements promotionnels et d&#039;entreprise en Pologne","potentialAction":[{"@type":"SearchAction","target":{"@type":"EntryPoint","urlTemplate":"https:\/\/printwave.pl\/fr\/?s={search_term_string}"},"query-input":{"@type":"PropertyValueSpecification","valueRequired":true,"valueName":"search_term_string"}}],"inLanguage":"fr-FR"}]}},"_links":{"self":[{"href":"https:\/\/printwave.pl\/fr\/wp-json\/wp\/v2\/product\/448529","targetHints":{"allow":["GET"]}}],"collection":[{"href":"https:\/\/printwave.pl\/fr\/wp-json\/wp\/v2\/product"}],"about":[{"href":"https:\/\/printwave.pl\/fr\/wp-json\/wp\/v2\/types\/product"}],"replies":[{"embeddable":true,"href":"https:\/\/printwave.pl\/fr\/wp-json\/wp\/v2\/comments?post=448529"}],"wp:featuredmedia":[{"embeddable":true,"href":"https:\/\/printwave.pl\/fr\/wp-json\/wp\/v2\/media\/448523"}],"wp:attachment":[{"href":"https:\/\/printwave.pl\/fr\/wp-json\/wp\/v2\/media?parent=448529"}],"wp:term":[{"taxonomy":"product_brand","embeddable":true,"href":"https:\/\/printwave.pl\/fr\/wp-json\/wp\/v2\/product_brand?post=448529"},{"taxonomy":"product_cat","embeddable":true,"href":"https:\/\/printwave.pl\/fr\/wp-json\/wp\/v2\/product_cat?post=448529"},{"taxonomy":"product_tag","embeddable":true,"href":"https:\/\/printwave.pl\/fr\/wp-json\/wp\/v2\/product_tag?post=448529"}],"curies":[{"name":"wp","href":"https:\/\/api.w.org\/{rel}","templated":true}]}}