{"id":448363,"date":"2025-01-24T14:34:02","date_gmt":"2025-01-24T13:34:02","guid":{"rendered":"https:\/\/printwave.pl\/fr\/produkt\/junior-stormdri-jacket\/"},"modified":"2026-03-01T04:28:34","modified_gmt":"2026-03-01T03:28:34","slug":"junior-stormdri-jacket","status":"publish","type":"product","link":"https:\/\/printwave.pl\/fr\/produkt\/junior-stormdri-jacket\/","title":{"rendered":"Junior Stormdri Jacket"},"content":{"rendered":"<p>\u00b7200 g\/m\u00b2<br \/>\n\u00b7100% polyester avec enduit PVC<br \/>\n\u00b7Capuche \u00e9lastiqu\u00e9e int\u00e9gr\u00e9e<br \/>\n\u00b7Fermeture \u00e0 glissi\u00e8re pleine longueur avec rabat de protection ferm\u00e9 par boutons pression<br \/>\n\u00b7A\u00e9ration dos de la veste en maille filet<br \/>\n\u00b72 poches avant<br \/>\n\u00b7Coutures soud\u00e9es ( 2.000 mm)<br \/>\n\u00b7Ourlet ajustable avec cordon de serrage sur la veste<br \/>\n\u00b7Bande r\u00e9fl\u00e9chissante aux poignets et protection int\u00e9rieure \u00e9lastiqu\u00e9e<br \/>\n\u00b7Convient pour l impression directe et le transfert num\u00e9rique<br \/>\n\u00b7CLOSE-OUT: Ce style est retir\u00e9 de la collection Falk&amp;Ross (il est toujours suivi par la marque).<\/p>\n","protected":false},"excerpt":{"rendered":"<p>\u00b7200 g\/m\u00b2 \u00b7100% polyester avec enduit PVC \u00b7Capuche \u00e9lastiqu\u00e9e int\u00e9gr\u00e9e \u00b7Fermeture \u00e0 glissi\u00e8re pleine longueur avec rabat de protection ferm\u00e9<\/p>\n","protected":false},"featured_media":448360,"comment_status":"open","ping_status":"closed","template":"","meta":[],"product_brand":[],"product_cat":[80,81],"product_tag":[85,88,83,92,95,94,84,90,130,86,91,93],"class_list":{"0":"post-448363","1":"product","2":"type-product","3":"status-publish","4":"has-post-thumbnail","6":"product_cat-enfants","7":"product_cat-vestes","8":"product_tag-a-longue-manche","9":"product_tag-affaires-de-pluie","10":"product_tag-chapeau","11":"product_tag-col-montant","12":"product_tag-coupe-vent","13":"product_tag-impermeable","14":"product_tag-longue-manche","15":"product_tag-vestes-de-pluie","16":"product_tag-vestes-legeres","17":"product_tag-vetements-dexterieur","18":"product_tag-vetements-de-pluie","19":"product_tag-waterresistant","20":"pa_couleur-black","21":"pa_details-xs","22":"pa_details-fermeture-a-glissiere-complete","23":"pa_details-poches-de-cote","24":"pa_details-vestes-protegeant-du-vent-pluie","25":"pa_groupe-de-produits-full-zip","26":"pa_groupe-de-produits-vestes","27":"pa_manche-manches-longues","28":"pa_marque-result-core","29":"pa_numero-de-style-2840","30":"pa_sexe-enfants","31":"pa_taille-l-9-10-140","32":"pa_taille-m-7-8-128","33":"pa_taille-s-5-6-116","34":"pa_taille-xl-11-12-152","35":"pa_taille-xs-3-4-104","36":"pa_tissu-polyester","38":"first","39":"instock","40":"taxable","41":"shipping-taxable","42":"purchasable","43":"product-type-variable"},"yoast_head":"<!-- This site is optimized with the Yoast SEO Premium plugin v20.9 (Yoast SEO v26.3) - https:\/\/yoast.com\/wordpress\/plugins\/seo\/ -->\n<title>Junior Stormdri Jacket | Printwave FR<\/title>\n<meta name=\"robots\" content=\"index, follow, max-snippet:-1, max-image-preview:large, max-video-preview:-1\" \/>\n<link rel=\"canonical\" href=\"https:\/\/printwave.pl\/fr\/produkt\/junior-stormdri-jacket\/\" \/>\n<meta property=\"og:locale\" content=\"fr_FR\" \/>\n<meta property=\"og:type\" content=\"article\" \/>\n<meta property=\"og:title\" content=\"Junior Stormdri Jacket\" \/>\n<meta property=\"og:description\" content=\"\u00b7200 g\/m\u00b2 \u00b7100% polyester avec enduit PVC \u00b7Capuche \u00e9lastiqu\u00e9e int\u00e9gr\u00e9e \u00b7Fermeture \u00e0 glissi\u00e8re pleine longueur avec rabat de protection ferm\u00e9\" \/>\n<meta property=\"og:url\" content=\"https:\/\/printwave.pl\/fr\/produkt\/junior-stormdri-jacket\/\" \/>\n<meta property=\"og:site_name\" content=\"Printwave FR\" \/>\n<meta property=\"article:modified_time\" content=\"2026-03-01T03:28:34+00:00\" \/>\n<meta property=\"og:image\" content=\"https:\/\/printwave.pl\/fr\/wp-content\/uploads\/sites\/4\/2021\/07\/Print-Wave-logo-2025.png\" \/>\n\t<meta property=\"og:image:width\" content=\"1645\" \/>\n\t<meta property=\"og:image:height\" content=\"297\" \/>\n\t<meta property=\"og:image:type\" content=\"image\/png\" \/>\n<meta name=\"twitter:card\" content=\"summary_large_image\" \/>\n<script type=\"application\/ld+json\" class=\"yoast-schema-graph\">{\"@context\":\"https:\/\/schema.org\",\"@graph\":[{\"@type\":\"WebPage\",\"@id\":\"https:\/\/printwave.pl\/fr\/produkt\/junior-stormdri-jacket\/\",\"url\":\"https:\/\/printwave.pl\/fr\/produkt\/junior-stormdri-jacket\/\",\"name\":\"Junior Stormdri Jacket | Printwave FR\",\"isPartOf\":{\"@id\":\"https:\/\/printwave.pl\/fr\/#website\"},\"primaryImageOfPage\":{\"@id\":\"https:\/\/printwave.pl\/fr\/produkt\/junior-stormdri-jacket\/#primaryimage\"},\"image\":{\"@id\":\"https:\/\/printwave.pl\/fr\/produkt\/junior-stormdri-jacket\/#primaryimage\"},\"thumbnailUrl\":\"https:\/\/printwave.pl\/fr\/wp-content\/uploads\/sites\/4\/2025\/01\/929_33_101_m-2023_01.jpg\",\"datePublished\":\"2025-01-24T13:34:02+00:00\",\"dateModified\":\"2026-03-01T03:28:34+00:00\",\"breadcrumb\":{\"@id\":\"https:\/\/printwave.pl\/fr\/produkt\/junior-stormdri-jacket\/#breadcrumb\"},\"inLanguage\":\"fr-FR\",\"potentialAction\":[{\"@type\":\"ReadAction\",\"target\":[\"https:\/\/printwave.pl\/fr\/produkt\/junior-stormdri-jacket\/\"]}]},{\"@type\":\"ImageObject\",\"inLanguage\":\"fr-FR\",\"@id\":\"https:\/\/printwave.pl\/fr\/produkt\/junior-stormdri-jacket\/#primaryimage\",\"url\":\"https:\/\/printwave.pl\/fr\/wp-content\/uploads\/sites\/4\/2025\/01\/929_33_101_m-2023_01.jpg\",\"contentUrl\":\"https:\/\/printwave.pl\/fr\/wp-content\/uploads\/sites\/4\/2025\/01\/929_33_101_m-2023_01.jpg\",\"width\":1024,\"height\":1304},{\"@type\":\"BreadcrumbList\",\"@id\":\"https:\/\/printwave.pl\/fr\/produkt\/junior-stormdri-jacket\/#breadcrumb\",\"itemListElement\":[{\"@type\":\"ListItem\",\"position\":1,\"name\":\"Accueil\",\"item\":\"https:\/\/printwave.pl\/fr\/\"},{\"@type\":\"ListItem\",\"position\":2,\"name\":\"Boutique\",\"item\":\"https:\/\/printwave.pl\/fr\/boutique\/\"},{\"@type\":\"ListItem\",\"position\":3,\"name\":\"Junior Stormdri Jacket\"}]},{\"@type\":\"WebSite\",\"@id\":\"https:\/\/printwave.pl\/fr\/#website\",\"url\":\"https:\/\/printwave.pl\/fr\/\",\"name\":\"Printwave\",\"description\":\"Votre fournisseur de v\u00eatements promotionnels et d&#039;entreprise en Pologne\",\"potentialAction\":[{\"@type\":\"SearchAction\",\"target\":{\"@type\":\"EntryPoint\",\"urlTemplate\":\"https:\/\/printwave.pl\/fr\/?s={search_term_string}\"},\"query-input\":{\"@type\":\"PropertyValueSpecification\",\"valueRequired\":true,\"valueName\":\"search_term_string\"}}],\"inLanguage\":\"fr-FR\"}]}<\/script>\n<!-- \/ Yoast SEO Premium plugin. -->","yoast_head_json":{"title":"Junior Stormdri Jacket | Printwave FR","robots":{"index":"index","follow":"follow","max-snippet":"max-snippet:-1","max-image-preview":"max-image-preview:large","max-video-preview":"max-video-preview:-1"},"canonical":"https:\/\/printwave.pl\/fr\/produkt\/junior-stormdri-jacket\/","og_locale":"fr_FR","og_type":"article","og_title":"Junior Stormdri Jacket","og_description":"\u00b7200 g\/m\u00b2 \u00b7100% polyester avec enduit PVC \u00b7Capuche \u00e9lastiqu\u00e9e int\u00e9gr\u00e9e \u00b7Fermeture \u00e0 glissi\u00e8re pleine longueur avec rabat de protection ferm\u00e9","og_url":"https:\/\/printwave.pl\/fr\/produkt\/junior-stormdri-jacket\/","og_site_name":"Printwave FR","article_modified_time":"2026-03-01T03:28:34+00:00","og_image":[{"width":1645,"height":297,"url":"https:\/\/printwave.pl\/fr\/wp-content\/uploads\/sites\/4\/2021\/07\/Print-Wave-logo-2025.png","type":"image\/png"}],"twitter_card":"summary_large_image","schema":{"@context":"https:\/\/schema.org","@graph":[{"@type":"WebPage","@id":"https:\/\/printwave.pl\/fr\/produkt\/junior-stormdri-jacket\/","url":"https:\/\/printwave.pl\/fr\/produkt\/junior-stormdri-jacket\/","name":"Junior Stormdri Jacket | Printwave FR","isPartOf":{"@id":"https:\/\/printwave.pl\/fr\/#website"},"primaryImageOfPage":{"@id":"https:\/\/printwave.pl\/fr\/produkt\/junior-stormdri-jacket\/#primaryimage"},"image":{"@id":"https:\/\/printwave.pl\/fr\/produkt\/junior-stormdri-jacket\/#primaryimage"},"thumbnailUrl":"https:\/\/printwave.pl\/fr\/wp-content\/uploads\/sites\/4\/2025\/01\/929_33_101_m-2023_01.jpg","datePublished":"2025-01-24T13:34:02+00:00","dateModified":"2026-03-01T03:28:34+00:00","breadcrumb":{"@id":"https:\/\/printwave.pl\/fr\/produkt\/junior-stormdri-jacket\/#breadcrumb"},"inLanguage":"fr-FR","potentialAction":[{"@type":"ReadAction","target":["https:\/\/printwave.pl\/fr\/produkt\/junior-stormdri-jacket\/"]}]},{"@type":"ImageObject","inLanguage":"fr-FR","@id":"https:\/\/printwave.pl\/fr\/produkt\/junior-stormdri-jacket\/#primaryimage","url":"https:\/\/printwave.pl\/fr\/wp-content\/uploads\/sites\/4\/2025\/01\/929_33_101_m-2023_01.jpg","contentUrl":"https:\/\/printwave.pl\/fr\/wp-content\/uploads\/sites\/4\/2025\/01\/929_33_101_m-2023_01.jpg","width":1024,"height":1304},{"@type":"BreadcrumbList","@id":"https:\/\/printwave.pl\/fr\/produkt\/junior-stormdri-jacket\/#breadcrumb","itemListElement":[{"@type":"ListItem","position":1,"name":"Accueil","item":"https:\/\/printwave.pl\/fr\/"},{"@type":"ListItem","position":2,"name":"Boutique","item":"https:\/\/printwave.pl\/fr\/boutique\/"},{"@type":"ListItem","position":3,"name":"Junior Stormdri Jacket"}]},{"@type":"WebSite","@id":"https:\/\/printwave.pl\/fr\/#website","url":"https:\/\/printwave.pl\/fr\/","name":"Printwave","description":"Votre fournisseur de v\u00eatements promotionnels et d&#039;entreprise en Pologne","potentialAction":[{"@type":"SearchAction","target":{"@type":"EntryPoint","urlTemplate":"https:\/\/printwave.pl\/fr\/?s={search_term_string}"},"query-input":{"@type":"PropertyValueSpecification","valueRequired":true,"valueName":"search_term_string"}}],"inLanguage":"fr-FR"}]}},"_links":{"self":[{"href":"https:\/\/printwave.pl\/fr\/wp-json\/wp\/v2\/product\/448363","targetHints":{"allow":["GET"]}}],"collection":[{"href":"https:\/\/printwave.pl\/fr\/wp-json\/wp\/v2\/product"}],"about":[{"href":"https:\/\/printwave.pl\/fr\/wp-json\/wp\/v2\/types\/product"}],"replies":[{"embeddable":true,"href":"https:\/\/printwave.pl\/fr\/wp-json\/wp\/v2\/comments?post=448363"}],"wp:featuredmedia":[{"embeddable":true,"href":"https:\/\/printwave.pl\/fr\/wp-json\/wp\/v2\/media\/448360"}],"wp:attachment":[{"href":"https:\/\/printwave.pl\/fr\/wp-json\/wp\/v2\/media?parent=448363"}],"wp:term":[{"taxonomy":"product_brand","embeddable":true,"href":"https:\/\/printwave.pl\/fr\/wp-json\/wp\/v2\/product_brand?post=448363"},{"taxonomy":"product_cat","embeddable":true,"href":"https:\/\/printwave.pl\/fr\/wp-json\/wp\/v2\/product_cat?post=448363"},{"taxonomy":"product_tag","embeddable":true,"href":"https:\/\/printwave.pl\/fr\/wp-json\/wp\/v2\/product_tag?post=448363"}],"curies":[{"name":"wp","href":"https:\/\/api.w.org\/{rel}","templated":true}]}}