{"id":447081,"date":"2025-01-24T13:58:42","date_gmt":"2025-01-24T12:58:42","guid":{"rendered":"https:\/\/printwave.pl\/fr\/produkt\/recycled-backpack\/"},"modified":"2026-03-01T04:23:10","modified_gmt":"2026-03-01T03:23:10","slug":"recycled-backpack","status":"publish","type":"product","link":"https:\/\/printwave.pl\/fr\/produkt\/recycled-backpack\/","title":{"rendered":"Recycled Backpack"},"content":{"rendered":"<p>\u00b7100% Polyester (recycl\u00e9, 600D)<br \/>\n\u00b7Poign\u00e9e<br \/>\n\u00b7Bretelles ajustables rembourr\u00e9es<br \/>\n\u00b7Compartiment principal \u00e0 fermeture \u00e9clair<br \/>\n\u00b7Poche avant \u00e0 fermeture \u00e9clair<br \/>\n\u00b7Tirettes \u00e0 cordon avec d\u00e9tails r\u00e9fl\u00e9chissants<br \/>\n\u00b7\u00c9tiquette TearAway<br \/>\n\u00b7Capacit\u00e9: 18 Litres<br \/>\n\u00b7Dimensions: 31 x 42 x 21 cm<br \/>\n\u00b7Max. broderie: anneau tubulaire de 15<br \/>\n\u00b7Max. surface d&rsquo;impression: 20 x 15 cm.<\/p>\n","protected":false},"excerpt":{"rendered":"<p>\u00b7100% Polyester (recycl\u00e9, 600D) \u00b7Poign\u00e9e \u00b7Bretelles ajustables rembourr\u00e9es \u00b7Compartiment principal \u00e0 fermeture \u00e9clair \u00b7Poche avant \u00e0 fermeture \u00e9clair \u00b7Tirettes \u00e0<\/p>\n","protected":false},"featured_media":447077,"comment_status":"open","ping_status":"closed","template":"","meta":[],"product_brand":[],"product_cat":[154,61,354,60],"product_tag":[],"class_list":{"0":"post-447081","1":"product","2":"type-product","3":"status-publish","4":"has-post-thumbnail","6":"product_cat-all-eco","7":"product_cat-bagagerie-accessoires","8":"product_cat-eco-responsable","9":"product_cat-recycled","10":"pa_couleur-black","11":"pa_couleur-classic-red","12":"pa_couleur-military-green","13":"pa_couleur-mustard","14":"pa_couleur-navy","15":"pa_couleur-petrol","16":"pa_couleur-pure-grey","17":"pa_details-organique","18":"pa_eco-recycle","19":"pa_groupe-de-produits-sac-a-dos","20":"pa_marque-bagbase","21":"pa_numero-de-style-2782","22":"pa_sexe-unisexe","23":"pa_taille-one-size","24":"pa_tissu-polyester","26":"first","27":"instock","28":"taxable","29":"shipping-taxable","30":"purchasable","31":"product-type-variable"},"yoast_head":"<!-- This site is optimized with the Yoast SEO Premium plugin v20.9 (Yoast SEO v26.3) - https:\/\/yoast.com\/wordpress\/plugins\/seo\/ -->\n<title>Recycled Backpack | Printwave FR<\/title>\n<meta name=\"robots\" content=\"index, follow, max-snippet:-1, max-image-preview:large, max-video-preview:-1\" \/>\n<link rel=\"canonical\" href=\"https:\/\/printwave.pl\/fr\/produkt\/recycled-backpack\/\" \/>\n<meta property=\"og:locale\" content=\"fr_FR\" \/>\n<meta property=\"og:type\" content=\"article\" \/>\n<meta property=\"og:title\" content=\"Recycled Backpack\" \/>\n<meta property=\"og:description\" content=\"\u00b7100% Polyester (recycl\u00e9, 600D) \u00b7Poign\u00e9e \u00b7Bretelles ajustables rembourr\u00e9es \u00b7Compartiment principal \u00e0 fermeture \u00e9clair \u00b7Poche avant \u00e0 fermeture \u00e9clair \u00b7Tirettes \u00e0\" \/>\n<meta property=\"og:url\" content=\"https:\/\/printwave.pl\/fr\/produkt\/recycled-backpack\/\" \/>\n<meta property=\"og:site_name\" content=\"Printwave FR\" \/>\n<meta property=\"article:modified_time\" content=\"2026-03-01T03:23:10+00:00\" \/>\n<meta property=\"og:image\" content=\"https:\/\/printwave.pl\/fr\/wp-content\/uploads\/sites\/4\/2025\/01\/941_29_401_m-2022_01.jpg\" \/>\n\t<meta property=\"og:image:width\" content=\"1024\" \/>\n\t<meta property=\"og:image:height\" content=\"1304\" \/>\n\t<meta property=\"og:image:type\" content=\"image\/jpeg\" \/>\n<meta name=\"twitter:card\" content=\"summary_large_image\" \/>\n<script type=\"application\/ld+json\" class=\"yoast-schema-graph\">{\"@context\":\"https:\/\/schema.org\",\"@graph\":[{\"@type\":\"WebPage\",\"@id\":\"https:\/\/printwave.pl\/fr\/produkt\/recycled-backpack\/\",\"url\":\"https:\/\/printwave.pl\/fr\/produkt\/recycled-backpack\/\",\"name\":\"Recycled Backpack | Printwave FR\",\"isPartOf\":{\"@id\":\"https:\/\/printwave.pl\/fr\/#website\"},\"primaryImageOfPage\":{\"@id\":\"https:\/\/printwave.pl\/fr\/produkt\/recycled-backpack\/#primaryimage\"},\"image\":{\"@id\":\"https:\/\/printwave.pl\/fr\/produkt\/recycled-backpack\/#primaryimage\"},\"thumbnailUrl\":\"https:\/\/printwave.pl\/fr\/wp-content\/uploads\/sites\/4\/2025\/01\/941_29_401_m-2022_01.jpg\",\"datePublished\":\"2025-01-24T12:58:42+00:00\",\"dateModified\":\"2026-03-01T03:23:10+00:00\",\"breadcrumb\":{\"@id\":\"https:\/\/printwave.pl\/fr\/produkt\/recycled-backpack\/#breadcrumb\"},\"inLanguage\":\"fr-FR\",\"potentialAction\":[{\"@type\":\"ReadAction\",\"target\":[\"https:\/\/printwave.pl\/fr\/produkt\/recycled-backpack\/\"]}]},{\"@type\":\"ImageObject\",\"inLanguage\":\"fr-FR\",\"@id\":\"https:\/\/printwave.pl\/fr\/produkt\/recycled-backpack\/#primaryimage\",\"url\":\"https:\/\/printwave.pl\/fr\/wp-content\/uploads\/sites\/4\/2025\/01\/941_29_401_m-2022_01.jpg\",\"contentUrl\":\"https:\/\/printwave.pl\/fr\/wp-content\/uploads\/sites\/4\/2025\/01\/941_29_401_m-2022_01.jpg\",\"width\":1024,\"height\":1304},{\"@type\":\"BreadcrumbList\",\"@id\":\"https:\/\/printwave.pl\/fr\/produkt\/recycled-backpack\/#breadcrumb\",\"itemListElement\":[{\"@type\":\"ListItem\",\"position\":1,\"name\":\"Accueil\",\"item\":\"https:\/\/printwave.pl\/fr\/\"},{\"@type\":\"ListItem\",\"position\":2,\"name\":\"Boutique\",\"item\":\"https:\/\/printwave.pl\/fr\/boutique\/\"},{\"@type\":\"ListItem\",\"position\":3,\"name\":\"Recycled Backpack\"}]},{\"@type\":\"WebSite\",\"@id\":\"https:\/\/printwave.pl\/fr\/#website\",\"url\":\"https:\/\/printwave.pl\/fr\/\",\"name\":\"Printwave\",\"description\":\"Votre fournisseur de v\u00eatements promotionnels et d&#039;entreprise en Pologne\",\"potentialAction\":[{\"@type\":\"SearchAction\",\"target\":{\"@type\":\"EntryPoint\",\"urlTemplate\":\"https:\/\/printwave.pl\/fr\/?s={search_term_string}\"},\"query-input\":{\"@type\":\"PropertyValueSpecification\",\"valueRequired\":true,\"valueName\":\"search_term_string\"}}],\"inLanguage\":\"fr-FR\"}]}<\/script>\n<!-- \/ Yoast SEO Premium plugin. -->","yoast_head_json":{"title":"Recycled Backpack | Printwave FR","robots":{"index":"index","follow":"follow","max-snippet":"max-snippet:-1","max-image-preview":"max-image-preview:large","max-video-preview":"max-video-preview:-1"},"canonical":"https:\/\/printwave.pl\/fr\/produkt\/recycled-backpack\/","og_locale":"fr_FR","og_type":"article","og_title":"Recycled Backpack","og_description":"\u00b7100% Polyester (recycl\u00e9, 600D) \u00b7Poign\u00e9e \u00b7Bretelles ajustables rembourr\u00e9es \u00b7Compartiment principal \u00e0 fermeture \u00e9clair \u00b7Poche avant \u00e0 fermeture \u00e9clair \u00b7Tirettes \u00e0","og_url":"https:\/\/printwave.pl\/fr\/produkt\/recycled-backpack\/","og_site_name":"Printwave FR","article_modified_time":"2026-03-01T03:23:10+00:00","og_image":[{"width":1024,"height":1304,"url":"https:\/\/printwave.pl\/fr\/wp-content\/uploads\/sites\/4\/2025\/01\/941_29_401_m-2022_01.jpg","type":"image\/jpeg"}],"twitter_card":"summary_large_image","schema":{"@context":"https:\/\/schema.org","@graph":[{"@type":"WebPage","@id":"https:\/\/printwave.pl\/fr\/produkt\/recycled-backpack\/","url":"https:\/\/printwave.pl\/fr\/produkt\/recycled-backpack\/","name":"Recycled Backpack | Printwave FR","isPartOf":{"@id":"https:\/\/printwave.pl\/fr\/#website"},"primaryImageOfPage":{"@id":"https:\/\/printwave.pl\/fr\/produkt\/recycled-backpack\/#primaryimage"},"image":{"@id":"https:\/\/printwave.pl\/fr\/produkt\/recycled-backpack\/#primaryimage"},"thumbnailUrl":"https:\/\/printwave.pl\/fr\/wp-content\/uploads\/sites\/4\/2025\/01\/941_29_401_m-2022_01.jpg","datePublished":"2025-01-24T12:58:42+00:00","dateModified":"2026-03-01T03:23:10+00:00","breadcrumb":{"@id":"https:\/\/printwave.pl\/fr\/produkt\/recycled-backpack\/#breadcrumb"},"inLanguage":"fr-FR","potentialAction":[{"@type":"ReadAction","target":["https:\/\/printwave.pl\/fr\/produkt\/recycled-backpack\/"]}]},{"@type":"ImageObject","inLanguage":"fr-FR","@id":"https:\/\/printwave.pl\/fr\/produkt\/recycled-backpack\/#primaryimage","url":"https:\/\/printwave.pl\/fr\/wp-content\/uploads\/sites\/4\/2025\/01\/941_29_401_m-2022_01.jpg","contentUrl":"https:\/\/printwave.pl\/fr\/wp-content\/uploads\/sites\/4\/2025\/01\/941_29_401_m-2022_01.jpg","width":1024,"height":1304},{"@type":"BreadcrumbList","@id":"https:\/\/printwave.pl\/fr\/produkt\/recycled-backpack\/#breadcrumb","itemListElement":[{"@type":"ListItem","position":1,"name":"Accueil","item":"https:\/\/printwave.pl\/fr\/"},{"@type":"ListItem","position":2,"name":"Boutique","item":"https:\/\/printwave.pl\/fr\/boutique\/"},{"@type":"ListItem","position":3,"name":"Recycled Backpack"}]},{"@type":"WebSite","@id":"https:\/\/printwave.pl\/fr\/#website","url":"https:\/\/printwave.pl\/fr\/","name":"Printwave","description":"Votre fournisseur de v\u00eatements promotionnels et d&#039;entreprise en Pologne","potentialAction":[{"@type":"SearchAction","target":{"@type":"EntryPoint","urlTemplate":"https:\/\/printwave.pl\/fr\/?s={search_term_string}"},"query-input":{"@type":"PropertyValueSpecification","valueRequired":true,"valueName":"search_term_string"}}],"inLanguage":"fr-FR"}]}},"_links":{"self":[{"href":"https:\/\/printwave.pl\/fr\/wp-json\/wp\/v2\/product\/447081","targetHints":{"allow":["GET"]}}],"collection":[{"href":"https:\/\/printwave.pl\/fr\/wp-json\/wp\/v2\/product"}],"about":[{"href":"https:\/\/printwave.pl\/fr\/wp-json\/wp\/v2\/types\/product"}],"replies":[{"embeddable":true,"href":"https:\/\/printwave.pl\/fr\/wp-json\/wp\/v2\/comments?post=447081"}],"wp:featuredmedia":[{"embeddable":true,"href":"https:\/\/printwave.pl\/fr\/wp-json\/wp\/v2\/media\/447077"}],"wp:attachment":[{"href":"https:\/\/printwave.pl\/fr\/wp-json\/wp\/v2\/media?parent=447081"}],"wp:term":[{"taxonomy":"product_brand","embeddable":true,"href":"https:\/\/printwave.pl\/fr\/wp-json\/wp\/v2\/product_brand?post=447081"},{"taxonomy":"product_cat","embeddable":true,"href":"https:\/\/printwave.pl\/fr\/wp-json\/wp\/v2\/product_cat?post=447081"},{"taxonomy":"product_tag","embeddable":true,"href":"https:\/\/printwave.pl\/fr\/wp-json\/wp\/v2\/product_tag?post=447081"}],"curies":[{"name":"wp","href":"https:\/\/api.w.org\/{rel}","templated":true}]}}