{"id":446814,"date":"2025-01-24T13:50:38","date_gmt":"2025-01-24T12:50:38","guid":{"rendered":"https:\/\/printwave.pl\/fr\/produkt\/earthaware-organic-twill-shopper\/"},"modified":"2026-03-01T04:21:36","modified_gmt":"2026-03-01T03:21:36","slug":"earthaware-organic-twill-shopper","status":"publish","type":"product","link":"https:\/\/printwave.pl\/fr\/produkt\/earthaware-organic-twill-shopper\/","title":{"rendered":"EarthAware\u00ae Organic Twill Shopper"},"content":{"rendered":"<p>\u00b7230 g\/m\u00b2<br \/>\n\u00b7100% coton (serg\u00e9 biologique)<br \/>\n\u00b7Poign\u00e9es de transport (longueur : 63 cm)<br \/>\n\u00b7Peut \u00eatre port\u00e9 \u00e0 la main ou en bandouli\u00e8re<br \/>\n\u00b7\u00c9tiquette CutAway pour faciliter le rebranding<br \/>\n\u00b7Grande capacit\u00e9<br \/>\n\u00b7Capacit\u00e9 : 23 litres<br \/>\n\u00b7Dimensions : 44 x 37 x 16 cm<br \/>\n\u00b7Broderie maximale : 36 x 30 cm<br \/>\n\u00b7Zone d&rsquo;impression maximale : 40 x 30 cm.<\/p>\n","protected":false},"excerpt":{"rendered":"<p>\u00b7230 g\/m\u00b2 \u00b7100% coton (serg\u00e9 biologique) \u00b7Poign\u00e9es de transport (longueur : 63 cm) \u00b7Peut \u00eatre port\u00e9 \u00e0 la main ou<\/p>\n","protected":false},"featured_media":446809,"comment_status":"open","ping_status":"closed","template":"","meta":[],"product_brand":[],"product_cat":[61,162],"product_tag":[],"class_list":{"0":"post-446814","1":"product","2":"type-product","3":"status-publish","4":"has-post-thumbnail","6":"product_cat-bagagerie-accessoires","7":"product_cat-organic","8":"pa_couleur-apple-green","9":"pa_couleur-cornflower-blue","10":"pa_couleur-natural","11":"pa_couleur-orange","12":"pa_couleur-raspberry-pink","13":"pa_couleur-sunflower","14":"pa_couleur-violet","15":"pa_eco-organique","16":"pa_groupe-de-produits-cabas","17":"pa_marque-westford-mill","18":"pa_numero-de-style-2767","19":"pa_poids-a-partir-de-220-g-m","20":"pa_sexe-unisexe","21":"pa_taille-one-size","22":"pa_tissu-coton","24":"first","25":"instock","26":"taxable","27":"shipping-taxable","28":"purchasable","29":"product-type-variable"},"yoast_head":"<!-- This site is optimized with the Yoast SEO Premium plugin v20.9 (Yoast SEO v26.3) - https:\/\/yoast.com\/wordpress\/plugins\/seo\/ -->\n<title>EarthAware\u00ae Organic Twill Shopper | Printwave FR<\/title>\n<meta name=\"robots\" content=\"index, follow, max-snippet:-1, max-image-preview:large, max-video-preview:-1\" \/>\n<link rel=\"canonical\" href=\"https:\/\/printwave.pl\/fr\/produkt\/earthaware-organic-twill-shopper\/\" \/>\n<meta property=\"og:locale\" content=\"fr_FR\" \/>\n<meta property=\"og:type\" content=\"article\" \/>\n<meta property=\"og:title\" content=\"EarthAware\u00ae Organic Twill Shopper\" \/>\n<meta property=\"og:description\" content=\"\u00b7230 g\/m\u00b2 \u00b7100% coton (serg\u00e9 biologique) \u00b7Poign\u00e9es de transport (longueur : 63 cm) \u00b7Peut \u00eatre port\u00e9 \u00e0 la main ou\" \/>\n<meta property=\"og:url\" content=\"https:\/\/printwave.pl\/fr\/produkt\/earthaware-organic-twill-shopper\/\" \/>\n<meta property=\"og:site_name\" content=\"Printwave FR\" \/>\n<meta property=\"article:modified_time\" content=\"2026-03-01T03:21:36+00:00\" \/>\n<meta property=\"og:image\" content=\"https:\/\/printwave.pl\/fr\/wp-content\/uploads\/sites\/4\/2025\/01\/944_28_303_m-2024_02.jpg\" \/>\n\t<meta property=\"og:image:width\" content=\"1024\" \/>\n\t<meta property=\"og:image:height\" content=\"1304\" \/>\n\t<meta property=\"og:image:type\" content=\"image\/jpeg\" \/>\n<meta name=\"twitter:card\" content=\"summary_large_image\" \/>\n<script type=\"application\/ld+json\" class=\"yoast-schema-graph\">{\"@context\":\"https:\/\/schema.org\",\"@graph\":[{\"@type\":\"WebPage\",\"@id\":\"https:\/\/printwave.pl\/fr\/produkt\/earthaware-organic-twill-shopper\/\",\"url\":\"https:\/\/printwave.pl\/fr\/produkt\/earthaware-organic-twill-shopper\/\",\"name\":\"EarthAware\u00ae Organic Twill Shopper | Printwave FR\",\"isPartOf\":{\"@id\":\"https:\/\/printwave.pl\/fr\/#website\"},\"primaryImageOfPage\":{\"@id\":\"https:\/\/printwave.pl\/fr\/produkt\/earthaware-organic-twill-shopper\/#primaryimage\"},\"image\":{\"@id\":\"https:\/\/printwave.pl\/fr\/produkt\/earthaware-organic-twill-shopper\/#primaryimage\"},\"thumbnailUrl\":\"https:\/\/printwave.pl\/fr\/wp-content\/uploads\/sites\/4\/2025\/01\/944_28_303_m-2024_02.jpg\",\"datePublished\":\"2025-01-24T12:50:38+00:00\",\"dateModified\":\"2026-03-01T03:21:36+00:00\",\"breadcrumb\":{\"@id\":\"https:\/\/printwave.pl\/fr\/produkt\/earthaware-organic-twill-shopper\/#breadcrumb\"},\"inLanguage\":\"fr-FR\",\"potentialAction\":[{\"@type\":\"ReadAction\",\"target\":[\"https:\/\/printwave.pl\/fr\/produkt\/earthaware-organic-twill-shopper\/\"]}]},{\"@type\":\"ImageObject\",\"inLanguage\":\"fr-FR\",\"@id\":\"https:\/\/printwave.pl\/fr\/produkt\/earthaware-organic-twill-shopper\/#primaryimage\",\"url\":\"https:\/\/printwave.pl\/fr\/wp-content\/uploads\/sites\/4\/2025\/01\/944_28_303_m-2024_02.jpg\",\"contentUrl\":\"https:\/\/printwave.pl\/fr\/wp-content\/uploads\/sites\/4\/2025\/01\/944_28_303_m-2024_02.jpg\",\"width\":1024,\"height\":1304},{\"@type\":\"BreadcrumbList\",\"@id\":\"https:\/\/printwave.pl\/fr\/produkt\/earthaware-organic-twill-shopper\/#breadcrumb\",\"itemListElement\":[{\"@type\":\"ListItem\",\"position\":1,\"name\":\"Accueil\",\"item\":\"https:\/\/printwave.pl\/fr\/\"},{\"@type\":\"ListItem\",\"position\":2,\"name\":\"Boutique\",\"item\":\"https:\/\/printwave.pl\/fr\/boutique\/\"},{\"@type\":\"ListItem\",\"position\":3,\"name\":\"EarthAware\u00ae Organic Twill Shopper\"}]},{\"@type\":\"WebSite\",\"@id\":\"https:\/\/printwave.pl\/fr\/#website\",\"url\":\"https:\/\/printwave.pl\/fr\/\",\"name\":\"Printwave\",\"description\":\"Votre fournisseur de v\u00eatements promotionnels et d&#039;entreprise en Pologne\",\"potentialAction\":[{\"@type\":\"SearchAction\",\"target\":{\"@type\":\"EntryPoint\",\"urlTemplate\":\"https:\/\/printwave.pl\/fr\/?s={search_term_string}\"},\"query-input\":{\"@type\":\"PropertyValueSpecification\",\"valueRequired\":true,\"valueName\":\"search_term_string\"}}],\"inLanguage\":\"fr-FR\"}]}<\/script>\n<!-- \/ Yoast SEO Premium plugin. -->","yoast_head_json":{"title":"EarthAware\u00ae Organic Twill Shopper | Printwave FR","robots":{"index":"index","follow":"follow","max-snippet":"max-snippet:-1","max-image-preview":"max-image-preview:large","max-video-preview":"max-video-preview:-1"},"canonical":"https:\/\/printwave.pl\/fr\/produkt\/earthaware-organic-twill-shopper\/","og_locale":"fr_FR","og_type":"article","og_title":"EarthAware\u00ae Organic Twill Shopper","og_description":"\u00b7230 g\/m\u00b2 \u00b7100% coton (serg\u00e9 biologique) \u00b7Poign\u00e9es de transport (longueur : 63 cm) \u00b7Peut \u00eatre port\u00e9 \u00e0 la main ou","og_url":"https:\/\/printwave.pl\/fr\/produkt\/earthaware-organic-twill-shopper\/","og_site_name":"Printwave FR","article_modified_time":"2026-03-01T03:21:36+00:00","og_image":[{"width":1024,"height":1304,"url":"https:\/\/printwave.pl\/fr\/wp-content\/uploads\/sites\/4\/2025\/01\/944_28_303_m-2024_02.jpg","type":"image\/jpeg"}],"twitter_card":"summary_large_image","schema":{"@context":"https:\/\/schema.org","@graph":[{"@type":"WebPage","@id":"https:\/\/printwave.pl\/fr\/produkt\/earthaware-organic-twill-shopper\/","url":"https:\/\/printwave.pl\/fr\/produkt\/earthaware-organic-twill-shopper\/","name":"EarthAware\u00ae Organic Twill Shopper | Printwave FR","isPartOf":{"@id":"https:\/\/printwave.pl\/fr\/#website"},"primaryImageOfPage":{"@id":"https:\/\/printwave.pl\/fr\/produkt\/earthaware-organic-twill-shopper\/#primaryimage"},"image":{"@id":"https:\/\/printwave.pl\/fr\/produkt\/earthaware-organic-twill-shopper\/#primaryimage"},"thumbnailUrl":"https:\/\/printwave.pl\/fr\/wp-content\/uploads\/sites\/4\/2025\/01\/944_28_303_m-2024_02.jpg","datePublished":"2025-01-24T12:50:38+00:00","dateModified":"2026-03-01T03:21:36+00:00","breadcrumb":{"@id":"https:\/\/printwave.pl\/fr\/produkt\/earthaware-organic-twill-shopper\/#breadcrumb"},"inLanguage":"fr-FR","potentialAction":[{"@type":"ReadAction","target":["https:\/\/printwave.pl\/fr\/produkt\/earthaware-organic-twill-shopper\/"]}]},{"@type":"ImageObject","inLanguage":"fr-FR","@id":"https:\/\/printwave.pl\/fr\/produkt\/earthaware-organic-twill-shopper\/#primaryimage","url":"https:\/\/printwave.pl\/fr\/wp-content\/uploads\/sites\/4\/2025\/01\/944_28_303_m-2024_02.jpg","contentUrl":"https:\/\/printwave.pl\/fr\/wp-content\/uploads\/sites\/4\/2025\/01\/944_28_303_m-2024_02.jpg","width":1024,"height":1304},{"@type":"BreadcrumbList","@id":"https:\/\/printwave.pl\/fr\/produkt\/earthaware-organic-twill-shopper\/#breadcrumb","itemListElement":[{"@type":"ListItem","position":1,"name":"Accueil","item":"https:\/\/printwave.pl\/fr\/"},{"@type":"ListItem","position":2,"name":"Boutique","item":"https:\/\/printwave.pl\/fr\/boutique\/"},{"@type":"ListItem","position":3,"name":"EarthAware\u00ae Organic Twill Shopper"}]},{"@type":"WebSite","@id":"https:\/\/printwave.pl\/fr\/#website","url":"https:\/\/printwave.pl\/fr\/","name":"Printwave","description":"Votre fournisseur de v\u00eatements promotionnels et d&#039;entreprise en Pologne","potentialAction":[{"@type":"SearchAction","target":{"@type":"EntryPoint","urlTemplate":"https:\/\/printwave.pl\/fr\/?s={search_term_string}"},"query-input":{"@type":"PropertyValueSpecification","valueRequired":true,"valueName":"search_term_string"}}],"inLanguage":"fr-FR"}]}},"_links":{"self":[{"href":"https:\/\/printwave.pl\/fr\/wp-json\/wp\/v2\/product\/446814","targetHints":{"allow":["GET"]}}],"collection":[{"href":"https:\/\/printwave.pl\/fr\/wp-json\/wp\/v2\/product"}],"about":[{"href":"https:\/\/printwave.pl\/fr\/wp-json\/wp\/v2\/types\/product"}],"replies":[{"embeddable":true,"href":"https:\/\/printwave.pl\/fr\/wp-json\/wp\/v2\/comments?post=446814"}],"wp:featuredmedia":[{"embeddable":true,"href":"https:\/\/printwave.pl\/fr\/wp-json\/wp\/v2\/media\/446809"}],"wp:attachment":[{"href":"https:\/\/printwave.pl\/fr\/wp-json\/wp\/v2\/media?parent=446814"}],"wp:term":[{"taxonomy":"product_brand","embeddable":true,"href":"https:\/\/printwave.pl\/fr\/wp-json\/wp\/v2\/product_brand?post=446814"},{"taxonomy":"product_cat","embeddable":true,"href":"https:\/\/printwave.pl\/fr\/wp-json\/wp\/v2\/product_cat?post=446814"},{"taxonomy":"product_tag","embeddable":true,"href":"https:\/\/printwave.pl\/fr\/wp-json\/wp\/v2\/product_tag?post=446814"}],"curies":[{"name":"wp","href":"https:\/\/api.w.org\/{rel}","templated":true}]}}