{"id":446719,"date":"2025-01-24T13:47:36","date_gmt":"2025-01-24T12:47:36","guid":{"rendered":"https:\/\/printwave.pl\/fr\/produkt\/escape-check-in-wheelie\/"},"modified":"2026-03-01T04:21:06","modified_gmt":"2026-03-01T03:21:06","slug":"escape-check-in-wheelie","status":"publish","type":"product","link":"https:\/\/printwave.pl\/fr\/produkt\/escape-check-in-wheelie\/","title":{"rendered":"Escape Check-In Wheelie"},"content":{"rendered":"<p>\u00b7100% Polyester (600D)<br \/>\n\u00b7Double manche r\u00e9tractable<br \/>\n\u00b7Double sangle de compression et poign\u00e9es sup\u00e9rieure et lat\u00e9rale rembourr\u00e9es<br \/>\n\u00b7Poign\u00e9es avant r\u00e9sistantes<br \/>\n\u00b7Fermeture \u00e9clair du compartiment principal verrouillable<br \/>\n\u00b7Fen\u00eatre d&rsquo;identification externe<br \/>\n\u00b7La poign\u00e9e amovible Rip-Strip \u2122 se d\u00e9roule pour faciliter la d\u00e9coration<br \/>\n\u00b7Roues int\u00e9gr\u00e9es r\u00e9sistantes<br \/>\n\u00b7Peut \u00eatre personnalis\u00e9 avec BG485 (946.29)<br \/>\n\u00b7\u00c9tiquette TearAway<br \/>\n\u00b7Capacit\u00e9: 100 Litres<br \/>\n\u00b7Dimensions: 42 x 81 x 36 cm<br \/>\n\u00b7Max. broderie: anneau tubulaire de 24 (devant), cadre rapide 15 x 3,5 (poign\u00e9e Rip-Strip \u2122)<br \/>\n\u00b7Surface d&rsquo;impression: 25 x 25 cm (avant), 15 x 3,5 cm (poign\u00e9e Rip-Strip \u2122).<\/p>\n","protected":false},"excerpt":{"rendered":"<p>\u00b7100% Polyester (600D) \u00b7Double manche r\u00e9tractable \u00b7Double sangle de compression et poign\u00e9es sup\u00e9rieure et lat\u00e9rale rembourr\u00e9es \u00b7Poign\u00e9es avant r\u00e9sistantes \u00b7Fermeture<\/p>\n","protected":false},"featured_media":446714,"comment_status":"open","ping_status":"closed","template":"","meta":[],"product_brand":[],"product_cat":[61],"product_tag":[],"class_list":{"0":"post-446719","1":"product","2":"type-product","3":"status-publish","4":"has-post-thumbnail","6":"product_cat-bagagerie-accessoires","7":"pa_couleur-black","8":"pa_couleur-grey-marl","9":"pa_details-sac-a-roulettes","10":"pa_details-valise","11":"pa_groupe-de-produits-sac-de-voyage","12":"pa_marque-bagbase","13":"pa_numero-de-style-2761","14":"pa_sexe-unisexe","15":"pa_taille-one-size","16":"pa_tissu-polyester","18":"first","19":"instock","20":"taxable","21":"shipping-taxable","22":"purchasable","23":"product-type-variable"},"yoast_head":"<!-- This site is optimized with the Yoast SEO Premium plugin v20.9 (Yoast SEO v26.3) - https:\/\/yoast.com\/wordpress\/plugins\/seo\/ -->\n<title>Escape Check-In Wheelie | Printwave FR<\/title>\n<meta name=\"robots\" content=\"index, follow, max-snippet:-1, max-image-preview:large, max-video-preview:-1\" \/>\n<link rel=\"canonical\" href=\"https:\/\/printwave.pl\/fr\/produkt\/escape-check-in-wheelie\/\" \/>\n<meta property=\"og:locale\" content=\"fr_FR\" \/>\n<meta property=\"og:type\" content=\"article\" \/>\n<meta property=\"og:title\" content=\"Escape Check-In Wheelie\" \/>\n<meta property=\"og:description\" content=\"\u00b7100% Polyester (600D) \u00b7Double manche r\u00e9tractable \u00b7Double sangle de compression et poign\u00e9es sup\u00e9rieure et lat\u00e9rale rembourr\u00e9es \u00b7Poign\u00e9es avant r\u00e9sistantes \u00b7Fermeture\" \/>\n<meta property=\"og:url\" content=\"https:\/\/printwave.pl\/fr\/produkt\/escape-check-in-wheelie\/\" \/>\n<meta property=\"og:site_name\" content=\"Printwave FR\" \/>\n<meta property=\"article:modified_time\" content=\"2026-03-01T03:21:06+00:00\" \/>\n<meta property=\"og:image\" content=\"https:\/\/printwave.pl\/fr\/wp-content\/uploads\/sites\/4\/2025\/01\/945_29_128_m-2022_02.jpg\" \/>\n\t<meta property=\"og:image:width\" content=\"1024\" \/>\n\t<meta property=\"og:image:height\" content=\"1304\" \/>\n\t<meta property=\"og:image:type\" content=\"image\/jpeg\" \/>\n<meta name=\"twitter:card\" content=\"summary_large_image\" \/>\n<script type=\"application\/ld+json\" class=\"yoast-schema-graph\">{\"@context\":\"https:\/\/schema.org\",\"@graph\":[{\"@type\":\"WebPage\",\"@id\":\"https:\/\/printwave.pl\/fr\/produkt\/escape-check-in-wheelie\/\",\"url\":\"https:\/\/printwave.pl\/fr\/produkt\/escape-check-in-wheelie\/\",\"name\":\"Escape Check-In Wheelie | Printwave FR\",\"isPartOf\":{\"@id\":\"https:\/\/printwave.pl\/fr\/#website\"},\"primaryImageOfPage\":{\"@id\":\"https:\/\/printwave.pl\/fr\/produkt\/escape-check-in-wheelie\/#primaryimage\"},\"image\":{\"@id\":\"https:\/\/printwave.pl\/fr\/produkt\/escape-check-in-wheelie\/#primaryimage\"},\"thumbnailUrl\":\"https:\/\/printwave.pl\/fr\/wp-content\/uploads\/sites\/4\/2025\/01\/945_29_128_m-2022_02.jpg\",\"datePublished\":\"2025-01-24T12:47:36+00:00\",\"dateModified\":\"2026-03-01T03:21:06+00:00\",\"breadcrumb\":{\"@id\":\"https:\/\/printwave.pl\/fr\/produkt\/escape-check-in-wheelie\/#breadcrumb\"},\"inLanguage\":\"fr-FR\",\"potentialAction\":[{\"@type\":\"ReadAction\",\"target\":[\"https:\/\/printwave.pl\/fr\/produkt\/escape-check-in-wheelie\/\"]}]},{\"@type\":\"ImageObject\",\"inLanguage\":\"fr-FR\",\"@id\":\"https:\/\/printwave.pl\/fr\/produkt\/escape-check-in-wheelie\/#primaryimage\",\"url\":\"https:\/\/printwave.pl\/fr\/wp-content\/uploads\/sites\/4\/2025\/01\/945_29_128_m-2022_02.jpg\",\"contentUrl\":\"https:\/\/printwave.pl\/fr\/wp-content\/uploads\/sites\/4\/2025\/01\/945_29_128_m-2022_02.jpg\",\"width\":1024,\"height\":1304},{\"@type\":\"BreadcrumbList\",\"@id\":\"https:\/\/printwave.pl\/fr\/produkt\/escape-check-in-wheelie\/#breadcrumb\",\"itemListElement\":[{\"@type\":\"ListItem\",\"position\":1,\"name\":\"Accueil\",\"item\":\"https:\/\/printwave.pl\/fr\/\"},{\"@type\":\"ListItem\",\"position\":2,\"name\":\"Boutique\",\"item\":\"https:\/\/printwave.pl\/fr\/boutique\/\"},{\"@type\":\"ListItem\",\"position\":3,\"name\":\"Escape Check-In Wheelie\"}]},{\"@type\":\"WebSite\",\"@id\":\"https:\/\/printwave.pl\/fr\/#website\",\"url\":\"https:\/\/printwave.pl\/fr\/\",\"name\":\"Printwave\",\"description\":\"Votre fournisseur de v\u00eatements promotionnels et d&#039;entreprise en Pologne\",\"potentialAction\":[{\"@type\":\"SearchAction\",\"target\":{\"@type\":\"EntryPoint\",\"urlTemplate\":\"https:\/\/printwave.pl\/fr\/?s={search_term_string}\"},\"query-input\":{\"@type\":\"PropertyValueSpecification\",\"valueRequired\":true,\"valueName\":\"search_term_string\"}}],\"inLanguage\":\"fr-FR\"}]}<\/script>\n<!-- \/ Yoast SEO Premium plugin. -->","yoast_head_json":{"title":"Escape Check-In Wheelie | Printwave FR","robots":{"index":"index","follow":"follow","max-snippet":"max-snippet:-1","max-image-preview":"max-image-preview:large","max-video-preview":"max-video-preview:-1"},"canonical":"https:\/\/printwave.pl\/fr\/produkt\/escape-check-in-wheelie\/","og_locale":"fr_FR","og_type":"article","og_title":"Escape Check-In Wheelie","og_description":"\u00b7100% Polyester (600D) \u00b7Double manche r\u00e9tractable \u00b7Double sangle de compression et poign\u00e9es sup\u00e9rieure et lat\u00e9rale rembourr\u00e9es \u00b7Poign\u00e9es avant r\u00e9sistantes \u00b7Fermeture","og_url":"https:\/\/printwave.pl\/fr\/produkt\/escape-check-in-wheelie\/","og_site_name":"Printwave FR","article_modified_time":"2026-03-01T03:21:06+00:00","og_image":[{"width":1024,"height":1304,"url":"https:\/\/printwave.pl\/fr\/wp-content\/uploads\/sites\/4\/2025\/01\/945_29_128_m-2022_02.jpg","type":"image\/jpeg"}],"twitter_card":"summary_large_image","schema":{"@context":"https:\/\/schema.org","@graph":[{"@type":"WebPage","@id":"https:\/\/printwave.pl\/fr\/produkt\/escape-check-in-wheelie\/","url":"https:\/\/printwave.pl\/fr\/produkt\/escape-check-in-wheelie\/","name":"Escape Check-In Wheelie | Printwave FR","isPartOf":{"@id":"https:\/\/printwave.pl\/fr\/#website"},"primaryImageOfPage":{"@id":"https:\/\/printwave.pl\/fr\/produkt\/escape-check-in-wheelie\/#primaryimage"},"image":{"@id":"https:\/\/printwave.pl\/fr\/produkt\/escape-check-in-wheelie\/#primaryimage"},"thumbnailUrl":"https:\/\/printwave.pl\/fr\/wp-content\/uploads\/sites\/4\/2025\/01\/945_29_128_m-2022_02.jpg","datePublished":"2025-01-24T12:47:36+00:00","dateModified":"2026-03-01T03:21:06+00:00","breadcrumb":{"@id":"https:\/\/printwave.pl\/fr\/produkt\/escape-check-in-wheelie\/#breadcrumb"},"inLanguage":"fr-FR","potentialAction":[{"@type":"ReadAction","target":["https:\/\/printwave.pl\/fr\/produkt\/escape-check-in-wheelie\/"]}]},{"@type":"ImageObject","inLanguage":"fr-FR","@id":"https:\/\/printwave.pl\/fr\/produkt\/escape-check-in-wheelie\/#primaryimage","url":"https:\/\/printwave.pl\/fr\/wp-content\/uploads\/sites\/4\/2025\/01\/945_29_128_m-2022_02.jpg","contentUrl":"https:\/\/printwave.pl\/fr\/wp-content\/uploads\/sites\/4\/2025\/01\/945_29_128_m-2022_02.jpg","width":1024,"height":1304},{"@type":"BreadcrumbList","@id":"https:\/\/printwave.pl\/fr\/produkt\/escape-check-in-wheelie\/#breadcrumb","itemListElement":[{"@type":"ListItem","position":1,"name":"Accueil","item":"https:\/\/printwave.pl\/fr\/"},{"@type":"ListItem","position":2,"name":"Boutique","item":"https:\/\/printwave.pl\/fr\/boutique\/"},{"@type":"ListItem","position":3,"name":"Escape Check-In Wheelie"}]},{"@type":"WebSite","@id":"https:\/\/printwave.pl\/fr\/#website","url":"https:\/\/printwave.pl\/fr\/","name":"Printwave","description":"Votre fournisseur de v\u00eatements promotionnels et d&#039;entreprise en Pologne","potentialAction":[{"@type":"SearchAction","target":{"@type":"EntryPoint","urlTemplate":"https:\/\/printwave.pl\/fr\/?s={search_term_string}"},"query-input":{"@type":"PropertyValueSpecification","valueRequired":true,"valueName":"search_term_string"}}],"inLanguage":"fr-FR"}]}},"_links":{"self":[{"href":"https:\/\/printwave.pl\/fr\/wp-json\/wp\/v2\/product\/446719","targetHints":{"allow":["GET"]}}],"collection":[{"href":"https:\/\/printwave.pl\/fr\/wp-json\/wp\/v2\/product"}],"about":[{"href":"https:\/\/printwave.pl\/fr\/wp-json\/wp\/v2\/types\/product"}],"replies":[{"embeddable":true,"href":"https:\/\/printwave.pl\/fr\/wp-json\/wp\/v2\/comments?post=446719"}],"wp:featuredmedia":[{"embeddable":true,"href":"https:\/\/printwave.pl\/fr\/wp-json\/wp\/v2\/media\/446714"}],"wp:attachment":[{"href":"https:\/\/printwave.pl\/fr\/wp-json\/wp\/v2\/media?parent=446719"}],"wp:term":[{"taxonomy":"product_brand","embeddable":true,"href":"https:\/\/printwave.pl\/fr\/wp-json\/wp\/v2\/product_brand?post=446719"},{"taxonomy":"product_cat","embeddable":true,"href":"https:\/\/printwave.pl\/fr\/wp-json\/wp\/v2\/product_cat?post=446719"},{"taxonomy":"product_tag","embeddable":true,"href":"https:\/\/printwave.pl\/fr\/wp-json\/wp\/v2\/product_tag?post=446719"}],"curies":[{"name":"wp","href":"https:\/\/api.w.org\/{rel}","templated":true}]}}