{"id":446596,"date":"2025-01-24T13:44:18","date_gmt":"2025-01-24T12:44:18","guid":{"rendered":"https:\/\/printwave.pl\/fr\/produkt\/super-stretch-slim-chino\/"},"modified":"2026-03-01T04:20:32","modified_gmt":"2026-03-01T03:20:32","slug":"super-stretch-slim-chino","status":"publish","type":"product","link":"https:\/\/printwave.pl\/fr\/produkt\/super-stretch-slim-chino\/","title":{"rendered":"Super Stretch Slim Chino"},"content":{"rendered":"<p>\u00b7300 g\/m\u00b2<br \/>\n\u00b798% Coton, 2% Elasthanne (Serg\u00e9 avec finition peau de p\u00eache)<br \/>\n\u00b7Coupe-vent<br \/>\n\u00b7Ceinture extensible avec passants<br \/>\n\u00b7Fermeture \u00e9clair YKK sur le devant avec fermeture \u00e0 bouton<br \/>\n\u00b7Poche frontale multi-usage avec fermeture anti-d\u00e9chirure<br \/>\n\u00b7Poches lat\u00e9rales<br \/>\n\u00b7Poches arri\u00e8res<br \/>\n\u00b7Double surpiq\u00fbre<br \/>\n\u00b7Coutures renforc\u00e9es<br \/>\n\u00b7Longueur de jambe: XS &#8211; L = 31&Prime; et XL &#8211; 4XL = 34&Prime;<br \/>\n\u00b7Mod\u00e8le Slim avec un ourlet de 2 cm aux extr\u00e9mit\u00e9s des jambes<br \/>\n\u00b7Coupe ajust\u00e9e<\/p>\n","protected":false},"excerpt":{"rendered":"<p>\u00b7300 g\/m\u00b2 \u00b798% Coton, 2% Elasthanne (Serg\u00e9 avec finition peau de p\u00eache) \u00b7Coupe-vent \u00b7Ceinture extensible avec passants \u00b7Fermeture \u00e9clair YKK<\/p>\n","protected":false},"featured_media":446594,"comment_status":"open","ping_status":"closed","template":"","meta":[],"product_brand":[],"product_cat":[129,43],"product_tag":[],"class_list":{"0":"post-446596","1":"product","2":"type-product","3":"status-publish","4":"has-post-thumbnail","6":"product_cat-pantalons","7":"product_cat-vetements-de-travail","8":"pa_couleur-black","9":"pa_couleur-navy","10":"pa_groupe-de-produits-coupe-vent","11":"pa_groupe-de-produits-pantalons","12":"pa_marque-result-work-guard","13":"pa_numero-de-style-2756","14":"pa_sexe-hommes","15":"pa_taille-2xl","16":"pa_taille-3xl","17":"pa_taille-4xl","18":"pa_taille-l","19":"pa_taille-m","20":"pa_taille-s","21":"pa_taille-xl","22":"pa_taille-xs","23":"pa_tissu-melange-de-tissu","25":"first","26":"instock","27":"taxable","28":"shipping-taxable","29":"purchasable","30":"product-type-variable"},"yoast_head":"<!-- This site is optimized with the Yoast SEO Premium plugin v20.9 (Yoast SEO v26.3) - https:\/\/yoast.com\/wordpress\/plugins\/seo\/ -->\n<title>Super Stretch Slim Chino | Printwave FR<\/title>\n<meta name=\"robots\" content=\"index, follow, max-snippet:-1, max-image-preview:large, max-video-preview:-1\" \/>\n<link rel=\"canonical\" href=\"https:\/\/printwave.pl\/fr\/produkt\/super-stretch-slim-chino\/\" \/>\n<meta property=\"og:locale\" content=\"fr_FR\" \/>\n<meta property=\"og:type\" content=\"article\" \/>\n<meta property=\"og:title\" content=\"Super Stretch Slim Chino\" \/>\n<meta property=\"og:description\" content=\"\u00b7300 g\/m\u00b2 \u00b798% Coton, 2% Elasthanne (Serg\u00e9 avec finition peau de p\u00eache) \u00b7Coupe-vent \u00b7Ceinture extensible avec passants \u00b7Fermeture \u00e9clair YKK\" \/>\n<meta property=\"og:url\" content=\"https:\/\/printwave.pl\/fr\/produkt\/super-stretch-slim-chino\/\" \/>\n<meta property=\"og:site_name\" content=\"Printwave FR\" \/>\n<meta property=\"article:modified_time\" content=\"2026-03-01T03:20:32+00:00\" \/>\n<meta property=\"og:image\" content=\"https:\/\/printwave.pl\/fr\/wp-content\/uploads\/sites\/4\/2025\/01\/946_33_200_m-2022_01.jpg\" \/>\n\t<meta property=\"og:image:width\" content=\"1024\" \/>\n\t<meta property=\"og:image:height\" content=\"1304\" \/>\n\t<meta property=\"og:image:type\" content=\"image\/jpeg\" \/>\n<meta name=\"twitter:card\" content=\"summary_large_image\" \/>\n<script type=\"application\/ld+json\" class=\"yoast-schema-graph\">{\"@context\":\"https:\/\/schema.org\",\"@graph\":[{\"@type\":\"WebPage\",\"@id\":\"https:\/\/printwave.pl\/fr\/produkt\/super-stretch-slim-chino\/\",\"url\":\"https:\/\/printwave.pl\/fr\/produkt\/super-stretch-slim-chino\/\",\"name\":\"Super Stretch Slim Chino | Printwave FR\",\"isPartOf\":{\"@id\":\"https:\/\/printwave.pl\/fr\/#website\"},\"primaryImageOfPage\":{\"@id\":\"https:\/\/printwave.pl\/fr\/produkt\/super-stretch-slim-chino\/#primaryimage\"},\"image\":{\"@id\":\"https:\/\/printwave.pl\/fr\/produkt\/super-stretch-slim-chino\/#primaryimage\"},\"thumbnailUrl\":\"https:\/\/printwave.pl\/fr\/wp-content\/uploads\/sites\/4\/2025\/01\/946_33_200_m-2022_01.jpg\",\"datePublished\":\"2025-01-24T12:44:18+00:00\",\"dateModified\":\"2026-03-01T03:20:32+00:00\",\"breadcrumb\":{\"@id\":\"https:\/\/printwave.pl\/fr\/produkt\/super-stretch-slim-chino\/#breadcrumb\"},\"inLanguage\":\"fr-FR\",\"potentialAction\":[{\"@type\":\"ReadAction\",\"target\":[\"https:\/\/printwave.pl\/fr\/produkt\/super-stretch-slim-chino\/\"]}]},{\"@type\":\"ImageObject\",\"inLanguage\":\"fr-FR\",\"@id\":\"https:\/\/printwave.pl\/fr\/produkt\/super-stretch-slim-chino\/#primaryimage\",\"url\":\"https:\/\/printwave.pl\/fr\/wp-content\/uploads\/sites\/4\/2025\/01\/946_33_200_m-2022_01.jpg\",\"contentUrl\":\"https:\/\/printwave.pl\/fr\/wp-content\/uploads\/sites\/4\/2025\/01\/946_33_200_m-2022_01.jpg\",\"width\":1024,\"height\":1304},{\"@type\":\"BreadcrumbList\",\"@id\":\"https:\/\/printwave.pl\/fr\/produkt\/super-stretch-slim-chino\/#breadcrumb\",\"itemListElement\":[{\"@type\":\"ListItem\",\"position\":1,\"name\":\"Accueil\",\"item\":\"https:\/\/printwave.pl\/fr\/\"},{\"@type\":\"ListItem\",\"position\":2,\"name\":\"Boutique\",\"item\":\"https:\/\/printwave.pl\/fr\/boutique\/\"},{\"@type\":\"ListItem\",\"position\":3,\"name\":\"Super Stretch Slim Chino\"}]},{\"@type\":\"WebSite\",\"@id\":\"https:\/\/printwave.pl\/fr\/#website\",\"url\":\"https:\/\/printwave.pl\/fr\/\",\"name\":\"Printwave\",\"description\":\"Votre fournisseur de v\u00eatements promotionnels et d&#039;entreprise en Pologne\",\"potentialAction\":[{\"@type\":\"SearchAction\",\"target\":{\"@type\":\"EntryPoint\",\"urlTemplate\":\"https:\/\/printwave.pl\/fr\/?s={search_term_string}\"},\"query-input\":{\"@type\":\"PropertyValueSpecification\",\"valueRequired\":true,\"valueName\":\"search_term_string\"}}],\"inLanguage\":\"fr-FR\"}]}<\/script>\n<!-- \/ Yoast SEO Premium plugin. -->","yoast_head_json":{"title":"Super Stretch Slim Chino | Printwave FR","robots":{"index":"index","follow":"follow","max-snippet":"max-snippet:-1","max-image-preview":"max-image-preview:large","max-video-preview":"max-video-preview:-1"},"canonical":"https:\/\/printwave.pl\/fr\/produkt\/super-stretch-slim-chino\/","og_locale":"fr_FR","og_type":"article","og_title":"Super Stretch Slim Chino","og_description":"\u00b7300 g\/m\u00b2 \u00b798% Coton, 2% Elasthanne (Serg\u00e9 avec finition peau de p\u00eache) \u00b7Coupe-vent \u00b7Ceinture extensible avec passants \u00b7Fermeture \u00e9clair YKK","og_url":"https:\/\/printwave.pl\/fr\/produkt\/super-stretch-slim-chino\/","og_site_name":"Printwave FR","article_modified_time":"2026-03-01T03:20:32+00:00","og_image":[{"width":1024,"height":1304,"url":"https:\/\/printwave.pl\/fr\/wp-content\/uploads\/sites\/4\/2025\/01\/946_33_200_m-2022_01.jpg","type":"image\/jpeg"}],"twitter_card":"summary_large_image","schema":{"@context":"https:\/\/schema.org","@graph":[{"@type":"WebPage","@id":"https:\/\/printwave.pl\/fr\/produkt\/super-stretch-slim-chino\/","url":"https:\/\/printwave.pl\/fr\/produkt\/super-stretch-slim-chino\/","name":"Super Stretch Slim Chino | Printwave FR","isPartOf":{"@id":"https:\/\/printwave.pl\/fr\/#website"},"primaryImageOfPage":{"@id":"https:\/\/printwave.pl\/fr\/produkt\/super-stretch-slim-chino\/#primaryimage"},"image":{"@id":"https:\/\/printwave.pl\/fr\/produkt\/super-stretch-slim-chino\/#primaryimage"},"thumbnailUrl":"https:\/\/printwave.pl\/fr\/wp-content\/uploads\/sites\/4\/2025\/01\/946_33_200_m-2022_01.jpg","datePublished":"2025-01-24T12:44:18+00:00","dateModified":"2026-03-01T03:20:32+00:00","breadcrumb":{"@id":"https:\/\/printwave.pl\/fr\/produkt\/super-stretch-slim-chino\/#breadcrumb"},"inLanguage":"fr-FR","potentialAction":[{"@type":"ReadAction","target":["https:\/\/printwave.pl\/fr\/produkt\/super-stretch-slim-chino\/"]}]},{"@type":"ImageObject","inLanguage":"fr-FR","@id":"https:\/\/printwave.pl\/fr\/produkt\/super-stretch-slim-chino\/#primaryimage","url":"https:\/\/printwave.pl\/fr\/wp-content\/uploads\/sites\/4\/2025\/01\/946_33_200_m-2022_01.jpg","contentUrl":"https:\/\/printwave.pl\/fr\/wp-content\/uploads\/sites\/4\/2025\/01\/946_33_200_m-2022_01.jpg","width":1024,"height":1304},{"@type":"BreadcrumbList","@id":"https:\/\/printwave.pl\/fr\/produkt\/super-stretch-slim-chino\/#breadcrumb","itemListElement":[{"@type":"ListItem","position":1,"name":"Accueil","item":"https:\/\/printwave.pl\/fr\/"},{"@type":"ListItem","position":2,"name":"Boutique","item":"https:\/\/printwave.pl\/fr\/boutique\/"},{"@type":"ListItem","position":3,"name":"Super Stretch Slim Chino"}]},{"@type":"WebSite","@id":"https:\/\/printwave.pl\/fr\/#website","url":"https:\/\/printwave.pl\/fr\/","name":"Printwave","description":"Votre fournisseur de v\u00eatements promotionnels et d&#039;entreprise en Pologne","potentialAction":[{"@type":"SearchAction","target":{"@type":"EntryPoint","urlTemplate":"https:\/\/printwave.pl\/fr\/?s={search_term_string}"},"query-input":{"@type":"PropertyValueSpecification","valueRequired":true,"valueName":"search_term_string"}}],"inLanguage":"fr-FR"}]}},"_links":{"self":[{"href":"https:\/\/printwave.pl\/fr\/wp-json\/wp\/v2\/product\/446596","targetHints":{"allow":["GET"]}}],"collection":[{"href":"https:\/\/printwave.pl\/fr\/wp-json\/wp\/v2\/product"}],"about":[{"href":"https:\/\/printwave.pl\/fr\/wp-json\/wp\/v2\/types\/product"}],"replies":[{"embeddable":true,"href":"https:\/\/printwave.pl\/fr\/wp-json\/wp\/v2\/comments?post=446596"}],"wp:featuredmedia":[{"embeddable":true,"href":"https:\/\/printwave.pl\/fr\/wp-json\/wp\/v2\/media\/446594"}],"wp:attachment":[{"href":"https:\/\/printwave.pl\/fr\/wp-json\/wp\/v2\/media?parent=446596"}],"wp:term":[{"taxonomy":"product_brand","embeddable":true,"href":"https:\/\/printwave.pl\/fr\/wp-json\/wp\/v2\/product_brand?post=446596"},{"taxonomy":"product_cat","embeddable":true,"href":"https:\/\/printwave.pl\/fr\/wp-json\/wp\/v2\/product_cat?post=446596"},{"taxonomy":"product_tag","embeddable":true,"href":"https:\/\/printwave.pl\/fr\/wp-json\/wp\/v2\/product_tag?post=446596"}],"curies":[{"name":"wp","href":"https:\/\/api.w.org\/{rel}","templated":true}]}}