{"id":445175,"date":"2025-01-24T13:06:56","date_gmt":"2025-01-24T12:06:56","guid":{"rendered":"https:\/\/printwave.pl\/fr\/produkt\/basic-trousers\/"},"modified":"2026-03-01T04:14:38","modified_gmt":"2026-03-01T03:14:38","slug":"basic-trousers","status":"publish","type":"product","link":"https:\/\/printwave.pl\/fr\/produkt\/basic-trousers\/","title":{"rendered":"Basic Trousers"},"content":{"rendered":"<p>\u00b7240 g\/m\u00b2<br \/>\n\u00b7100% coton<br \/>\n\u00b7taille \u00e9lastiqu\u00e9e sur les c\u00f4t\u00e9s<br \/>\n\u00b7passants pour ceinture<br \/>\n\u00b72 poches lat\u00e9rales, poche \u00e0 l&rsquo;arri\u00e8re droit<br \/>\n\u00b7pliures<br \/>\n\u00b7lavable jusqu&rsquo;\u00e0 60\u00b0<\/p>\n","protected":false},"excerpt":{"rendered":"<p>\u00b7240 g\/m\u00b2 \u00b7100% coton \u00b7taille \u00e9lastiqu\u00e9e sur les c\u00f4t\u00e9s \u00b7passants pour ceinture \u00b72 poches lat\u00e9rales, poche \u00e0 l&rsquo;arri\u00e8re droit \u00b7pliures<\/p>\n","protected":false},"featured_media":445171,"comment_status":"open","ping_status":"closed","template":"","meta":[],"product_brand":[],"product_cat":[129,42],"product_tag":[460,465,461,167,168,463,326,464,131,86,462,212,215],"class_list":{"0":"post-445175","1":"product","2":"type-product","3":"status-publish","4":"has-post-thumbnail","6":"product_cat-pantalons","7":"product_cat-tabliers-blouses-hospitality","8":"product_tag-2-couleurs","9":"product_tag-2-tons","10":"product_tag-gastronomie","11":"product_tag-lavable-jusqua-60c","12":"product_tag-pantalons","13":"product_tag-pantalons-de-cuisinier","14":"product_tag-pantalons-de-travail","15":"product_tag-uniformes-de-cuisinier","16":"product_tag-unisexe","17":"product_tag-vetements-dexterieur","18":"product_tag-vetements-de-cuisinier","19":"product_tag-vetements-de-travail","20":"product_tag-workwear","21":"pa_couleur-black","22":"pa_groupe-de-produits-gastronomie","23":"pa_groupe-de-produits-restauration","24":"pa_marque-karlowsky","25":"pa_numero-de-style-2689","26":"pa_poids-a-partir-de-220-g-m","27":"pa_sexe-hommes","28":"pa_taille-2xl","29":"pa_taille-3xl","30":"pa_taille-l","31":"pa_taille-m","32":"pa_taille-s","33":"pa_taille-xl","34":"pa_taille-xs","35":"pa_tissu-coton","37":"first","38":"instock","39":"taxable","40":"shipping-taxable","41":"purchasable","42":"product-type-variable"},"yoast_head":"<!-- This site is optimized with the Yoast SEO Premium plugin v20.9 (Yoast SEO v26.3) - https:\/\/yoast.com\/wordpress\/plugins\/seo\/ -->\n<title>Basic Trousers | Printwave FR<\/title>\n<meta name=\"robots\" content=\"index, follow, max-snippet:-1, max-image-preview:large, max-video-preview:-1\" \/>\n<link rel=\"canonical\" href=\"https:\/\/printwave.pl\/fr\/produkt\/basic-trousers\/\" \/>\n<meta property=\"og:locale\" content=\"fr_FR\" \/>\n<meta property=\"og:type\" content=\"article\" \/>\n<meta property=\"og:title\" content=\"Basic Trousers\" \/>\n<meta property=\"og:description\" content=\"\u00b7240 g\/m\u00b2 \u00b7100% coton \u00b7taille \u00e9lastiqu\u00e9e sur les c\u00f4t\u00e9s \u00b7passants pour ceinture \u00b72 poches lat\u00e9rales, poche \u00e0 l&rsquo;arri\u00e8re droit \u00b7pliures\" \/>\n<meta property=\"og:url\" content=\"https:\/\/printwave.pl\/fr\/produkt\/basic-trousers\/\" \/>\n<meta property=\"og:site_name\" content=\"Printwave FR\" \/>\n<meta property=\"article:modified_time\" content=\"2026-03-01T03:14:38+00:00\" \/>\n<meta property=\"og:image\" content=\"https:\/\/printwave.pl\/fr\/wp-content\/uploads\/sites\/4\/2025\/01\/956_67_101_m-2023_01.jpg\" \/>\n\t<meta property=\"og:image:width\" content=\"1024\" \/>\n\t<meta property=\"og:image:height\" content=\"1304\" \/>\n\t<meta property=\"og:image:type\" content=\"image\/jpeg\" \/>\n<meta name=\"twitter:card\" content=\"summary_large_image\" \/>\n<script type=\"application\/ld+json\" class=\"yoast-schema-graph\">{\"@context\":\"https:\/\/schema.org\",\"@graph\":[{\"@type\":\"WebPage\",\"@id\":\"https:\/\/printwave.pl\/fr\/produkt\/basic-trousers\/\",\"url\":\"https:\/\/printwave.pl\/fr\/produkt\/basic-trousers\/\",\"name\":\"Basic Trousers | Printwave FR\",\"isPartOf\":{\"@id\":\"https:\/\/printwave.pl\/fr\/#website\"},\"primaryImageOfPage\":{\"@id\":\"https:\/\/printwave.pl\/fr\/produkt\/basic-trousers\/#primaryimage\"},\"image\":{\"@id\":\"https:\/\/printwave.pl\/fr\/produkt\/basic-trousers\/#primaryimage\"},\"thumbnailUrl\":\"https:\/\/printwave.pl\/fr\/wp-content\/uploads\/sites\/4\/2025\/01\/956_67_101_m-2023_01.jpg\",\"datePublished\":\"2025-01-24T12:06:56+00:00\",\"dateModified\":\"2026-03-01T03:14:38+00:00\",\"breadcrumb\":{\"@id\":\"https:\/\/printwave.pl\/fr\/produkt\/basic-trousers\/#breadcrumb\"},\"inLanguage\":\"fr-FR\",\"potentialAction\":[{\"@type\":\"ReadAction\",\"target\":[\"https:\/\/printwave.pl\/fr\/produkt\/basic-trousers\/\"]}]},{\"@type\":\"ImageObject\",\"inLanguage\":\"fr-FR\",\"@id\":\"https:\/\/printwave.pl\/fr\/produkt\/basic-trousers\/#primaryimage\",\"url\":\"https:\/\/printwave.pl\/fr\/wp-content\/uploads\/sites\/4\/2025\/01\/956_67_101_m-2023_01.jpg\",\"contentUrl\":\"https:\/\/printwave.pl\/fr\/wp-content\/uploads\/sites\/4\/2025\/01\/956_67_101_m-2023_01.jpg\",\"width\":1024,\"height\":1304},{\"@type\":\"BreadcrumbList\",\"@id\":\"https:\/\/printwave.pl\/fr\/produkt\/basic-trousers\/#breadcrumb\",\"itemListElement\":[{\"@type\":\"ListItem\",\"position\":1,\"name\":\"Accueil\",\"item\":\"https:\/\/printwave.pl\/fr\/\"},{\"@type\":\"ListItem\",\"position\":2,\"name\":\"Boutique\",\"item\":\"https:\/\/printwave.pl\/fr\/boutique\/\"},{\"@type\":\"ListItem\",\"position\":3,\"name\":\"Basic Trousers\"}]},{\"@type\":\"WebSite\",\"@id\":\"https:\/\/printwave.pl\/fr\/#website\",\"url\":\"https:\/\/printwave.pl\/fr\/\",\"name\":\"Printwave\",\"description\":\"Votre fournisseur de v\u00eatements promotionnels et d&#039;entreprise en Pologne\",\"potentialAction\":[{\"@type\":\"SearchAction\",\"target\":{\"@type\":\"EntryPoint\",\"urlTemplate\":\"https:\/\/printwave.pl\/fr\/?s={search_term_string}\"},\"query-input\":{\"@type\":\"PropertyValueSpecification\",\"valueRequired\":true,\"valueName\":\"search_term_string\"}}],\"inLanguage\":\"fr-FR\"}]}<\/script>\n<!-- \/ Yoast SEO Premium plugin. -->","yoast_head_json":{"title":"Basic Trousers | Printwave FR","robots":{"index":"index","follow":"follow","max-snippet":"max-snippet:-1","max-image-preview":"max-image-preview:large","max-video-preview":"max-video-preview:-1"},"canonical":"https:\/\/printwave.pl\/fr\/produkt\/basic-trousers\/","og_locale":"fr_FR","og_type":"article","og_title":"Basic Trousers","og_description":"\u00b7240 g\/m\u00b2 \u00b7100% coton \u00b7taille \u00e9lastiqu\u00e9e sur les c\u00f4t\u00e9s \u00b7passants pour ceinture \u00b72 poches lat\u00e9rales, poche \u00e0 l&rsquo;arri\u00e8re droit \u00b7pliures","og_url":"https:\/\/printwave.pl\/fr\/produkt\/basic-trousers\/","og_site_name":"Printwave FR","article_modified_time":"2026-03-01T03:14:38+00:00","og_image":[{"width":1024,"height":1304,"url":"https:\/\/printwave.pl\/fr\/wp-content\/uploads\/sites\/4\/2025\/01\/956_67_101_m-2023_01.jpg","type":"image\/jpeg"}],"twitter_card":"summary_large_image","schema":{"@context":"https:\/\/schema.org","@graph":[{"@type":"WebPage","@id":"https:\/\/printwave.pl\/fr\/produkt\/basic-trousers\/","url":"https:\/\/printwave.pl\/fr\/produkt\/basic-trousers\/","name":"Basic Trousers | Printwave FR","isPartOf":{"@id":"https:\/\/printwave.pl\/fr\/#website"},"primaryImageOfPage":{"@id":"https:\/\/printwave.pl\/fr\/produkt\/basic-trousers\/#primaryimage"},"image":{"@id":"https:\/\/printwave.pl\/fr\/produkt\/basic-trousers\/#primaryimage"},"thumbnailUrl":"https:\/\/printwave.pl\/fr\/wp-content\/uploads\/sites\/4\/2025\/01\/956_67_101_m-2023_01.jpg","datePublished":"2025-01-24T12:06:56+00:00","dateModified":"2026-03-01T03:14:38+00:00","breadcrumb":{"@id":"https:\/\/printwave.pl\/fr\/produkt\/basic-trousers\/#breadcrumb"},"inLanguage":"fr-FR","potentialAction":[{"@type":"ReadAction","target":["https:\/\/printwave.pl\/fr\/produkt\/basic-trousers\/"]}]},{"@type":"ImageObject","inLanguage":"fr-FR","@id":"https:\/\/printwave.pl\/fr\/produkt\/basic-trousers\/#primaryimage","url":"https:\/\/printwave.pl\/fr\/wp-content\/uploads\/sites\/4\/2025\/01\/956_67_101_m-2023_01.jpg","contentUrl":"https:\/\/printwave.pl\/fr\/wp-content\/uploads\/sites\/4\/2025\/01\/956_67_101_m-2023_01.jpg","width":1024,"height":1304},{"@type":"BreadcrumbList","@id":"https:\/\/printwave.pl\/fr\/produkt\/basic-trousers\/#breadcrumb","itemListElement":[{"@type":"ListItem","position":1,"name":"Accueil","item":"https:\/\/printwave.pl\/fr\/"},{"@type":"ListItem","position":2,"name":"Boutique","item":"https:\/\/printwave.pl\/fr\/boutique\/"},{"@type":"ListItem","position":3,"name":"Basic Trousers"}]},{"@type":"WebSite","@id":"https:\/\/printwave.pl\/fr\/#website","url":"https:\/\/printwave.pl\/fr\/","name":"Printwave","description":"Votre fournisseur de v\u00eatements promotionnels et d&#039;entreprise en Pologne","potentialAction":[{"@type":"SearchAction","target":{"@type":"EntryPoint","urlTemplate":"https:\/\/printwave.pl\/fr\/?s={search_term_string}"},"query-input":{"@type":"PropertyValueSpecification","valueRequired":true,"valueName":"search_term_string"}}],"inLanguage":"fr-FR"}]}},"_links":{"self":[{"href":"https:\/\/printwave.pl\/fr\/wp-json\/wp\/v2\/product\/445175","targetHints":{"allow":["GET"]}}],"collection":[{"href":"https:\/\/printwave.pl\/fr\/wp-json\/wp\/v2\/product"}],"about":[{"href":"https:\/\/printwave.pl\/fr\/wp-json\/wp\/v2\/types\/product"}],"replies":[{"embeddable":true,"href":"https:\/\/printwave.pl\/fr\/wp-json\/wp\/v2\/comments?post=445175"}],"wp:featuredmedia":[{"embeddable":true,"href":"https:\/\/printwave.pl\/fr\/wp-json\/wp\/v2\/media\/445171"}],"wp:attachment":[{"href":"https:\/\/printwave.pl\/fr\/wp-json\/wp\/v2\/media?parent=445175"}],"wp:term":[{"taxonomy":"product_brand","embeddable":true,"href":"https:\/\/printwave.pl\/fr\/wp-json\/wp\/v2\/product_brand?post=445175"},{"taxonomy":"product_cat","embeddable":true,"href":"https:\/\/printwave.pl\/fr\/wp-json\/wp\/v2\/product_cat?post=445175"},{"taxonomy":"product_tag","embeddable":true,"href":"https:\/\/printwave.pl\/fr\/wp-json\/wp\/v2\/product_tag?post=445175"}],"curies":[{"name":"wp","href":"https:\/\/api.w.org\/{rel}","templated":true}]}}