{"id":444972,"date":"2025-01-24T13:01:35","date_gmt":"2025-01-24T12:01:35","guid":{"rendered":"https:\/\/printwave.pl\/fr\/produkt\/recycled-twin-handle-roll-top-laptop-backpack\/"},"modified":"2026-03-01T04:13:32","modified_gmt":"2026-03-01T03:13:32","slug":"recycled-twin-handle-roll-top-laptop-backpack","status":"publish","type":"product","link":"https:\/\/printwave.pl\/fr\/produkt\/recycled-twin-handle-roll-top-laptop-backpack\/","title":{"rendered":"Recycled Twin Handle Roll-Top Laptop Backpack"},"content":{"rendered":"<p>\u00b7100% polyester (recycl\u00e9, 300D)<br \/>\n\u00b7Poign\u00e9es de transport en sangle<br \/>\n\u00b7Fermeture \u00e0 enroulement<br \/>\n\u00b7Bretelles rembourr\u00e9es r\u00e9glables<br \/>\n\u00b7Panneau arri\u00e8re rembourr\u00e9<br \/>\n\u00b7Polyester recycl\u00e9 \u00e0 partir d&rsquo;environ 12 bouteilles post-consommation<br \/>\n\u00b7Compartiment pour ordinateur portable rembourr\u00e9 s\u00e9curis\u00e9 \u00e0 acc\u00e8s externe, compatible jusqu&rsquo;\u00e0 15,6&Prime;<br \/>\n\u00b7Poche int\u00e9rieure zipp\u00e9e<br \/>\n\u00b7Section d&rsquo;organisateur de poche avant, con\u00e7ue pour une d\u00e9coration facile<br \/>\n\u00b7Poche ext\u00e9rieure pour bouteille<br \/>\n\u00b7\u00c9tiquette d\u00e9tachable<br \/>\n\u00b7Capacit\u00e9 : 19 litres<br \/>\n\u00b7Dimensions : 30 x 44 x 14 cm<br \/>\n\u00b7Max. broderie: anneau tubulaire de 18<br \/>\n\u00b7Max. surface d&rsquo;impression : 27 x 18 cm<\/p>\n","protected":false},"excerpt":{"rendered":"<p>\u00b7100% polyester (recycl\u00e9, 300D) \u00b7Poign\u00e9es de transport en sangle \u00b7Fermeture \u00e0 enroulement \u00b7Bretelles rembourr\u00e9es r\u00e9glables \u00b7Panneau arri\u00e8re rembourr\u00e9 \u00b7Polyester recycl\u00e9<\/p>\n","protected":false},"featured_media":444967,"comment_status":"open","ping_status":"closed","template":"","meta":[],"product_brand":[],"product_cat":[154,61,354,60],"product_tag":[],"class_list":{"0":"post-444972","1":"product","2":"type-product","3":"status-publish","4":"has-post-thumbnail","6":"product_cat-all-eco","7":"product_cat-bagagerie-accessoires","8":"product_cat-eco-responsable","9":"product_cat-recycled","10":"pa_couleur-black","11":"pa_couleur-grey-marl","12":"pa_couleur-mustard","13":"pa_couleur-navy-dusk","14":"pa_eco-recycle","15":"pa_groupe-de-produits-sac-a-dos","16":"pa_marque-bagbase","17":"pa_numero-de-style-2680","18":"pa_sexe-femmes","19":"pa_taille-one-size","20":"pa_tissu-recycles","22":"first","23":"instock","24":"taxable","25":"shipping-taxable","26":"purchasable","27":"product-type-variable"},"yoast_head":"<!-- This site is optimized with the Yoast SEO Premium plugin v20.9 (Yoast SEO v26.3) - https:\/\/yoast.com\/wordpress\/plugins\/seo\/ -->\n<title>Recycled Twin Handle Roll-Top Laptop Backpack | Printwave FR<\/title>\n<meta name=\"robots\" content=\"index, follow, max-snippet:-1, max-image-preview:large, max-video-preview:-1\" \/>\n<link rel=\"canonical\" href=\"https:\/\/printwave.pl\/fr\/produkt\/recycled-twin-handle-roll-top-laptop-backpack\/\" \/>\n<meta property=\"og:locale\" content=\"fr_FR\" \/>\n<meta property=\"og:type\" content=\"article\" \/>\n<meta property=\"og:title\" content=\"Recycled Twin Handle Roll-Top Laptop Backpack\" \/>\n<meta property=\"og:description\" content=\"\u00b7100% polyester (recycl\u00e9, 300D) \u00b7Poign\u00e9es de transport en sangle \u00b7Fermeture \u00e0 enroulement \u00b7Bretelles rembourr\u00e9es r\u00e9glables \u00b7Panneau arri\u00e8re rembourr\u00e9 \u00b7Polyester recycl\u00e9\" \/>\n<meta property=\"og:url\" content=\"https:\/\/printwave.pl\/fr\/produkt\/recycled-twin-handle-roll-top-laptop-backpack\/\" \/>\n<meta property=\"og:site_name\" content=\"Printwave FR\" \/>\n<meta property=\"article:modified_time\" content=\"2026-03-01T03:13:32+00:00\" \/>\n<meta property=\"og:image\" content=\"https:\/\/printwave.pl\/fr\/wp-content\/uploads\/sites\/4\/2025\/01\/959_29_645_m-2022_01.jpg\" \/>\n\t<meta property=\"og:image:width\" content=\"1024\" \/>\n\t<meta property=\"og:image:height\" content=\"1304\" \/>\n\t<meta property=\"og:image:type\" content=\"image\/jpeg\" \/>\n<meta name=\"twitter:card\" content=\"summary_large_image\" \/>\n<script type=\"application\/ld+json\" class=\"yoast-schema-graph\">{\"@context\":\"https:\/\/schema.org\",\"@graph\":[{\"@type\":\"WebPage\",\"@id\":\"https:\/\/printwave.pl\/fr\/produkt\/recycled-twin-handle-roll-top-laptop-backpack\/\",\"url\":\"https:\/\/printwave.pl\/fr\/produkt\/recycled-twin-handle-roll-top-laptop-backpack\/\",\"name\":\"Recycled Twin Handle Roll-Top Laptop Backpack | Printwave FR\",\"isPartOf\":{\"@id\":\"https:\/\/printwave.pl\/fr\/#website\"},\"primaryImageOfPage\":{\"@id\":\"https:\/\/printwave.pl\/fr\/produkt\/recycled-twin-handle-roll-top-laptop-backpack\/#primaryimage\"},\"image\":{\"@id\":\"https:\/\/printwave.pl\/fr\/produkt\/recycled-twin-handle-roll-top-laptop-backpack\/#primaryimage\"},\"thumbnailUrl\":\"https:\/\/printwave.pl\/fr\/wp-content\/uploads\/sites\/4\/2025\/01\/959_29_645_m-2022_01.jpg\",\"datePublished\":\"2025-01-24T12:01:35+00:00\",\"dateModified\":\"2026-03-01T03:13:32+00:00\",\"breadcrumb\":{\"@id\":\"https:\/\/printwave.pl\/fr\/produkt\/recycled-twin-handle-roll-top-laptop-backpack\/#breadcrumb\"},\"inLanguage\":\"fr-FR\",\"potentialAction\":[{\"@type\":\"ReadAction\",\"target\":[\"https:\/\/printwave.pl\/fr\/produkt\/recycled-twin-handle-roll-top-laptop-backpack\/\"]}]},{\"@type\":\"ImageObject\",\"inLanguage\":\"fr-FR\",\"@id\":\"https:\/\/printwave.pl\/fr\/produkt\/recycled-twin-handle-roll-top-laptop-backpack\/#primaryimage\",\"url\":\"https:\/\/printwave.pl\/fr\/wp-content\/uploads\/sites\/4\/2025\/01\/959_29_645_m-2022_01.jpg\",\"contentUrl\":\"https:\/\/printwave.pl\/fr\/wp-content\/uploads\/sites\/4\/2025\/01\/959_29_645_m-2022_01.jpg\",\"width\":1024,\"height\":1304},{\"@type\":\"BreadcrumbList\",\"@id\":\"https:\/\/printwave.pl\/fr\/produkt\/recycled-twin-handle-roll-top-laptop-backpack\/#breadcrumb\",\"itemListElement\":[{\"@type\":\"ListItem\",\"position\":1,\"name\":\"Accueil\",\"item\":\"https:\/\/printwave.pl\/fr\/\"},{\"@type\":\"ListItem\",\"position\":2,\"name\":\"Boutique\",\"item\":\"https:\/\/printwave.pl\/fr\/boutique\/\"},{\"@type\":\"ListItem\",\"position\":3,\"name\":\"Recycled Twin Handle Roll-Top Laptop Backpack\"}]},{\"@type\":\"WebSite\",\"@id\":\"https:\/\/printwave.pl\/fr\/#website\",\"url\":\"https:\/\/printwave.pl\/fr\/\",\"name\":\"Printwave\",\"description\":\"Votre fournisseur de v\u00eatements promotionnels et d&#039;entreprise en Pologne\",\"potentialAction\":[{\"@type\":\"SearchAction\",\"target\":{\"@type\":\"EntryPoint\",\"urlTemplate\":\"https:\/\/printwave.pl\/fr\/?s={search_term_string}\"},\"query-input\":{\"@type\":\"PropertyValueSpecification\",\"valueRequired\":true,\"valueName\":\"search_term_string\"}}],\"inLanguage\":\"fr-FR\"}]}<\/script>\n<!-- \/ Yoast SEO Premium plugin. -->","yoast_head_json":{"title":"Recycled Twin Handle Roll-Top Laptop Backpack | Printwave FR","robots":{"index":"index","follow":"follow","max-snippet":"max-snippet:-1","max-image-preview":"max-image-preview:large","max-video-preview":"max-video-preview:-1"},"canonical":"https:\/\/printwave.pl\/fr\/produkt\/recycled-twin-handle-roll-top-laptop-backpack\/","og_locale":"fr_FR","og_type":"article","og_title":"Recycled Twin Handle Roll-Top Laptop Backpack","og_description":"\u00b7100% polyester (recycl\u00e9, 300D) \u00b7Poign\u00e9es de transport en sangle \u00b7Fermeture \u00e0 enroulement \u00b7Bretelles rembourr\u00e9es r\u00e9glables \u00b7Panneau arri\u00e8re rembourr\u00e9 \u00b7Polyester recycl\u00e9","og_url":"https:\/\/printwave.pl\/fr\/produkt\/recycled-twin-handle-roll-top-laptop-backpack\/","og_site_name":"Printwave FR","article_modified_time":"2026-03-01T03:13:32+00:00","og_image":[{"width":1024,"height":1304,"url":"https:\/\/printwave.pl\/fr\/wp-content\/uploads\/sites\/4\/2025\/01\/959_29_645_m-2022_01.jpg","type":"image\/jpeg"}],"twitter_card":"summary_large_image","schema":{"@context":"https:\/\/schema.org","@graph":[{"@type":"WebPage","@id":"https:\/\/printwave.pl\/fr\/produkt\/recycled-twin-handle-roll-top-laptop-backpack\/","url":"https:\/\/printwave.pl\/fr\/produkt\/recycled-twin-handle-roll-top-laptop-backpack\/","name":"Recycled Twin Handle Roll-Top Laptop Backpack | Printwave FR","isPartOf":{"@id":"https:\/\/printwave.pl\/fr\/#website"},"primaryImageOfPage":{"@id":"https:\/\/printwave.pl\/fr\/produkt\/recycled-twin-handle-roll-top-laptop-backpack\/#primaryimage"},"image":{"@id":"https:\/\/printwave.pl\/fr\/produkt\/recycled-twin-handle-roll-top-laptop-backpack\/#primaryimage"},"thumbnailUrl":"https:\/\/printwave.pl\/fr\/wp-content\/uploads\/sites\/4\/2025\/01\/959_29_645_m-2022_01.jpg","datePublished":"2025-01-24T12:01:35+00:00","dateModified":"2026-03-01T03:13:32+00:00","breadcrumb":{"@id":"https:\/\/printwave.pl\/fr\/produkt\/recycled-twin-handle-roll-top-laptop-backpack\/#breadcrumb"},"inLanguage":"fr-FR","potentialAction":[{"@type":"ReadAction","target":["https:\/\/printwave.pl\/fr\/produkt\/recycled-twin-handle-roll-top-laptop-backpack\/"]}]},{"@type":"ImageObject","inLanguage":"fr-FR","@id":"https:\/\/printwave.pl\/fr\/produkt\/recycled-twin-handle-roll-top-laptop-backpack\/#primaryimage","url":"https:\/\/printwave.pl\/fr\/wp-content\/uploads\/sites\/4\/2025\/01\/959_29_645_m-2022_01.jpg","contentUrl":"https:\/\/printwave.pl\/fr\/wp-content\/uploads\/sites\/4\/2025\/01\/959_29_645_m-2022_01.jpg","width":1024,"height":1304},{"@type":"BreadcrumbList","@id":"https:\/\/printwave.pl\/fr\/produkt\/recycled-twin-handle-roll-top-laptop-backpack\/#breadcrumb","itemListElement":[{"@type":"ListItem","position":1,"name":"Accueil","item":"https:\/\/printwave.pl\/fr\/"},{"@type":"ListItem","position":2,"name":"Boutique","item":"https:\/\/printwave.pl\/fr\/boutique\/"},{"@type":"ListItem","position":3,"name":"Recycled Twin Handle Roll-Top Laptop Backpack"}]},{"@type":"WebSite","@id":"https:\/\/printwave.pl\/fr\/#website","url":"https:\/\/printwave.pl\/fr\/","name":"Printwave","description":"Votre fournisseur de v\u00eatements promotionnels et d&#039;entreprise en Pologne","potentialAction":[{"@type":"SearchAction","target":{"@type":"EntryPoint","urlTemplate":"https:\/\/printwave.pl\/fr\/?s={search_term_string}"},"query-input":{"@type":"PropertyValueSpecification","valueRequired":true,"valueName":"search_term_string"}}],"inLanguage":"fr-FR"}]}},"_links":{"self":[{"href":"https:\/\/printwave.pl\/fr\/wp-json\/wp\/v2\/product\/444972","targetHints":{"allow":["GET"]}}],"collection":[{"href":"https:\/\/printwave.pl\/fr\/wp-json\/wp\/v2\/product"}],"about":[{"href":"https:\/\/printwave.pl\/fr\/wp-json\/wp\/v2\/types\/product"}],"replies":[{"embeddable":true,"href":"https:\/\/printwave.pl\/fr\/wp-json\/wp\/v2\/comments?post=444972"}],"wp:featuredmedia":[{"embeddable":true,"href":"https:\/\/printwave.pl\/fr\/wp-json\/wp\/v2\/media\/444967"}],"wp:attachment":[{"href":"https:\/\/printwave.pl\/fr\/wp-json\/wp\/v2\/media?parent=444972"}],"wp:term":[{"taxonomy":"product_brand","embeddable":true,"href":"https:\/\/printwave.pl\/fr\/wp-json\/wp\/v2\/product_brand?post=444972"},{"taxonomy":"product_cat","embeddable":true,"href":"https:\/\/printwave.pl\/fr\/wp-json\/wp\/v2\/product_cat?post=444972"},{"taxonomy":"product_tag","embeddable":true,"href":"https:\/\/printwave.pl\/fr\/wp-json\/wp\/v2\/product_tag?post=444972"}],"curies":[{"name":"wp","href":"https:\/\/api.w.org\/{rel}","templated":true}]}}