{"id":444627,"date":"2025-01-24T12:52:59","date_gmt":"2025-01-24T11:52:59","guid":{"rendered":"https:\/\/printwave.pl\/fr\/produkt\/chef-jacket-jeans-style\/"},"modified":"2026-03-01T04:12:00","modified_gmt":"2026-03-01T03:12:00","slug":"chef-jacket-jeans-style","status":"publish","type":"product","link":"https:\/\/printwave.pl\/fr\/produkt\/chef-jacket-jeans-style\/","title":{"rendered":"Chef Jacket Jeans Style"},"content":{"rendered":"<p>\u00b7195 g\/m\u00b2<br \/>\n\u00b765% polyester, 35% coton, pr\u00e9-r\u00e9tr\u00e9ci, tissu de haute qualit\u00e9<br \/>\n\u00b7Veste en jean<br \/>\n\u00b7Coutures contrast\u00e9es<br \/>\n\u00b7Veste \u00e0 5 boutons avec boutons-pression<br \/>\n\u00b7Poignets avec fente<br \/>\n\u00b7Poche sur le c\u00f4t\u00e9 gauche avec poche pour stylo<br \/>\n\u00b7Coupe pr\u00e8s du corps<br \/>\n\u00b7Convient pour la lessive industrielle<br \/>\n\u00b7Lavable jusqu&rsquo;\u00e0 95\u00b0C<br \/>\n\u00b7Facile d&rsquo;entretien.<\/p>\n","protected":false},"excerpt":{"rendered":"<p>\u00b7195 g\/m\u00b2 \u00b765% polyester, 35% coton, pr\u00e9-r\u00e9tr\u00e9ci, tissu de haute qualit\u00e9 \u00b7Veste en jean \u00b7Coutures contrast\u00e9es \u00b7Veste \u00e0 5 boutons<\/p>\n","protected":false},"featured_media":444621,"comment_status":"open","ping_status":"closed","template":"","meta":[],"product_brand":[],"product_cat":[42],"product_tag":[],"class_list":{"0":"post-444627","1":"product","2":"type-product","3":"status-publish","4":"has-post-thumbnail","6":"product_cat-tabliers-blouses-hospitality","7":"pa_couleur-vintage-black","8":"pa_couleur-vintage-blue","9":"pa_details-cintre","10":"pa_details-facile-dentretien","11":"pa_groupe-de-produits-chemises","12":"pa_groupe-de-produits-gastronomie","13":"pa_groupe-de-produits-restauration","14":"pa_manche-manches-longues","15":"pa_marque-karlowsky","16":"pa_numero-de-style-2667","17":"pa_poids-170-199-g-m","18":"pa_sexe-hommes","19":"pa_taille-46-s","20":"pa_taille-48-m","21":"pa_taille-50-m","22":"pa_taille-52-l","23":"pa_taille-54-l","24":"pa_taille-56-xl","25":"pa_taille-58-xl","26":"pa_taille-60-2xl","27":"pa_taille-62-2xl","28":"pa_taille-64-3xl","29":"pa_tissu-melange-de-tissu","31":"first","32":"instock","33":"taxable","34":"shipping-taxable","35":"purchasable","36":"product-type-variable"},"yoast_head":"<!-- This site is optimized with the Yoast SEO Premium plugin v20.9 (Yoast SEO v26.3) - https:\/\/yoast.com\/wordpress\/plugins\/seo\/ -->\n<title>Chef Jacket Jeans Style | Printwave FR<\/title>\n<meta name=\"robots\" content=\"index, follow, max-snippet:-1, max-image-preview:large, max-video-preview:-1\" \/>\n<link rel=\"canonical\" href=\"https:\/\/printwave.pl\/fr\/produkt\/chef-jacket-jeans-style\/\" \/>\n<meta property=\"og:locale\" content=\"fr_FR\" \/>\n<meta property=\"og:type\" content=\"article\" \/>\n<meta property=\"og:title\" content=\"Chef Jacket Jeans Style\" \/>\n<meta property=\"og:description\" content=\"\u00b7195 g\/m\u00b2 \u00b765% polyester, 35% coton, pr\u00e9-r\u00e9tr\u00e9ci, tissu de haute qualit\u00e9 \u00b7Veste en jean \u00b7Coutures contrast\u00e9es \u00b7Veste \u00e0 5 boutons\" \/>\n<meta property=\"og:url\" content=\"https:\/\/printwave.pl\/fr\/produkt\/chef-jacket-jeans-style\/\" \/>\n<meta property=\"og:site_name\" content=\"Printwave FR\" \/>\n<meta property=\"article:modified_time\" content=\"2026-03-01T03:12:00+00:00\" \/>\n<meta property=\"og:image\" content=\"https:\/\/printwave.pl\/fr\/wp-content\/uploads\/sites\/4\/2025\/01\/962_67_312_m-2023_02.jpg\" \/>\n\t<meta property=\"og:image:width\" content=\"1024\" \/>\n\t<meta property=\"og:image:height\" content=\"1304\" \/>\n\t<meta property=\"og:image:type\" content=\"image\/jpeg\" \/>\n<meta name=\"twitter:card\" content=\"summary_large_image\" \/>\n<script type=\"application\/ld+json\" class=\"yoast-schema-graph\">{\"@context\":\"https:\/\/schema.org\",\"@graph\":[{\"@type\":\"WebPage\",\"@id\":\"https:\/\/printwave.pl\/fr\/produkt\/chef-jacket-jeans-style\/\",\"url\":\"https:\/\/printwave.pl\/fr\/produkt\/chef-jacket-jeans-style\/\",\"name\":\"Chef Jacket Jeans Style | Printwave FR\",\"isPartOf\":{\"@id\":\"https:\/\/printwave.pl\/fr\/#website\"},\"primaryImageOfPage\":{\"@id\":\"https:\/\/printwave.pl\/fr\/produkt\/chef-jacket-jeans-style\/#primaryimage\"},\"image\":{\"@id\":\"https:\/\/printwave.pl\/fr\/produkt\/chef-jacket-jeans-style\/#primaryimage\"},\"thumbnailUrl\":\"https:\/\/printwave.pl\/fr\/wp-content\/uploads\/sites\/4\/2025\/01\/962_67_312_m-2023_02.jpg\",\"datePublished\":\"2025-01-24T11:52:59+00:00\",\"dateModified\":\"2026-03-01T03:12:00+00:00\",\"breadcrumb\":{\"@id\":\"https:\/\/printwave.pl\/fr\/produkt\/chef-jacket-jeans-style\/#breadcrumb\"},\"inLanguage\":\"fr-FR\",\"potentialAction\":[{\"@type\":\"ReadAction\",\"target\":[\"https:\/\/printwave.pl\/fr\/produkt\/chef-jacket-jeans-style\/\"]}]},{\"@type\":\"ImageObject\",\"inLanguage\":\"fr-FR\",\"@id\":\"https:\/\/printwave.pl\/fr\/produkt\/chef-jacket-jeans-style\/#primaryimage\",\"url\":\"https:\/\/printwave.pl\/fr\/wp-content\/uploads\/sites\/4\/2025\/01\/962_67_312_m-2023_02.jpg\",\"contentUrl\":\"https:\/\/printwave.pl\/fr\/wp-content\/uploads\/sites\/4\/2025\/01\/962_67_312_m-2023_02.jpg\",\"width\":1024,\"height\":1304},{\"@type\":\"BreadcrumbList\",\"@id\":\"https:\/\/printwave.pl\/fr\/produkt\/chef-jacket-jeans-style\/#breadcrumb\",\"itemListElement\":[{\"@type\":\"ListItem\",\"position\":1,\"name\":\"Accueil\",\"item\":\"https:\/\/printwave.pl\/fr\/\"},{\"@type\":\"ListItem\",\"position\":2,\"name\":\"Boutique\",\"item\":\"https:\/\/printwave.pl\/fr\/boutique\/\"},{\"@type\":\"ListItem\",\"position\":3,\"name\":\"Chef Jacket Jeans Style\"}]},{\"@type\":\"WebSite\",\"@id\":\"https:\/\/printwave.pl\/fr\/#website\",\"url\":\"https:\/\/printwave.pl\/fr\/\",\"name\":\"Printwave\",\"description\":\"Votre fournisseur de v\u00eatements promotionnels et d&#039;entreprise en Pologne\",\"potentialAction\":[{\"@type\":\"SearchAction\",\"target\":{\"@type\":\"EntryPoint\",\"urlTemplate\":\"https:\/\/printwave.pl\/fr\/?s={search_term_string}\"},\"query-input\":{\"@type\":\"PropertyValueSpecification\",\"valueRequired\":true,\"valueName\":\"search_term_string\"}}],\"inLanguage\":\"fr-FR\"}]}<\/script>\n<!-- \/ Yoast SEO Premium plugin. -->","yoast_head_json":{"title":"Chef Jacket Jeans Style | Printwave FR","robots":{"index":"index","follow":"follow","max-snippet":"max-snippet:-1","max-image-preview":"max-image-preview:large","max-video-preview":"max-video-preview:-1"},"canonical":"https:\/\/printwave.pl\/fr\/produkt\/chef-jacket-jeans-style\/","og_locale":"fr_FR","og_type":"article","og_title":"Chef Jacket Jeans Style","og_description":"\u00b7195 g\/m\u00b2 \u00b765% polyester, 35% coton, pr\u00e9-r\u00e9tr\u00e9ci, tissu de haute qualit\u00e9 \u00b7Veste en jean \u00b7Coutures contrast\u00e9es \u00b7Veste \u00e0 5 boutons","og_url":"https:\/\/printwave.pl\/fr\/produkt\/chef-jacket-jeans-style\/","og_site_name":"Printwave FR","article_modified_time":"2026-03-01T03:12:00+00:00","og_image":[{"width":1024,"height":1304,"url":"https:\/\/printwave.pl\/fr\/wp-content\/uploads\/sites\/4\/2025\/01\/962_67_312_m-2023_02.jpg","type":"image\/jpeg"}],"twitter_card":"summary_large_image","schema":{"@context":"https:\/\/schema.org","@graph":[{"@type":"WebPage","@id":"https:\/\/printwave.pl\/fr\/produkt\/chef-jacket-jeans-style\/","url":"https:\/\/printwave.pl\/fr\/produkt\/chef-jacket-jeans-style\/","name":"Chef Jacket Jeans Style | Printwave FR","isPartOf":{"@id":"https:\/\/printwave.pl\/fr\/#website"},"primaryImageOfPage":{"@id":"https:\/\/printwave.pl\/fr\/produkt\/chef-jacket-jeans-style\/#primaryimage"},"image":{"@id":"https:\/\/printwave.pl\/fr\/produkt\/chef-jacket-jeans-style\/#primaryimage"},"thumbnailUrl":"https:\/\/printwave.pl\/fr\/wp-content\/uploads\/sites\/4\/2025\/01\/962_67_312_m-2023_02.jpg","datePublished":"2025-01-24T11:52:59+00:00","dateModified":"2026-03-01T03:12:00+00:00","breadcrumb":{"@id":"https:\/\/printwave.pl\/fr\/produkt\/chef-jacket-jeans-style\/#breadcrumb"},"inLanguage":"fr-FR","potentialAction":[{"@type":"ReadAction","target":["https:\/\/printwave.pl\/fr\/produkt\/chef-jacket-jeans-style\/"]}]},{"@type":"ImageObject","inLanguage":"fr-FR","@id":"https:\/\/printwave.pl\/fr\/produkt\/chef-jacket-jeans-style\/#primaryimage","url":"https:\/\/printwave.pl\/fr\/wp-content\/uploads\/sites\/4\/2025\/01\/962_67_312_m-2023_02.jpg","contentUrl":"https:\/\/printwave.pl\/fr\/wp-content\/uploads\/sites\/4\/2025\/01\/962_67_312_m-2023_02.jpg","width":1024,"height":1304},{"@type":"BreadcrumbList","@id":"https:\/\/printwave.pl\/fr\/produkt\/chef-jacket-jeans-style\/#breadcrumb","itemListElement":[{"@type":"ListItem","position":1,"name":"Accueil","item":"https:\/\/printwave.pl\/fr\/"},{"@type":"ListItem","position":2,"name":"Boutique","item":"https:\/\/printwave.pl\/fr\/boutique\/"},{"@type":"ListItem","position":3,"name":"Chef Jacket Jeans Style"}]},{"@type":"WebSite","@id":"https:\/\/printwave.pl\/fr\/#website","url":"https:\/\/printwave.pl\/fr\/","name":"Printwave","description":"Votre fournisseur de v\u00eatements promotionnels et d&#039;entreprise en Pologne","potentialAction":[{"@type":"SearchAction","target":{"@type":"EntryPoint","urlTemplate":"https:\/\/printwave.pl\/fr\/?s={search_term_string}"},"query-input":{"@type":"PropertyValueSpecification","valueRequired":true,"valueName":"search_term_string"}}],"inLanguage":"fr-FR"}]}},"_links":{"self":[{"href":"https:\/\/printwave.pl\/fr\/wp-json\/wp\/v2\/product\/444627","targetHints":{"allow":["GET"]}}],"collection":[{"href":"https:\/\/printwave.pl\/fr\/wp-json\/wp\/v2\/product"}],"about":[{"href":"https:\/\/printwave.pl\/fr\/wp-json\/wp\/v2\/types\/product"}],"replies":[{"embeddable":true,"href":"https:\/\/printwave.pl\/fr\/wp-json\/wp\/v2\/comments?post=444627"}],"wp:featuredmedia":[{"embeddable":true,"href":"https:\/\/printwave.pl\/fr\/wp-json\/wp\/v2\/media\/444621"}],"wp:attachment":[{"href":"https:\/\/printwave.pl\/fr\/wp-json\/wp\/v2\/media?parent=444627"}],"wp:term":[{"taxonomy":"product_brand","embeddable":true,"href":"https:\/\/printwave.pl\/fr\/wp-json\/wp\/v2\/product_brand?post=444627"},{"taxonomy":"product_cat","embeddable":true,"href":"https:\/\/printwave.pl\/fr\/wp-json\/wp\/v2\/product_cat?post=444627"},{"taxonomy":"product_tag","embeddable":true,"href":"https:\/\/printwave.pl\/fr\/wp-json\/wp\/v2\/product_tag?post=444627"}],"curies":[{"name":"wp","href":"https:\/\/api.w.org\/{rel}","templated":true}]}}