{"id":443437,"date":"2025-01-24T12:22:09","date_gmt":"2025-01-24T11:22:09","guid":{"rendered":"https:\/\/printwave.pl\/fr\/produkt\/heavy-duty-workwear-trouser-length-30\/"},"modified":"2026-03-01T04:06:23","modified_gmt":"2026-03-01T03:06:23","slug":"heavy-duty-workwear-trouser-length-30","status":"publish","type":"product","link":"https:\/\/printwave.pl\/fr\/produkt\/heavy-duty-workwear-trouser-length-30\/","title":{"rendered":"Heavy Duty Workwear Trouser Length 30&Prime;"},"content":{"rendered":"<p>\u00b7260 g\/m\u00b2<br \/>\n\u00b765% polyester\/35% coton canvas<br \/>\n\u00b7rev\u00eatement DuPontTM Teflon\u00ae<br \/>\n\u00b7passants \u00e0 la ceinture, fermeture \u00e0 glissi\u00e8re YKK<br \/>\n\u00b7triple piq\u00fbre sur les poches et les coutures int\u00e9rieures<br \/>\n\u00b7arri\u00e8re du pantalon renforc\u00e9<br \/>\n\u00b7poches arri\u00e8re dont une avec rabat<br \/>\n\u00b7poches cargo sur les jambes, poche compartiment\u00e9e sur la jambe droite<br \/>\n\u00b7poches internes pour genouill\u00e8res (max. 21 x 15 cm)<br \/>\n\u00b7Plus de tailles disponibles pour le style 978.00 et 980.00.<\/p>\n","protected":false},"excerpt":{"rendered":"<p>\u00b7260 g\/m\u00b2 \u00b765% polyester\/35% coton canvas \u00b7rev\u00eatement DuPontTM Teflon\u00ae \u00b7passants \u00e0 la ceinture, fermeture \u00e0 glissi\u00e8re YKK \u00b7triple piq\u00fbre sur<\/p>\n","protected":false},"featured_media":443429,"comment_status":"open","ping_status":"closed","template":"","meta":[],"product_brand":[],"product_cat":[41,129,43],"product_tag":[327,167,168,326,328,131,86,212,93,215],"class_list":{"0":"post-443437","1":"product","2":"type-product","3":"status-publish","4":"has-post-thumbnail","6":"product_cat-lavable-jusqua-60c","7":"product_cat-pantalons","8":"product_cat-vetements-de-travail","9":"product_tag-chine","10":"product_tag-lavable-jusqua-60c","11":"product_tag-pantalons","12":"product_tag-pantalons-de-travail","13":"product_tag-revetement-en-teflon","14":"product_tag-unisexe","15":"product_tag-vetements-dexterieur","16":"product_tag-vetements-de-travail","17":"product_tag-waterresistant","18":"product_tag-workwear","19":"pa_couleur-black","20":"pa_couleur-bottle-green","21":"pa_couleur-convoy-grey","22":"pa_couleur-french-navy","23":"pa_groupe-de-produits-pantalons","24":"pa_groupe-de-produits-vetements-de-travail","25":"pa_marque-russell","26":"pa_numero-de-style-2614","27":"pa_poids-a-partir-de-220-g-m","28":"pa_sexe-femmes","29":"pa_taille-28-71cm","30":"pa_taille-30-76cm","31":"pa_taille-32-81cm","32":"pa_taille-34-86cm","33":"pa_taille-36-91cm","34":"pa_taille-38-96cm","35":"pa_taille-40-101cm","36":"pa_taille-42-106cm","37":"pa_taille-44-111cm","38":"pa_taille-46-117cm","39":"pa_tissu-melange-de-tissu","41":"first","42":"instock","43":"taxable","44":"shipping-taxable","45":"purchasable","46":"product-type-variable"},"yoast_head":"<!-- This site is optimized with the Yoast SEO Premium plugin v20.9 (Yoast SEO v26.3) - https:\/\/yoast.com\/wordpress\/plugins\/seo\/ -->\n<title>Heavy Duty Workwear Trouser Length 30&quot; | Printwave FR<\/title>\n<meta name=\"robots\" content=\"index, follow, max-snippet:-1, max-image-preview:large, max-video-preview:-1\" \/>\n<link rel=\"canonical\" href=\"https:\/\/printwave.pl\/fr\/produkt\/heavy-duty-workwear-trouser-length-30\/\" \/>\n<meta property=\"og:locale\" content=\"fr_FR\" \/>\n<meta property=\"og:type\" content=\"article\" \/>\n<meta property=\"og:title\" content=\"Heavy Duty Workwear Trouser Length 30&quot;\" \/>\n<meta property=\"og:description\" content=\"\u00b7260 g\/m\u00b2 \u00b765% polyester\/35% coton canvas \u00b7rev\u00eatement DuPontTM Teflon\u00ae \u00b7passants \u00e0 la ceinture, fermeture \u00e0 glissi\u00e8re YKK \u00b7triple piq\u00fbre sur\" \/>\n<meta property=\"og:url\" content=\"https:\/\/printwave.pl\/fr\/produkt\/heavy-duty-workwear-trouser-length-30\/\" \/>\n<meta property=\"og:site_name\" content=\"Printwave FR\" \/>\n<meta property=\"article:modified_time\" content=\"2026-03-01T03:06:23+00:00\" \/>\n<meta property=\"og:image\" content=\"https:\/\/printwave.pl\/fr\/wp-content\/uploads\/sites\/4\/2021\/07\/Print-Wave-logo-2025.png\" \/>\n\t<meta property=\"og:image:width\" content=\"1645\" \/>\n\t<meta property=\"og:image:height\" content=\"297\" \/>\n\t<meta property=\"og:image:type\" content=\"image\/png\" \/>\n<meta name=\"twitter:card\" content=\"summary_large_image\" \/>\n<script type=\"application\/ld+json\" class=\"yoast-schema-graph\">{\"@context\":\"https:\/\/schema.org\",\"@graph\":[{\"@type\":\"WebPage\",\"@id\":\"https:\/\/printwave.pl\/fr\/produkt\/heavy-duty-workwear-trouser-length-30\/\",\"url\":\"https:\/\/printwave.pl\/fr\/produkt\/heavy-duty-workwear-trouser-length-30\/\",\"name\":\"Heavy Duty Workwear Trouser Length 30\\\" | Printwave FR\",\"isPartOf\":{\"@id\":\"https:\/\/printwave.pl\/fr\/#website\"},\"primaryImageOfPage\":{\"@id\":\"https:\/\/printwave.pl\/fr\/produkt\/heavy-duty-workwear-trouser-length-30\/#primaryimage\"},\"image\":{\"@id\":\"https:\/\/printwave.pl\/fr\/produkt\/heavy-duty-workwear-trouser-length-30\/#primaryimage\"},\"thumbnailUrl\":\"https:\/\/printwave.pl\/fr\/wp-content\/uploads\/sites\/4\/2025\/01\/976_00_101_m-2023_01.jpg\",\"datePublished\":\"2025-01-24T11:22:09+00:00\",\"dateModified\":\"2026-03-01T03:06:23+00:00\",\"breadcrumb\":{\"@id\":\"https:\/\/printwave.pl\/fr\/produkt\/heavy-duty-workwear-trouser-length-30\/#breadcrumb\"},\"inLanguage\":\"fr-FR\",\"potentialAction\":[{\"@type\":\"ReadAction\",\"target\":[\"https:\/\/printwave.pl\/fr\/produkt\/heavy-duty-workwear-trouser-length-30\/\"]}]},{\"@type\":\"ImageObject\",\"inLanguage\":\"fr-FR\",\"@id\":\"https:\/\/printwave.pl\/fr\/produkt\/heavy-duty-workwear-trouser-length-30\/#primaryimage\",\"url\":\"https:\/\/printwave.pl\/fr\/wp-content\/uploads\/sites\/4\/2025\/01\/976_00_101_m-2023_01.jpg\",\"contentUrl\":\"https:\/\/printwave.pl\/fr\/wp-content\/uploads\/sites\/4\/2025\/01\/976_00_101_m-2023_01.jpg\",\"width\":1024,\"height\":1304},{\"@type\":\"BreadcrumbList\",\"@id\":\"https:\/\/printwave.pl\/fr\/produkt\/heavy-duty-workwear-trouser-length-30\/#breadcrumb\",\"itemListElement\":[{\"@type\":\"ListItem\",\"position\":1,\"name\":\"Accueil\",\"item\":\"https:\/\/printwave.pl\/fr\/\"},{\"@type\":\"ListItem\",\"position\":2,\"name\":\"Boutique\",\"item\":\"https:\/\/printwave.pl\/fr\/boutique\/\"},{\"@type\":\"ListItem\",\"position\":3,\"name\":\"Heavy Duty Workwear Trouser Length 30&Prime;\"}]},{\"@type\":\"WebSite\",\"@id\":\"https:\/\/printwave.pl\/fr\/#website\",\"url\":\"https:\/\/printwave.pl\/fr\/\",\"name\":\"Printwave\",\"description\":\"Votre fournisseur de v\u00eatements promotionnels et d&#039;entreprise en Pologne\",\"potentialAction\":[{\"@type\":\"SearchAction\",\"target\":{\"@type\":\"EntryPoint\",\"urlTemplate\":\"https:\/\/printwave.pl\/fr\/?s={search_term_string}\"},\"query-input\":{\"@type\":\"PropertyValueSpecification\",\"valueRequired\":true,\"valueName\":\"search_term_string\"}}],\"inLanguage\":\"fr-FR\"}]}<\/script>\n<!-- \/ Yoast SEO Premium plugin. -->","yoast_head_json":{"title":"Heavy Duty Workwear Trouser Length 30\" | Printwave FR","robots":{"index":"index","follow":"follow","max-snippet":"max-snippet:-1","max-image-preview":"max-image-preview:large","max-video-preview":"max-video-preview:-1"},"canonical":"https:\/\/printwave.pl\/fr\/produkt\/heavy-duty-workwear-trouser-length-30\/","og_locale":"fr_FR","og_type":"article","og_title":"Heavy Duty Workwear Trouser Length 30\"","og_description":"\u00b7260 g\/m\u00b2 \u00b765% polyester\/35% coton canvas \u00b7rev\u00eatement DuPontTM Teflon\u00ae \u00b7passants \u00e0 la ceinture, fermeture \u00e0 glissi\u00e8re YKK \u00b7triple piq\u00fbre sur","og_url":"https:\/\/printwave.pl\/fr\/produkt\/heavy-duty-workwear-trouser-length-30\/","og_site_name":"Printwave FR","article_modified_time":"2026-03-01T03:06:23+00:00","og_image":[{"width":1645,"height":297,"url":"https:\/\/printwave.pl\/fr\/wp-content\/uploads\/sites\/4\/2021\/07\/Print-Wave-logo-2025.png","type":"image\/png"}],"twitter_card":"summary_large_image","schema":{"@context":"https:\/\/schema.org","@graph":[{"@type":"WebPage","@id":"https:\/\/printwave.pl\/fr\/produkt\/heavy-duty-workwear-trouser-length-30\/","url":"https:\/\/printwave.pl\/fr\/produkt\/heavy-duty-workwear-trouser-length-30\/","name":"Heavy Duty Workwear Trouser Length 30\" | Printwave FR","isPartOf":{"@id":"https:\/\/printwave.pl\/fr\/#website"},"primaryImageOfPage":{"@id":"https:\/\/printwave.pl\/fr\/produkt\/heavy-duty-workwear-trouser-length-30\/#primaryimage"},"image":{"@id":"https:\/\/printwave.pl\/fr\/produkt\/heavy-duty-workwear-trouser-length-30\/#primaryimage"},"thumbnailUrl":"https:\/\/printwave.pl\/fr\/wp-content\/uploads\/sites\/4\/2025\/01\/976_00_101_m-2023_01.jpg","datePublished":"2025-01-24T11:22:09+00:00","dateModified":"2026-03-01T03:06:23+00:00","breadcrumb":{"@id":"https:\/\/printwave.pl\/fr\/produkt\/heavy-duty-workwear-trouser-length-30\/#breadcrumb"},"inLanguage":"fr-FR","potentialAction":[{"@type":"ReadAction","target":["https:\/\/printwave.pl\/fr\/produkt\/heavy-duty-workwear-trouser-length-30\/"]}]},{"@type":"ImageObject","inLanguage":"fr-FR","@id":"https:\/\/printwave.pl\/fr\/produkt\/heavy-duty-workwear-trouser-length-30\/#primaryimage","url":"https:\/\/printwave.pl\/fr\/wp-content\/uploads\/sites\/4\/2025\/01\/976_00_101_m-2023_01.jpg","contentUrl":"https:\/\/printwave.pl\/fr\/wp-content\/uploads\/sites\/4\/2025\/01\/976_00_101_m-2023_01.jpg","width":1024,"height":1304},{"@type":"BreadcrumbList","@id":"https:\/\/printwave.pl\/fr\/produkt\/heavy-duty-workwear-trouser-length-30\/#breadcrumb","itemListElement":[{"@type":"ListItem","position":1,"name":"Accueil","item":"https:\/\/printwave.pl\/fr\/"},{"@type":"ListItem","position":2,"name":"Boutique","item":"https:\/\/printwave.pl\/fr\/boutique\/"},{"@type":"ListItem","position":3,"name":"Heavy Duty Workwear Trouser Length 30&Prime;"}]},{"@type":"WebSite","@id":"https:\/\/printwave.pl\/fr\/#website","url":"https:\/\/printwave.pl\/fr\/","name":"Printwave","description":"Votre fournisseur de v\u00eatements promotionnels et d&#039;entreprise en Pologne","potentialAction":[{"@type":"SearchAction","target":{"@type":"EntryPoint","urlTemplate":"https:\/\/printwave.pl\/fr\/?s={search_term_string}"},"query-input":{"@type":"PropertyValueSpecification","valueRequired":true,"valueName":"search_term_string"}}],"inLanguage":"fr-FR"}]}},"_links":{"self":[{"href":"https:\/\/printwave.pl\/fr\/wp-json\/wp\/v2\/product\/443437","targetHints":{"allow":["GET"]}}],"collection":[{"href":"https:\/\/printwave.pl\/fr\/wp-json\/wp\/v2\/product"}],"about":[{"href":"https:\/\/printwave.pl\/fr\/wp-json\/wp\/v2\/types\/product"}],"replies":[{"embeddable":true,"href":"https:\/\/printwave.pl\/fr\/wp-json\/wp\/v2\/comments?post=443437"}],"wp:featuredmedia":[{"embeddable":true,"href":"https:\/\/printwave.pl\/fr\/wp-json\/wp\/v2\/media\/443429"}],"wp:attachment":[{"href":"https:\/\/printwave.pl\/fr\/wp-json\/wp\/v2\/media?parent=443437"}],"wp:term":[{"taxonomy":"product_brand","embeddable":true,"href":"https:\/\/printwave.pl\/fr\/wp-json\/wp\/v2\/product_brand?post=443437"},{"taxonomy":"product_cat","embeddable":true,"href":"https:\/\/printwave.pl\/fr\/wp-json\/wp\/v2\/product_cat?post=443437"},{"taxonomy":"product_tag","embeddable":true,"href":"https:\/\/printwave.pl\/fr\/wp-json\/wp\/v2\/product_tag?post=443437"}],"curies":[{"name":"wp","href":"https:\/\/api.w.org\/{rel}","templated":true}]}}