{"id":442046,"date":"2025-01-24T11:45:07","date_gmt":"2025-01-24T10:45:07","guid":{"rendered":"https:\/\/printwave.pl\/fr\/produkt\/waterproof-jacket-trouser-set\/"},"modified":"2026-03-01T04:01:14","modified_gmt":"2026-03-01T03:01:14","slug":"waterproof-jacket-trouser-set","status":"publish","type":"product","link":"https:\/\/printwave.pl\/fr\/produkt\/waterproof-jacket-trouser-set\/","title":{"rendered":"Waterproof Jacket\/Trouser Set"},"content":{"rendered":"<p>\u00b7200 g\/m\u00b2<br \/>\n\u00b7100% polyester (190 T) enduit PU<br \/>\n\u00b7coutures soud\u00e9es, r\u00e9siste au vent et waterproof (2.000 mm)<br \/>\n\u00b7veste: capuche d\u00e9tachable<br \/>\n\u00b7fermeture \u00e0 glissi\u00e8re pleine longueur<br \/>\n\u00b72 poches spacieuses \u00e0 l avant<br \/>\n\u00b7doublure en filet dans le dos<br \/>\n\u00b7poignets de manches r\u00e9glables, cordon ajustable \u00e0 la base<br \/>\n\u00b7pantalon: taille \u00e9lastiqu\u00e9e, 2 poches<br \/>\n\u00b7jambes r\u00e9glables pressionn\u00e9es<br \/>\n\u00b7bandes r\u00e9fl\u00e9chissantes (3M\u2122 Scotchlite\u2122)<br \/>\n\u00b7emball\u00e9 dans un sac avec fermeture \u00e0 glissi\u00e8re<br \/>\n\u00b7contient des mat\u00e9riaux recycl\u00e9s<\/p>\n","protected":false},"excerpt":{"rendered":"<p>\u00b7200 g\/m\u00b2 \u00b7100% polyester (190 T) enduit PU \u00b7coutures soud\u00e9es, r\u00e9siste au vent et waterproof (2.000 mm) \u00b7veste: capuche d\u00e9tachable<\/p>\n","protected":false},"featured_media":442041,"comment_status":"open","ping_status":"closed","template":"","meta":[],"product_brand":[],"product_cat":[128,129,81,43],"product_tag":[82,85,88,83,95,94,84,89,131,90,130,86,91,93],"class_list":{"0":"post-442046","1":"product","2":"type-product","3":"status-publish","4":"has-post-thumbnail","6":"product_cat-meilleures-ventes","7":"product_cat-pantalons","8":"product_cat-vestes","9":"product_cat-vetements-de-travail","10":"product_tag-3m","11":"product_tag-a-longue-manche","12":"product_tag-affaires-de-pluie","13":"product_tag-chapeau","14":"product_tag-coupe-vent","15":"product_tag-impermeable","16":"product_tag-longue-manche","17":"product_tag-pantalons-de-pluie","18":"product_tag-unisexe","19":"product_tag-vestes-de-pluie","20":"product_tag-vestes-legeres","21":"product_tag-vetements-dexterieur","22":"product_tag-vetements-de-pluie","23":"product_tag-waterresistant","24":"pa_couleur-black","25":"pa_couleur-fluorescent-yellow","26":"pa_couleur-navy","27":"pa_couleur-olive","28":"pa_couleur-red","29":"pa_couleur-royal","30":"pa_details-avec-capuche","31":"pa_details-fermeture-a-glissiere-complete","32":"pa_details-raglan","33":"pa_groupe-de-produits-full-zip","34":"pa_groupe-de-produits-pantalons","35":"pa_groupe-de-produits-vestes","36":"pa_marque-result","37":"pa_numero-de-style-2551","38":"pa_sexe-unisexe","39":"pa_taille-2xl","40":"pa_taille-l","41":"pa_taille-m","42":"pa_taille-s","43":"pa_taille-xl","44":"pa_tissu-polyester","46":"first","47":"instock","48":"taxable","49":"shipping-taxable","50":"purchasable","51":"product-type-variable"},"yoast_head":"<!-- This site is optimized with the Yoast SEO Premium plugin v20.9 (Yoast SEO v26.3) - https:\/\/yoast.com\/wordpress\/plugins\/seo\/ -->\n<title>Waterproof Jacket\/Trouser Set | Printwave FR<\/title>\n<meta name=\"robots\" content=\"index, follow, max-snippet:-1, max-image-preview:large, max-video-preview:-1\" \/>\n<link rel=\"canonical\" href=\"https:\/\/printwave.pl\/fr\/produkt\/waterproof-jacket-trouser-set\/\" \/>\n<meta property=\"og:locale\" content=\"fr_FR\" \/>\n<meta property=\"og:type\" content=\"article\" \/>\n<meta property=\"og:title\" content=\"Waterproof Jacket\/Trouser Set\" \/>\n<meta property=\"og:description\" content=\"\u00b7200 g\/m\u00b2 \u00b7100% polyester (190 T) enduit PU \u00b7coutures soud\u00e9es, r\u00e9siste au vent et waterproof (2.000 mm) \u00b7veste: capuche d\u00e9tachable\" \/>\n<meta property=\"og:url\" content=\"https:\/\/printwave.pl\/fr\/produkt\/waterproof-jacket-trouser-set\/\" \/>\n<meta property=\"og:site_name\" content=\"Printwave FR\" \/>\n<meta property=\"article:modified_time\" content=\"2026-03-01T03:01:14+00:00\" \/>\n<meta property=\"og:image\" content=\"https:\/\/printwave.pl\/fr\/wp-content\/uploads\/sites\/4\/2021\/07\/Print-Wave-logo-2025.png\" \/>\n\t<meta property=\"og:image:width\" content=\"1645\" \/>\n\t<meta property=\"og:image:height\" content=\"297\" \/>\n\t<meta property=\"og:image:type\" content=\"image\/png\" \/>\n<meta name=\"twitter:card\" content=\"summary_large_image\" \/>\n<script type=\"application\/ld+json\" class=\"yoast-schema-graph\">{\"@context\":\"https:\/\/schema.org\",\"@graph\":[{\"@type\":\"WebPage\",\"@id\":\"https:\/\/printwave.pl\/fr\/produkt\/waterproof-jacket-trouser-set\/\",\"url\":\"https:\/\/printwave.pl\/fr\/produkt\/waterproof-jacket-trouser-set\/\",\"name\":\"Waterproof Jacket\/Trouser Set | Printwave FR\",\"isPartOf\":{\"@id\":\"https:\/\/printwave.pl\/fr\/#website\"},\"primaryImageOfPage\":{\"@id\":\"https:\/\/printwave.pl\/fr\/produkt\/waterproof-jacket-trouser-set\/#primaryimage\"},\"image\":{\"@id\":\"https:\/\/printwave.pl\/fr\/produkt\/waterproof-jacket-trouser-set\/#primaryimage\"},\"thumbnailUrl\":\"https:\/\/printwave.pl\/fr\/wp-content\/uploads\/sites\/4\/2025\/01\/995_33_200_m-2015_01.jpg\",\"datePublished\":\"2025-01-24T10:45:07+00:00\",\"dateModified\":\"2026-03-01T03:01:14+00:00\",\"breadcrumb\":{\"@id\":\"https:\/\/printwave.pl\/fr\/produkt\/waterproof-jacket-trouser-set\/#breadcrumb\"},\"inLanguage\":\"fr-FR\",\"potentialAction\":[{\"@type\":\"ReadAction\",\"target\":[\"https:\/\/printwave.pl\/fr\/produkt\/waterproof-jacket-trouser-set\/\"]}]},{\"@type\":\"ImageObject\",\"inLanguage\":\"fr-FR\",\"@id\":\"https:\/\/printwave.pl\/fr\/produkt\/waterproof-jacket-trouser-set\/#primaryimage\",\"url\":\"https:\/\/printwave.pl\/fr\/wp-content\/uploads\/sites\/4\/2025\/01\/995_33_200_m-2015_01.jpg\",\"contentUrl\":\"https:\/\/printwave.pl\/fr\/wp-content\/uploads\/sites\/4\/2025\/01\/995_33_200_m-2015_01.jpg\",\"width\":1024,\"height\":1304},{\"@type\":\"BreadcrumbList\",\"@id\":\"https:\/\/printwave.pl\/fr\/produkt\/waterproof-jacket-trouser-set\/#breadcrumb\",\"itemListElement\":[{\"@type\":\"ListItem\",\"position\":1,\"name\":\"Accueil\",\"item\":\"https:\/\/printwave.pl\/fr\/\"},{\"@type\":\"ListItem\",\"position\":2,\"name\":\"Boutique\",\"item\":\"https:\/\/printwave.pl\/fr\/boutique\/\"},{\"@type\":\"ListItem\",\"position\":3,\"name\":\"Waterproof Jacket\/Trouser Set\"}]},{\"@type\":\"WebSite\",\"@id\":\"https:\/\/printwave.pl\/fr\/#website\",\"url\":\"https:\/\/printwave.pl\/fr\/\",\"name\":\"Printwave\",\"description\":\"Votre fournisseur de v\u00eatements promotionnels et d&#039;entreprise en Pologne\",\"potentialAction\":[{\"@type\":\"SearchAction\",\"target\":{\"@type\":\"EntryPoint\",\"urlTemplate\":\"https:\/\/printwave.pl\/fr\/?s={search_term_string}\"},\"query-input\":{\"@type\":\"PropertyValueSpecification\",\"valueRequired\":true,\"valueName\":\"search_term_string\"}}],\"inLanguage\":\"fr-FR\"}]}<\/script>\n<!-- \/ Yoast SEO Premium plugin. -->","yoast_head_json":{"title":"Waterproof Jacket\/Trouser Set | Printwave FR","robots":{"index":"index","follow":"follow","max-snippet":"max-snippet:-1","max-image-preview":"max-image-preview:large","max-video-preview":"max-video-preview:-1"},"canonical":"https:\/\/printwave.pl\/fr\/produkt\/waterproof-jacket-trouser-set\/","og_locale":"fr_FR","og_type":"article","og_title":"Waterproof Jacket\/Trouser Set","og_description":"\u00b7200 g\/m\u00b2 \u00b7100% polyester (190 T) enduit PU \u00b7coutures soud\u00e9es, r\u00e9siste au vent et waterproof (2.000 mm) \u00b7veste: capuche d\u00e9tachable","og_url":"https:\/\/printwave.pl\/fr\/produkt\/waterproof-jacket-trouser-set\/","og_site_name":"Printwave FR","article_modified_time":"2026-03-01T03:01:14+00:00","og_image":[{"width":1645,"height":297,"url":"https:\/\/printwave.pl\/fr\/wp-content\/uploads\/sites\/4\/2021\/07\/Print-Wave-logo-2025.png","type":"image\/png"}],"twitter_card":"summary_large_image","schema":{"@context":"https:\/\/schema.org","@graph":[{"@type":"WebPage","@id":"https:\/\/printwave.pl\/fr\/produkt\/waterproof-jacket-trouser-set\/","url":"https:\/\/printwave.pl\/fr\/produkt\/waterproof-jacket-trouser-set\/","name":"Waterproof Jacket\/Trouser Set | Printwave FR","isPartOf":{"@id":"https:\/\/printwave.pl\/fr\/#website"},"primaryImageOfPage":{"@id":"https:\/\/printwave.pl\/fr\/produkt\/waterproof-jacket-trouser-set\/#primaryimage"},"image":{"@id":"https:\/\/printwave.pl\/fr\/produkt\/waterproof-jacket-trouser-set\/#primaryimage"},"thumbnailUrl":"https:\/\/printwave.pl\/fr\/wp-content\/uploads\/sites\/4\/2025\/01\/995_33_200_m-2015_01.jpg","datePublished":"2025-01-24T10:45:07+00:00","dateModified":"2026-03-01T03:01:14+00:00","breadcrumb":{"@id":"https:\/\/printwave.pl\/fr\/produkt\/waterproof-jacket-trouser-set\/#breadcrumb"},"inLanguage":"fr-FR","potentialAction":[{"@type":"ReadAction","target":["https:\/\/printwave.pl\/fr\/produkt\/waterproof-jacket-trouser-set\/"]}]},{"@type":"ImageObject","inLanguage":"fr-FR","@id":"https:\/\/printwave.pl\/fr\/produkt\/waterproof-jacket-trouser-set\/#primaryimage","url":"https:\/\/printwave.pl\/fr\/wp-content\/uploads\/sites\/4\/2025\/01\/995_33_200_m-2015_01.jpg","contentUrl":"https:\/\/printwave.pl\/fr\/wp-content\/uploads\/sites\/4\/2025\/01\/995_33_200_m-2015_01.jpg","width":1024,"height":1304},{"@type":"BreadcrumbList","@id":"https:\/\/printwave.pl\/fr\/produkt\/waterproof-jacket-trouser-set\/#breadcrumb","itemListElement":[{"@type":"ListItem","position":1,"name":"Accueil","item":"https:\/\/printwave.pl\/fr\/"},{"@type":"ListItem","position":2,"name":"Boutique","item":"https:\/\/printwave.pl\/fr\/boutique\/"},{"@type":"ListItem","position":3,"name":"Waterproof Jacket\/Trouser Set"}]},{"@type":"WebSite","@id":"https:\/\/printwave.pl\/fr\/#website","url":"https:\/\/printwave.pl\/fr\/","name":"Printwave","description":"Votre fournisseur de v\u00eatements promotionnels et d&#039;entreprise en Pologne","potentialAction":[{"@type":"SearchAction","target":{"@type":"EntryPoint","urlTemplate":"https:\/\/printwave.pl\/fr\/?s={search_term_string}"},"query-input":{"@type":"PropertyValueSpecification","valueRequired":true,"valueName":"search_term_string"}}],"inLanguage":"fr-FR"}]}},"_links":{"self":[{"href":"https:\/\/printwave.pl\/fr\/wp-json\/wp\/v2\/product\/442046","targetHints":{"allow":["GET"]}}],"collection":[{"href":"https:\/\/printwave.pl\/fr\/wp-json\/wp\/v2\/product"}],"about":[{"href":"https:\/\/printwave.pl\/fr\/wp-json\/wp\/v2\/types\/product"}],"replies":[{"embeddable":true,"href":"https:\/\/printwave.pl\/fr\/wp-json\/wp\/v2\/comments?post=442046"}],"wp:featuredmedia":[{"embeddable":true,"href":"https:\/\/printwave.pl\/fr\/wp-json\/wp\/v2\/media\/442041"}],"wp:attachment":[{"href":"https:\/\/printwave.pl\/fr\/wp-json\/wp\/v2\/media?parent=442046"}],"wp:term":[{"taxonomy":"product_brand","embeddable":true,"href":"https:\/\/printwave.pl\/fr\/wp-json\/wp\/v2\/product_brand?post=442046"},{"taxonomy":"product_cat","embeddable":true,"href":"https:\/\/printwave.pl\/fr\/wp-json\/wp\/v2\/product_cat?post=442046"},{"taxonomy":"product_tag","embeddable":true,"href":"https:\/\/printwave.pl\/fr\/wp-json\/wp\/v2\/product_tag?post=442046"}],"curies":[{"name":"wp","href":"https:\/\/api.w.org\/{rel}","templated":true}]}}