{"id":441952,"date":"2025-01-24T11:42:43","date_gmt":"2025-01-24T10:42:43","guid":{"rendered":"https:\/\/printwave.pl\/fr\/produkt\/small-training-holdall\/"},"modified":"2026-03-01T04:00:54","modified_gmt":"2026-03-01T03:00:54","slug":"small-training-holdall","status":"publish","type":"product","link":"https:\/\/printwave.pl\/fr\/produkt\/small-training-holdall\/","title":{"rendered":"Small Training Holdall"},"content":{"rendered":"<p>\u00b7100% polyester (recycl\u00e9, 600D)<br \/>\n\u00b7Poign\u00e9e rembourr\u00e9e<br \/>\n\u00b7Bandouli\u00e8re r\u00e9glable amovible<br \/>\n\u00b7Compartiment principal avec ouverture zipp\u00e9e \u00e0 double sens pour un acc\u00e8s facile<br \/>\n\u00b7Compartiment \u00e0 chaussures<br \/>\n\u00b7Poche avant avec fermeture \u00e0 glissi\u00e8re et poche ext\u00e9rieure en filet<br \/>\n\u00b7Poche interne en filet<br \/>\n\u00b7Panneau de base enduit de PU<br \/>\n\u00b7\u00c9tiquette TearAway pour faciliter le changement de marque<br \/>\n\u00b7Capacit\u00e9 : 20 litres<br \/>\n\u00b7Dimensions : 41 x 22 x 23 cm<br \/>\n\u00b7Broderie maximale\u00a0: 12 anneaux tubulaires (avant), 21 anneaux tubulaires (haut)<br \/>\n\u00b7Zone d&rsquo;impression maximale : 21 x 11 cm (recto), 24 x 39 cm (haut)<\/p>\n","protected":false},"excerpt":{"rendered":"<p>\u00b7100% polyester (recycl\u00e9, 600D) \u00b7Poign\u00e9e rembourr\u00e9e \u00b7Bandouli\u00e8re r\u00e9glable amovible \u00b7Compartiment principal avec ouverture zipp\u00e9e \u00e0 double sens pour un acc\u00e8s<\/p>\n","protected":false},"featured_media":441951,"comment_status":"open","ping_status":"closed","template":"","meta":[],"product_brand":[],"product_cat":[61,60],"product_tag":[],"class_list":{"0":"post-441952","1":"product","2":"type-product","3":"status-publish","4":"has-post-thumbnail","6":"product_cat-bagagerie-accessoires","7":"product_cat-recycled","8":"pa_couleur-black","9":"pa_couleur-dark-royal","10":"pa_couleur-fresh-pink","11":"pa_couleur-ice-grey","12":"pa_details-facile-a-relabelliser","13":"pa_details-sac-a-bottes","14":"pa_eco-recycle","15":"pa_groupe-de-produits-sac-de-voyage","16":"pa_groupe-de-produits-sac-sportifs","17":"pa_marque-bagbase","18":"pa_numero-de-style-2548","19":"pa_sexe-femmes","20":"pa_taille-one-size","21":"pa_tissu-polyester","23":"first","24":"instock","25":"taxable","26":"shipping-taxable","27":"purchasable","28":"product-type-variable"},"yoast_head":"<!-- This site is optimized with the Yoast SEO Premium plugin v20.9 (Yoast SEO v26.3) - https:\/\/yoast.com\/wordpress\/plugins\/seo\/ -->\n<title>Small Training Holdall | Printwave FR<\/title>\n<meta name=\"robots\" content=\"index, follow, max-snippet:-1, max-image-preview:large, max-video-preview:-1\" \/>\n<link rel=\"canonical\" href=\"https:\/\/printwave.pl\/fr\/produkt\/small-training-holdall\/\" \/>\n<meta property=\"og:locale\" content=\"fr_FR\" \/>\n<meta property=\"og:type\" content=\"article\" \/>\n<meta property=\"og:title\" content=\"Small Training Holdall\" \/>\n<meta property=\"og:description\" content=\"\u00b7100% polyester (recycl\u00e9, 600D) \u00b7Poign\u00e9e rembourr\u00e9e \u00b7Bandouli\u00e8re r\u00e9glable amovible \u00b7Compartiment principal avec ouverture zipp\u00e9e \u00e0 double sens pour un acc\u00e8s\" \/>\n<meta property=\"og:url\" content=\"https:\/\/printwave.pl\/fr\/produkt\/small-training-holdall\/\" \/>\n<meta property=\"og:site_name\" content=\"Printwave FR\" \/>\n<meta property=\"article:modified_time\" content=\"2026-03-01T03:00:54+00:00\" \/>\n<meta property=\"og:image\" content=\"https:\/\/printwave.pl\/fr\/wp-content\/uploads\/sites\/4\/2025\/01\/996_29_330_m-2024_01.jpg\" \/>\n\t<meta property=\"og:image:width\" content=\"1024\" \/>\n\t<meta property=\"og:image:height\" content=\"1304\" \/>\n\t<meta property=\"og:image:type\" content=\"image\/jpeg\" \/>\n<meta name=\"twitter:card\" content=\"summary_large_image\" \/>\n<script type=\"application\/ld+json\" class=\"yoast-schema-graph\">{\"@context\":\"https:\/\/schema.org\",\"@graph\":[{\"@type\":\"WebPage\",\"@id\":\"https:\/\/printwave.pl\/fr\/produkt\/small-training-holdall\/\",\"url\":\"https:\/\/printwave.pl\/fr\/produkt\/small-training-holdall\/\",\"name\":\"Small Training Holdall | Printwave FR\",\"isPartOf\":{\"@id\":\"https:\/\/printwave.pl\/fr\/#website\"},\"primaryImageOfPage\":{\"@id\":\"https:\/\/printwave.pl\/fr\/produkt\/small-training-holdall\/#primaryimage\"},\"image\":{\"@id\":\"https:\/\/printwave.pl\/fr\/produkt\/small-training-holdall\/#primaryimage\"},\"thumbnailUrl\":\"https:\/\/printwave.pl\/fr\/wp-content\/uploads\/sites\/4\/2025\/01\/996_29_330_m-2024_01.jpg\",\"datePublished\":\"2025-01-24T10:42:43+00:00\",\"dateModified\":\"2026-03-01T03:00:54+00:00\",\"breadcrumb\":{\"@id\":\"https:\/\/printwave.pl\/fr\/produkt\/small-training-holdall\/#breadcrumb\"},\"inLanguage\":\"fr-FR\",\"potentialAction\":[{\"@type\":\"ReadAction\",\"target\":[\"https:\/\/printwave.pl\/fr\/produkt\/small-training-holdall\/\"]}]},{\"@type\":\"ImageObject\",\"inLanguage\":\"fr-FR\",\"@id\":\"https:\/\/printwave.pl\/fr\/produkt\/small-training-holdall\/#primaryimage\",\"url\":\"https:\/\/printwave.pl\/fr\/wp-content\/uploads\/sites\/4\/2025\/01\/996_29_330_m-2024_01.jpg\",\"contentUrl\":\"https:\/\/printwave.pl\/fr\/wp-content\/uploads\/sites\/4\/2025\/01\/996_29_330_m-2024_01.jpg\",\"width\":1024,\"height\":1304},{\"@type\":\"BreadcrumbList\",\"@id\":\"https:\/\/printwave.pl\/fr\/produkt\/small-training-holdall\/#breadcrumb\",\"itemListElement\":[{\"@type\":\"ListItem\",\"position\":1,\"name\":\"Accueil\",\"item\":\"https:\/\/printwave.pl\/fr\/\"},{\"@type\":\"ListItem\",\"position\":2,\"name\":\"Boutique\",\"item\":\"https:\/\/printwave.pl\/fr\/boutique\/\"},{\"@type\":\"ListItem\",\"position\":3,\"name\":\"Small Training Holdall\"}]},{\"@type\":\"WebSite\",\"@id\":\"https:\/\/printwave.pl\/fr\/#website\",\"url\":\"https:\/\/printwave.pl\/fr\/\",\"name\":\"Printwave\",\"description\":\"Votre fournisseur de v\u00eatements promotionnels et d&#039;entreprise en Pologne\",\"potentialAction\":[{\"@type\":\"SearchAction\",\"target\":{\"@type\":\"EntryPoint\",\"urlTemplate\":\"https:\/\/printwave.pl\/fr\/?s={search_term_string}\"},\"query-input\":{\"@type\":\"PropertyValueSpecification\",\"valueRequired\":true,\"valueName\":\"search_term_string\"}}],\"inLanguage\":\"fr-FR\"}]}<\/script>\n<!-- \/ Yoast SEO Premium plugin. -->","yoast_head_json":{"title":"Small Training Holdall | Printwave FR","robots":{"index":"index","follow":"follow","max-snippet":"max-snippet:-1","max-image-preview":"max-image-preview:large","max-video-preview":"max-video-preview:-1"},"canonical":"https:\/\/printwave.pl\/fr\/produkt\/small-training-holdall\/","og_locale":"fr_FR","og_type":"article","og_title":"Small Training Holdall","og_description":"\u00b7100% polyester (recycl\u00e9, 600D) \u00b7Poign\u00e9e rembourr\u00e9e \u00b7Bandouli\u00e8re r\u00e9glable amovible \u00b7Compartiment principal avec ouverture zipp\u00e9e \u00e0 double sens pour un acc\u00e8s","og_url":"https:\/\/printwave.pl\/fr\/produkt\/small-training-holdall\/","og_site_name":"Printwave FR","article_modified_time":"2026-03-01T03:00:54+00:00","og_image":[{"width":1024,"height":1304,"url":"https:\/\/printwave.pl\/fr\/wp-content\/uploads\/sites\/4\/2025\/01\/996_29_330_m-2024_01.jpg","type":"image\/jpeg"}],"twitter_card":"summary_large_image","schema":{"@context":"https:\/\/schema.org","@graph":[{"@type":"WebPage","@id":"https:\/\/printwave.pl\/fr\/produkt\/small-training-holdall\/","url":"https:\/\/printwave.pl\/fr\/produkt\/small-training-holdall\/","name":"Small Training Holdall | Printwave FR","isPartOf":{"@id":"https:\/\/printwave.pl\/fr\/#website"},"primaryImageOfPage":{"@id":"https:\/\/printwave.pl\/fr\/produkt\/small-training-holdall\/#primaryimage"},"image":{"@id":"https:\/\/printwave.pl\/fr\/produkt\/small-training-holdall\/#primaryimage"},"thumbnailUrl":"https:\/\/printwave.pl\/fr\/wp-content\/uploads\/sites\/4\/2025\/01\/996_29_330_m-2024_01.jpg","datePublished":"2025-01-24T10:42:43+00:00","dateModified":"2026-03-01T03:00:54+00:00","breadcrumb":{"@id":"https:\/\/printwave.pl\/fr\/produkt\/small-training-holdall\/#breadcrumb"},"inLanguage":"fr-FR","potentialAction":[{"@type":"ReadAction","target":["https:\/\/printwave.pl\/fr\/produkt\/small-training-holdall\/"]}]},{"@type":"ImageObject","inLanguage":"fr-FR","@id":"https:\/\/printwave.pl\/fr\/produkt\/small-training-holdall\/#primaryimage","url":"https:\/\/printwave.pl\/fr\/wp-content\/uploads\/sites\/4\/2025\/01\/996_29_330_m-2024_01.jpg","contentUrl":"https:\/\/printwave.pl\/fr\/wp-content\/uploads\/sites\/4\/2025\/01\/996_29_330_m-2024_01.jpg","width":1024,"height":1304},{"@type":"BreadcrumbList","@id":"https:\/\/printwave.pl\/fr\/produkt\/small-training-holdall\/#breadcrumb","itemListElement":[{"@type":"ListItem","position":1,"name":"Accueil","item":"https:\/\/printwave.pl\/fr\/"},{"@type":"ListItem","position":2,"name":"Boutique","item":"https:\/\/printwave.pl\/fr\/boutique\/"},{"@type":"ListItem","position":3,"name":"Small Training Holdall"}]},{"@type":"WebSite","@id":"https:\/\/printwave.pl\/fr\/#website","url":"https:\/\/printwave.pl\/fr\/","name":"Printwave","description":"Votre fournisseur de v\u00eatements promotionnels et d&#039;entreprise en Pologne","potentialAction":[{"@type":"SearchAction","target":{"@type":"EntryPoint","urlTemplate":"https:\/\/printwave.pl\/fr\/?s={search_term_string}"},"query-input":{"@type":"PropertyValueSpecification","valueRequired":true,"valueName":"search_term_string"}}],"inLanguage":"fr-FR"}]}},"_links":{"self":[{"href":"https:\/\/printwave.pl\/fr\/wp-json\/wp\/v2\/product\/441952","targetHints":{"allow":["GET"]}}],"collection":[{"href":"https:\/\/printwave.pl\/fr\/wp-json\/wp\/v2\/product"}],"about":[{"href":"https:\/\/printwave.pl\/fr\/wp-json\/wp\/v2\/types\/product"}],"replies":[{"embeddable":true,"href":"https:\/\/printwave.pl\/fr\/wp-json\/wp\/v2\/comments?post=441952"}],"wp:featuredmedia":[{"embeddable":true,"href":"https:\/\/printwave.pl\/fr\/wp-json\/wp\/v2\/media\/441951"}],"wp:attachment":[{"href":"https:\/\/printwave.pl\/fr\/wp-json\/wp\/v2\/media?parent=441952"}],"wp:term":[{"taxonomy":"product_brand","embeddable":true,"href":"https:\/\/printwave.pl\/fr\/wp-json\/wp\/v2\/product_brand?post=441952"},{"taxonomy":"product_cat","embeddable":true,"href":"https:\/\/printwave.pl\/fr\/wp-json\/wp\/v2\/product_cat?post=441952"},{"taxonomy":"product_tag","embeddable":true,"href":"https:\/\/printwave.pl\/fr\/wp-json\/wp\/v2\/product_tag?post=441952"}],"curies":[{"name":"wp","href":"https:\/\/api.w.org\/{rel}","templated":true}]}}