{"id":9511,"date":"2023-05-22T09:13:59","date_gmt":"2023-05-22T09:13:59","guid":{"rendered":"https:\/\/www.printwave.hmcloud.pl\/?page_id=3"},"modified":"2024-06-17T19:28:29","modified_gmt":"2024-06-17T17:28:29","slug":"politique-de-confidentalite","status":"publish","type":"page","link":"https:\/\/printwave.pl\/fr\/politique-de-confidentalite\/","title":{"rendered":"Politique de confidentalit\u00e9"},"content":{"rendered":"<div class=\"wpb-content-wrapper\"><p>[vc_row][vc_column]\t\t<div id=\"wd-667071e4cbad6\" class=\"wd-text-block wd-wpb reset-last-child wd-rs-667071e4cbad6 text-left \">\n\t\t\t<p><strong>POLITIQUE DE CONFIDENTALIT\u00c9 DU SERVICE\u00a0<\/strong><a href=\"http:\/\/printwave.pl\/\"><strong>www.printwave.pl<\/strong><\/a><\/p>\n<p><strong>VERSION DU DOCUMENT: [1.0]<\/strong><\/p>\n<p>&nbsp;<\/p>\n<p><strong>DERNI\u00c8RE MISE \u00c0 JOUR: [06.08.2023]<\/strong><\/p>\n<p>La protection de la vie priv\u00e9e des utilisateurs est d&rsquo;une importance capitale pour <strong>PRINTWAVE<\/strong>. C&rsquo;est pourquoi nous mettons en place les mesures de s\u00e9curit\u00e9 appropri\u00e9es pour prot\u00e9ger les donn\u00e9es personnelles de nos utilisateurs sur le site <strong>www.printwave.pl<\/strong>.<\/p>\n<p>L&rsquo;objectif de l&rsquo;administrateur est \u00e9galement d&rsquo;informer correctement les utilisateurs sur leurs droits et obligations concernant le traitement des donn\u00e9es personnelles, en particulier en ce qui concerne les dispositions du r\u00e8glement du Parlement europ\u00e9en et du Conseil (UE) 2016\/679 du 27 avril 2016 relatif \u00e0 la protection des personnes physiques \u00e0 l&rsquo;\u00e9gard du traitement des donn\u00e9es \u00e0 caract\u00e8re personnel et \u00e0 la libre circulation de ces donn\u00e9es, abrogeant la directive 95\/46\/CE (ci-apr\u00e8s d\u00e9nomm\u00e9 \u00ab\u00a0RGPD\u00a0\u00bb).<\/p>\n<p>C&rsquo;est pourquoi, soucieux de la protection de la vie priv\u00e9e des utilisateurs du Service, l&rsquo;administrateur informe dans ce document des bases l\u00e9gales du traitement des donn\u00e9es personnelles fournies par les utilisateurs dans le cadre de leur utilisation du Service <strong>www.printwave.pl<\/strong> (ci-apr\u00e8s d\u00e9nomm\u00e9 \u00ab\u00a0Service\u00a0\u00bb), des m\u00e9thodes de collecte, de traitement et de protection des donn\u00e9es personnelles, ainsi que des droits des utilisateurs.<\/p>\n<p>Un utilisateur est toute personne physique dont les donn\u00e9es sont concern\u00e9es, utilisant le site Web <strong>www.printwave.pl<\/strong> ou les services \u00e9lectroniques disponibles via le Service.<\/p>\n<p>&nbsp;<\/p>\n<p><strong>ADMINISTRATEUR DES DONN\u00c9ES, COORDONN\u00c9ES<\/strong><\/p>\n<p>L&rsquo;administrateur des donn\u00e9es personnelles fournies par l&rsquo;utilisateur sur le site www.printwave.pl est Fabryka CMYKa Niciak Sp\u00f3\u0142ka Jawna, situ\u00e9e \u00e0 ul. Rynkowska 1, 85-503 Bydgoszcz, Pologne, NIP: 9671424370, Num\u00e9ro de TVA: PL9671424370 (ci-apr\u00e8s d\u00e9nomm\u00e9 \u00ab l&rsquo;Administrateur \u00bb).<\/p>\n<p>Pour toute information concernant le traitement des donn\u00e9es personnelles par l&rsquo;Administrateur et l&rsquo;exercice des droits qui lui sont conf\u00e9r\u00e9s, l&rsquo;utilisateur peut contacter l&rsquo;Administrateur par courrier \u00e9lectronique \u00e0 l&rsquo;adresse suivante : sklep@printwave.pl ou par voie postale \u00e0 l&rsquo;adresse suivante : Fabryka CMYKa Niciak Sp\u00f3\u0142ka Jawna, ul. Rynkowska 1, 85-503 Bydgoszcz, en indiquant \u00ab DONN\u00c9ES PERSONNELLES \u00bb.<\/p>\n<p>Afin de v\u00e9rifier si la personne demandant une op\u00e9ration sp\u00e9cifique sur des donn\u00e9es personnelles est autoris\u00e9e \u00e0 le faire, l&rsquo;Administrateur peut demander la fourniture de donn\u00e9es suppl\u00e9mentaires permettant de v\u00e9rifier l&rsquo;identit\u00e9 de la personne soumettant la demande.<\/p>\n<p>&nbsp;<\/p>\n<p>&nbsp;<\/p>\n<p>&nbsp;<\/p>\n<p><strong>LES DONN\u00c9ES PERSONELLES TRAIT\u00c9ES PAR L4ADMINISTRATEUR INCLUENT<\/strong><\/p>\n<p>L&rsquo;administrateur collecte les donn\u00e9es personnelles directement aupr\u00e8s de l&rsquo;utilisateur via le site Web, notamment en enregistrant l&rsquo;utilisateur sur le site ou en remplissant un formulaire de contact disponible sur le site et en envoyant un message \u00e0 l&rsquo;administrateur via celui-ci.<\/p>\n<p>L&rsquo;administrateur collecte via le site les donn\u00e9es personnelles suivantes concernant l&rsquo;utilisateur: nom et pr\u00e9nom, num\u00e9ro de t\u00e9l\u00e9phone, adresse e-mail, nom de l&rsquo;entreprise.<\/p>\n<p><strong>\u00a0<\/strong><\/p>\n<p><strong>OBJECTIFS ET BASES JURIDIQUES DU TRAITEMENT DES DONN\u00c9ES<\/strong><\/p>\n<p>Les objectifs du traitement des donn\u00e9es personnelles de l&rsquo;Utilisateur par l&rsquo;Administrateur d\u00e9pendent de la mani\u00e8re dont il utilise le Service et des fonctionnalit\u00e9s disponibles dans celui-ci.<\/p>\n<p>Tout d&rsquo;abord, l&rsquo;Administrateur traite les donn\u00e9es personnelles de l&rsquo;Utilisateur dans le but d&rsquo;\u00e9tablir et d&rsquo;ex\u00e9cuter le contrat de fourniture de services \u00e9lectroniques conclu sur la base du R\u00e8glement du Service, ainsi que dans le but d&rsquo;ex\u00e9cuter le contrat de vente conclu via le Service (base l\u00e9gale : art. 6, paragraphe 1, point b du RGPD). En raison de la conclusion d&rsquo;un contrat de vente, l&rsquo;Administrateur est \u00e9galement soumis \u00e0 des obligations de droit public, y compris des obligations fiscales, c&rsquo;est pourquoi l&rsquo;Administrateur peut traiter les donn\u00e9es personnelles de l&rsquo;Utilisateur pour remplir ces obligations (base l\u00e9gale : art. 6, paragraphe 1, points b et c du RGPD ainsi que les dispositions fiscales applicables)<\/p>\n<p>En cas de r\u00e9clamation ou de signalement d&rsquo;autres probl\u00e8mes par l&rsquo;Utilisateur, l&rsquo;Administrateur traitera ses donn\u00e9es personnelles afin de traiter les r\u00e9clamations et les questions et de fournir des r\u00e9ponses (base l\u00e9gale : art. 6, paragraphe 1, point c du RGPD et art. 6, paragraphe 1, point f du RGPD, \u00e0 savoir l&rsquo;int\u00e9r\u00eat l\u00e9gitime de l&rsquo;Administrateur et de l&rsquo;Utilisateur \u00e0 communiquer mutuellement et \u00e0 r\u00e9soudre les litiges).<\/p>\n<p>Si l&rsquo;Utilisateur donne son consentement volontaire \u00e0 cette fin (par exemple, en utilisant un formulaire de contact ou en s&rsquo;abonnant \u00e0 la newsletter), l&rsquo;Administrateur peut traiter les donn\u00e9es personnelles de l&rsquo;Utilisateur \u00e0 des fins marketing, y compris pour mener des actions de marketing par courrier \u00e9lectronique ou par t\u00e9l\u00e9phone (base l\u00e9gale : art. 6, paragraphe 1, points a et f du RGPD, Loi sur les services de la soci\u00e9t\u00e9 de l&rsquo;information, Loi sur les t\u00e9l\u00e9communications).<\/p>\n<p>L&rsquo;Administrateur se r\u00e9serve le droit de conserver les donn\u00e9es personnelles des Utilisateurs aux fins de d\u00e9terminer, de poursuivre, d&rsquo;ex\u00e9cuter des r\u00e9clamations ou de se d\u00e9fendre contre des r\u00e9clamations qui constituent la r\u00e9alisation d&rsquo;un int\u00e9r\u00eat l\u00e9gitime de l&rsquo;Administrateur, ainsi que pour pr\u00e9venir les abus et les fraudes (base l\u00e9gale : art. 6, paragraphe 1, point f du RGPD).<\/p>\n<p><strong>\u00a0<\/strong><\/p>\n<p><strong>\u00a0<\/strong><\/p>\n<p><strong>\u00a0<\/strong><\/p>\n<p><strong>\u00a0<\/strong><\/p>\n<p>&nbsp;<\/p>\n<p><strong>PERIODE DE CONSERVATION DES DONN\u00c9ES<\/strong><\/p>\n<p>La dur\u00e9e de conservation des donn\u00e9es personnelles des utilisateurs d\u00e9pend des finalit\u00e9s du traitement des donn\u00e9es par l&rsquo;administrateur, notamment :<\/p>\n<ol>\n<li><em>Les donn\u00e9es personnelles n\u00e9cessaires \u00e0 la conclusion et \u00e0 l&rsquo;ex\u00e9cution des contrats seront conserv\u00e9es pendant toute leur dur\u00e9e.<\/em><\/li>\n<li><em>Les donn\u00e9es personnelles n\u00e9cessaires \u00e0 l&rsquo;ex\u00e9cution des obligations l\u00e9gales seront conserv\u00e9es jusqu&rsquo;\u00e0 la p\u00e9riode d\u00e9termin\u00e9e par les dispositions l\u00e9gales appropri\u00e9es, soit 5 ans en cas<\/em> d&rsquo;obligations fiscales.<\/li>\n<li>Les donn\u00e9es personnelles fournies \u00e0 des fins marketing seront trait\u00e9es jusqu&rsquo;au retrait du consentement ou \u00e0 l&rsquo;expression de l&rsquo;opposition.<\/li>\n<\/ol>\n<p>La p\u00e9riode de conservation des donn\u00e9es peut \u00eatre prolong\u00e9e si cela est justifi\u00e9 par des dispositions l\u00e9gales contraignantes ou dans l&rsquo;int\u00e9r\u00eat l\u00e9gitime de l&rsquo;administrateur, notamment pour \u00e9tablir, poursuivre, ou d\u00e9fendre des r\u00e9clamations.\u00a0\u00bb<\/p>\n<p>&nbsp;<\/p>\n<p><strong>DESTINATAIRES DES DONN\u00c9ES PERSONNELLES, Y COMPRIS LES DESTINATAIRES HORS DE L&rsquo;EEE<\/strong><\/p>\n<p><strong>Entit\u00e9s traitentes<\/strong><\/p>\n<p>L&rsquo;administrateur fait appel \u00e0 des tiers pour traiter les donn\u00e9es personnelles en son nom, notamment pour les services administratifs, comptables, informatiques et de serveurs, pour la maintenance et le support des syst\u00e8mes informatiques et des bases de donn\u00e9es. De plus, les employ\u00e9s des autorit\u00e9s gouvernementales et des organismes publics autoris\u00e9s \u00e0 contr\u00f4ler ou superviser les activit\u00e9s de l&rsquo;administrateur peuvent \u00e9galement acc\u00e9der aux donn\u00e9es personnelles de l&rsquo;utilisateur.<\/p>\n<p><strong>TRANSFER DE DONN\u00c9ES PERSONNELLES EN DEHORS DE L\u2019EEE<\/strong><\/p>\n<p>En relation avec l&rsquo;utilisation par l&rsquo;Administrateur de certains syst\u00e8mes informatiques, il peut y avoir un transfert de donn\u00e9es personnelles de l&rsquo;Utilisateur en dehors de l&rsquo;Espace \u00e9conomique europ\u00e9en, notamment vers les \u00c9tats-Unis. Nous tenons \u00e0 assurer que toutes les entit\u00e9s avec lesquelles l&rsquo;Administrateur collabore respectent les exigences de s\u00e9curit\u00e9 impos\u00e9es par les r\u00e9glementations appropri\u00e9es en mati\u00e8re de protection des donn\u00e9es personnelles. Le transfert de donn\u00e9es vers les \u00c9tats-Unis est effectu\u00e9 en vertu des clauses contractuelles types \u00e9mises par la Commission europ\u00e9enne. L&rsquo;Administrateur met \u00e0 disposition un acc\u00e8s \u00e0 ces clauses dans ses locaux.<\/p>\n<p><strong>La divulgation des donn\u00e9es \u00e0 d&rsquo;autres administrateurs<\/strong><\/p>\n<p>En cas de choix du mode de paiement \u00ab Przelewy24 \u00bb, les donn\u00e9es personnelles de l&rsquo;Utilisateur seront fournies \u00e0 l&rsquo;op\u00e9rateur de paiement &#8211; la soci\u00e9t\u00e9 PayPro S.A. bas\u00e9e \u00e0 Pozna\u0144 (ul. Pastelowa 8, 60-198) pour effectuer la transaction.<\/p>\n<p><strong>PRAWA U\u017bYTKOWNIKA<\/strong><\/p>\n<p>En relation avec le traitement des donn\u00e9es personnelles par l&rsquo;Administrateur, l&rsquo;Utilisateur a le droit de :<\/p>\n<ul>\n<li>acc\u00e9der \u00e0 ses donn\u00e9es et en obtenir des copies ;<\/li>\n<li>corriger (rectifier) ses donn\u00e9es personnelles ;<\/li>\n<li>limiter le traitement des donn\u00e9es personnelles;<\/li>\n<li>supprimer les donn\u00e9es personnelles;<\/li>\n<li>s&rsquo;opposer au traitement des donn\u00e9es personnelles;<\/li>\n<li>transf\u00e9rer ses donn\u00e9es;<\/li>\n<li>si le traitement est bas\u00e9 sur le consentement exprim\u00e9, le droit de retirer ce consentement \u00e0 tout moment sans affecter la l\u00e9galit\u00e9 du traitement effectu\u00e9 avant le retrait;<\/li>\n<li>d\u00e9poser une plainte aupr\u00e8s du Pr\u00e9sident de l&rsquo;Office de protection des donn\u00e9es personnelles (\u00e0 l&rsquo;adresse de l&rsquo;Office de protection des donn\u00e9es personnelles, ul. Stawki 2, 00 \u2013 193 Varsovie).<\/li>\n<\/ul>\n<p>Pour exercer ces droits, veuillez contacter l&rsquo;Administrateur des donn\u00e9es comme d\u00e9crit ci-dessus dans la \u00ab Politique de confidentialit\u00e9 \u00bb.<\/p>\n<p><strong>\u00a0<\/strong><\/p>\n<p><strong>PROFILAGE<\/strong><\/p>\n<p>L&rsquo;administrateur n&rsquo;a pas l&rsquo;intention de profiler les donn\u00e9es personnelles de l&rsquo;utilisateur.<strong>\u00a0<\/strong><\/p>\n<p><strong>VOLONT\u00c9 DE FOURNIR DES DONN\u00c9ES<\/strong><\/p>\n<p>La fourniture par l&rsquo;Utilisateur de certaines donn\u00e9es personnelles :<\/p>\n<ol>\n<li>w celu otrzymywania korespondencji marketingowej \u2013 jest dobrowolne<\/li>\n<li>w celu zawarcia i wykonania um\u00f3w (o \u015bwiadczenie us\u0142ug drog\u0105 elektroniczn\u0105 lub sprzeda\u017cy) \u2013 jest konieczne do nawi\u0105zania stosunku prawnego mi\u0119dzy U\u017cytkownikiem a Administratorem<\/li>\n<li>w celu wype\u0142nienia obowi\u0105zk\u00f3w prawnych, w tym rozliczeniowych \u2013 jest konieczne do zapewnienia zgodno\u015bci z prawem.<\/li>\n<\/ol>\n<p><strong>\u00a0<\/strong><\/p>\n<p><strong>COOKIES<\/strong><\/p>\n<p>Un cookie est un petit fichier texte qui est stock\u00e9 sur votre ordinateur, tablette ou smartphone lorsque vous visitez un site Web pour la premi\u00e8re fois. Les cookies que nous utilisons sont essentiels au bon fonctionnement du site et \u00e0 sa facilit\u00e9 d&rsquo;utilisation. Ils garantissent le bon fonctionnement du site.<\/p>\n<p>Nous utilisons les types de cookies suivants sur le site :<\/p>\n<ol>\n<li>Cookies techniques &#8211; Ces cookies sont n\u00e9cessaires pour utiliser les fonctionnalit\u00e9s de base du site.<\/li>\n<li>Cookies fonctionnels &#8211; Ces cookies nous permettent d&rsquo;analyser l&rsquo;utilisation du site par l&rsquo;utilisateur afin d&rsquo;\u00e9valuer et d&rsquo;am\u00e9liorer ses performances.<\/li>\n<li>Cookies marketing &#8211; Ces cookies permettent d&rsquo;afficher du contenu publicitaire adapt\u00e9 aux pr\u00e9f\u00e9rences de l&rsquo;utilisateur.<\/li>\n<\/ol>\n<p>&nbsp;<\/p>\n<p>Pour en savoir plus sur les cookies, comment les g\u00e9rer ou les supprimer, vous pouvez visiter le site : allaboutcookies.org ou consulter l&rsquo;aide de votre navigateur.<\/p>\n<p><strong>Autres technologies<\/strong><\/p>\n<p>Printwave collecte \u00e9galement des donn\u00e9es sur les utilisateurs du site dans les journaux, les services syst\u00e8me ou \u00e0 l&rsquo;aide d&rsquo;autres technologies (par exemple, pixels, SDK). Cela nous permet de savoir quelles pages de notre site ont \u00e9t\u00e9 visit\u00e9es ou combien de fois le site a \u00e9t\u00e9 consult\u00e9. Nous utilisons ces technologies pour am\u00e9liorer l&rsquo;efficacit\u00e9 et la s\u00e9curit\u00e9 du site, mieux adapter le site \u00e0 vos besoins et permettre une recherche d&rsquo;informations plus rapide.<\/p>\n<p>Sur notre site, nous utilisons Google Analytics fourni par Google LLC 1600 Amphitheatre Parkway, Mountain View, CA 94043, USA. Gr\u00e2ce \u00e0 cette technologie, Google peut stocker des informations sur le type\/version du navigateur, le syst\u00e8me d&rsquo;exploitation, l&rsquo;URL de r\u00e9f\u00e9rence, l&rsquo;adresse IP abr\u00e9g\u00e9e ou l&rsquo;heure de la demande du serveur &#8211; dans un cookie. Les informations g\u00e9n\u00e9r\u00e9es par le cookie concernant l&rsquo;utilisation du site sont g\u00e9n\u00e9ralement transmises \u00e0 un serveur Google aux \u00c9tats-Unis et y sont stock\u00e9es. Google Analytics ne recueille pas de donn\u00e9es permettant de vous identifier. Par cons\u00e9quent, les donn\u00e9es collect\u00e9es dans le cadre de Google Analytics ne sont pas des donn\u00e9es personnelles.<\/p>\n<p>Google traite en notre nom les informations sur votre utilisation du site (dans le cadre de Google Analytics) pour \u00e9valuer la mani\u00e8re dont le site est utilis\u00e9, cr\u00e9er des rapports sur l&rsquo;activit\u00e9 et fournir d&rsquo;autres services li\u00e9s \u00e0 l&rsquo;utilisation du site. L&rsquo;adresse IP transmise par votre navigateur dans le cadre de Google Analytics n&rsquo;est pas associ\u00e9e \u00e0 d&rsquo;autres donn\u00e9es Google. Pour plus d&rsquo;informations sur les conditions d&rsquo;utilisation et la protection des donn\u00e9es, vous pouvez consulter : <a href=\"https:\/\/support.google.com\/analytics\/answer\/9019185?hl=en\">https:\/\/support.google.com\/analytics\/answer\/9019185?hl=en<\/a><\/p>\n<p>&nbsp;<\/p>\n<p><strong>MODIFICATIONS<\/strong><\/p>\n<p>Afin de mettre \u00e0 jour les informations contenues dans la pr\u00e9sente Politique de confidentialit\u00e9 et de garantir sa conformit\u00e9 avec la l\u00e9gislation en vigueur, celle-ci peut \u00eatre modifi\u00e9e. En cas de modification du contenu de la Politique de confidentialit\u00e9, la date de sa mise \u00e0 jour figurant au d\u00e9but du texte sera modifi\u00e9e. Pour obtenir des informations sur la protection des donn\u00e9es personnelles, l&rsquo;Administrateur recommande aux Utilisateurs de consulter r\u00e9guli\u00e8rement les dispositions de la Politique de confidentialit\u00e9.<\/p>\n\t\t<\/div>\n\t\t[\/vc_column][\/vc_row]<\/p>\n<\/div>","protected":false},"excerpt":{"rendered":"<p>[vc_row][vc_column][\/vc_column][\/vc_row]<\/p>\n","protected":false},"author":1,"featured_media":0,"parent":0,"menu_order":0,"comment_status":"closed","ping_status":"open","template":"","meta":{"footnotes":""},"class_list":["post-9511","page","type-page","status-publish","hentry"],"yoast_head":"<!-- This site is optimized with the Yoast SEO Premium plugin v20.9 (Yoast SEO v26.3) - https:\/\/yoast.com\/wordpress\/plugins\/seo\/ -->\n<title>Politique de confidentalit\u00e9 | Printwave FR<\/title>\n<meta name=\"robots\" content=\"index, follow, max-snippet:-1, max-image-preview:large, max-video-preview:-1\" \/>\n<link rel=\"canonical\" href=\"https:\/\/printwave.pl\/fr\/politique-de-confidentalite\/\" \/>\n<meta property=\"og:locale\" content=\"fr_FR\" \/>\n<meta property=\"og:type\" content=\"article\" \/>\n<meta property=\"og:title\" content=\"Politique de confidentalit\u00e9\" \/>\n<meta property=\"og:description\" content=\"[vc_row][vc_column][\/vc_column][\/vc_row]\" \/>\n<meta property=\"og:url\" content=\"https:\/\/printwave.pl\/fr\/politique-de-confidentalite\/\" \/>\n<meta property=\"og:site_name\" content=\"Printwave FR\" \/>\n<meta property=\"article:modified_time\" content=\"2024-06-17T17:28:29+00:00\" \/>\n<meta property=\"og:image\" content=\"https:\/\/printwave.pl\/fr\/wp-content\/uploads\/sites\/4\/2021\/07\/Print-Wave-logo-2025.png\" \/>\n\t<meta property=\"og:image:width\" content=\"1645\" \/>\n\t<meta property=\"og:image:height\" content=\"297\" \/>\n\t<meta property=\"og:image:type\" content=\"image\/png\" \/>\n<meta name=\"twitter:card\" content=\"summary_large_image\" \/>\n<meta name=\"twitter:label1\" content=\"Dur\u00e9e de lecture estim\u00e9e\" \/>\n\t<meta name=\"twitter:data1\" content=\"9 minutes\" \/>\n<script type=\"application\/ld+json\" class=\"yoast-schema-graph\">{\"@context\":\"https:\/\/schema.org\",\"@graph\":[{\"@type\":\"WebPage\",\"@id\":\"https:\/\/printwave.pl\/fr\/politique-de-confidentalite\/\",\"url\":\"https:\/\/printwave.pl\/fr\/politique-de-confidentalite\/\",\"name\":\"Politique de confidentalit\u00e9 | Printwave FR\",\"isPartOf\":{\"@id\":\"https:\/\/printwave.pl\/fr\/#website\"},\"datePublished\":\"2023-05-22T09:13:59+00:00\",\"dateModified\":\"2024-06-17T17:28:29+00:00\",\"breadcrumb\":{\"@id\":\"https:\/\/printwave.pl\/fr\/politique-de-confidentalite\/#breadcrumb\"},\"inLanguage\":\"fr-FR\",\"potentialAction\":[{\"@type\":\"ReadAction\",\"target\":[\"https:\/\/printwave.pl\/fr\/politique-de-confidentalite\/\"]}]},{\"@type\":\"BreadcrumbList\",\"@id\":\"https:\/\/printwave.pl\/fr\/politique-de-confidentalite\/#breadcrumb\",\"itemListElement\":[{\"@type\":\"ListItem\",\"position\":1,\"name\":\"Accueil\",\"item\":\"https:\/\/printwave.pl\/fr\/\"},{\"@type\":\"ListItem\",\"position\":2,\"name\":\"Politique de confidentalit\u00e9\"}]},{\"@type\":\"WebSite\",\"@id\":\"https:\/\/printwave.pl\/fr\/#website\",\"url\":\"https:\/\/printwave.pl\/fr\/\",\"name\":\"Printwave\",\"description\":\"Votre fournisseur de v\u00eatements promotionnels et d&#039;entreprise en Pologne\",\"potentialAction\":[{\"@type\":\"SearchAction\",\"target\":{\"@type\":\"EntryPoint\",\"urlTemplate\":\"https:\/\/printwave.pl\/fr\/?s={search_term_string}\"},\"query-input\":{\"@type\":\"PropertyValueSpecification\",\"valueRequired\":true,\"valueName\":\"search_term_string\"}}],\"inLanguage\":\"fr-FR\"}]}<\/script>\n<!-- \/ Yoast SEO Premium plugin. -->","yoast_head_json":{"title":"Politique de confidentalit\u00e9 | Printwave FR","robots":{"index":"index","follow":"follow","max-snippet":"max-snippet:-1","max-image-preview":"max-image-preview:large","max-video-preview":"max-video-preview:-1"},"canonical":"https:\/\/printwave.pl\/fr\/politique-de-confidentalite\/","og_locale":"fr_FR","og_type":"article","og_title":"Politique de confidentalit\u00e9","og_description":"[vc_row][vc_column][\/vc_column][\/vc_row]","og_url":"https:\/\/printwave.pl\/fr\/politique-de-confidentalite\/","og_site_name":"Printwave FR","article_modified_time":"2024-06-17T17:28:29+00:00","og_image":[{"width":1645,"height":297,"url":"https:\/\/printwave.pl\/fr\/wp-content\/uploads\/sites\/4\/2021\/07\/Print-Wave-logo-2025.png","type":"image\/png"}],"twitter_card":"summary_large_image","twitter_misc":{"Dur\u00e9e de lecture estim\u00e9e":"9 minutes"},"schema":{"@context":"https:\/\/schema.org","@graph":[{"@type":"WebPage","@id":"https:\/\/printwave.pl\/fr\/politique-de-confidentalite\/","url":"https:\/\/printwave.pl\/fr\/politique-de-confidentalite\/","name":"Politique de confidentalit\u00e9 | Printwave FR","isPartOf":{"@id":"https:\/\/printwave.pl\/fr\/#website"},"datePublished":"2023-05-22T09:13:59+00:00","dateModified":"2024-06-17T17:28:29+00:00","breadcrumb":{"@id":"https:\/\/printwave.pl\/fr\/politique-de-confidentalite\/#breadcrumb"},"inLanguage":"fr-FR","potentialAction":[{"@type":"ReadAction","target":["https:\/\/printwave.pl\/fr\/politique-de-confidentalite\/"]}]},{"@type":"BreadcrumbList","@id":"https:\/\/printwave.pl\/fr\/politique-de-confidentalite\/#breadcrumb","itemListElement":[{"@type":"ListItem","position":1,"name":"Accueil","item":"https:\/\/printwave.pl\/fr\/"},{"@type":"ListItem","position":2,"name":"Politique de confidentalit\u00e9"}]},{"@type":"WebSite","@id":"https:\/\/printwave.pl\/fr\/#website","url":"https:\/\/printwave.pl\/fr\/","name":"Printwave","description":"Votre fournisseur de v\u00eatements promotionnels et d&#039;entreprise en Pologne","potentialAction":[{"@type":"SearchAction","target":{"@type":"EntryPoint","urlTemplate":"https:\/\/printwave.pl\/fr\/?s={search_term_string}"},"query-input":{"@type":"PropertyValueSpecification","valueRequired":true,"valueName":"search_term_string"}}],"inLanguage":"fr-FR"}]}},"_links":{"self":[{"href":"https:\/\/printwave.pl\/fr\/wp-json\/wp\/v2\/pages\/9511","targetHints":{"allow":["GET"]}}],"collection":[{"href":"https:\/\/printwave.pl\/fr\/wp-json\/wp\/v2\/pages"}],"about":[{"href":"https:\/\/printwave.pl\/fr\/wp-json\/wp\/v2\/types\/page"}],"author":[{"embeddable":true,"href":"https:\/\/printwave.pl\/fr\/wp-json\/wp\/v2\/users\/1"}],"replies":[{"embeddable":true,"href":"https:\/\/printwave.pl\/fr\/wp-json\/wp\/v2\/comments?post=9511"}],"version-history":[{"count":2,"href":"https:\/\/printwave.pl\/fr\/wp-json\/wp\/v2\/pages\/9511\/revisions"}],"predecessor-version":[{"id":314988,"href":"https:\/\/printwave.pl\/fr\/wp-json\/wp\/v2\/pages\/9511\/revisions\/314988"}],"wp:attachment":[{"href":"https:\/\/printwave.pl\/fr\/wp-json\/wp\/v2\/media?parent=9511"}],"curies":[{"name":"wp","href":"https:\/\/api.w.org\/{rel}","templated":true}]}}