{"id":205366,"date":"2023-06-28T15:48:18","date_gmt":"2023-06-28T15:48:18","guid":{"rendered":"https:\/\/www.printwave.hmcloud.pl\/?page_id=205366"},"modified":"2024-06-17T19:16:12","modified_gmt":"2024-06-17T17:16:12","slug":"marquage-des-vetements","status":"publish","type":"page","link":"https:\/\/printwave.pl\/fr\/marquage-des-vetements\/","title":{"rendered":"Marquage des v\u00eatements"},"content":{"rendered":"<div class=\"wpb-content-wrapper\"><p>[vc_row][vc_column]\t\t<div id=\"wd-66706f4e11cb3\" class=\"wd-text-block wd-wpb reset-last-child wd-rs-66706f4e11cb3 text-left \">\n\t\t\t<p>Bonjour et bienvenue dans notre entreprise sp\u00e9cialis\u00e9e dans la vente de v\u00eatements et leur marquage ! Nous sommes fiers de fournir des v\u00eatements de haute qualit\u00e9 pour diff\u00e9rents secteurs et objectifs. Nous proposons un large choix de v\u00eatements r\u00e9fl\u00e9chissants et ordinaires, que vous pouvez personnaliser selon votre vision.<\/p>\n<p>Notre \u00e9quipe professionnelle est pr\u00eate \u00e0 vous aider \u00e0 choisir les v\u00eatements appropri\u00e9s et \u00e0 cr\u00e9er un marquage unique qui r\u00e9pondra \u00e0 vos besoins individuels. Que vous ayez besoin de t-shirts, de sweats ou d&rsquo;autres produits personnalis\u00e9s, nos services de marquage vous permettront de mettre en valeur votre marque, votre \u00e9quipe, votre \u00e9v\u00e9nement ou votre campagne.<\/p>\n<p>Pourquoi choisir notre entreprise ? Tout d&rsquo;abord, nous proposons des produits de haute qualit\u00e9 de fabricants renomm\u00e9s, garantissant durabilit\u00e9 et confort. Ensuite, notre expertise dans le domaine du marquage des v\u00eatements nous permet de cr\u00e9er des designs professionnels et esth\u00e9tiques. Enfin, nous nous engageons \u00e0 offrir un service personnalis\u00e9 \u00e0 chaque client, en fournissant des conseils et un soutien \u00e0 chaque \u00e9tape.<\/p>\n<p>Nous vous invitons \u00e0 d\u00e9couvrir notre gamme de v\u00eatements, comprenant une vari\u00e9t\u00e9 de mod\u00e8les et de tailles. Ensuite, profitez de nos services de marquage pour donner \u00e0 vos v\u00eatements une touche unique. Portez avec fiert\u00e9 des v\u00eatements qui repr\u00e9sentent votre marque ou expriment vos convictions.<\/p>\n<p>Contactez-nous d\u00e8s aujourd&rsquo;hui pour commencer \u00e0 collaborer. Notre \u00e9quipe se fera un plaisir de r\u00e9pondre \u00e0 vos questions, de vous conseiller et de vous proposer une offre adapt\u00e9e \u00e0 vos besoins. Rejoignez notre groupe de clients satisfaits et d\u00e9couvrez le professionnalisme et la qualit\u00e9 de nos services de marquage des v\u00eatements !<\/p>\n\t\t<\/div>\n\t\t[\/vc_column][\/vc_row]<\/p>\n<\/div>","protected":false},"excerpt":{"rendered":"<p>[vc_row][vc_column][\/vc_column][\/vc_row]<\/p>\n","protected":false},"author":1,"featured_media":0,"parent":0,"menu_order":0,"comment_status":"closed","ping_status":"closed","template":"","meta":{"footnotes":""},"class_list":["post-205366","page","type-page","status-publish","hentry"],"yoast_head":"<!-- This site is optimized with the Yoast SEO Premium plugin v20.9 (Yoast SEO v26.3) - https:\/\/yoast.com\/wordpress\/plugins\/seo\/ -->\n<title>Marquage des v\u00eatements | Printwave FR<\/title>\n<meta name=\"robots\" content=\"index, follow, max-snippet:-1, max-image-preview:large, max-video-preview:-1\" \/>\n<link rel=\"canonical\" href=\"https:\/\/printwave.pl\/fr\/marquage-des-vetements\/\" \/>\n<meta property=\"og:locale\" content=\"fr_FR\" \/>\n<meta property=\"og:type\" content=\"article\" \/>\n<meta property=\"og:title\" content=\"Marquage des v\u00eatements\" \/>\n<meta property=\"og:description\" content=\"[vc_row][vc_column][\/vc_column][\/vc_row]\" \/>\n<meta property=\"og:url\" content=\"https:\/\/printwave.pl\/fr\/marquage-des-vetements\/\" \/>\n<meta property=\"og:site_name\" content=\"Printwave FR\" \/>\n<meta property=\"article:modified_time\" content=\"2024-06-17T17:16:12+00:00\" \/>\n<meta property=\"og:image\" content=\"https:\/\/printwave.pl\/fr\/wp-content\/uploads\/sites\/4\/2021\/07\/Print-Wave-logo-2025.png\" \/>\n\t<meta property=\"og:image:width\" content=\"1645\" \/>\n\t<meta property=\"og:image:height\" content=\"297\" \/>\n\t<meta property=\"og:image:type\" content=\"image\/png\" \/>\n<meta name=\"twitter:card\" content=\"summary_large_image\" \/>\n<meta name=\"twitter:label1\" content=\"Dur\u00e9e de lecture estim\u00e9e\" \/>\n\t<meta name=\"twitter:data1\" content=\"2 minutes\" \/>\n<script type=\"application\/ld+json\" class=\"yoast-schema-graph\">{\"@context\":\"https:\/\/schema.org\",\"@graph\":[{\"@type\":\"WebPage\",\"@id\":\"https:\/\/printwave.pl\/fr\/marquage-des-vetements\/\",\"url\":\"https:\/\/printwave.pl\/fr\/marquage-des-vetements\/\",\"name\":\"Marquage des v\u00eatements | Printwave FR\",\"isPartOf\":{\"@id\":\"https:\/\/printwave.pl\/fr\/#website\"},\"datePublished\":\"2023-06-28T15:48:18+00:00\",\"dateModified\":\"2024-06-17T17:16:12+00:00\",\"breadcrumb\":{\"@id\":\"https:\/\/printwave.pl\/fr\/marquage-des-vetements\/#breadcrumb\"},\"inLanguage\":\"fr-FR\",\"potentialAction\":[{\"@type\":\"ReadAction\",\"target\":[\"https:\/\/printwave.pl\/fr\/marquage-des-vetements\/\"]}]},{\"@type\":\"BreadcrumbList\",\"@id\":\"https:\/\/printwave.pl\/fr\/marquage-des-vetements\/#breadcrumb\",\"itemListElement\":[{\"@type\":\"ListItem\",\"position\":1,\"name\":\"Accueil\",\"item\":\"https:\/\/printwave.pl\/fr\/\"},{\"@type\":\"ListItem\",\"position\":2,\"name\":\"Marquage des v\u00eatements\"}]},{\"@type\":\"WebSite\",\"@id\":\"https:\/\/printwave.pl\/fr\/#website\",\"url\":\"https:\/\/printwave.pl\/fr\/\",\"name\":\"Printwave\",\"description\":\"Votre fournisseur de v\u00eatements promotionnels et d&#039;entreprise en Pologne\",\"potentialAction\":[{\"@type\":\"SearchAction\",\"target\":{\"@type\":\"EntryPoint\",\"urlTemplate\":\"https:\/\/printwave.pl\/fr\/?s={search_term_string}\"},\"query-input\":{\"@type\":\"PropertyValueSpecification\",\"valueRequired\":true,\"valueName\":\"search_term_string\"}}],\"inLanguage\":\"fr-FR\"}]}<\/script>\n<!-- \/ Yoast SEO Premium plugin. -->","yoast_head_json":{"title":"Marquage des v\u00eatements | Printwave FR","robots":{"index":"index","follow":"follow","max-snippet":"max-snippet:-1","max-image-preview":"max-image-preview:large","max-video-preview":"max-video-preview:-1"},"canonical":"https:\/\/printwave.pl\/fr\/marquage-des-vetements\/","og_locale":"fr_FR","og_type":"article","og_title":"Marquage des v\u00eatements","og_description":"[vc_row][vc_column][\/vc_column][\/vc_row]","og_url":"https:\/\/printwave.pl\/fr\/marquage-des-vetements\/","og_site_name":"Printwave FR","article_modified_time":"2024-06-17T17:16:12+00:00","og_image":[{"width":1645,"height":297,"url":"https:\/\/printwave.pl\/fr\/wp-content\/uploads\/sites\/4\/2021\/07\/Print-Wave-logo-2025.png","type":"image\/png"}],"twitter_card":"summary_large_image","twitter_misc":{"Dur\u00e9e de lecture estim\u00e9e":"2 minutes"},"schema":{"@context":"https:\/\/schema.org","@graph":[{"@type":"WebPage","@id":"https:\/\/printwave.pl\/fr\/marquage-des-vetements\/","url":"https:\/\/printwave.pl\/fr\/marquage-des-vetements\/","name":"Marquage des v\u00eatements | Printwave FR","isPartOf":{"@id":"https:\/\/printwave.pl\/fr\/#website"},"datePublished":"2023-06-28T15:48:18+00:00","dateModified":"2024-06-17T17:16:12+00:00","breadcrumb":{"@id":"https:\/\/printwave.pl\/fr\/marquage-des-vetements\/#breadcrumb"},"inLanguage":"fr-FR","potentialAction":[{"@type":"ReadAction","target":["https:\/\/printwave.pl\/fr\/marquage-des-vetements\/"]}]},{"@type":"BreadcrumbList","@id":"https:\/\/printwave.pl\/fr\/marquage-des-vetements\/#breadcrumb","itemListElement":[{"@type":"ListItem","position":1,"name":"Accueil","item":"https:\/\/printwave.pl\/fr\/"},{"@type":"ListItem","position":2,"name":"Marquage des v\u00eatements"}]},{"@type":"WebSite","@id":"https:\/\/printwave.pl\/fr\/#website","url":"https:\/\/printwave.pl\/fr\/","name":"Printwave","description":"Votre fournisseur de v\u00eatements promotionnels et d&#039;entreprise en Pologne","potentialAction":[{"@type":"SearchAction","target":{"@type":"EntryPoint","urlTemplate":"https:\/\/printwave.pl\/fr\/?s={search_term_string}"},"query-input":{"@type":"PropertyValueSpecification","valueRequired":true,"valueName":"search_term_string"}}],"inLanguage":"fr-FR"}]}},"_links":{"self":[{"href":"https:\/\/printwave.pl\/fr\/wp-json\/wp\/v2\/pages\/205366","targetHints":{"allow":["GET"]}}],"collection":[{"href":"https:\/\/printwave.pl\/fr\/wp-json\/wp\/v2\/pages"}],"about":[{"href":"https:\/\/printwave.pl\/fr\/wp-json\/wp\/v2\/types\/page"}],"author":[{"embeddable":true,"href":"https:\/\/printwave.pl\/fr\/wp-json\/wp\/v2\/users\/1"}],"replies":[{"embeddable":true,"href":"https:\/\/printwave.pl\/fr\/wp-json\/wp\/v2\/comments?post=205366"}],"version-history":[{"count":1,"href":"https:\/\/printwave.pl\/fr\/wp-json\/wp\/v2\/pages\/205366\/revisions"}],"predecessor-version":[{"id":314972,"href":"https:\/\/printwave.pl\/fr\/wp-json\/wp\/v2\/pages\/205366\/revisions\/314972"}],"wp:attachment":[{"href":"https:\/\/printwave.pl\/fr\/wp-json\/wp\/v2\/media?parent=205366"}],"curies":[{"name":"wp","href":"https:\/\/api.w.org\/{rel}","templated":true}]}}