{"id":179467,"date":"2023-06-08T12:30:42","date_gmt":"2023-06-08T12:30:42","guid":{"rendered":"https:\/\/www.printwave.hmcloud.pl\/?page_id=179467"},"modified":"2024-06-17T19:18:43","modified_gmt":"2024-06-17T17:18:43","slug":"etiquettes-personnalisees","status":"publish","type":"page","link":"https:\/\/printwave.pl\/fr\/etiquettes-personnalisees\/","title":{"rendered":"\u00c9tiquettes personnalis\u00e9es"},"content":{"rendered":"<div class=\"wpb-content-wrapper\"><p>[vc_row][vc_column]\t\t<div id=\"wd-66706fd72e97a\" class=\"wd-text-block wd-wpb reset-last-child wd-rs-66706fd72e97a text-left \">\n\t\t\t<p>Les \u00e9tiquettes de v\u00eatements sont un \u00e9l\u00e9ment important de chaque v\u00eatement. Elles fournissent non seulement des informations sur la composition du mat\u00e9riau et les instructions de lavage, mais servent \u00e9galement un r\u00f4le visuel, de branding et marketing. Il existe plusieurs types d&rsquo;\u00e9tiquettes de v\u00eatements, chacune ayant son propre but et fonctionnalit\u00e9. Voici quelques types populaires d&rsquo;\u00e9tiquettes de v\u00eatements :<\/p>\n<ul>\n<li>\u00c9tiquettes informatives : Il s&rsquo;agit des \u00e9tiquettes de base contenant des informations essentielles telles que la composition du mat\u00e9riau, les instructions de lavage, la taille, le fabricant et le pays de fabrication. Elles sont importantes pour les consommateurs qui souhaitent avoir une connaissance compl\u00e8te du produit.<\/li>\n<li>\u00c9tiquettes avec logo et de branding : Ces \u00e9tiquettes sont utilis\u00e9es pour promouvoir la marque et renforcer sa reconnaissance. Elles contiennent g\u00e9n\u00e9ralement le logo de l&rsquo;entreprise, le nom de la marque ou un motif unique identifiant le produit comme faisant partie d&rsquo;une collection sp\u00e9cifique ou d&rsquo;une ligne de v\u00eatements.<\/li>\n<li>\u00c9tiquettes avec codes-barres : Ces \u00e9tiquettes contiennent un code-barres ou un QR code permettant aux clients de les scanner \u00e0 l&rsquo;aide d&rsquo;une application mobile ou d&rsquo;un lecteur de codes. Cela permet d&rsquo;obtenir des informations suppl\u00e9mentaires sur le produit, son historique de production ou de partager des contenus promotionnels.<\/li>\n<li>\u00c9tiquettes avec instructions d&rsquo;utilisation : Il s&rsquo;agit d&rsquo;\u00e9tiquettes contenant des instructions sur l&rsquo;utilisation et l&rsquo;entretien corrects des v\u00eatements. Elles peuvent inclure des informations sur la temp\u00e9rature de lavage, le repassage, le nettoyage \u00e0 sec et d&rsquo;autres conseils importants.<\/li>\n<li>\u00c9tiquettes avec certificats et normes : Pour certains types de v\u00eatements tels que les v\u00eatements de sport, pour enfants ou biologiques, les \u00e9tiquettes peuvent contenir des certificats et des marques de conformit\u00e9 \u00e0 des normes de qualit\u00e9, de s\u00e9curit\u00e9 ou de production \u00e9cologique sp\u00e9cifiques.<\/li>\n<li>\u00c9tiquettes de taille : Il s&rsquo;agit d&rsquo;\u00e9tiquettes indiquant la taille des v\u00eatements. Elles peuvent \u00eatre pr\u00e9sent\u00e9es sous diff\u00e9rentes formes telles que des lettres, des chiffres, des symboles ou m\u00eame des graphiques.<\/li>\n<li>\u00c9tiquettes avec instructions de retour : Pour certains produits, les \u00e9tiquettes peuvent contenir des informations sur la proc\u00e9dure de retour ou d&rsquo;\u00e9change des articles, telles que les d\u00e9lais, les conditions et les instructions.<\/li>\n<li>Il est important que les \u00e9tiquettes de v\u00eatements soient lisibles, durables et esth\u00e9tiques. Elles peuvent \u00eatre fabriqu\u00e9es \u00e0 partir de diff\u00e9rents mat\u00e9riaux tels que le papier, le tissu, le plastique ou le cuir, en fonction des pr\u00e9f\u00e9rences et du style de la marque.<\/li>\n<\/ul>\n<p>Le choix du bon type d&rsquo;\u00e9tiquettes de v\u00eatements d\u00e9pend des objectifs de la marque, du type de produits et des pr\u00e9f\u00e9rences des clients. Une bonne \u00e9tiquette de v\u00eatement peut renforcer l&rsquo;image de marque, fournir des informations aux consommateurs et contribuer \u00e0 la fid\u00e9lisation.<\/p>\n<p>Notre exp\u00e9rience est l\u00e0 pour vous conseiller sur le bon choix de mat\u00e9riau pour vos \u00e9tiquettes, n&rsquo;h\u00e9sitez pas \u00e0 utiliser nos conseils !<\/p>\n<p>Nous proposons les types d&rsquo;\u00e9tiquettes suivants :<\/p>\n\t\t<\/div>\n\t\t[vc_single_image image=\u00a0\u00bb205730&Prime; img_size=\u00a0\u00bbfull\u00a0\u00bb parallax_scroll=\u00a0\u00bbno\u00a0\u00bb woodmart_inline=\u00a0\u00bbno\u00a0\u00bb][\/vc_column][\/vc_row]<\/p>\n<\/div>","protected":false},"excerpt":{"rendered":"<p>[vc_row][vc_column][vc_single_image image=\u00a0\u00bb205730&Prime; img_size=\u00a0\u00bbfull\u00a0\u00bb parallax_scroll=\u00a0\u00bbno\u00a0\u00bb woodmart_inline=\u00a0\u00bbno\u00a0\u00bb][\/vc_column][\/vc_row]<\/p>\n","protected":false},"author":1,"featured_media":0,"parent":0,"menu_order":0,"comment_status":"closed","ping_status":"closed","template":"","meta":{"footnotes":""},"class_list":["post-179467","page","type-page","status-publish","hentry"],"yoast_head":"<!-- This site is optimized with the Yoast SEO Premium plugin v20.9 (Yoast SEO v26.3) - https:\/\/yoast.com\/wordpress\/plugins\/seo\/ -->\n<title>\u00c9tiquettes personnalis\u00e9es | Printwave FR<\/title>\n<meta name=\"robots\" content=\"index, follow, max-snippet:-1, max-image-preview:large, max-video-preview:-1\" \/>\n<link rel=\"canonical\" href=\"https:\/\/printwave.pl\/fr\/etiquettes-personnalisees\/\" \/>\n<meta property=\"og:locale\" content=\"fr_FR\" \/>\n<meta property=\"og:type\" content=\"article\" \/>\n<meta property=\"og:title\" content=\"\u00c9tiquettes personnalis\u00e9es\" \/>\n<meta property=\"og:description\" content=\"[vc_row][vc_column][vc_single_image image=\u00a0\u00bb205730&Prime; img_size=\u00a0\u00bbfull\u00a0\u00bb parallax_scroll=\u00a0\u00bbno\u00a0\u00bb woodmart_inline=\u00a0\u00bbno\u00a0\u00bb][\/vc_column][\/vc_row]\" \/>\n<meta property=\"og:url\" content=\"https:\/\/printwave.pl\/fr\/etiquettes-personnalisees\/\" \/>\n<meta property=\"og:site_name\" content=\"Printwave FR\" \/>\n<meta property=\"article:modified_time\" content=\"2024-06-17T17:18:43+00:00\" \/>\n<meta property=\"og:image\" content=\"https:\/\/printwave.pl\/fr\/wp-content\/uploads\/sites\/4\/2021\/07\/Print-Wave-logo-2025.png\" \/>\n\t<meta property=\"og:image:width\" content=\"1645\" \/>\n\t<meta property=\"og:image:height\" content=\"297\" \/>\n\t<meta property=\"og:image:type\" content=\"image\/png\" \/>\n<meta name=\"twitter:card\" content=\"summary_large_image\" \/>\n<meta name=\"twitter:label1\" content=\"Dur\u00e9e de lecture estim\u00e9e\" \/>\n\t<meta name=\"twitter:data1\" content=\"3 minutes\" \/>\n<script type=\"application\/ld+json\" class=\"yoast-schema-graph\">{\"@context\":\"https:\/\/schema.org\",\"@graph\":[{\"@type\":\"WebPage\",\"@id\":\"https:\/\/printwave.pl\/fr\/etiquettes-personnalisees\/\",\"url\":\"https:\/\/printwave.pl\/fr\/etiquettes-personnalisees\/\",\"name\":\"\u00c9tiquettes personnalis\u00e9es | Printwave FR\",\"isPartOf\":{\"@id\":\"https:\/\/printwave.pl\/fr\/#website\"},\"datePublished\":\"2023-06-08T12:30:42+00:00\",\"dateModified\":\"2024-06-17T17:18:43+00:00\",\"breadcrumb\":{\"@id\":\"https:\/\/printwave.pl\/fr\/etiquettes-personnalisees\/#breadcrumb\"},\"inLanguage\":\"fr-FR\",\"potentialAction\":[{\"@type\":\"ReadAction\",\"target\":[\"https:\/\/printwave.pl\/fr\/etiquettes-personnalisees\/\"]}]},{\"@type\":\"BreadcrumbList\",\"@id\":\"https:\/\/printwave.pl\/fr\/etiquettes-personnalisees\/#breadcrumb\",\"itemListElement\":[{\"@type\":\"ListItem\",\"position\":1,\"name\":\"Accueil\",\"item\":\"https:\/\/printwave.pl\/fr\/\"},{\"@type\":\"ListItem\",\"position\":2,\"name\":\"\u00c9tiquettes personnalis\u00e9es\"}]},{\"@type\":\"WebSite\",\"@id\":\"https:\/\/printwave.pl\/fr\/#website\",\"url\":\"https:\/\/printwave.pl\/fr\/\",\"name\":\"Printwave\",\"description\":\"Votre fournisseur de v\u00eatements promotionnels et d&#039;entreprise en Pologne\",\"potentialAction\":[{\"@type\":\"SearchAction\",\"target\":{\"@type\":\"EntryPoint\",\"urlTemplate\":\"https:\/\/printwave.pl\/fr\/?s={search_term_string}\"},\"query-input\":{\"@type\":\"PropertyValueSpecification\",\"valueRequired\":true,\"valueName\":\"search_term_string\"}}],\"inLanguage\":\"fr-FR\"}]}<\/script>\n<!-- \/ Yoast SEO Premium plugin. -->","yoast_head_json":{"title":"\u00c9tiquettes personnalis\u00e9es | Printwave FR","robots":{"index":"index","follow":"follow","max-snippet":"max-snippet:-1","max-image-preview":"max-image-preview:large","max-video-preview":"max-video-preview:-1"},"canonical":"https:\/\/printwave.pl\/fr\/etiquettes-personnalisees\/","og_locale":"fr_FR","og_type":"article","og_title":"\u00c9tiquettes personnalis\u00e9es","og_description":"[vc_row][vc_column][vc_single_image image=\u00a0\u00bb205730&Prime; img_size=\u00a0\u00bbfull\u00a0\u00bb parallax_scroll=\u00a0\u00bbno\u00a0\u00bb woodmart_inline=\u00a0\u00bbno\u00a0\u00bb][\/vc_column][\/vc_row]","og_url":"https:\/\/printwave.pl\/fr\/etiquettes-personnalisees\/","og_site_name":"Printwave FR","article_modified_time":"2024-06-17T17:18:43+00:00","og_image":[{"width":1645,"height":297,"url":"https:\/\/printwave.pl\/fr\/wp-content\/uploads\/sites\/4\/2021\/07\/Print-Wave-logo-2025.png","type":"image\/png"}],"twitter_card":"summary_large_image","twitter_misc":{"Dur\u00e9e de lecture estim\u00e9e":"3 minutes"},"schema":{"@context":"https:\/\/schema.org","@graph":[{"@type":"WebPage","@id":"https:\/\/printwave.pl\/fr\/etiquettes-personnalisees\/","url":"https:\/\/printwave.pl\/fr\/etiquettes-personnalisees\/","name":"\u00c9tiquettes personnalis\u00e9es | Printwave FR","isPartOf":{"@id":"https:\/\/printwave.pl\/fr\/#website"},"datePublished":"2023-06-08T12:30:42+00:00","dateModified":"2024-06-17T17:18:43+00:00","breadcrumb":{"@id":"https:\/\/printwave.pl\/fr\/etiquettes-personnalisees\/#breadcrumb"},"inLanguage":"fr-FR","potentialAction":[{"@type":"ReadAction","target":["https:\/\/printwave.pl\/fr\/etiquettes-personnalisees\/"]}]},{"@type":"BreadcrumbList","@id":"https:\/\/printwave.pl\/fr\/etiquettes-personnalisees\/#breadcrumb","itemListElement":[{"@type":"ListItem","position":1,"name":"Accueil","item":"https:\/\/printwave.pl\/fr\/"},{"@type":"ListItem","position":2,"name":"\u00c9tiquettes personnalis\u00e9es"}]},{"@type":"WebSite","@id":"https:\/\/printwave.pl\/fr\/#website","url":"https:\/\/printwave.pl\/fr\/","name":"Printwave","description":"Votre fournisseur de v\u00eatements promotionnels et d&#039;entreprise en Pologne","potentialAction":[{"@type":"SearchAction","target":{"@type":"EntryPoint","urlTemplate":"https:\/\/printwave.pl\/fr\/?s={search_term_string}"},"query-input":{"@type":"PropertyValueSpecification","valueRequired":true,"valueName":"search_term_string"}}],"inLanguage":"fr-FR"}]}},"_links":{"self":[{"href":"https:\/\/printwave.pl\/fr\/wp-json\/wp\/v2\/pages\/179467","targetHints":{"allow":["GET"]}}],"collection":[{"href":"https:\/\/printwave.pl\/fr\/wp-json\/wp\/v2\/pages"}],"about":[{"href":"https:\/\/printwave.pl\/fr\/wp-json\/wp\/v2\/types\/page"}],"author":[{"embeddable":true,"href":"https:\/\/printwave.pl\/fr\/wp-json\/wp\/v2\/users\/1"}],"replies":[{"embeddable":true,"href":"https:\/\/printwave.pl\/fr\/wp-json\/wp\/v2\/comments?post=179467"}],"version-history":[{"count":2,"href":"https:\/\/printwave.pl\/fr\/wp-json\/wp\/v2\/pages\/179467\/revisions"}],"predecessor-version":[{"id":314975,"href":"https:\/\/printwave.pl\/fr\/wp-json\/wp\/v2\/pages\/179467\/revisions\/314975"}],"wp:attachment":[{"href":"https:\/\/printwave.pl\/fr\/wp-json\/wp\/v2\/media?parent=179467"}],"curies":[{"name":"wp","href":"https:\/\/api.w.org\/{rel}","templated":true}]}}