{"id":486946,"date":"2026-02-09T16:24:41","date_gmt":"2026-02-09T15:24:41","guid":{"rendered":"https:\/\/printwave.pl\/de\/produkt\/accelerate-cap\/"},"modified":"2026-02-20T07:39:06","modified_gmt":"2026-02-20T06:39:06","slug":"accelerate-cap","status":"publish","type":"product","link":"https:\/\/printwave.pl\/de\/produkt\/accelerate-cap\/","title":{"rendered":"Accelerate Cap"},"content":{"rendered":"<p>\u00b7189 g\/m\u00b2<br \/>\n\u00b7100 % Polyester, recycelt<br \/>\n\u00b7Futter: 100 % Polyester<br \/>\n\u00b7Lasergeschnittene Perforation der R\u00fcckenpartien mit farbiger Einfassung<br \/>\n\u00b7Feuchtigkeitsableitendes, ultraweiches Schwei\u00dfband sorgt f\u00fcr ganzt\u00e4gigen Tragekomfort<br \/>\n\u00b75-Panel-Design<br \/>\n\u00b7Strukturierte Frontpartien<br \/>\n\u00b7Vorgebogener Schirm<br \/>\n\u00b7Kontrastierender Farbsandwich-Schirm<br \/>\n\u00b7TreadSnap-Gr\u00f6\u00dfenversteller<br \/>\n\u00b7TearAway-Etikett, leicht umzuetikettieren.<\/p>\n","protected":false},"excerpt":{"rendered":"<p>\u00b7189 g\/m\u00b2 \u00b7100 % Polyester, recycelt \u00b7Futter: 100 % Polyester \u00b7Lasergeschnittene Perforation der R\u00fcckenpartien mit farbiger Einfassung \u00b7Feuchtigkeitsableitendes, ultraweiches Schwei\u00dfband<\/p>\n","protected":false},"featured_media":486942,"comment_status":"open","ping_status":"closed","template":"","meta":[],"product_brand":[],"product_cat":[7685,7686],"product_tag":[],"class_list":{"0":"post-486946","1":"product","2":"type-product","3":"status-publish","4":"has-post-thumbnail","6":"product_cat-caps-hats","7":"product_cat-neu-2026","8":"pa_brand-beechfield","9":"pa_color-black-red","10":"pa_color-black-white","11":"pa_color-navy-white","12":"pa_color-white-black","13":"pa_eco-recycelt","14":"pa_fabric-recycleds","15":"pa_gender-unisex","16":"pa_product-group-caps","17":"pa_size-one-size","18":"pa_stil-nummer-7807","19":"pa_weight-170-199-g-m","21":"first","22":"instock","23":"taxable","24":"shipping-taxable","25":"purchasable","26":"product-type-variable"},"yoast_head":"<!-- This site is optimized with the Yoast SEO Premium plugin v20.9 (Yoast SEO v26.3) - https:\/\/yoast.com\/wordpress\/plugins\/seo\/ -->\n<title>Accelerate Cap | Printwave DE<\/title>\n<meta name=\"robots\" content=\"index, follow, max-snippet:-1, max-image-preview:large, max-video-preview:-1\" \/>\n<link rel=\"canonical\" href=\"https:\/\/printwave.pl\/de\/produkt\/accelerate-cap\/\" \/>\n<meta property=\"og:locale\" content=\"de_DE\" \/>\n<meta property=\"og:type\" content=\"article\" \/>\n<meta property=\"og:title\" content=\"Accelerate Cap\" \/>\n<meta property=\"og:description\" content=\"\u00b7189 g\/m\u00b2 \u00b7100 % Polyester, recycelt \u00b7Futter: 100 % Polyester \u00b7Lasergeschnittene Perforation der R\u00fcckenpartien mit farbiger Einfassung \u00b7Feuchtigkeitsableitendes, ultraweiches Schwei\u00dfband\" \/>\n<meta property=\"og:url\" content=\"https:\/\/printwave.pl\/de\/produkt\/accelerate-cap\/\" \/>\n<meta property=\"og:site_name\" content=\"Printwave DE\" \/>\n<meta property=\"article:modified_time\" content=\"2026-02-20T06:39:06+00:00\" \/>\n<meta property=\"og:image\" content=\"https:\/\/printwave.pl\/de\/wp-content\/uploads\/sites\/3\/2025\/03\/Print-Wave-logo-2025.png\" \/>\n\t<meta property=\"og:image:width\" content=\"1645\" \/>\n\t<meta property=\"og:image:height\" content=\"297\" \/>\n\t<meta property=\"og:image:type\" content=\"image\/png\" \/>\n<meta name=\"twitter:card\" content=\"summary_large_image\" \/>\n<script type=\"application\/ld+json\" class=\"yoast-schema-graph\">{\"@context\":\"https:\/\/schema.org\",\"@graph\":[{\"@type\":\"WebPage\",\"@id\":\"https:\/\/printwave.pl\/de\/produkt\/accelerate-cap\/\",\"url\":\"https:\/\/printwave.pl\/de\/produkt\/accelerate-cap\/\",\"name\":\"Accelerate Cap | Printwave DE\",\"isPartOf\":{\"@id\":\"https:\/\/printwave.pl\/de\/#website\"},\"primaryImageOfPage\":{\"@id\":\"https:\/\/printwave.pl\/de\/produkt\/accelerate-cap\/#primaryimage\"},\"image\":{\"@id\":\"https:\/\/printwave.pl\/de\/produkt\/accelerate-cap\/#primaryimage\"},\"thumbnailUrl\":\"https:\/\/printwave.pl\/de\/wp-content\/uploads\/sites\/3\/2026\/02\/169_69_056_f-2026_01.jpg\",\"datePublished\":\"2026-02-09T15:24:41+00:00\",\"dateModified\":\"2026-02-20T06:39:06+00:00\",\"breadcrumb\":{\"@id\":\"https:\/\/printwave.pl\/de\/produkt\/accelerate-cap\/#breadcrumb\"},\"inLanguage\":\"de\",\"potentialAction\":[{\"@type\":\"ReadAction\",\"target\":[\"https:\/\/printwave.pl\/de\/produkt\/accelerate-cap\/\"]}]},{\"@type\":\"ImageObject\",\"inLanguage\":\"de\",\"@id\":\"https:\/\/printwave.pl\/de\/produkt\/accelerate-cap\/#primaryimage\",\"url\":\"https:\/\/printwave.pl\/de\/wp-content\/uploads\/sites\/3\/2026\/02\/169_69_056_f-2026_01.jpg\",\"contentUrl\":\"https:\/\/printwave.pl\/de\/wp-content\/uploads\/sites\/3\/2026\/02\/169_69_056_f-2026_01.jpg\",\"width\":1024,\"height\":1304},{\"@type\":\"BreadcrumbList\",\"@id\":\"https:\/\/printwave.pl\/de\/produkt\/accelerate-cap\/#breadcrumb\",\"itemListElement\":[{\"@type\":\"ListItem\",\"position\":1,\"name\":\"Strona g\u0142\u00f3wna\",\"item\":\"https:\/\/printwave.pl\/de\/\"},{\"@type\":\"ListItem\",\"position\":2,\"name\":\"Shop\",\"item\":\"https:\/\/printwave.pl\/de\/shop\/\"},{\"@type\":\"ListItem\",\"position\":3,\"name\":\"Accelerate Cap\"}]},{\"@type\":\"WebSite\",\"@id\":\"https:\/\/printwave.pl\/de\/#website\",\"url\":\"https:\/\/printwave.pl\/de\/\",\"name\":\"Printwave DE\",\"description\":\"\",\"potentialAction\":[{\"@type\":\"SearchAction\",\"target\":{\"@type\":\"EntryPoint\",\"urlTemplate\":\"https:\/\/printwave.pl\/de\/?s={search_term_string}\"},\"query-input\":{\"@type\":\"PropertyValueSpecification\",\"valueRequired\":true,\"valueName\":\"search_term_string\"}}],\"inLanguage\":\"de\"}]}<\/script>\n<!-- \/ Yoast SEO Premium plugin. -->","yoast_head_json":{"title":"Accelerate Cap | Printwave DE","robots":{"index":"index","follow":"follow","max-snippet":"max-snippet:-1","max-image-preview":"max-image-preview:large","max-video-preview":"max-video-preview:-1"},"canonical":"https:\/\/printwave.pl\/de\/produkt\/accelerate-cap\/","og_locale":"de_DE","og_type":"article","og_title":"Accelerate Cap","og_description":"\u00b7189 g\/m\u00b2 \u00b7100 % Polyester, recycelt \u00b7Futter: 100 % Polyester \u00b7Lasergeschnittene Perforation der R\u00fcckenpartien mit farbiger Einfassung \u00b7Feuchtigkeitsableitendes, ultraweiches Schwei\u00dfband","og_url":"https:\/\/printwave.pl\/de\/produkt\/accelerate-cap\/","og_site_name":"Printwave DE","article_modified_time":"2026-02-20T06:39:06+00:00","og_image":[{"width":1645,"height":297,"url":"https:\/\/printwave.pl\/de\/wp-content\/uploads\/sites\/3\/2025\/03\/Print-Wave-logo-2025.png","type":"image\/png"}],"twitter_card":"summary_large_image","schema":{"@context":"https:\/\/schema.org","@graph":[{"@type":"WebPage","@id":"https:\/\/printwave.pl\/de\/produkt\/accelerate-cap\/","url":"https:\/\/printwave.pl\/de\/produkt\/accelerate-cap\/","name":"Accelerate Cap | Printwave DE","isPartOf":{"@id":"https:\/\/printwave.pl\/de\/#website"},"primaryImageOfPage":{"@id":"https:\/\/printwave.pl\/de\/produkt\/accelerate-cap\/#primaryimage"},"image":{"@id":"https:\/\/printwave.pl\/de\/produkt\/accelerate-cap\/#primaryimage"},"thumbnailUrl":"https:\/\/printwave.pl\/de\/wp-content\/uploads\/sites\/3\/2026\/02\/169_69_056_f-2026_01.jpg","datePublished":"2026-02-09T15:24:41+00:00","dateModified":"2026-02-20T06:39:06+00:00","breadcrumb":{"@id":"https:\/\/printwave.pl\/de\/produkt\/accelerate-cap\/#breadcrumb"},"inLanguage":"de","potentialAction":[{"@type":"ReadAction","target":["https:\/\/printwave.pl\/de\/produkt\/accelerate-cap\/"]}]},{"@type":"ImageObject","inLanguage":"de","@id":"https:\/\/printwave.pl\/de\/produkt\/accelerate-cap\/#primaryimage","url":"https:\/\/printwave.pl\/de\/wp-content\/uploads\/sites\/3\/2026\/02\/169_69_056_f-2026_01.jpg","contentUrl":"https:\/\/printwave.pl\/de\/wp-content\/uploads\/sites\/3\/2026\/02\/169_69_056_f-2026_01.jpg","width":1024,"height":1304},{"@type":"BreadcrumbList","@id":"https:\/\/printwave.pl\/de\/produkt\/accelerate-cap\/#breadcrumb","itemListElement":[{"@type":"ListItem","position":1,"name":"Strona g\u0142\u00f3wna","item":"https:\/\/printwave.pl\/de\/"},{"@type":"ListItem","position":2,"name":"Shop","item":"https:\/\/printwave.pl\/de\/shop\/"},{"@type":"ListItem","position":3,"name":"Accelerate Cap"}]},{"@type":"WebSite","@id":"https:\/\/printwave.pl\/de\/#website","url":"https:\/\/printwave.pl\/de\/","name":"Printwave DE","description":"","potentialAction":[{"@type":"SearchAction","target":{"@type":"EntryPoint","urlTemplate":"https:\/\/printwave.pl\/de\/?s={search_term_string}"},"query-input":{"@type":"PropertyValueSpecification","valueRequired":true,"valueName":"search_term_string"}}],"inLanguage":"de"}]}},"_links":{"self":[{"href":"https:\/\/printwave.pl\/de\/wp-json\/wp\/v2\/product\/486946","targetHints":{"allow":["GET"]}}],"collection":[{"href":"https:\/\/printwave.pl\/de\/wp-json\/wp\/v2\/product"}],"about":[{"href":"https:\/\/printwave.pl\/de\/wp-json\/wp\/v2\/types\/product"}],"replies":[{"embeddable":true,"href":"https:\/\/printwave.pl\/de\/wp-json\/wp\/v2\/comments?post=486946"}],"wp:featuredmedia":[{"embeddable":true,"href":"https:\/\/printwave.pl\/de\/wp-json\/wp\/v2\/media\/486942"}],"wp:attachment":[{"href":"https:\/\/printwave.pl\/de\/wp-json\/wp\/v2\/media?parent=486946"}],"wp:term":[{"taxonomy":"product_brand","embeddable":true,"href":"https:\/\/printwave.pl\/de\/wp-json\/wp\/v2\/product_brand?post=486946"},{"taxonomy":"product_cat","embeddable":true,"href":"https:\/\/printwave.pl\/de\/wp-json\/wp\/v2\/product_cat?post=486946"},{"taxonomy":"product_tag","embeddable":true,"href":"https:\/\/printwave.pl\/de\/wp-json\/wp\/v2\/product_tag?post=486946"}],"curies":[{"name":"wp","href":"https:\/\/api.w.org\/{rel}","templated":true}]}}