{"id":486924,"date":"2026-02-09T16:20:36","date_gmt":"2026-02-09T15:20:36","guid":{"rendered":"https:\/\/printwave.pl\/de\/produkt\/match-day-cap\/"},"modified":"2026-02-20T07:38:01","modified_gmt":"2026-02-20T06:38:01","slug":"match-day-cap","status":"publish","type":"product","link":"https:\/\/printwave.pl\/de\/produkt\/match-day-cap\/","title":{"rendered":"Match Day Cap"},"content":{"rendered":"<p>\u00b7165 g\/m\u00b2<br \/>\n\u00b7100 % Polyester, recycelt<br \/>\n\u00b7Silikondruckdetails<br \/>\n\u00b7Feuchtigkeitsableitendes, ultraweiches Schwei\u00dfband sorgt f\u00fcr ganzt\u00e4gigen Tragekomfort<br \/>\n\u00b76-Panel-Design<br \/>\n\u00b7Strukturierte Frontpartien<br \/>\n\u00b7Vorabgebogener Schirm<br \/>\n\u00b7Gen\u00e4hte Luft\u00f6sen<br \/>\n\u00b7Armband aus dem gleichen Material mit Tri-Glide-Schlie\u00dfe<br \/>\n\u00b7TearAway-Etikett, leicht umzuetikettieren.<\/p>\n","protected":false},"excerpt":{"rendered":"<p>\u00b7165 g\/m\u00b2 \u00b7100 % Polyester, recycelt \u00b7Silikondruckdetails \u00b7Feuchtigkeitsableitendes, ultraweiches Schwei\u00dfband sorgt f\u00fcr ganzt\u00e4gigen Tragekomfort \u00b76-Panel-Design \u00b7Strukturierte Frontpartien \u00b7Vorabgebogener Schirm \u00b7Gen\u00e4hte<\/p>\n","protected":false},"featured_media":486918,"comment_status":"open","ping_status":"closed","template":"","meta":[],"product_brand":[],"product_cat":[7685,7686],"product_tag":[],"class_list":{"0":"post-486924","1":"product","2":"type-product","3":"status-publish","4":"has-post-thumbnail","6":"product_cat-caps-hats","7":"product_cat-neu-2026","8":"pa_brand-beechfield","9":"pa_color-black-kelly-green","10":"pa_color-black-red","11":"pa_color-black-white","12":"pa_color-gunmetal-grey-black","13":"pa_color-navy-sky","14":"pa_color-white-black","15":"pa_eco-recycelt","16":"pa_fabric-recycleds","17":"pa_gender-unisex","18":"pa_product-group-caps","19":"pa_size-one-size","20":"pa_stil-nummer-7805","21":"pa_weight-140-169-g-m","23":"first","24":"instock","25":"taxable","26":"shipping-taxable","27":"purchasable","28":"product-type-variable"},"yoast_head":"<!-- This site is optimized with the Yoast SEO Premium plugin v20.9 (Yoast SEO v26.3) - https:\/\/yoast.com\/wordpress\/plugins\/seo\/ -->\n<title>Match Day Cap | Printwave DE<\/title>\n<meta name=\"robots\" content=\"index, follow, max-snippet:-1, max-image-preview:large, max-video-preview:-1\" \/>\n<link rel=\"canonical\" href=\"https:\/\/printwave.pl\/de\/produkt\/match-day-cap\/\" \/>\n<meta property=\"og:locale\" content=\"de_DE\" \/>\n<meta property=\"og:type\" content=\"article\" \/>\n<meta property=\"og:title\" content=\"Match Day Cap\" \/>\n<meta property=\"og:description\" content=\"\u00b7165 g\/m\u00b2 \u00b7100 % Polyester, recycelt \u00b7Silikondruckdetails \u00b7Feuchtigkeitsableitendes, ultraweiches Schwei\u00dfband sorgt f\u00fcr ganzt\u00e4gigen Tragekomfort \u00b76-Panel-Design \u00b7Strukturierte Frontpartien \u00b7Vorabgebogener Schirm \u00b7Gen\u00e4hte\" \/>\n<meta property=\"og:url\" content=\"https:\/\/printwave.pl\/de\/produkt\/match-day-cap\/\" \/>\n<meta property=\"og:site_name\" content=\"Printwave DE\" \/>\n<meta property=\"article:modified_time\" content=\"2026-02-20T06:38:01+00:00\" \/>\n<meta property=\"og:image\" content=\"https:\/\/printwave.pl\/de\/wp-content\/uploads\/sites\/3\/2025\/03\/Print-Wave-logo-2025.png\" \/>\n\t<meta property=\"og:image:width\" content=\"1645\" \/>\n\t<meta property=\"og:image:height\" content=\"297\" \/>\n\t<meta property=\"og:image:type\" content=\"image\/png\" \/>\n<meta name=\"twitter:card\" content=\"summary_large_image\" \/>\n<script type=\"application\/ld+json\" class=\"yoast-schema-graph\">{\"@context\":\"https:\/\/schema.org\",\"@graph\":[{\"@type\":\"WebPage\",\"@id\":\"https:\/\/printwave.pl\/de\/produkt\/match-day-cap\/\",\"url\":\"https:\/\/printwave.pl\/de\/produkt\/match-day-cap\/\",\"name\":\"Match Day Cap | Printwave DE\",\"isPartOf\":{\"@id\":\"https:\/\/printwave.pl\/de\/#website\"},\"primaryImageOfPage\":{\"@id\":\"https:\/\/printwave.pl\/de\/produkt\/match-day-cap\/#primaryimage\"},\"image\":{\"@id\":\"https:\/\/printwave.pl\/de\/produkt\/match-day-cap\/#primaryimage\"},\"thumbnailUrl\":\"https:\/\/printwave.pl\/de\/wp-content\/uploads\/sites\/3\/2026\/02\/171_69_115_f-2026_01.jpg\",\"datePublished\":\"2026-02-09T15:20:36+00:00\",\"dateModified\":\"2026-02-20T06:38:01+00:00\",\"breadcrumb\":{\"@id\":\"https:\/\/printwave.pl\/de\/produkt\/match-day-cap\/#breadcrumb\"},\"inLanguage\":\"de\",\"potentialAction\":[{\"@type\":\"ReadAction\",\"target\":[\"https:\/\/printwave.pl\/de\/produkt\/match-day-cap\/\"]}]},{\"@type\":\"ImageObject\",\"inLanguage\":\"de\",\"@id\":\"https:\/\/printwave.pl\/de\/produkt\/match-day-cap\/#primaryimage\",\"url\":\"https:\/\/printwave.pl\/de\/wp-content\/uploads\/sites\/3\/2026\/02\/171_69_115_f-2026_01.jpg\",\"contentUrl\":\"https:\/\/printwave.pl\/de\/wp-content\/uploads\/sites\/3\/2026\/02\/171_69_115_f-2026_01.jpg\",\"width\":1024,\"height\":1304},{\"@type\":\"BreadcrumbList\",\"@id\":\"https:\/\/printwave.pl\/de\/produkt\/match-day-cap\/#breadcrumb\",\"itemListElement\":[{\"@type\":\"ListItem\",\"position\":1,\"name\":\"Strona g\u0142\u00f3wna\",\"item\":\"https:\/\/printwave.pl\/de\/\"},{\"@type\":\"ListItem\",\"position\":2,\"name\":\"Shop\",\"item\":\"https:\/\/printwave.pl\/de\/shop\/\"},{\"@type\":\"ListItem\",\"position\":3,\"name\":\"Match Day Cap\"}]},{\"@type\":\"WebSite\",\"@id\":\"https:\/\/printwave.pl\/de\/#website\",\"url\":\"https:\/\/printwave.pl\/de\/\",\"name\":\"Printwave DE\",\"description\":\"\",\"potentialAction\":[{\"@type\":\"SearchAction\",\"target\":{\"@type\":\"EntryPoint\",\"urlTemplate\":\"https:\/\/printwave.pl\/de\/?s={search_term_string}\"},\"query-input\":{\"@type\":\"PropertyValueSpecification\",\"valueRequired\":true,\"valueName\":\"search_term_string\"}}],\"inLanguage\":\"de\"}]}<\/script>\n<!-- \/ Yoast SEO Premium plugin. -->","yoast_head_json":{"title":"Match Day Cap | Printwave DE","robots":{"index":"index","follow":"follow","max-snippet":"max-snippet:-1","max-image-preview":"max-image-preview:large","max-video-preview":"max-video-preview:-1"},"canonical":"https:\/\/printwave.pl\/de\/produkt\/match-day-cap\/","og_locale":"de_DE","og_type":"article","og_title":"Match Day Cap","og_description":"\u00b7165 g\/m\u00b2 \u00b7100 % Polyester, recycelt \u00b7Silikondruckdetails \u00b7Feuchtigkeitsableitendes, ultraweiches Schwei\u00dfband sorgt f\u00fcr ganzt\u00e4gigen Tragekomfort \u00b76-Panel-Design \u00b7Strukturierte Frontpartien \u00b7Vorabgebogener Schirm \u00b7Gen\u00e4hte","og_url":"https:\/\/printwave.pl\/de\/produkt\/match-day-cap\/","og_site_name":"Printwave DE","article_modified_time":"2026-02-20T06:38:01+00:00","og_image":[{"width":1645,"height":297,"url":"https:\/\/printwave.pl\/de\/wp-content\/uploads\/sites\/3\/2025\/03\/Print-Wave-logo-2025.png","type":"image\/png"}],"twitter_card":"summary_large_image","schema":{"@context":"https:\/\/schema.org","@graph":[{"@type":"WebPage","@id":"https:\/\/printwave.pl\/de\/produkt\/match-day-cap\/","url":"https:\/\/printwave.pl\/de\/produkt\/match-day-cap\/","name":"Match Day Cap | Printwave DE","isPartOf":{"@id":"https:\/\/printwave.pl\/de\/#website"},"primaryImageOfPage":{"@id":"https:\/\/printwave.pl\/de\/produkt\/match-day-cap\/#primaryimage"},"image":{"@id":"https:\/\/printwave.pl\/de\/produkt\/match-day-cap\/#primaryimage"},"thumbnailUrl":"https:\/\/printwave.pl\/de\/wp-content\/uploads\/sites\/3\/2026\/02\/171_69_115_f-2026_01.jpg","datePublished":"2026-02-09T15:20:36+00:00","dateModified":"2026-02-20T06:38:01+00:00","breadcrumb":{"@id":"https:\/\/printwave.pl\/de\/produkt\/match-day-cap\/#breadcrumb"},"inLanguage":"de","potentialAction":[{"@type":"ReadAction","target":["https:\/\/printwave.pl\/de\/produkt\/match-day-cap\/"]}]},{"@type":"ImageObject","inLanguage":"de","@id":"https:\/\/printwave.pl\/de\/produkt\/match-day-cap\/#primaryimage","url":"https:\/\/printwave.pl\/de\/wp-content\/uploads\/sites\/3\/2026\/02\/171_69_115_f-2026_01.jpg","contentUrl":"https:\/\/printwave.pl\/de\/wp-content\/uploads\/sites\/3\/2026\/02\/171_69_115_f-2026_01.jpg","width":1024,"height":1304},{"@type":"BreadcrumbList","@id":"https:\/\/printwave.pl\/de\/produkt\/match-day-cap\/#breadcrumb","itemListElement":[{"@type":"ListItem","position":1,"name":"Strona g\u0142\u00f3wna","item":"https:\/\/printwave.pl\/de\/"},{"@type":"ListItem","position":2,"name":"Shop","item":"https:\/\/printwave.pl\/de\/shop\/"},{"@type":"ListItem","position":3,"name":"Match Day Cap"}]},{"@type":"WebSite","@id":"https:\/\/printwave.pl\/de\/#website","url":"https:\/\/printwave.pl\/de\/","name":"Printwave DE","description":"","potentialAction":[{"@type":"SearchAction","target":{"@type":"EntryPoint","urlTemplate":"https:\/\/printwave.pl\/de\/?s={search_term_string}"},"query-input":{"@type":"PropertyValueSpecification","valueRequired":true,"valueName":"search_term_string"}}],"inLanguage":"de"}]}},"_links":{"self":[{"href":"https:\/\/printwave.pl\/de\/wp-json\/wp\/v2\/product\/486924","targetHints":{"allow":["GET"]}}],"collection":[{"href":"https:\/\/printwave.pl\/de\/wp-json\/wp\/v2\/product"}],"about":[{"href":"https:\/\/printwave.pl\/de\/wp-json\/wp\/v2\/types\/product"}],"replies":[{"embeddable":true,"href":"https:\/\/printwave.pl\/de\/wp-json\/wp\/v2\/comments?post=486924"}],"wp:featuredmedia":[{"embeddable":true,"href":"https:\/\/printwave.pl\/de\/wp-json\/wp\/v2\/media\/486918"}],"wp:attachment":[{"href":"https:\/\/printwave.pl\/de\/wp-json\/wp\/v2\/media?parent=486924"}],"wp:term":[{"taxonomy":"product_brand","embeddable":true,"href":"https:\/\/printwave.pl\/de\/wp-json\/wp\/v2\/product_brand?post=486924"},{"taxonomy":"product_cat","embeddable":true,"href":"https:\/\/printwave.pl\/de\/wp-json\/wp\/v2\/product_cat?post=486924"},{"taxonomy":"product_tag","embeddable":true,"href":"https:\/\/printwave.pl\/de\/wp-json\/wp\/v2\/product_tag?post=486924"}],"curies":[{"name":"wp","href":"https:\/\/api.w.org\/{rel}","templated":true}]}}