{"id":485440,"date":"2026-02-09T04:19:57","date_gmt":"2026-02-09T03:19:57","guid":{"rendered":"https:\/\/printwave.pl\/de\/produkt\/zuerich-45-litre-hybrid-holdall\/"},"modified":"2026-02-27T04:22:49","modified_gmt":"2026-02-27T03:22:49","slug":"zuerich-45-litre-hybrid-holdall","status":"publish","type":"product","link":"https:\/\/printwave.pl\/de\/produkt\/zuerich-45-litre-hybrid-holdall\/","title":{"rendered":"Z\u00fcrich 45 Litre Hybrid Holdall"},"content":{"rendered":"<p>\u00b7422 g\/m\u00b2<br \/>\n\u00b7100 % Polyester 900D (recycelt)<br \/>\n\u00b7100 % Polyester 600D, matte PU-Beschichtung (recycelt)<br \/>\n\u00b7Enth\u00e4lt 100 % GRS-zertifiziertes Recycling-Polyester, zertifiziert von Control Union CU811033<br \/>\n\u00b7Verstellbare Hybridgurte f\u00fcr Rucksack- und Reisetaschennutzung<br \/>\n\u00b7Gepolstertes Innenfach f\u00fcr Laptops bis zu 15 Zoll<br \/>\n\u00b7Oberes Rei\u00dfverschlussfach mit Innenorganizer<br \/>\n\u00b7Hauptfach mit Rei\u00dfverschluss<br \/>\n\u00b7Seitliche Rei\u00dfverschlusstasche<br \/>\n\u00b7Innentasche aus Netzgewebe mit Rei\u00dfverschluss<br \/>\n\u00b7Gepolstertes R\u00fcckenteil<br \/>\n\u00b7Zwei-Wege-Rei\u00dfverschluss\u00f6ffnung f\u00fcr einfachen Zugriff<br \/>\n\u00b7Gepolsterte, verstellbare Schultergurte aus gepolstertem Netzgewebe<br \/>\n\u00b7Gepolsterte Haltegriffe<br \/>\n\u00b7Doppelte Kompressionsriemen<br \/>\n\u00b7Verstellbarer Brustgurt<br \/>\n\u00b7Leicht umzuetikettieren<br \/>\n\u00b7Fassungsverm\u00f6gen: 45 Liter<br \/>\n\u00b7Ma\u00dfe: 35 x 55 x 25 cm<\/p>\n","protected":false},"excerpt":{"rendered":"<p>\u00b7422 g\/m\u00b2 \u00b7100 % Polyester 900D (recycelt) \u00b7100 % Polyester 600D, matte PU-Beschichtung (recycelt) \u00b7Enth\u00e4lt 100 % GRS-zertifiziertes Recycling-Polyester, zertifiziert<\/p>\n","protected":false},"featured_media":485438,"comment_status":"open","ping_status":"closed","template":"","meta":[],"product_brand":[],"product_cat":[7686,2272],"product_tag":[],"class_list":{"0":"post-485440","1":"product","2":"type-product","3":"status-publish","4":"has-post-thumbnail","6":"product_cat-neu-2026","7":"product_cat-taschen-accessoires","8":"pa_brand-quadra","9":"pa_color-black","10":"pa_eco-recycelt","11":"pa_size-one-size","12":"pa_stil-nummer-7722","14":"first","15":"instock","16":"taxable","17":"shipping-taxable","18":"purchasable","19":"product-type-variable"},"yoast_head":"<!-- This site is optimized with the Yoast SEO Premium plugin v20.9 (Yoast SEO v26.3) - https:\/\/yoast.com\/wordpress\/plugins\/seo\/ -->\n<title>Z\u00fcrich 45 Litre Hybrid Holdall | Printwave DE<\/title>\n<meta name=\"robots\" content=\"index, follow, max-snippet:-1, max-image-preview:large, max-video-preview:-1\" \/>\n<link rel=\"canonical\" href=\"https:\/\/printwave.pl\/de\/produkt\/zuerich-45-litre-hybrid-holdall\/\" \/>\n<meta property=\"og:locale\" content=\"de_DE\" \/>\n<meta property=\"og:type\" content=\"article\" \/>\n<meta property=\"og:title\" content=\"Z\u00fcrich 45 Litre Hybrid Holdall\" \/>\n<meta property=\"og:description\" content=\"\u00b7422 g\/m\u00b2 \u00b7100 % Polyester 900D (recycelt) \u00b7100 % Polyester 600D, matte PU-Beschichtung (recycelt) \u00b7Enth\u00e4lt 100 % GRS-zertifiziertes Recycling-Polyester, zertifiziert\" \/>\n<meta property=\"og:url\" content=\"https:\/\/printwave.pl\/de\/produkt\/zuerich-45-litre-hybrid-holdall\/\" \/>\n<meta property=\"og:site_name\" content=\"Printwave DE\" \/>\n<meta property=\"article:modified_time\" content=\"2026-02-27T03:22:49+00:00\" \/>\n<meta property=\"og:image\" content=\"https:\/\/printwave.pl\/de\/wp-content\/uploads\/sites\/3\/2025\/03\/Print-Wave-logo-2025.png\" \/>\n\t<meta property=\"og:image:width\" content=\"1645\" \/>\n\t<meta property=\"og:image:height\" content=\"297\" \/>\n\t<meta property=\"og:image:type\" content=\"image\/png\" \/>\n<meta name=\"twitter:card\" content=\"summary_large_image\" \/>\n<script type=\"application\/ld+json\" class=\"yoast-schema-graph\">{\"@context\":\"https:\/\/schema.org\",\"@graph\":[{\"@type\":\"WebPage\",\"@id\":\"https:\/\/printwave.pl\/de\/produkt\/zuerich-45-litre-hybrid-holdall\/\",\"url\":\"https:\/\/printwave.pl\/de\/produkt\/zuerich-45-litre-hybrid-holdall\/\",\"name\":\"Z\u00fcrich 45 Litre Hybrid Holdall | Printwave DE\",\"isPartOf\":{\"@id\":\"https:\/\/printwave.pl\/de\/#website\"},\"primaryImageOfPage\":{\"@id\":\"https:\/\/printwave.pl\/de\/produkt\/zuerich-45-litre-hybrid-holdall\/#primaryimage\"},\"image\":{\"@id\":\"https:\/\/printwave.pl\/de\/produkt\/zuerich-45-litre-hybrid-holdall\/#primaryimage\"},\"thumbnailUrl\":\"https:\/\/printwave.pl\/de\/wp-content\/uploads\/sites\/3\/2026\/02\/939_30_101_f-2026_01.jpg\",\"datePublished\":\"2026-02-09T03:19:57+00:00\",\"dateModified\":\"2026-02-27T03:22:49+00:00\",\"breadcrumb\":{\"@id\":\"https:\/\/printwave.pl\/de\/produkt\/zuerich-45-litre-hybrid-holdall\/#breadcrumb\"},\"inLanguage\":\"de\",\"potentialAction\":[{\"@type\":\"ReadAction\",\"target\":[\"https:\/\/printwave.pl\/de\/produkt\/zuerich-45-litre-hybrid-holdall\/\"]}]},{\"@type\":\"ImageObject\",\"inLanguage\":\"de\",\"@id\":\"https:\/\/printwave.pl\/de\/produkt\/zuerich-45-litre-hybrid-holdall\/#primaryimage\",\"url\":\"https:\/\/printwave.pl\/de\/wp-content\/uploads\/sites\/3\/2026\/02\/939_30_101_f-2026_01.jpg\",\"contentUrl\":\"https:\/\/printwave.pl\/de\/wp-content\/uploads\/sites\/3\/2026\/02\/939_30_101_f-2026_01.jpg\",\"width\":1024,\"height\":1304},{\"@type\":\"BreadcrumbList\",\"@id\":\"https:\/\/printwave.pl\/de\/produkt\/zuerich-45-litre-hybrid-holdall\/#breadcrumb\",\"itemListElement\":[{\"@type\":\"ListItem\",\"position\":1,\"name\":\"Strona g\u0142\u00f3wna\",\"item\":\"https:\/\/printwave.pl\/de\/\"},{\"@type\":\"ListItem\",\"position\":2,\"name\":\"Shop\",\"item\":\"https:\/\/printwave.pl\/de\/shop\/\"},{\"@type\":\"ListItem\",\"position\":3,\"name\":\"Z\u00fcrich 45 Litre Hybrid Holdall\"}]},{\"@type\":\"WebSite\",\"@id\":\"https:\/\/printwave.pl\/de\/#website\",\"url\":\"https:\/\/printwave.pl\/de\/\",\"name\":\"Printwave DE\",\"description\":\"\",\"potentialAction\":[{\"@type\":\"SearchAction\",\"target\":{\"@type\":\"EntryPoint\",\"urlTemplate\":\"https:\/\/printwave.pl\/de\/?s={search_term_string}\"},\"query-input\":{\"@type\":\"PropertyValueSpecification\",\"valueRequired\":true,\"valueName\":\"search_term_string\"}}],\"inLanguage\":\"de\"}]}<\/script>\n<!-- \/ Yoast SEO Premium plugin. -->","yoast_head_json":{"title":"Z\u00fcrich 45 Litre Hybrid Holdall | Printwave DE","robots":{"index":"index","follow":"follow","max-snippet":"max-snippet:-1","max-image-preview":"max-image-preview:large","max-video-preview":"max-video-preview:-1"},"canonical":"https:\/\/printwave.pl\/de\/produkt\/zuerich-45-litre-hybrid-holdall\/","og_locale":"de_DE","og_type":"article","og_title":"Z\u00fcrich 45 Litre Hybrid Holdall","og_description":"\u00b7422 g\/m\u00b2 \u00b7100 % Polyester 900D (recycelt) \u00b7100 % Polyester 600D, matte PU-Beschichtung (recycelt) \u00b7Enth\u00e4lt 100 % GRS-zertifiziertes Recycling-Polyester, zertifiziert","og_url":"https:\/\/printwave.pl\/de\/produkt\/zuerich-45-litre-hybrid-holdall\/","og_site_name":"Printwave DE","article_modified_time":"2026-02-27T03:22:49+00:00","og_image":[{"width":1645,"height":297,"url":"https:\/\/printwave.pl\/de\/wp-content\/uploads\/sites\/3\/2025\/03\/Print-Wave-logo-2025.png","type":"image\/png"}],"twitter_card":"summary_large_image","schema":{"@context":"https:\/\/schema.org","@graph":[{"@type":"WebPage","@id":"https:\/\/printwave.pl\/de\/produkt\/zuerich-45-litre-hybrid-holdall\/","url":"https:\/\/printwave.pl\/de\/produkt\/zuerich-45-litre-hybrid-holdall\/","name":"Z\u00fcrich 45 Litre Hybrid Holdall | Printwave DE","isPartOf":{"@id":"https:\/\/printwave.pl\/de\/#website"},"primaryImageOfPage":{"@id":"https:\/\/printwave.pl\/de\/produkt\/zuerich-45-litre-hybrid-holdall\/#primaryimage"},"image":{"@id":"https:\/\/printwave.pl\/de\/produkt\/zuerich-45-litre-hybrid-holdall\/#primaryimage"},"thumbnailUrl":"https:\/\/printwave.pl\/de\/wp-content\/uploads\/sites\/3\/2026\/02\/939_30_101_f-2026_01.jpg","datePublished":"2026-02-09T03:19:57+00:00","dateModified":"2026-02-27T03:22:49+00:00","breadcrumb":{"@id":"https:\/\/printwave.pl\/de\/produkt\/zuerich-45-litre-hybrid-holdall\/#breadcrumb"},"inLanguage":"de","potentialAction":[{"@type":"ReadAction","target":["https:\/\/printwave.pl\/de\/produkt\/zuerich-45-litre-hybrid-holdall\/"]}]},{"@type":"ImageObject","inLanguage":"de","@id":"https:\/\/printwave.pl\/de\/produkt\/zuerich-45-litre-hybrid-holdall\/#primaryimage","url":"https:\/\/printwave.pl\/de\/wp-content\/uploads\/sites\/3\/2026\/02\/939_30_101_f-2026_01.jpg","contentUrl":"https:\/\/printwave.pl\/de\/wp-content\/uploads\/sites\/3\/2026\/02\/939_30_101_f-2026_01.jpg","width":1024,"height":1304},{"@type":"BreadcrumbList","@id":"https:\/\/printwave.pl\/de\/produkt\/zuerich-45-litre-hybrid-holdall\/#breadcrumb","itemListElement":[{"@type":"ListItem","position":1,"name":"Strona g\u0142\u00f3wna","item":"https:\/\/printwave.pl\/de\/"},{"@type":"ListItem","position":2,"name":"Shop","item":"https:\/\/printwave.pl\/de\/shop\/"},{"@type":"ListItem","position":3,"name":"Z\u00fcrich 45 Litre Hybrid Holdall"}]},{"@type":"WebSite","@id":"https:\/\/printwave.pl\/de\/#website","url":"https:\/\/printwave.pl\/de\/","name":"Printwave DE","description":"","potentialAction":[{"@type":"SearchAction","target":{"@type":"EntryPoint","urlTemplate":"https:\/\/printwave.pl\/de\/?s={search_term_string}"},"query-input":{"@type":"PropertyValueSpecification","valueRequired":true,"valueName":"search_term_string"}}],"inLanguage":"de"}]}},"_links":{"self":[{"href":"https:\/\/printwave.pl\/de\/wp-json\/wp\/v2\/product\/485440","targetHints":{"allow":["GET"]}}],"collection":[{"href":"https:\/\/printwave.pl\/de\/wp-json\/wp\/v2\/product"}],"about":[{"href":"https:\/\/printwave.pl\/de\/wp-json\/wp\/v2\/types\/product"}],"replies":[{"embeddable":true,"href":"https:\/\/printwave.pl\/de\/wp-json\/wp\/v2\/comments?post=485440"}],"wp:featuredmedia":[{"embeddable":true,"href":"https:\/\/printwave.pl\/de\/wp-json\/wp\/v2\/media\/485438"}],"wp:attachment":[{"href":"https:\/\/printwave.pl\/de\/wp-json\/wp\/v2\/media?parent=485440"}],"wp:term":[{"taxonomy":"product_brand","embeddable":true,"href":"https:\/\/printwave.pl\/de\/wp-json\/wp\/v2\/product_brand?post=485440"},{"taxonomy":"product_cat","embeddable":true,"href":"https:\/\/printwave.pl\/de\/wp-json\/wp\/v2\/product_cat?post=485440"},{"taxonomy":"product_tag","embeddable":true,"href":"https:\/\/printwave.pl\/de\/wp-json\/wp\/v2\/product_tag?post=485440"}],"curies":[{"name":"wp","href":"https:\/\/api.w.org\/{rel}","templated":true}]}}