{"id":477346,"date":"2025-01-23T13:37:55","date_gmt":"2025-01-23T12:37:55","guid":{"rendered":"https:\/\/printwave.pl\/de\/produkt\/beijing-flyer-trolley\/"},"modified":"2026-02-13T08:41:33","modified_gmt":"2026-02-13T07:41:33","slug":"beijing-flyer-trolley","status":"publish","type":"product","link":"https:\/\/printwave.pl\/de\/produkt\/beijing-flyer-trolley\/","title":{"rendered":"Beijing Flyer Trolley"},"content":{"rendered":"<p>\u00b7100% Polyester (M\u00e9lange)<br \/>\n\u00b7Flyer Trolley, Fronttasche mit Zip<br \/>\n\u00b7Tragegriffe mit Klettverschluss<br \/>\n\u00b7Verstellbarer Schultergurt<br \/>\n\u00b7Ger\u00e4umiges Zip-Fach<br \/>\n\u00b7Verst\u00e4rkter Boden<br \/>\n\u00b7Als Handgep\u00e4ck geeignet (kleine Gr\u00f6\u00dfen)<br \/>\n\u00b7Geeignet f\u00fcr Sieb-, Transferdruck oder Stick<br \/>\n\u00b7Fassungsverm\u00f6gen: 47 Ltr.<br \/>\n\u00b7Ma\u00dfe: 57 x 37 x 25 cm<br \/>\n\u00b7Max. Veredelung durch runden Stickrahmen (Gr\u00f6\u00dfe 8)<br \/>\n\u00b7Veredelbare Fl\u00e4che: 20 x 10 cm.<\/p>\n","protected":false},"excerpt":{"rendered":"<p>\u00b7100% Polyester (M\u00e9lange) \u00b7Flyer Trolley, Fronttasche mit Zip \u00b7Tragegriffe mit Klettverschluss \u00b7Verstellbarer Schultergurt \u00b7Ger\u00e4umiges Zip-Fach \u00b7Verst\u00e4rkter Boden \u00b7Als Handgep\u00e4ck geeignet<\/p>\n","protected":false},"featured_media":477344,"comment_status":"open","ping_status":"closed","template":"","meta":[],"product_brand":[],"product_cat":[2272],"product_tag":[],"class_list":{"0":"post-477346","1":"product","2":"type-product","3":"status-publish","4":"has-post-thumbnail","6":"product_cat-taschen-accessoires","7":"pa_brand-shugon","8":"pa_color-black-melange","9":"pa_details-seitentaschen-mit-zip","10":"pa_details-tasche-mit-rollen","11":"pa_details-tragetasche","12":"pa_details-trolley","13":"pa_fabric-polyester","14":"pa_gender-herren","15":"pa_product-group-reisetaschen","16":"pa_size-one-size","17":"pa_stil-nummer-7493","19":"first","20":"outofstock","21":"taxable","22":"shipping-taxable","23":"purchasable","24":"product-type-variable"},"yoast_head":"<!-- This site is optimized with the Yoast SEO Premium plugin v20.9 (Yoast SEO v26.3) - https:\/\/yoast.com\/wordpress\/plugins\/seo\/ -->\n<title>Beijing Flyer Trolley | Printwave DE<\/title>\n<meta name=\"robots\" content=\"index, follow, max-snippet:-1, max-image-preview:large, max-video-preview:-1\" \/>\n<link rel=\"canonical\" href=\"https:\/\/printwave.pl\/de\/produkt\/beijing-flyer-trolley\/\" \/>\n<meta property=\"og:locale\" content=\"de_DE\" \/>\n<meta property=\"og:type\" content=\"article\" \/>\n<meta property=\"og:title\" content=\"Beijing Flyer Trolley\" \/>\n<meta property=\"og:description\" content=\"\u00b7100% Polyester (M\u00e9lange) \u00b7Flyer Trolley, Fronttasche mit Zip \u00b7Tragegriffe mit Klettverschluss \u00b7Verstellbarer Schultergurt \u00b7Ger\u00e4umiges Zip-Fach \u00b7Verst\u00e4rkter Boden \u00b7Als Handgep\u00e4ck geeignet\" \/>\n<meta property=\"og:url\" content=\"https:\/\/printwave.pl\/de\/produkt\/beijing-flyer-trolley\/\" \/>\n<meta property=\"og:site_name\" content=\"Printwave DE\" \/>\n<meta property=\"article:modified_time\" content=\"2026-02-13T07:41:33+00:00\" \/>\n<meta property=\"og:image\" content=\"https:\/\/printwave.pl\/de\/wp-content\/uploads\/sites\/3\/2025\/03\/Print-Wave-logo-2025.png\" \/>\n\t<meta property=\"og:image:width\" content=\"1645\" \/>\n\t<meta property=\"og:image:height\" content=\"297\" \/>\n\t<meta property=\"og:image:type\" content=\"image\/png\" \/>\n<meta name=\"twitter:card\" content=\"summary_large_image\" \/>\n<script type=\"application\/ld+json\" class=\"yoast-schema-graph\">{\"@context\":\"https:\/\/schema.org\",\"@graph\":[{\"@type\":\"WebPage\",\"@id\":\"https:\/\/printwave.pl\/de\/produkt\/beijing-flyer-trolley\/\",\"url\":\"https:\/\/printwave.pl\/de\/produkt\/beijing-flyer-trolley\/\",\"name\":\"Beijing Flyer Trolley | Printwave DE\",\"isPartOf\":{\"@id\":\"https:\/\/printwave.pl\/de\/#website\"},\"primaryImageOfPage\":{\"@id\":\"https:\/\/printwave.pl\/de\/produkt\/beijing-flyer-trolley\/#primaryimage\"},\"image\":{\"@id\":\"https:\/\/printwave.pl\/de\/produkt\/beijing-flyer-trolley\/#primaryimage\"},\"thumbnailUrl\":\"https:\/\/printwave.pl\/de\/wp-content\/uploads\/sites\/3\/2025\/01\/020_38_127_m-2018_01.jpg\",\"datePublished\":\"2025-01-23T12:37:55+00:00\",\"dateModified\":\"2026-02-13T07:41:33+00:00\",\"breadcrumb\":{\"@id\":\"https:\/\/printwave.pl\/de\/produkt\/beijing-flyer-trolley\/#breadcrumb\"},\"inLanguage\":\"de\",\"potentialAction\":[{\"@type\":\"ReadAction\",\"target\":[\"https:\/\/printwave.pl\/de\/produkt\/beijing-flyer-trolley\/\"]}]},{\"@type\":\"ImageObject\",\"inLanguage\":\"de\",\"@id\":\"https:\/\/printwave.pl\/de\/produkt\/beijing-flyer-trolley\/#primaryimage\",\"url\":\"https:\/\/printwave.pl\/de\/wp-content\/uploads\/sites\/3\/2025\/01\/020_38_127_m-2018_01.jpg\",\"contentUrl\":\"https:\/\/printwave.pl\/de\/wp-content\/uploads\/sites\/3\/2025\/01\/020_38_127_m-2018_01.jpg\",\"width\":1024,\"height\":1304},{\"@type\":\"BreadcrumbList\",\"@id\":\"https:\/\/printwave.pl\/de\/produkt\/beijing-flyer-trolley\/#breadcrumb\",\"itemListElement\":[{\"@type\":\"ListItem\",\"position\":1,\"name\":\"Strona g\u0142\u00f3wna\",\"item\":\"https:\/\/printwave.pl\/de\/\"},{\"@type\":\"ListItem\",\"position\":2,\"name\":\"Shop\",\"item\":\"https:\/\/printwave.pl\/de\/shop\/\"},{\"@type\":\"ListItem\",\"position\":3,\"name\":\"Beijing Flyer Trolley\"}]},{\"@type\":\"WebSite\",\"@id\":\"https:\/\/printwave.pl\/de\/#website\",\"url\":\"https:\/\/printwave.pl\/de\/\",\"name\":\"Printwave DE\",\"description\":\"\",\"potentialAction\":[{\"@type\":\"SearchAction\",\"target\":{\"@type\":\"EntryPoint\",\"urlTemplate\":\"https:\/\/printwave.pl\/de\/?s={search_term_string}\"},\"query-input\":{\"@type\":\"PropertyValueSpecification\",\"valueRequired\":true,\"valueName\":\"search_term_string\"}}],\"inLanguage\":\"de\"}]}<\/script>\n<!-- \/ Yoast SEO Premium plugin. -->","yoast_head_json":{"title":"Beijing Flyer Trolley | Printwave DE","robots":{"index":"index","follow":"follow","max-snippet":"max-snippet:-1","max-image-preview":"max-image-preview:large","max-video-preview":"max-video-preview:-1"},"canonical":"https:\/\/printwave.pl\/de\/produkt\/beijing-flyer-trolley\/","og_locale":"de_DE","og_type":"article","og_title":"Beijing Flyer Trolley","og_description":"\u00b7100% Polyester (M\u00e9lange) \u00b7Flyer Trolley, Fronttasche mit Zip \u00b7Tragegriffe mit Klettverschluss \u00b7Verstellbarer Schultergurt \u00b7Ger\u00e4umiges Zip-Fach \u00b7Verst\u00e4rkter Boden \u00b7Als Handgep\u00e4ck geeignet","og_url":"https:\/\/printwave.pl\/de\/produkt\/beijing-flyer-trolley\/","og_site_name":"Printwave DE","article_modified_time":"2026-02-13T07:41:33+00:00","og_image":[{"width":1645,"height":297,"url":"https:\/\/printwave.pl\/de\/wp-content\/uploads\/sites\/3\/2025\/03\/Print-Wave-logo-2025.png","type":"image\/png"}],"twitter_card":"summary_large_image","schema":{"@context":"https:\/\/schema.org","@graph":[{"@type":"WebPage","@id":"https:\/\/printwave.pl\/de\/produkt\/beijing-flyer-trolley\/","url":"https:\/\/printwave.pl\/de\/produkt\/beijing-flyer-trolley\/","name":"Beijing Flyer Trolley | Printwave DE","isPartOf":{"@id":"https:\/\/printwave.pl\/de\/#website"},"primaryImageOfPage":{"@id":"https:\/\/printwave.pl\/de\/produkt\/beijing-flyer-trolley\/#primaryimage"},"image":{"@id":"https:\/\/printwave.pl\/de\/produkt\/beijing-flyer-trolley\/#primaryimage"},"thumbnailUrl":"https:\/\/printwave.pl\/de\/wp-content\/uploads\/sites\/3\/2025\/01\/020_38_127_m-2018_01.jpg","datePublished":"2025-01-23T12:37:55+00:00","dateModified":"2026-02-13T07:41:33+00:00","breadcrumb":{"@id":"https:\/\/printwave.pl\/de\/produkt\/beijing-flyer-trolley\/#breadcrumb"},"inLanguage":"de","potentialAction":[{"@type":"ReadAction","target":["https:\/\/printwave.pl\/de\/produkt\/beijing-flyer-trolley\/"]}]},{"@type":"ImageObject","inLanguage":"de","@id":"https:\/\/printwave.pl\/de\/produkt\/beijing-flyer-trolley\/#primaryimage","url":"https:\/\/printwave.pl\/de\/wp-content\/uploads\/sites\/3\/2025\/01\/020_38_127_m-2018_01.jpg","contentUrl":"https:\/\/printwave.pl\/de\/wp-content\/uploads\/sites\/3\/2025\/01\/020_38_127_m-2018_01.jpg","width":1024,"height":1304},{"@type":"BreadcrumbList","@id":"https:\/\/printwave.pl\/de\/produkt\/beijing-flyer-trolley\/#breadcrumb","itemListElement":[{"@type":"ListItem","position":1,"name":"Strona g\u0142\u00f3wna","item":"https:\/\/printwave.pl\/de\/"},{"@type":"ListItem","position":2,"name":"Shop","item":"https:\/\/printwave.pl\/de\/shop\/"},{"@type":"ListItem","position":3,"name":"Beijing Flyer Trolley"}]},{"@type":"WebSite","@id":"https:\/\/printwave.pl\/de\/#website","url":"https:\/\/printwave.pl\/de\/","name":"Printwave DE","description":"","potentialAction":[{"@type":"SearchAction","target":{"@type":"EntryPoint","urlTemplate":"https:\/\/printwave.pl\/de\/?s={search_term_string}"},"query-input":{"@type":"PropertyValueSpecification","valueRequired":true,"valueName":"search_term_string"}}],"inLanguage":"de"}]}},"_links":{"self":[{"href":"https:\/\/printwave.pl\/de\/wp-json\/wp\/v2\/product\/477346","targetHints":{"allow":["GET"]}}],"collection":[{"href":"https:\/\/printwave.pl\/de\/wp-json\/wp\/v2\/product"}],"about":[{"href":"https:\/\/printwave.pl\/de\/wp-json\/wp\/v2\/types\/product"}],"replies":[{"embeddable":true,"href":"https:\/\/printwave.pl\/de\/wp-json\/wp\/v2\/comments?post=477346"}],"wp:featuredmedia":[{"embeddable":true,"href":"https:\/\/printwave.pl\/de\/wp-json\/wp\/v2\/media\/477344"}],"wp:attachment":[{"href":"https:\/\/printwave.pl\/de\/wp-json\/wp\/v2\/media?parent=477346"}],"wp:term":[{"taxonomy":"product_brand","embeddable":true,"href":"https:\/\/printwave.pl\/de\/wp-json\/wp\/v2\/product_brand?post=477346"},{"taxonomy":"product_cat","embeddable":true,"href":"https:\/\/printwave.pl\/de\/wp-json\/wp\/v2\/product_cat?post=477346"},{"taxonomy":"product_tag","embeddable":true,"href":"https:\/\/printwave.pl\/de\/wp-json\/wp\/v2\/product_tag?post=477346"}],"curies":[{"name":"wp","href":"https:\/\/api.w.org\/{rel}","templated":true}]}}