{"id":473136,"date":"2025-01-23T10:44:12","date_gmt":"2025-01-23T09:44:12","guid":{"rendered":"https:\/\/printwave.pl\/de\/produkt\/e150-t-shirt-kids\/"},"modified":"2026-02-20T08:26:12","modified_gmt":"2026-02-20T07:26:12","slug":"e150-t-shirt-kids","status":"publish","type":"product","link":"https:\/\/printwave.pl\/de\/produkt\/e150-t-shirt-kids\/","title":{"rendered":"#E150 T-Shirt \/kids"},"content":{"rendered":"<p>\u00b7145 g\/m\u00b2<br \/>\n\u00b7100% Baumwolle, vorgeschrumpft, ringgesponnen (Investition in Better Cotton)<br \/>\n\u00b7Entwickelt f\u00fcr Jungen und M\u00e4dchen (geschlechtsneutral), vom Kind bis zum Teenager<br \/>\n\u00b7Schlauchf\u00f6rmige Konstruktion (Gr\u00f6\u00dfe 86-92 cm\/1-2 Jahre und Gr\u00f6\u00dfe 98-104 cm\/3-4 Jahre mit Seitennaht)<br \/>\n\u00b7Schmaler Kragen aus Rippstrick f\u00fcr modernen Look<br \/>\n\u00b7Nackenband auf der R\u00fcckseite f\u00fcr ein sauberes Finish<br \/>\n\u00b7Ohne B&amp;C-Etikett f\u00fcr ein leichtes Rebranding.<\/p>\n","protected":false},"excerpt":{"rendered":"<p>\u00b7145 g\/m\u00b2 \u00b7100% Baumwolle, vorgeschrumpft, ringgesponnen (Investition in Better Cotton) \u00b7Entwickelt f\u00fcr Jungen und M\u00e4dchen (geschlechtsneutral), vom Kind bis zum<\/p>\n","protected":false},"featured_media":473131,"comment_status":"open","ping_status":"closed","template":"","meta":[],"product_brand":[],"product_cat":[2291,4780],"product_tag":[],"class_list":{"0":"post-473136","1":"product","2":"type-product","3":"status-publish","4":"has-post-thumbnail","6":"product_cat-kinderbekleidung","7":"product_cat-neu-2025","8":"pa_brand-bc","9":"pa_color-ash","10":"pa_color-atoll","11":"pa_color-azure","12":"pa_color-black","13":"pa_color-bottle-green","14":"pa_color-burgundy","15":"pa_color-dark-grey","16":"pa_color-fuchsia","17":"pa_color-gold","18":"pa_color-kelly-green","19":"pa_color-light-navy","20":"pa_color-navy","21":"pa_color-orange","22":"pa_color-red","23":"pa_color-royal-blue","24":"pa_color-sand","25":"pa_color-sky-blue","26":"pa_color-solar-yellow","27":"pa_color-sport-grey","28":"pa_color-white","29":"pa_fabric-baumwolle","30":"pa_gender-kinder","31":"pa_neckline-crew-neck","32":"pa_product-group-t-shirts","33":"pa_size-1-2-86-92","34":"pa_size-12-13-152-158","35":"pa_size-3-4-98-104","36":"pa_size-5-6-110-116","37":"pa_size-7-8-122-128","38":"pa_size-9-11-134-146","39":"pa_sleeve-kurzaermelig","40":"pa_stil-nummer-7398","41":"pa_weight-140-169-g-m","43":"first","44":"instock","45":"taxable","46":"shipping-taxable","47":"purchasable","48":"product-type-variable"},"yoast_head":"<!-- This site is optimized with the Yoast SEO Premium plugin v20.9 (Yoast SEO v26.3) - https:\/\/yoast.com\/wordpress\/plugins\/seo\/ -->\n<title>#E150 T-Shirt \/kids | Printwave DE<\/title>\n<meta name=\"robots\" content=\"index, follow, max-snippet:-1, max-image-preview:large, max-video-preview:-1\" \/>\n<link rel=\"canonical\" href=\"https:\/\/printwave.pl\/de\/produkt\/e150-t-shirt-kids\/\" \/>\n<meta property=\"og:locale\" content=\"de_DE\" \/>\n<meta property=\"og:type\" content=\"article\" \/>\n<meta property=\"og:title\" content=\"#E150 T-Shirt \/kids\" \/>\n<meta property=\"og:description\" content=\"\u00b7145 g\/m\u00b2 \u00b7100% Baumwolle, vorgeschrumpft, ringgesponnen (Investition in Better Cotton) \u00b7Entwickelt f\u00fcr Jungen und M\u00e4dchen (geschlechtsneutral), vom Kind bis zum\" \/>\n<meta property=\"og:url\" content=\"https:\/\/printwave.pl\/de\/produkt\/e150-t-shirt-kids\/\" \/>\n<meta property=\"og:site_name\" content=\"Printwave DE\" \/>\n<meta property=\"article:modified_time\" content=\"2026-02-20T07:26:12+00:00\" \/>\n<meta property=\"og:image\" content=\"https:\/\/printwave.pl\/de\/wp-content\/uploads\/sites\/3\/2025\/01\/034_42_300_m-2024_02.jpg\" \/>\n\t<meta property=\"og:image:width\" content=\"1024\" \/>\n\t<meta property=\"og:image:height\" content=\"1304\" \/>\n\t<meta property=\"og:image:type\" content=\"image\/jpeg\" \/>\n<meta name=\"twitter:card\" content=\"summary_large_image\" \/>\n<script type=\"application\/ld+json\" class=\"yoast-schema-graph\">{\"@context\":\"https:\/\/schema.org\",\"@graph\":[{\"@type\":\"WebPage\",\"@id\":\"https:\/\/printwave.pl\/de\/produkt\/e150-t-shirt-kids\/\",\"url\":\"https:\/\/printwave.pl\/de\/produkt\/e150-t-shirt-kids\/\",\"name\":\"#E150 T-Shirt \/kids | Printwave DE\",\"isPartOf\":{\"@id\":\"https:\/\/printwave.pl\/de\/#website\"},\"primaryImageOfPage\":{\"@id\":\"https:\/\/printwave.pl\/de\/produkt\/e150-t-shirt-kids\/#primaryimage\"},\"image\":{\"@id\":\"https:\/\/printwave.pl\/de\/produkt\/e150-t-shirt-kids\/#primaryimage\"},\"thumbnailUrl\":\"https:\/\/printwave.pl\/de\/wp-content\/uploads\/sites\/3\/2025\/01\/034_42_300_m-2024_02.jpg\",\"datePublished\":\"2025-01-23T09:44:12+00:00\",\"dateModified\":\"2026-02-20T07:26:12+00:00\",\"breadcrumb\":{\"@id\":\"https:\/\/printwave.pl\/de\/produkt\/e150-t-shirt-kids\/#breadcrumb\"},\"inLanguage\":\"de\",\"potentialAction\":[{\"@type\":\"ReadAction\",\"target\":[\"https:\/\/printwave.pl\/de\/produkt\/e150-t-shirt-kids\/\"]}]},{\"@type\":\"ImageObject\",\"inLanguage\":\"de\",\"@id\":\"https:\/\/printwave.pl\/de\/produkt\/e150-t-shirt-kids\/#primaryimage\",\"url\":\"https:\/\/printwave.pl\/de\/wp-content\/uploads\/sites\/3\/2025\/01\/034_42_300_m-2024_02.jpg\",\"contentUrl\":\"https:\/\/printwave.pl\/de\/wp-content\/uploads\/sites\/3\/2025\/01\/034_42_300_m-2024_02.jpg\",\"width\":1024,\"height\":1304},{\"@type\":\"BreadcrumbList\",\"@id\":\"https:\/\/printwave.pl\/de\/produkt\/e150-t-shirt-kids\/#breadcrumb\",\"itemListElement\":[{\"@type\":\"ListItem\",\"position\":1,\"name\":\"Strona g\u0142\u00f3wna\",\"item\":\"https:\/\/printwave.pl\/de\/\"},{\"@type\":\"ListItem\",\"position\":2,\"name\":\"Shop\",\"item\":\"https:\/\/printwave.pl\/de\/shop\/\"},{\"@type\":\"ListItem\",\"position\":3,\"name\":\"#E150 T-Shirt \/kids\"}]},{\"@type\":\"WebSite\",\"@id\":\"https:\/\/printwave.pl\/de\/#website\",\"url\":\"https:\/\/printwave.pl\/de\/\",\"name\":\"Printwave DE\",\"description\":\"\",\"potentialAction\":[{\"@type\":\"SearchAction\",\"target\":{\"@type\":\"EntryPoint\",\"urlTemplate\":\"https:\/\/printwave.pl\/de\/?s={search_term_string}\"},\"query-input\":{\"@type\":\"PropertyValueSpecification\",\"valueRequired\":true,\"valueName\":\"search_term_string\"}}],\"inLanguage\":\"de\"}]}<\/script>\n<!-- \/ Yoast SEO Premium plugin. -->","yoast_head_json":{"title":"#E150 T-Shirt \/kids | Printwave DE","robots":{"index":"index","follow":"follow","max-snippet":"max-snippet:-1","max-image-preview":"max-image-preview:large","max-video-preview":"max-video-preview:-1"},"canonical":"https:\/\/printwave.pl\/de\/produkt\/e150-t-shirt-kids\/","og_locale":"de_DE","og_type":"article","og_title":"#E150 T-Shirt \/kids","og_description":"\u00b7145 g\/m\u00b2 \u00b7100% Baumwolle, vorgeschrumpft, ringgesponnen (Investition in Better Cotton) \u00b7Entwickelt f\u00fcr Jungen und M\u00e4dchen (geschlechtsneutral), vom Kind bis zum","og_url":"https:\/\/printwave.pl\/de\/produkt\/e150-t-shirt-kids\/","og_site_name":"Printwave DE","article_modified_time":"2026-02-20T07:26:12+00:00","og_image":[{"width":1024,"height":1304,"url":"https:\/\/printwave.pl\/de\/wp-content\/uploads\/sites\/3\/2025\/01\/034_42_300_m-2024_02.jpg","type":"image\/jpeg"}],"twitter_card":"summary_large_image","schema":{"@context":"https:\/\/schema.org","@graph":[{"@type":"WebPage","@id":"https:\/\/printwave.pl\/de\/produkt\/e150-t-shirt-kids\/","url":"https:\/\/printwave.pl\/de\/produkt\/e150-t-shirt-kids\/","name":"#E150 T-Shirt \/kids | Printwave DE","isPartOf":{"@id":"https:\/\/printwave.pl\/de\/#website"},"primaryImageOfPage":{"@id":"https:\/\/printwave.pl\/de\/produkt\/e150-t-shirt-kids\/#primaryimage"},"image":{"@id":"https:\/\/printwave.pl\/de\/produkt\/e150-t-shirt-kids\/#primaryimage"},"thumbnailUrl":"https:\/\/printwave.pl\/de\/wp-content\/uploads\/sites\/3\/2025\/01\/034_42_300_m-2024_02.jpg","datePublished":"2025-01-23T09:44:12+00:00","dateModified":"2026-02-20T07:26:12+00:00","breadcrumb":{"@id":"https:\/\/printwave.pl\/de\/produkt\/e150-t-shirt-kids\/#breadcrumb"},"inLanguage":"de","potentialAction":[{"@type":"ReadAction","target":["https:\/\/printwave.pl\/de\/produkt\/e150-t-shirt-kids\/"]}]},{"@type":"ImageObject","inLanguage":"de","@id":"https:\/\/printwave.pl\/de\/produkt\/e150-t-shirt-kids\/#primaryimage","url":"https:\/\/printwave.pl\/de\/wp-content\/uploads\/sites\/3\/2025\/01\/034_42_300_m-2024_02.jpg","contentUrl":"https:\/\/printwave.pl\/de\/wp-content\/uploads\/sites\/3\/2025\/01\/034_42_300_m-2024_02.jpg","width":1024,"height":1304},{"@type":"BreadcrumbList","@id":"https:\/\/printwave.pl\/de\/produkt\/e150-t-shirt-kids\/#breadcrumb","itemListElement":[{"@type":"ListItem","position":1,"name":"Strona g\u0142\u00f3wna","item":"https:\/\/printwave.pl\/de\/"},{"@type":"ListItem","position":2,"name":"Shop","item":"https:\/\/printwave.pl\/de\/shop\/"},{"@type":"ListItem","position":3,"name":"#E150 T-Shirt \/kids"}]},{"@type":"WebSite","@id":"https:\/\/printwave.pl\/de\/#website","url":"https:\/\/printwave.pl\/de\/","name":"Printwave DE","description":"","potentialAction":[{"@type":"SearchAction","target":{"@type":"EntryPoint","urlTemplate":"https:\/\/printwave.pl\/de\/?s={search_term_string}"},"query-input":{"@type":"PropertyValueSpecification","valueRequired":true,"valueName":"search_term_string"}}],"inLanguage":"de"}]}},"_links":{"self":[{"href":"https:\/\/printwave.pl\/de\/wp-json\/wp\/v2\/product\/473136","targetHints":{"allow":["GET"]}}],"collection":[{"href":"https:\/\/printwave.pl\/de\/wp-json\/wp\/v2\/product"}],"about":[{"href":"https:\/\/printwave.pl\/de\/wp-json\/wp\/v2\/types\/product"}],"replies":[{"embeddable":true,"href":"https:\/\/printwave.pl\/de\/wp-json\/wp\/v2\/comments?post=473136"}],"wp:featuredmedia":[{"embeddable":true,"href":"https:\/\/printwave.pl\/de\/wp-json\/wp\/v2\/media\/473131"}],"wp:attachment":[{"href":"https:\/\/printwave.pl\/de\/wp-json\/wp\/v2\/media?parent=473136"}],"wp:term":[{"taxonomy":"product_brand","embeddable":true,"href":"https:\/\/printwave.pl\/de\/wp-json\/wp\/v2\/product_brand?post=473136"},{"taxonomy":"product_cat","embeddable":true,"href":"https:\/\/printwave.pl\/de\/wp-json\/wp\/v2\/product_cat?post=473136"},{"taxonomy":"product_tag","embeddable":true,"href":"https:\/\/printwave.pl\/de\/wp-json\/wp\/v2\/product_tag?post=473136"}],"curies":[{"name":"wp","href":"https:\/\/api.w.org\/{rel}","templated":true}]}}