{"id":473128,"date":"2025-01-23T10:43:33","date_gmt":"2025-01-23T09:43:33","guid":{"rendered":"https:\/\/printwave.pl\/de\/produkt\/baby-hooded-blanket\/"},"modified":"2026-02-20T08:26:04","modified_gmt":"2026-02-20T07:26:04","slug":"baby-hooded-blanket","status":"publish","type":"product","link":"https:\/\/printwave.pl\/de\/produkt\/baby-hooded-blanket\/","title":{"rendered":"Baby Hooded Blanket"},"content":{"rendered":"<p>\u00b7200 g\/m\u00b2<br \/>\n\u00b7100% Baumwolle (organisch), ringgesponnen und gek\u00e4mmt<br \/>\n\u00b7Decke aus Interlock-Gewebe mit dreieckiger Kapuze<br \/>\n\u00b7Bietet eine gro\u00dfe Fl\u00e4che f\u00fcr Veredelung<br \/>\n\u00b7Einlagig<br \/>\n\u00b7Ma\u00dfe: 80 x 80 cm.<\/p>\n","protected":false},"excerpt":{"rendered":"<p>\u00b7200 g\/m\u00b2 \u00b7100% Baumwolle (organisch), ringgesponnen und gek\u00e4mmt \u00b7Decke aus Interlock-Gewebe mit dreieckiger Kapuze \u00b7Bietet eine gro\u00dfe Fl\u00e4che f\u00fcr Veredelung<\/p>\n","protected":false},"featured_media":473124,"comment_status":"open","ping_status":"closed","template":"","meta":[],"product_brand":[],"product_cat":[2365,3039,2291,3122,2374],"product_tag":[4221,4222,3040,3708,3709],"class_list":{"0":"post-473128","1":"product","2":"type-product","3":"status-publish","4":"has-post-thumbnail","6":"product_cat-all-eco","7":"product_cat-handtuecher-co","8":"product_cat-kinderbekleidung","9":"product_cat-nachhaltige-produkte","10":"product_cat-organic","11":"product_tag-babies","12":"product_tag-babys","13":"product_tag-decken","14":"product_tag-organic","15":"product_tag-organisch","16":"pa_brand-babybugz","17":"pa_color-white-white-organic","18":"pa_eco-organisch","19":"pa_fabric-baumwolle","20":"pa_gender-babys","21":"pa_product-group-decken","22":"pa_product-group-mit-kapuze","23":"pa_size-one-size","24":"pa_stil-nummer-7397","25":"pa_weight-200-219-g-m","27":"first","28":"instock","29":"taxable","30":"shipping-taxable","31":"purchasable","32":"product-type-variable"},"yoast_head":"<!-- This site is optimized with the Yoast SEO Premium plugin v20.9 (Yoast SEO v26.3) - https:\/\/yoast.com\/wordpress\/plugins\/seo\/ -->\n<title>Baby Hooded Blanket | Printwave DE<\/title>\n<meta name=\"robots\" content=\"index, follow, max-snippet:-1, max-image-preview:large, max-video-preview:-1\" \/>\n<link rel=\"canonical\" href=\"https:\/\/printwave.pl\/de\/produkt\/baby-hooded-blanket\/\" \/>\n<meta property=\"og:locale\" content=\"de_DE\" \/>\n<meta property=\"og:type\" content=\"article\" \/>\n<meta property=\"og:title\" content=\"Baby Hooded Blanket\" \/>\n<meta property=\"og:description\" content=\"\u00b7200 g\/m\u00b2 \u00b7100% Baumwolle (organisch), ringgesponnen und gek\u00e4mmt \u00b7Decke aus Interlock-Gewebe mit dreieckiger Kapuze \u00b7Bietet eine gro\u00dfe Fl\u00e4che f\u00fcr Veredelung\" \/>\n<meta property=\"og:url\" content=\"https:\/\/printwave.pl\/de\/produkt\/baby-hooded-blanket\/\" \/>\n<meta property=\"og:site_name\" content=\"Printwave DE\" \/>\n<meta property=\"article:modified_time\" content=\"2026-02-20T07:26:04+00:00\" \/>\n<meta property=\"og:image\" content=\"https:\/\/printwave.pl\/de\/wp-content\/uploads\/sites\/3\/2025\/03\/Print-Wave-logo-2025.png\" \/>\n\t<meta property=\"og:image:width\" content=\"1645\" \/>\n\t<meta property=\"og:image:height\" content=\"297\" \/>\n\t<meta property=\"og:image:type\" content=\"image\/png\" \/>\n<meta name=\"twitter:card\" content=\"summary_large_image\" \/>\n<script type=\"application\/ld+json\" class=\"yoast-schema-graph\">{\"@context\":\"https:\/\/schema.org\",\"@graph\":[{\"@type\":\"WebPage\",\"@id\":\"https:\/\/printwave.pl\/de\/produkt\/baby-hooded-blanket\/\",\"url\":\"https:\/\/printwave.pl\/de\/produkt\/baby-hooded-blanket\/\",\"name\":\"Baby Hooded Blanket | Printwave DE\",\"isPartOf\":{\"@id\":\"https:\/\/printwave.pl\/de\/#website\"},\"primaryImageOfPage\":{\"@id\":\"https:\/\/printwave.pl\/de\/produkt\/baby-hooded-blanket\/#primaryimage\"},\"image\":{\"@id\":\"https:\/\/printwave.pl\/de\/produkt\/baby-hooded-blanket\/#primaryimage\"},\"thumbnailUrl\":\"https:\/\/printwave.pl\/de\/wp-content\/uploads\/sites\/3\/2025\/01\/034_47_051_m-2023_02.jpg\",\"datePublished\":\"2025-01-23T09:43:33+00:00\",\"dateModified\":\"2026-02-20T07:26:04+00:00\",\"breadcrumb\":{\"@id\":\"https:\/\/printwave.pl\/de\/produkt\/baby-hooded-blanket\/#breadcrumb\"},\"inLanguage\":\"de\",\"potentialAction\":[{\"@type\":\"ReadAction\",\"target\":[\"https:\/\/printwave.pl\/de\/produkt\/baby-hooded-blanket\/\"]}]},{\"@type\":\"ImageObject\",\"inLanguage\":\"de\",\"@id\":\"https:\/\/printwave.pl\/de\/produkt\/baby-hooded-blanket\/#primaryimage\",\"url\":\"https:\/\/printwave.pl\/de\/wp-content\/uploads\/sites\/3\/2025\/01\/034_47_051_m-2023_02.jpg\",\"contentUrl\":\"https:\/\/printwave.pl\/de\/wp-content\/uploads\/sites\/3\/2025\/01\/034_47_051_m-2023_02.jpg\",\"width\":1024,\"height\":1304},{\"@type\":\"BreadcrumbList\",\"@id\":\"https:\/\/printwave.pl\/de\/produkt\/baby-hooded-blanket\/#breadcrumb\",\"itemListElement\":[{\"@type\":\"ListItem\",\"position\":1,\"name\":\"Strona g\u0142\u00f3wna\",\"item\":\"https:\/\/printwave.pl\/de\/\"},{\"@type\":\"ListItem\",\"position\":2,\"name\":\"Shop\",\"item\":\"https:\/\/printwave.pl\/de\/shop\/\"},{\"@type\":\"ListItem\",\"position\":3,\"name\":\"Baby Hooded Blanket\"}]},{\"@type\":\"WebSite\",\"@id\":\"https:\/\/printwave.pl\/de\/#website\",\"url\":\"https:\/\/printwave.pl\/de\/\",\"name\":\"Printwave DE\",\"description\":\"\",\"potentialAction\":[{\"@type\":\"SearchAction\",\"target\":{\"@type\":\"EntryPoint\",\"urlTemplate\":\"https:\/\/printwave.pl\/de\/?s={search_term_string}\"},\"query-input\":{\"@type\":\"PropertyValueSpecification\",\"valueRequired\":true,\"valueName\":\"search_term_string\"}}],\"inLanguage\":\"de\"}]}<\/script>\n<!-- \/ Yoast SEO Premium plugin. -->","yoast_head_json":{"title":"Baby Hooded Blanket | Printwave DE","robots":{"index":"index","follow":"follow","max-snippet":"max-snippet:-1","max-image-preview":"max-image-preview:large","max-video-preview":"max-video-preview:-1"},"canonical":"https:\/\/printwave.pl\/de\/produkt\/baby-hooded-blanket\/","og_locale":"de_DE","og_type":"article","og_title":"Baby Hooded Blanket","og_description":"\u00b7200 g\/m\u00b2 \u00b7100% Baumwolle (organisch), ringgesponnen und gek\u00e4mmt \u00b7Decke aus Interlock-Gewebe mit dreieckiger Kapuze \u00b7Bietet eine gro\u00dfe Fl\u00e4che f\u00fcr Veredelung","og_url":"https:\/\/printwave.pl\/de\/produkt\/baby-hooded-blanket\/","og_site_name":"Printwave DE","article_modified_time":"2026-02-20T07:26:04+00:00","og_image":[{"width":1645,"height":297,"url":"https:\/\/printwave.pl\/de\/wp-content\/uploads\/sites\/3\/2025\/03\/Print-Wave-logo-2025.png","type":"image\/png"}],"twitter_card":"summary_large_image","schema":{"@context":"https:\/\/schema.org","@graph":[{"@type":"WebPage","@id":"https:\/\/printwave.pl\/de\/produkt\/baby-hooded-blanket\/","url":"https:\/\/printwave.pl\/de\/produkt\/baby-hooded-blanket\/","name":"Baby Hooded Blanket | Printwave DE","isPartOf":{"@id":"https:\/\/printwave.pl\/de\/#website"},"primaryImageOfPage":{"@id":"https:\/\/printwave.pl\/de\/produkt\/baby-hooded-blanket\/#primaryimage"},"image":{"@id":"https:\/\/printwave.pl\/de\/produkt\/baby-hooded-blanket\/#primaryimage"},"thumbnailUrl":"https:\/\/printwave.pl\/de\/wp-content\/uploads\/sites\/3\/2025\/01\/034_47_051_m-2023_02.jpg","datePublished":"2025-01-23T09:43:33+00:00","dateModified":"2026-02-20T07:26:04+00:00","breadcrumb":{"@id":"https:\/\/printwave.pl\/de\/produkt\/baby-hooded-blanket\/#breadcrumb"},"inLanguage":"de","potentialAction":[{"@type":"ReadAction","target":["https:\/\/printwave.pl\/de\/produkt\/baby-hooded-blanket\/"]}]},{"@type":"ImageObject","inLanguage":"de","@id":"https:\/\/printwave.pl\/de\/produkt\/baby-hooded-blanket\/#primaryimage","url":"https:\/\/printwave.pl\/de\/wp-content\/uploads\/sites\/3\/2025\/01\/034_47_051_m-2023_02.jpg","contentUrl":"https:\/\/printwave.pl\/de\/wp-content\/uploads\/sites\/3\/2025\/01\/034_47_051_m-2023_02.jpg","width":1024,"height":1304},{"@type":"BreadcrumbList","@id":"https:\/\/printwave.pl\/de\/produkt\/baby-hooded-blanket\/#breadcrumb","itemListElement":[{"@type":"ListItem","position":1,"name":"Strona g\u0142\u00f3wna","item":"https:\/\/printwave.pl\/de\/"},{"@type":"ListItem","position":2,"name":"Shop","item":"https:\/\/printwave.pl\/de\/shop\/"},{"@type":"ListItem","position":3,"name":"Baby Hooded Blanket"}]},{"@type":"WebSite","@id":"https:\/\/printwave.pl\/de\/#website","url":"https:\/\/printwave.pl\/de\/","name":"Printwave DE","description":"","potentialAction":[{"@type":"SearchAction","target":{"@type":"EntryPoint","urlTemplate":"https:\/\/printwave.pl\/de\/?s={search_term_string}"},"query-input":{"@type":"PropertyValueSpecification","valueRequired":true,"valueName":"search_term_string"}}],"inLanguage":"de"}]}},"_links":{"self":[{"href":"https:\/\/printwave.pl\/de\/wp-json\/wp\/v2\/product\/473128","targetHints":{"allow":["GET"]}}],"collection":[{"href":"https:\/\/printwave.pl\/de\/wp-json\/wp\/v2\/product"}],"about":[{"href":"https:\/\/printwave.pl\/de\/wp-json\/wp\/v2\/types\/product"}],"replies":[{"embeddable":true,"href":"https:\/\/printwave.pl\/de\/wp-json\/wp\/v2\/comments?post=473128"}],"wp:featuredmedia":[{"embeddable":true,"href":"https:\/\/printwave.pl\/de\/wp-json\/wp\/v2\/media\/473124"}],"wp:attachment":[{"href":"https:\/\/printwave.pl\/de\/wp-json\/wp\/v2\/media?parent=473128"}],"wp:term":[{"taxonomy":"product_brand","embeddable":true,"href":"https:\/\/printwave.pl\/de\/wp-json\/wp\/v2\/product_brand?post=473128"},{"taxonomy":"product_cat","embeddable":true,"href":"https:\/\/printwave.pl\/de\/wp-json\/wp\/v2\/product_cat?post=473128"},{"taxonomy":"product_tag","embeddable":true,"href":"https:\/\/printwave.pl\/de\/wp-json\/wp\/v2\/product_tag?post=473128"}],"curies":[{"name":"wp","href":"https:\/\/api.w.org\/{rel}","templated":true}]}}