{"id":471162,"date":"2025-01-23T09:25:23","date_gmt":"2025-01-23T08:25:23","guid":{"rendered":"https:\/\/printwave.pl\/de\/produkt\/water-bottle-and-holder\/"},"modified":"2026-02-20T08:22:26","modified_gmt":"2026-02-20T07:22:26","slug":"water-bottle-and-holder","status":"publish","type":"product","link":"https:\/\/printwave.pl\/de\/produkt\/water-bottle-and-holder\/","title":{"rendered":"Water Bottle And Holder"},"content":{"rendered":"<p>\u00b7100% Polyester (600D)<br \/>\n\u00b7Inkl. 500 ml Wasserflasche<br \/>\n\u00b7Flasche mit gro\u00dfer \u00d6ffnung zum leichten Bef\u00fcllen<br \/>\n\u00b7Identifikationsetikett innen<br \/>\n\u00b7G\u00fcrtelschlaufe und Karabiner<br \/>\n\u00b7Fassungsverm\u00f6gen: 0,5 Ltr.<br \/>\n\u00b7Ma\u00dfe: 7,5 x 7,5 x 20 cm<br \/>\n\u00b7Max. Fl\u00e4che f\u00fcr Stick: runder Stickrahmen (Gr\u00f6\u00dfe 9)<br \/>\n\u00b7Max. Fl\u00e4che f\u00fcr Druck: 9 x 9 cm.<\/p>\n","protected":false},"excerpt":{"rendered":"<p>\u00b7100% Polyester (600D) \u00b7Inkl. 500 ml Wasserflasche \u00b7Flasche mit gro\u00dfer \u00d6ffnung zum leichten Bef\u00fcllen \u00b7Identifikationsetikett innen \u00b7G\u00fcrtelschlaufe und Karabiner \u00b7Fassungsverm\u00f6gen:<\/p>\n","protected":false},"featured_media":471155,"comment_status":"open","ping_status":"closed","template":"","meta":[],"product_brand":[],"product_cat":[2272],"product_tag":[],"class_list":{"0":"post-471162","1":"product","2":"type-product","3":"status-publish","4":"has-post-thumbnail","6":"product_cat-taschen-accessoires","7":"pa_brand-quadra","8":"pa_color-black","9":"pa_color-bottle-green","10":"pa_color-bright-royal","11":"pa_color-classic-pink","12":"pa_color-classic-red","13":"pa_color-french-navy","14":"pa_color-graphite-grey","15":"pa_color-orange","16":"pa_color-sky-blue","17":"pa_color-white","18":"pa_fabric-polyester","19":"pa_gender-unisex","20":"pa_product-group-sonstige","21":"pa_product-group-sonstige-taschen","22":"pa_size-one-size","23":"pa_stil-nummer-7352","25":"first","26":"instock","27":"taxable","28":"shipping-taxable","29":"purchasable","30":"product-type-variable"},"yoast_head":"<!-- This site is optimized with the Yoast SEO Premium plugin v20.9 (Yoast SEO v26.3) - https:\/\/yoast.com\/wordpress\/plugins\/seo\/ -->\n<title>Water Bottle And Holder | Printwave DE<\/title>\n<meta name=\"robots\" content=\"index, follow, max-snippet:-1, max-image-preview:large, max-video-preview:-1\" \/>\n<link rel=\"canonical\" href=\"https:\/\/printwave.pl\/de\/produkt\/water-bottle-and-holder\/\" \/>\n<meta property=\"og:locale\" content=\"de_DE\" \/>\n<meta property=\"og:type\" content=\"article\" \/>\n<meta property=\"og:title\" content=\"Water Bottle And Holder\" \/>\n<meta property=\"og:description\" content=\"\u00b7100% Polyester (600D) \u00b7Inkl. 500 ml Wasserflasche \u00b7Flasche mit gro\u00dfer \u00d6ffnung zum leichten Bef\u00fcllen \u00b7Identifikationsetikett innen \u00b7G\u00fcrtelschlaufe und Karabiner \u00b7Fassungsverm\u00f6gen:\" \/>\n<meta property=\"og:url\" content=\"https:\/\/printwave.pl\/de\/produkt\/water-bottle-and-holder\/\" \/>\n<meta property=\"og:site_name\" content=\"Printwave DE\" \/>\n<meta property=\"article:modified_time\" content=\"2026-02-20T07:22:26+00:00\" \/>\n<meta property=\"og:image\" content=\"https:\/\/printwave.pl\/de\/wp-content\/uploads\/sites\/3\/2025\/03\/Print-Wave-logo-2025.png\" \/>\n\t<meta property=\"og:image:width\" content=\"1645\" \/>\n\t<meta property=\"og:image:height\" content=\"297\" \/>\n\t<meta property=\"og:image:type\" content=\"image\/png\" \/>\n<meta name=\"twitter:card\" content=\"summary_large_image\" \/>\n<script type=\"application\/ld+json\" class=\"yoast-schema-graph\">{\"@context\":\"https:\/\/schema.org\",\"@graph\":[{\"@type\":\"WebPage\",\"@id\":\"https:\/\/printwave.pl\/de\/produkt\/water-bottle-and-holder\/\",\"url\":\"https:\/\/printwave.pl\/de\/produkt\/water-bottle-and-holder\/\",\"name\":\"Water Bottle And Holder | Printwave DE\",\"isPartOf\":{\"@id\":\"https:\/\/printwave.pl\/de\/#website\"},\"primaryImageOfPage\":{\"@id\":\"https:\/\/printwave.pl\/de\/produkt\/water-bottle-and-holder\/#primaryimage\"},\"image\":{\"@id\":\"https:\/\/printwave.pl\/de\/produkt\/water-bottle-and-holder\/#primaryimage\"},\"thumbnailUrl\":\"https:\/\/printwave.pl\/de\/wp-content\/uploads\/sites\/3\/2025\/01\/046_30_540_m-2022_01.jpg\",\"datePublished\":\"2025-01-23T08:25:23+00:00\",\"dateModified\":\"2026-02-20T07:22:26+00:00\",\"breadcrumb\":{\"@id\":\"https:\/\/printwave.pl\/de\/produkt\/water-bottle-and-holder\/#breadcrumb\"},\"inLanguage\":\"de\",\"potentialAction\":[{\"@type\":\"ReadAction\",\"target\":[\"https:\/\/printwave.pl\/de\/produkt\/water-bottle-and-holder\/\"]}]},{\"@type\":\"ImageObject\",\"inLanguage\":\"de\",\"@id\":\"https:\/\/printwave.pl\/de\/produkt\/water-bottle-and-holder\/#primaryimage\",\"url\":\"https:\/\/printwave.pl\/de\/wp-content\/uploads\/sites\/3\/2025\/01\/046_30_540_m-2022_01.jpg\",\"contentUrl\":\"https:\/\/printwave.pl\/de\/wp-content\/uploads\/sites\/3\/2025\/01\/046_30_540_m-2022_01.jpg\",\"width\":1024,\"height\":1304},{\"@type\":\"BreadcrumbList\",\"@id\":\"https:\/\/printwave.pl\/de\/produkt\/water-bottle-and-holder\/#breadcrumb\",\"itemListElement\":[{\"@type\":\"ListItem\",\"position\":1,\"name\":\"Strona g\u0142\u00f3wna\",\"item\":\"https:\/\/printwave.pl\/de\/\"},{\"@type\":\"ListItem\",\"position\":2,\"name\":\"Shop\",\"item\":\"https:\/\/printwave.pl\/de\/shop\/\"},{\"@type\":\"ListItem\",\"position\":3,\"name\":\"Water Bottle And Holder\"}]},{\"@type\":\"WebSite\",\"@id\":\"https:\/\/printwave.pl\/de\/#website\",\"url\":\"https:\/\/printwave.pl\/de\/\",\"name\":\"Printwave DE\",\"description\":\"\",\"potentialAction\":[{\"@type\":\"SearchAction\",\"target\":{\"@type\":\"EntryPoint\",\"urlTemplate\":\"https:\/\/printwave.pl\/de\/?s={search_term_string}\"},\"query-input\":{\"@type\":\"PropertyValueSpecification\",\"valueRequired\":true,\"valueName\":\"search_term_string\"}}],\"inLanguage\":\"de\"}]}<\/script>\n<!-- \/ Yoast SEO Premium plugin. -->","yoast_head_json":{"title":"Water Bottle And Holder | Printwave DE","robots":{"index":"index","follow":"follow","max-snippet":"max-snippet:-1","max-image-preview":"max-image-preview:large","max-video-preview":"max-video-preview:-1"},"canonical":"https:\/\/printwave.pl\/de\/produkt\/water-bottle-and-holder\/","og_locale":"de_DE","og_type":"article","og_title":"Water Bottle And Holder","og_description":"\u00b7100% Polyester (600D) \u00b7Inkl. 500 ml Wasserflasche \u00b7Flasche mit gro\u00dfer \u00d6ffnung zum leichten Bef\u00fcllen \u00b7Identifikationsetikett innen \u00b7G\u00fcrtelschlaufe und Karabiner \u00b7Fassungsverm\u00f6gen:","og_url":"https:\/\/printwave.pl\/de\/produkt\/water-bottle-and-holder\/","og_site_name":"Printwave DE","article_modified_time":"2026-02-20T07:22:26+00:00","og_image":[{"width":1645,"height":297,"url":"https:\/\/printwave.pl\/de\/wp-content\/uploads\/sites\/3\/2025\/03\/Print-Wave-logo-2025.png","type":"image\/png"}],"twitter_card":"summary_large_image","schema":{"@context":"https:\/\/schema.org","@graph":[{"@type":"WebPage","@id":"https:\/\/printwave.pl\/de\/produkt\/water-bottle-and-holder\/","url":"https:\/\/printwave.pl\/de\/produkt\/water-bottle-and-holder\/","name":"Water Bottle And Holder | Printwave DE","isPartOf":{"@id":"https:\/\/printwave.pl\/de\/#website"},"primaryImageOfPage":{"@id":"https:\/\/printwave.pl\/de\/produkt\/water-bottle-and-holder\/#primaryimage"},"image":{"@id":"https:\/\/printwave.pl\/de\/produkt\/water-bottle-and-holder\/#primaryimage"},"thumbnailUrl":"https:\/\/printwave.pl\/de\/wp-content\/uploads\/sites\/3\/2025\/01\/046_30_540_m-2022_01.jpg","datePublished":"2025-01-23T08:25:23+00:00","dateModified":"2026-02-20T07:22:26+00:00","breadcrumb":{"@id":"https:\/\/printwave.pl\/de\/produkt\/water-bottle-and-holder\/#breadcrumb"},"inLanguage":"de","potentialAction":[{"@type":"ReadAction","target":["https:\/\/printwave.pl\/de\/produkt\/water-bottle-and-holder\/"]}]},{"@type":"ImageObject","inLanguage":"de","@id":"https:\/\/printwave.pl\/de\/produkt\/water-bottle-and-holder\/#primaryimage","url":"https:\/\/printwave.pl\/de\/wp-content\/uploads\/sites\/3\/2025\/01\/046_30_540_m-2022_01.jpg","contentUrl":"https:\/\/printwave.pl\/de\/wp-content\/uploads\/sites\/3\/2025\/01\/046_30_540_m-2022_01.jpg","width":1024,"height":1304},{"@type":"BreadcrumbList","@id":"https:\/\/printwave.pl\/de\/produkt\/water-bottle-and-holder\/#breadcrumb","itemListElement":[{"@type":"ListItem","position":1,"name":"Strona g\u0142\u00f3wna","item":"https:\/\/printwave.pl\/de\/"},{"@type":"ListItem","position":2,"name":"Shop","item":"https:\/\/printwave.pl\/de\/shop\/"},{"@type":"ListItem","position":3,"name":"Water Bottle And Holder"}]},{"@type":"WebSite","@id":"https:\/\/printwave.pl\/de\/#website","url":"https:\/\/printwave.pl\/de\/","name":"Printwave DE","description":"","potentialAction":[{"@type":"SearchAction","target":{"@type":"EntryPoint","urlTemplate":"https:\/\/printwave.pl\/de\/?s={search_term_string}"},"query-input":{"@type":"PropertyValueSpecification","valueRequired":true,"valueName":"search_term_string"}}],"inLanguage":"de"}]}},"_links":{"self":[{"href":"https:\/\/printwave.pl\/de\/wp-json\/wp\/v2\/product\/471162","targetHints":{"allow":["GET"]}}],"collection":[{"href":"https:\/\/printwave.pl\/de\/wp-json\/wp\/v2\/product"}],"about":[{"href":"https:\/\/printwave.pl\/de\/wp-json\/wp\/v2\/types\/product"}],"replies":[{"embeddable":true,"href":"https:\/\/printwave.pl\/de\/wp-json\/wp\/v2\/comments?post=471162"}],"wp:featuredmedia":[{"embeddable":true,"href":"https:\/\/printwave.pl\/de\/wp-json\/wp\/v2\/media\/471155"}],"wp:attachment":[{"href":"https:\/\/printwave.pl\/de\/wp-json\/wp\/v2\/media?parent=471162"}],"wp:term":[{"taxonomy":"product_brand","embeddable":true,"href":"https:\/\/printwave.pl\/de\/wp-json\/wp\/v2\/product_brand?post=471162"},{"taxonomy":"product_cat","embeddable":true,"href":"https:\/\/printwave.pl\/de\/wp-json\/wp\/v2\/product_cat?post=471162"},{"taxonomy":"product_tag","embeddable":true,"href":"https:\/\/printwave.pl\/de\/wp-json\/wp\/v2\/product_tag?post=471162"}],"curies":[{"name":"wp","href":"https:\/\/api.w.org\/{rel}","templated":true}]}}